{"id":462,"date":"2025-07-23T03:09:42","date_gmt":"2025-07-23T03:09:42","guid":{"rendered":"https:\/\/vapeenjoy.com\/?post_type=product&#038;p=462"},"modified":"2025-09-20T02:16:39","modified_gmt":"2025-09-20T02:16:39","slug":"vapme-crystal-20000-puffs-2-in-1-flavor-disposable-vape","status":"publish","type":"product","link":"https:\/\/vapeenjoy.com\/pl\/produkt\/vapme-crystal-20000-puffs-2-w-1-jednorazowe-waporyzatory-smakowe\/","title":{"rendered":"VAPME Crystal 20000 Puffs 2 w 1 smak\u00f3w jednorazowe wapory 20 ml 2% nikotyny typ-C do\u0142adowanie"},"content":{"rendered":"<h2 dir=\"ltr\" data-pm-slice=\"1 1 []\">VAPME Crystal 20000 Puffs Jednorazowe opisy waporyzacyjne<\/h2>\n<p dir=\"ltr\">VAPME, zaufana marka Vaping, konsekwentnie dostarcza innowacyjne, wysokiej jako\u015bci urz\u0105dzenia. Na przyk\u0142ad jednorazowy waporyzator Vapme Crystal 20000 Puffs wyr\u00f3\u017cnia si\u0119 imponuj\u0105c\u0105 pojemno\u015bci\u0105 zaci\u0105gni\u0119\u0107. Dodatkowo elegancki, przejrzysty design z \u017cywymi \u015bwiat\u0142ami LED \u0142\u0105czy styl i funkcjonalno\u015b\u0107, dzi\u0119ki czemu jest atrakcyjny wizualnie. Dlatego jest idealny dla vaper\u00f3w poszukuj\u0105cych zar\u00f3wno wydajno\u015bci, jak i estetyki.<\/p>\n<h2>VAPME Crystal 20000 Puffs Jednorazowe dane techniczne Vape<\/h2>\n<ul class=\"tight\" dir=\"ltr\" data-tight=\"true\">\n<li>\n<p dir=\"ltr\"><strong>Liczba zaci\u0105gni\u0119\u0107<\/strong>: 20 000 \u2013 zapewnia d\u0142ugotrwa\u0142e u\u017cytkowanie bez cz\u0119stych zamiennik\u00f3w.<\/p>\n<\/li>\n<li>\n<p dir=\"ltr\"><strong>Pojemno\u015b\u0107 e-liquid\u00f3w<\/strong>: 20 ml \u2013 zapewnia sta\u0142\u0105 produkcj\u0119 pary.<\/p>\n<\/li>\n<li>\n<p dir=\"ltr\"><strong>Pojemno\u015b\u0107 baterii<\/strong>: 700 mAh - \u0142adowanie dla niezawodnej mocy.<\/p>\n<\/li>\n<li>\n<p dir=\"ltr\"><strong>Si\u0142a nikotyny<\/strong>: 2% (20mg\/ml) \u2013 zapewnia g\u0142adkie, satysfakcjonuj\u0105ce trafienie.<\/p>\n<\/li>\n<li>\n<p dir=\"ltr\"><strong>Typ cewki<\/strong>: Coil Mesh \u2013 zwi\u0119ksza smak i wydajno\u015b\u0107 pary.<\/p>\n<\/li>\n<li>\n<p dir=\"ltr\"><strong>Port \u0142adowania<\/strong>: Type-C \u2013 umo\u017cliwia szybkie i wydajne \u0142adowanie.<\/p>\n<\/li>\n<li>\n<p dir=\"ltr\"><strong>aktywacja<\/strong>: Draw-Activated \u2013 Upraszcza u\u017cywanie bez przycisk\u00f3w.<\/p>\n<\/li>\n<li>\n<p dir=\"ltr\"><strong>przelotny powietrze<\/strong>: Nieregulowany \u2013 zoptymalizowany pod k\u0105tem p\u0142ynnego vapingu.<\/p>\n<\/li>\n<\/ul>\n<h2 dir=\"ltr\">10 unikalnych kombinacji smakowych o podw\u00f3jnym smaku<\/h2>\n<ol dir=\"ltr\">\n<li>\n<p dir=\"ltr\"><strong>Jagoda malina i arbuz l\u00f3d<\/strong> \u2013 S\u0142odko-cierpkie jagody spotykaj\u0105 orze\u017awiaj\u0105cego arbuza z ch\u0142odnym finiszem.<\/p>\n<\/li>\n<li>\n<p dir=\"ltr\"><strong>Arbuz truskawkowy i marakuja melon l\u00f3d<\/strong> \u2013 Soczyste owoce mieszaj\u0105 si\u0119 z tropikalnym, sch\u0142odzonym melonem.<\/p>\n<\/li>\n<li>\n<p dir=\"ltr\"><strong>Lemoniada wi\u015bniowa i niebieski razz<\/strong> \u2013 Pary mro\u017anej wi\u015bni z pikantn\u0105 malin\u0105-lemoniad\u0105.<\/p>\n<\/li>\n<li>\n<p dir=\"ltr\"><strong>Lod winogronowy i truskawkowy Kiwi<\/strong> \u2013 sch\u0142odzone winogrona uzupe\u0142niaj\u0105 s\u0142odko-tart truskawkowy-kiwi.<\/p>\n<\/li>\n<li>\n<p dir=\"ltr\"><strong>Truskawkowy banan i podw\u00f3jne jab\u0142ko<\/strong> \u2013 Kremowe truskawkowo-bananowe \u0142\u0105czone z chrupi\u0105cym jab\u0142kiem.<\/p>\n<\/li>\n<li>\n<p dir=\"ltr\"><strong>Mieszane jagody L\u00f3d i brzoskwinia Mango ananas<\/strong> - Ch\u0142odne jagody mieszaj\u0105 si\u0119 z owocami tropikalnymi.<\/p>\n<\/li>\n<li>\n<p dir=\"ltr\"><strong>Truskawkowy l\u00f3d i arbuz Kiwi Ice<\/strong> \u2013 Mro\u017ana truskawka spotyka soczysty arbuz-kiwi.<\/p>\n<\/li>\n<li>\n<p dir=\"ltr\"><strong>Nap\u00f3j energetyczny i wi\u015bniowa Cola<\/strong> \u2013 Odwa\u017cne pary napoj\u00f3w energetycznych z fizzy Cherry Cola.<\/p>\n<\/li>\n<li>\n<p dir=\"ltr\"><strong>Truskawkowe cukierki malinowe i l\u00f3d brzoskwiniowy<\/strong> \u2013 Nuty s\u0142odkich cukierk\u00f3w \u0142\u0105cz\u0105 si\u0119 z sch\u0142odzon\u0105 brzoskwini\u0105.<\/p>\n<\/li>\n<li>\n<p dir=\"ltr\"><strong>Truskawkowe Mango &amp; Kiwi Passionfruit Guava<\/strong> \u2013 Tropikalne truskawkowe mango spotyka t\u0119tni\u0105ce \u017cyciem kiwi-guava.<\/p>\n<\/li>\n<\/ol>\n<h2 dir=\"ltr\">Cz\u0119sto zadawane pytania (FAQ)<\/h2>\n<h3 dir=\"ltr\">1. Co to jest dmuchawki Vapme Crystal 20000?<\/h3>\n<p dir=\"ltr\">Ten jednorazowy waporyzator oferuje 20 000 zaci\u0105gni\u0119\u0107 z 20 ml e-liquidu i bateri\u0119 700 mAh. W zwi\u0105zku z tym idealnie nadaje si\u0119 do d\u0142ugotrwa\u0142ego u\u017cytkowania.<\/p>\n<h3 dir=\"ltr\">2 . Jak d\u0142ugo to trwa?<\/h3>\n<p dir=\"ltr\">W zale\u017cno\u015bci od u\u017cytkowania trwa tygodnie dla umiarkowanych vaper\u00f3w. Dlatego jest to bardzo wygodne.<\/p>\n<h3 dir=\"ltr\">3. Czy mo\u017cna go \u0142adowa\u0107?<\/h3>\n<p dir=\"ltr\">Tak, posiada port typu C do szybkiego \u0142adowania. Dlatego przestoje s\u0105 minimalne.<\/p>\n<h3 dir=\"ltr\">4. Jak wybra\u0107 smak?<\/h3>\n<p dir=\"ltr\">Rozwa\u017c swoje preferencje. Na przyk\u0142ad spr\u00f3buj jagodowego malinowego i arbuza, aby uzyska\u0107 orze\u017awiaj\u0105cy nap\u00f3j energetyczny i nap\u00f3j energetyczny i wi\u015bniow\u0105 col\u0119, aby uzyska\u0107 odwa\u017cny smak.<\/p>\n<h3 dir=\"ltr\">5. Czy si\u0142a nikotyny jest odpowiednia?<\/h3>\n<p dir=\"ltr\">Nikotyna 2% zapewnia zr\u00f3wnowa\u017cony hit. Jednak, je\u015bli nie masz pewno\u015bci, skonsultuj si\u0119 z profesjonalist\u0105.<\/p>\n<h3 dir=\"ltr\">6. Jak cewka z siatki poprawia waporyzacj\u0119?<\/h3>\n<p dir=\"ltr\">Zapewnia r\u00f3wnomierne ogrzewanie, dostarczaj\u0105c bogatsze smaki i g\u0142adsz\u0105 par\u0119. W rezultacie ka\u017cde zaci\u0105gni\u0119cie jest wzmocnione.<\/p>\n<h3 dir=\"ltr\">7 7 . Czy jest \u0142atwy w u\u017cyciu?<\/h3>\n<p dir=\"ltr\">Absolutnie, jego system aktywowany rysowaniem nie wymaga \u017cadnych przycisk\u00f3w. Dlatego jest przyjazny dla wszystkich dla wszystkich.<\/p>\n<p><img fetchpriority=\"high\" decoding=\"async\" class=\"alignnone wp-image-463 size-full\" src=\"https:\/\/vapeenjoy.com\/wp-content\/uploads\/2025\/07\/2995dcfd1c88a95e89ceb3bffe36a49-scaled.jpg\" alt=\"VAPME Crystal 20000 Puffs 2 w 1 smaki jednorazowe smaki waporyzacyjne\" width=\"2290\" height=\"2560\" srcset=\"https:\/\/vapeenjoy.com\/wp-content\/uploads\/2025\/07\/2995dcfd1c88a95e89ceb3bffe36a49-scaled.jpg 2290w, https:\/\/vapeenjoy.com\/wp-content\/uploads\/2025\/07\/2995dcfd1c88a95e89ceb3bffe36a49-scaled-600x671.jpg 600w, https:\/\/vapeenjoy.com\/wp-content\/uploads\/2025\/07\/2995dcfd1c88a95e89ceb3bffe36a49-268x300.jpg 268w, https:\/\/vapeenjoy.com\/wp-content\/uploads\/2025\/07\/2995dcfd1c88a95e89ceb3bffe36a49-916x1024.jpg 916w, https:\/\/vapeenjoy.com\/wp-content\/uploads\/2025\/07\/2995dcfd1c88a95e89ceb3bffe36a49-768x859.jpg 768w, https:\/\/vapeenjoy.com\/wp-content\/uploads\/2025\/07\/2995dcfd1c88a95e89ceb3bffe36a49-1374x1536.jpg 1374w, https:\/\/vapeenjoy.com\/wp-content\/uploads\/2025\/07\/2995dcfd1c88a95e89ceb3bffe36a49-1832x2048.jpg 1832w\" sizes=\"(max-width: 2290px) 100vw, 2290px\" \/><\/p>","protected":false},"excerpt":{"rendered":"<p dir=\"auto\">VAPME, zaufana nazwa w Vaping, przedstawia jednorazowy waporyzator Crystal 20000 Puffs. To eleganckie urz\u0105dzenie oferuje do 20 000 zaci\u0105gni\u0119\u0107, pojemno\u015b\u0107 20 ml e-liquid i akumulator 700 mAh. Dzi\u0119ki wytrzyma\u0142o\u015bci nikotyny 2%, cewce z siatki dla bogatego smaku i \u0142adowania typu C zapewnia wygodne i satysfakcjonuj\u0105ce wra\u017cenia z wapowania.<\/p>","protected":false},"featured_media":466,"comment_status":"open","ping_status":"closed","template":"","meta":[],"product_brand":[207],"product_cat":[22],"product_tag":[87,85,81],"class_list":{"0":"post-462","1":"product","2":"type-product","3":"status-publish","4":"has-post-thumbnail","6":"product_brand-vapme-vape","7":"product_cat-20000-puffs-vape","8":"product_tag-2-in-1-flavors","9":"product_tag-2-nicotine","10":"product_tag-20ml","12":"first","13":"instock","14":"sale","15":"shipping-taxable","16":"purchasable","17":"product-type-variable"},"yoast_head":"<!-- This site is optimized with the Yoast SEO plugin v25.7 - https:\/\/yoast.com\/wordpress\/plugins\/seo\/ -->\n<title>Vapme Crystal 20000 Disposable Vape | Multiple Flavors<\/title>\n<meta name=\"description\" content=\"Vapme Crystal 20000 offers a variety of flavors and a durable, long-lasting disposable vape. Shop now with guaranteed authenticity and fast delivery.\" \/>\n<meta name=\"robots\" content=\"index, follow, max-snippet:-1, max-image-preview:large, max-video-preview:-1\" \/>\n<link rel=\"canonical\" href=\"https:\/\/vapeenjoy.com\/pl\/produkt\/vapme-crystal-20000-puffs-2-w-1-jednorazowe-waporyzatory-smakowe\/\" \/>\n<meta property=\"og:locale\" content=\"pl_PL\" \/>\n<meta property=\"og:type\" content=\"article\" \/>\n<meta property=\"og:title\" content=\"Vapme Crystal 20000 Disposable Vape | Multiple Flavors\" \/>\n<meta property=\"og:description\" content=\"Vapme Crystal 20000 offers a variety of flavors and a durable, long-lasting disposable vape. Shop now with guaranteed authenticity and fast delivery.\" \/>\n<meta property=\"og:url\" content=\"https:\/\/vapeenjoy.com\/pl\/produkt\/vapme-crystal-20000-puffs-2-w-1-jednorazowe-waporyzatory-smakowe\/\" \/>\n<meta property=\"og:site_name\" content=\"vapeenjoy\" \/>\n<meta property=\"article:modified_time\" content=\"2025-09-20T02:16:39+00:00\" \/>\n<meta property=\"og:image\" content=\"https:\/\/vapeenjoy.com\/wp-content\/uploads\/2025\/07\/f2ff960436cc7d98a41368e45178686-scaled.jpg\" \/>\n\t<meta property=\"og:image:width\" content=\"2290\" \/>\n\t<meta property=\"og:image:height\" content=\"2560\" \/>\n\t<meta property=\"og:image:type\" content=\"image\/jpeg\" \/>\n<meta name=\"twitter:card\" content=\"summary_large_image\" \/>\n<meta name=\"twitter:label1\" content=\"Szacowany czas czytania\" \/>\n\t<meta name=\"twitter:data1\" content=\"3 minuty\" \/>\n<script type=\"application\/ld+json\" class=\"yoast-schema-graph\">{\"@context\":\"https:\/\/schema.org\",\"@graph\":[{\"@type\":\"WebPage\",\"@id\":\"https:\/\/vapeenjoy.com\/product\/vapme-crystal-20000-puffs-2-in-1-flavor-disposable-vape\/\",\"url\":\"https:\/\/vapeenjoy.com\/product\/vapme-crystal-20000-puffs-2-in-1-flavor-disposable-vape\/\",\"name\":\"Vapme Crystal 20000 Disposable Vape | Multiple Flavors\",\"isPartOf\":{\"@id\":\"https:\/\/vapeenjoy.com\/#website\"},\"primaryImageOfPage\":{\"@id\":\"https:\/\/vapeenjoy.com\/product\/vapme-crystal-20000-puffs-2-in-1-flavor-disposable-vape\/#primaryimage\"},\"image\":{\"@id\":\"https:\/\/vapeenjoy.com\/product\/vapme-crystal-20000-puffs-2-in-1-flavor-disposable-vape\/#primaryimage\"},\"thumbnailUrl\":\"https:\/\/vapeenjoy.com\/wp-content\/uploads\/2025\/07\/f2ff960436cc7d98a41368e45178686-scaled.jpg\",\"datePublished\":\"2025-07-23T03:09:42+00:00\",\"dateModified\":\"2025-09-20T02:16:39+00:00\",\"description\":\"Vapme Crystal 20000 offers a variety of flavors and a durable, long-lasting disposable vape. Shop now with guaranteed authenticity and fast delivery.\",\"breadcrumb\":{\"@id\":\"https:\/\/vapeenjoy.com\/product\/vapme-crystal-20000-puffs-2-in-1-flavor-disposable-vape\/#breadcrumb\"},\"inLanguage\":\"pl-PL\",\"potentialAction\":[{\"@type\":\"ReadAction\",\"target\":[\"https:\/\/vapeenjoy.com\/product\/vapme-crystal-20000-puffs-2-in-1-flavor-disposable-vape\/\"]}]},{\"@type\":\"ImageObject\",\"inLanguage\":\"pl-PL\",\"@id\":\"https:\/\/vapeenjoy.com\/product\/vapme-crystal-20000-puffs-2-in-1-flavor-disposable-vape\/#primaryimage\",\"url\":\"https:\/\/vapeenjoy.com\/wp-content\/uploads\/2025\/07\/f2ff960436cc7d98a41368e45178686-scaled.jpg\",\"contentUrl\":\"https:\/\/vapeenjoy.com\/wp-content\/uploads\/2025\/07\/f2ff960436cc7d98a41368e45178686-scaled.jpg\",\"width\":2290,\"height\":2560},{\"@type\":\"BreadcrumbList\",\"@id\":\"https:\/\/vapeenjoy.com\/product\/vapme-crystal-20000-puffs-2-in-1-flavor-disposable-vape\/#breadcrumb\",\"itemListElement\":[{\"@type\":\"ListItem\",\"position\":1,\"name\":\"Home\",\"item\":\"https:\/\/vapeenjoy.com\/\"},{\"@type\":\"ListItem\",\"position\":2,\"name\":\"Shop\",\"item\":\"https:\/\/vapeenjoy.com\/vapeenjoy-shop\/\"},{\"@type\":\"ListItem\",\"position\":3,\"name\":\"VAPME Crystal 20000 Puffs 2 in 1 Flavors Disposable Vape 20ml 2% Nicotine Type-C Recharge\"}]},{\"@type\":\"WebSite\",\"@id\":\"https:\/\/vapeenjoy.com\/#website\",\"url\":\"https:\/\/vapeenjoy.com\/\",\"name\":\"vapeenjoy\",\"description\":\"An online store for selling vapes\",\"potentialAction\":[{\"@type\":\"SearchAction\",\"target\":{\"@type\":\"EntryPoint\",\"urlTemplate\":\"https:\/\/vapeenjoy.com\/?s={search_term_string}\"},\"query-input\":{\"@type\":\"PropertyValueSpecification\",\"valueRequired\":true,\"valueName\":\"search_term_string\"}}],\"inLanguage\":\"pl-PL\"}]}<\/script>\n<!-- \/ Yoast SEO plugin. -->","yoast_head_json":{"title":"VAPME Crystal 20000 jednorazowe waporyzator | Wiele smak\u00f3w","description":"VAPME Crystal 20000 oferuje r\u00f3\u017cnorodne smaki i trwa\u0142y, d\u0142ugotrwa\u0142y jednorazowy waporyzator. Kup teraz z gwarantowan\u0105 autentyczno\u015bci\u0105 i szybk\u0105 dostaw\u0105.","robots":{"index":"index","follow":"follow","max-snippet":"max-snippet:-1","max-image-preview":"max-image-preview:large","max-video-preview":"max-video-preview:-1"},"canonical":"https:\/\/vapeenjoy.com\/pl\/produkt\/vapme-crystal-20000-puffs-2-w-1-jednorazowe-waporyzatory-smakowe\/","og_locale":"pl_PL","og_type":"article","og_title":"Vapme Crystal 20000 Disposable Vape | Multiple Flavors","og_description":"Vapme Crystal 20000 offers a variety of flavors and a durable, long-lasting disposable vape. Shop now with guaranteed authenticity and fast delivery.","og_url":"https:\/\/vapeenjoy.com\/pl\/produkt\/vapme-crystal-20000-puffs-2-w-1-jednorazowe-waporyzatory-smakowe\/","og_site_name":"vapeenjoy","article_modified_time":"2025-09-20T02:16:39+00:00","og_image":[{"width":2290,"height":2560,"url":"https:\/\/vapeenjoy.com\/wp-content\/uploads\/2025\/07\/f2ff960436cc7d98a41368e45178686-scaled.jpg","type":"image\/jpeg"}],"twitter_card":"summary_large_image","twitter_misc":{"Szacowany czas czytania":"3 minuty"},"schema":{"@context":"https:\/\/schema.org","@graph":[{"@type":"WebPage","@id":"https:\/\/vapeenjoy.com\/product\/vapme-crystal-20000-puffs-2-in-1-flavor-disposable-vape\/","url":"https:\/\/vapeenjoy.com\/product\/vapme-crystal-20000-puffs-2-in-1-flavor-disposable-vape\/","name":"VAPME Crystal 20000 jednorazowe waporyzator | Wiele smak\u00f3w","isPartOf":{"@id":"https:\/\/vapeenjoy.com\/#website"},"primaryImageOfPage":{"@id":"https:\/\/vapeenjoy.com\/product\/vapme-crystal-20000-puffs-2-in-1-flavor-disposable-vape\/#primaryimage"},"image":{"@id":"https:\/\/vapeenjoy.com\/product\/vapme-crystal-20000-puffs-2-in-1-flavor-disposable-vape\/#primaryimage"},"thumbnailUrl":"https:\/\/vapeenjoy.com\/wp-content\/uploads\/2025\/07\/f2ff960436cc7d98a41368e45178686-scaled.jpg","datePublished":"2025-07-23T03:09:42+00:00","dateModified":"2025-09-20T02:16:39+00:00","description":"VAPME Crystal 20000 oferuje r\u00f3\u017cnorodne smaki i trwa\u0142y, d\u0142ugotrwa\u0142y jednorazowy waporyzator. Kup teraz z gwarantowan\u0105 autentyczno\u015bci\u0105 i szybk\u0105 dostaw\u0105.","breadcrumb":{"@id":"https:\/\/vapeenjoy.com\/product\/vapme-crystal-20000-puffs-2-in-1-flavor-disposable-vape\/#breadcrumb"},"inLanguage":"pl-PL","potentialAction":[{"@type":"ReadAction","target":["https:\/\/vapeenjoy.com\/product\/vapme-crystal-20000-puffs-2-in-1-flavor-disposable-vape\/"]}]},{"@type":"ImageObject","inLanguage":"pl-PL","@id":"https:\/\/vapeenjoy.com\/product\/vapme-crystal-20000-puffs-2-in-1-flavor-disposable-vape\/#primaryimage","url":"https:\/\/vapeenjoy.com\/wp-content\/uploads\/2025\/07\/f2ff960436cc7d98a41368e45178686-scaled.jpg","contentUrl":"https:\/\/vapeenjoy.com\/wp-content\/uploads\/2025\/07\/f2ff960436cc7d98a41368e45178686-scaled.jpg","width":2290,"height":2560},{"@type":"BreadcrumbList","@id":"https:\/\/vapeenjoy.com\/product\/vapme-crystal-20000-puffs-2-in-1-flavor-disposable-vape\/#breadcrumb","itemListElement":[{"@type":"ListItem","position":1,"name":"Home","item":"https:\/\/vapeenjoy.com\/"},{"@type":"ListItem","position":2,"name":"Shop","item":"https:\/\/vapeenjoy.com\/vapeenjoy-shop\/"},{"@type":"ListItem","position":3,"name":"VAPME Crystal 20000 Puffs 2 in 1 Flavors Disposable Vape 20ml 2% Nicotine Type-C Recharge"}]},{"@type":"WebSite","@id":"https:\/\/vapeenjoy.com\/#website","url":"https:\/\/vapeenjoy.com\/","name":"skutkowaty","description":"Sklep internetowy do sprzeda\u017cy vapes","potentialAction":[{"@type":"SearchAction","target":{"@type":"EntryPoint","urlTemplate":"https:\/\/vapeenjoy.com\/?s={search_term_string}"},"query-input":{"@type":"PropertyValueSpecification","valueRequired":true,"valueName":"search_term_string"}}],"inLanguage":"pl-PL"}]}},"_links":{"self":[{"href":"https:\/\/vapeenjoy.com\/pl\/wp-json\/wp\/v2\/product\/462","targetHints":{"allow":["GET"]}}],"collection":[{"href":"https:\/\/vapeenjoy.com\/pl\/wp-json\/wp\/v2\/product"}],"about":[{"href":"https:\/\/vapeenjoy.com\/pl\/wp-json\/wp\/v2\/types\/product"}],"replies":[{"embeddable":true,"href":"https:\/\/vapeenjoy.com\/pl\/wp-json\/wp\/v2\/comments?post=462"}],"version-history":[{"count":3,"href":"https:\/\/vapeenjoy.com\/pl\/wp-json\/wp\/v2\/product\/462\/revisions"}],"predecessor-version":[{"id":2350,"href":"https:\/\/vapeenjoy.com\/pl\/wp-json\/wp\/v2\/product\/462\/revisions\/2350"}],"wp:featuredmedia":[{"embeddable":true,"href":"https:\/\/vapeenjoy.com\/pl\/wp-json\/wp\/v2\/media\/466"}],"wp:attachment":[{"href":"https:\/\/vapeenjoy.com\/pl\/wp-json\/wp\/v2\/media?parent=462"}],"wp:term":[{"taxonomy":"product_brand","embeddable":true,"href":"https:\/\/vapeenjoy.com\/pl\/wp-json\/wp\/v2\/product_brand?post=462"},{"taxonomy":"product_cat","embeddable":true,"href":"https:\/\/vapeenjoy.com\/pl\/wp-json\/wp\/v2\/product_cat?post=462"},{"taxonomy":"product_tag","embeddable":true,"href":"https:\/\/vapeenjoy.com\/pl\/wp-json\/wp\/v2\/product_tag?post=462"}],"curies":[{"name":"wp","href":"https:\/\/api.w.org\/{rel}","templated":true}]}}