{"id":473,"date":"2025-07-23T03:42:48","date_gmt":"2025-07-23T03:42:48","guid":{"rendered":"https:\/\/vapeenjoy.com\/?post_type=product&#038;p=473"},"modified":"2025-08-18T10:00:28","modified_gmt":"2025-08-18T10:00:28","slug":"zooy-zero-45000-puffs-adjustable-nicotine-and-ice-disposable-vape","status":"publish","type":"product","link":"https:\/\/vapeenjoy.com\/pl\/produkt\/zooy-zero-45000-puffs-regulowana-nikotyna-i-lod-jednorazowe-waporyzatorzy\/","title":{"rendered":"Zooy Zero 45000 Puffy regulowana nikotyna i l\u00f3d jednorazowy vape 35ml inteligentny wy\u015bwietlacz LED"},"content":{"rendered":"<h2 dir=\"ltr\" data-pm-slice=\"1 1 []\">Zooy Zero 45000 Puffs jednorazowe wapory Opis produktu<\/h2>\n<p dir=\"ltr\">Zooy, znany innowator wapowania z Shenzhen w Chinach, konsekwentnie dostarcza wysokiej jako\u015bci, konfigurowalne jednorazowe wapory. Na przyk\u0142ad jednorazowy waporyzator Zooy Zero 45000 Puffs wyr\u00f3\u017cnia si\u0119 niezwyk\u0142\u0105 pojemno\u015bci\u0105 zaci\u0105gni\u0119\u0107 i najnowocze\u015bniejszymi funkcjami. W szczeg\u00f3lno\u015bci jego elegancka, b\u0142yszcz\u0105ca plastikowa skorupa, dost\u0119pna w \u017cywych kolorach, doskonale uzupe\u0142nia ka\u017cdy smak. Dodatkowo kompaktowa konstrukcja w po\u0142\u0105czeniu z inteligentnym ekranem dotykowym LED zapewnia bezproblemowe monitorowanie i spersonalizowane wra\u017cenia z waporyzacji.<\/p>\n<h2>Zooy Zero 45000 Puffs jednorazowe dane techniczne<\/h2>\n<ul class=\"tight\" dir=\"ltr\" data-tight=\"true\">\n<li>\n<p dir=\"ltr\"><strong>Liczba zaci\u0105gni\u0119\u0107<\/strong>: Do 45 000 zaci\u0105gni\u0119\u0107, co zapewnia d\u0142ugotrwa\u0142e stosowanie bez cz\u0119stych zamiennik\u00f3w.<\/p>\n<\/li>\n<li>\n<p dir=\"ltr\"><strong>Pojemno\u015b\u0107 e-liquid\u00f3w<\/strong>: 35 ml, wst\u0119pnie nape\u0142niony, aby zapewni\u0107 sp\u00f3jne dostarczanie smaku.<\/p>\n<\/li>\n<li>\n<p dir=\"ltr\"><strong>Si\u0142a nikotyny<\/strong>: Regulowany w 2%, 3% lub 5%, co odpowiada r\u00f3\u017cnym preferencjam.<\/p>\n<\/li>\n<li>\n<p dir=\"ltr\"><strong>Pojemno\u015b\u0107 baterii<\/strong>: 1000 mAh, \u0142adowanie, wi\u0119c obs\u0142uguje rozszerzone u\u017cytkowanie.<\/p>\n<\/li>\n<li>\n<p dir=\"ltr\"><strong>Rodzaj \u0142adowania<\/strong>: Typ-C, co w konsekwencji umo\u017cliwia szybkie i wygodne \u0142adowanie.<\/p>\n<\/li>\n<li>\n<p dir=\"ltr\"><strong>Typ cewki<\/strong>: Cewka podw\u00f3jna siatkowa (0,6 \u03a9 + 1,5 \u03a9), kt\u00f3ra r\u00f3wnowa\u017cy g\u0119st\u0105 par\u0119 i g\u0142adki smak.<\/p>\n<\/li>\n<li>\n<p dir=\"ltr\"><strong>przelotny powietrze<\/strong>: Regulowany, umo\u017cliwiaj\u0105cy ciasne MTL lub przewiewne rysunki DTL.<\/p>\n<\/li>\n<li>\n<p dir=\"ltr\"><strong>Kontrola sieci\u00f3wek i lodu<\/strong>: Regulowany, dzi\u0119ki czemu oferuje spersonalizowan\u0105 nikotyn\u0119 i intensywno\u015b\u0107 ch\u0142odzenia.<\/p>\n<\/li>\n<li>\n<p dir=\"ltr\"><strong>manifest<\/strong>: Inteligentny ekran dotykowy LED, wy\u015bwietlaj\u0105cy poziomy zaci\u0105gni\u0119\u0107, baterii i e-liquid\u00f3w w czasie rzeczywistym.<\/p>\n<\/li>\n<\/ul>\n<h2 dir=\"ltr\">10 opcji smakowych premium<\/h2>\n<ol class=\"tight\" dir=\"ltr\" data-tight=\"true\">\n<li>\n<p dir=\"ltr\"><strong>l\u00f3d arbuzowy<\/strong>: Soczysty arbuz z orze\u017awiaj\u0105cym, lodowym wyko\u0144czeniem, idealny na fajny waporyzator.<\/p>\n<\/li>\n<li>\n<p dir=\"ltr\"><strong>l\u00f3d jagodowy<\/strong>: S\u0142odkie jagody w po\u0142\u0105czeniu z mentolow\u0105 bryz\u0105, tworz\u0105c rze\u015bkie wra\u017cenia.<\/p>\n<\/li>\n<li>\n<p dir=\"ltr\"><strong>Arbuz truskawkowy<\/strong>: Dojrza\u0142e truskawki zmieszane z chrupi\u0105cym arbuzem dla \u017cywej mieszanki.<\/p>\n<\/li>\n<li>\n<p dir=\"ltr\"><strong>Kola cytrynowa<\/strong>: Zesty cytryna zro\u015bni\u0119ta z fizzy cola, oferuj\u0105ca odwa\u017cny, niepowtarzalny smak.<\/p>\n<\/li>\n<li>\n<p dir=\"ltr\"><strong>kiwi truskawkowe<\/strong>: Pikantne kiwi w po\u0142\u0105czeniu ze s\u0142odkimi truskawkami, co skutkuje zr\u00f3wnowa\u017conym owocowym hitem.<\/p>\n<\/li>\n<li>\n<p dir=\"ltr\"><strong>jab\u0142ko winogron<\/strong>: Juicy Grape spotyka chrupi\u0105ce jab\u0142ko, zapewniaj\u0105c odwa\u017cn\u0105, owocow\u0105 fuzj\u0119.<\/p>\n<\/li>\n<li>\n<p dir=\"ltr\"><strong>truskawkowy pomara\u0144czowy pop<\/strong>: S\u0142odka truskawka i pikantna pomara\u0144cza z napojami gazowanymi, zapewniaj\u0105c musuj\u0105ce kopni\u0119cie.<\/p>\n<\/li>\n<li>\n<p dir=\"ltr\"><strong>niebieski razz l\u00f3d<\/strong>: Tarta Blue Raspberry z mentolowym kopni\u0119ciem, idealnym do chilluj\u0105cego wapna.<\/p>\n<\/li>\n<li>\n<p dir=\"ltr\"><strong>Arbuz jagodowy<\/strong>: S\u0142odkie jagody zmieszane z soczystym arbuzem dla harmonijnej mieszanki.<\/p>\n<\/li>\n<li>\n<p dir=\"ltr\"><strong>Guawa z pasj\u0105 Mango<\/strong>: Tropikalne mango, marakuja i guawa, tworz\u0105c egzotyczny profil smakowy.<\/p>\n<\/li>\n<\/ol>\n<h2 dir=\"ltr\">Cz\u0119sto zadawane pytania<\/h2>\n<h3 dir=\"ltr\">1. Jak dzia\u0142a kontrola NIC &amp; ICE?<\/h3>\n<p dir=\"ltr\">Sterowanie NIC &amp; ICE pozwala na regulacj\u0119 poziomu nikotyny (2%, 3% lub 5%) i intensywno\u015bci ch\u0142odzenia za pomoc\u0105 ekranu dotykowego, zapewniaj\u0105c w ten spos\u00f3b niestandardowe wra\u017cenia z waporyzacji.<\/p>\n<h3 dir=\"ltr\">2. Jaka jest korzy\u015b\u0107 z podw\u00f3jnej cewki siatkowej?<\/h3>\n<p dir=\"ltr\">Podw\u00f3jna cewka siatkowa (0,6 \u03a9 + 1,5 \u03a9) zwi\u0119ksza smak i wytwarzanie pary. W szczeg\u00f3lno\u015bci cewka 0,6 \u03a9 doskonale sprawdza si\u0119 w tworzeniu chmur, podczas gdy cewka 1,5 \u03a9 zapewnia g\u0142adki smak.<\/p>\n<h3 dir=\"ltr\">3. Sk\u0105d mam wiedzie\u0107, kiedy na\u0142adowa\u0107 lub wymieni\u0107?<\/h3>\n<p dir=\"ltr\">Ekran dotykowy Smart LED wy\u015bwietla poziomy baterii i e-liquid, co w konsekwencji ostrzega, gdy konieczne jest ponowne na\u0142adowanie lub wymiana.<\/p>\n<h3 dir=\"ltr\">4. Czy mog\u0119 prze\u0142\u0105cza\u0107 si\u0119 mi\u0119dzy MTL i DTL Vaping?<\/h3>\n<p dir=\"ltr\">Tak, regulowany przep\u0142yw powietrza pozwala prze\u0142\u0105cza\u0107 si\u0119 mi\u0119dzy ciasnymi MTL a lu\u017anymi rysunkami DTL, odpowiadaj\u0105c w ten spos\u00f3b Twoim preferencji.<\/p>\n<h3 dir=\"ltr\">5. Jak wybra\u0107 odpowiedni smak?<\/h3>\n<p dir=\"ltr\">Na przyk\u0142ad, wybierz owocowe mieszanki, takie jak truskawkowe kiwi, aby uzyska\u0107 s\u0142odycz, lodowe opcje, takie jak Blue Razz Ice, aby uzyska\u0107 fajny hit, lub odwa\u017cne smaki, takie jak cytrynowa kola, aby uzyska\u0107 wyj\u0105tkowe wra\u017cenia.<\/p>\n<h3 dir=\"ltr\">6. Czy w zestawie znajduje si\u0119 kabel typu C?<\/h3>\n<p dir=\"ltr\">Nie, jednak urz\u0105dzenie obs\u0142uguje standardowe kable typu C, kt\u00f3re pozwalaj\u0105 na szybkie \u0142adowanie.<\/p>\n<h3 dir=\"ltr\">7 7 . Jak trwa\u0142y jest jednorazowy waporyzator Zooy Zero 45000 Puffs?<\/h3>\n<p dir=\"ltr\">Solidna plastikowa pow\u0142oka i bateria 1000 mAh zapewniaj\u0105 d\u0142ugotrwa\u0142\u0105 wydajno\u015b\u0107, pod warunkiem zachowania odpowiedniej opieki.<\/p>\n<p><img fetchpriority=\"high\" decoding=\"async\" class=\"alignnone wp-image-481 size-full\" src=\"https:\/\/vapeenjoy.com\/wp-content\/uploads\/2025\/07\/faeee059c862089b25634094e0bf7a3.jpg\" alt=\"Zooy Zero 45000 Puffs Regulowane nikotyny i l\u00f3d jednorazowe smaki waporyzacyjne\" width=\"800\" height=\"800\" srcset=\"https:\/\/vapeenjoy.com\/wp-content\/uploads\/2025\/07\/faeee059c862089b25634094e0bf7a3.jpg 800w, https:\/\/vapeenjoy.com\/wp-content\/uploads\/2025\/07\/faeee059c862089b25634094e0bf7a3-300x300.jpg 300w, https:\/\/vapeenjoy.com\/wp-content\/uploads\/2025\/07\/faeee059c862089b25634094e0bf7a3-600x600.jpg 600w, https:\/\/vapeenjoy.com\/wp-content\/uploads\/2025\/07\/faeee059c862089b25634094e0bf7a3-150x150.jpg 150w, https:\/\/vapeenjoy.com\/wp-content\/uploads\/2025\/07\/faeee059c862089b25634094e0bf7a3-768x768.jpg 768w\" sizes=\"(max-width: 800px) 100vw, 800px\" \/><\/p>","protected":false},"excerpt":{"rendered":"<p>Zooy, wiod\u0105cy innowator wapowania z Shenzhen w Chinach, przedstawia jednorazowe waporyzator Zooy Zero 45000 Puffs. To urz\u0105dzenie o du\u017cej pojemno\u015bci oferuje do 45 000 zaci\u0105gni\u0119\u0107, pojemno\u015b\u0107 35 ml e-liquidu, regulowan\u0105 nikotyn\u0119 (2%, 3%, 5%) i dwusieczn\u0105 cewk\u0119 dla bogatego smaku. Dzi\u0119ki baterii 1000 mAh, \u0142adowaniu typu C i inteligentnemu ekranowi dotykowemu LED zapewnia konfigurowaln\u0105 i d\u0142ugotrwa\u0142\u0105 sesj\u0119 wapowania.<\/p>","protected":false},"featured_media":483,"comment_status":"open","ping_status":"closed","template":"","meta":[],"product_brand":[46],"product_cat":[45],"product_tag":[86,78],"class_list":{"0":"post-473","1":"product","2":"type-product","3":"status-publish","4":"has-post-thumbnail","6":"product_brand-zooy-vape","7":"product_cat-45000-puffs-vape","8":"product_tag-35ml","9":"product_tag-adjustable-nicotine-and-ice","11":"first","12":"instock","13":"sale","14":"shipping-taxable","15":"purchasable","16":"product-type-variable"},"yoast_head":"<!-- This site is optimized with the Yoast SEO plugin v25.7 - https:\/\/yoast.com\/wordpress\/plugins\/seo\/ -->\n<title>ZOOY ZERO 45000 Puffs Adjustable Nicotine and Ice Vape<\/title>\n<meta name=\"description\" content=\"ZOOY ZERO 45000 Puffs Disposable Vape with 35ml e-liquid, adjustable nicotine, and LED display. Dual mesh coils, 10 flavors. Shop now!\" \/>\n<meta name=\"robots\" content=\"index, follow, max-snippet:-1, max-image-preview:large, max-video-preview:-1\" \/>\n<link rel=\"canonical\" href=\"https:\/\/vapeenjoy.com\/pl\/produkt\/zooy-zero-45000-puffs-regulowana-nikotyna-i-lod-jednorazowe-waporyzatorzy\/\" \/>\n<meta property=\"og:locale\" content=\"pl_PL\" \/>\n<meta property=\"og:type\" content=\"article\" \/>\n<meta property=\"og:title\" content=\"ZOOY ZERO 45000 Puffs Adjustable Nicotine and Ice Vape\" \/>\n<meta property=\"og:description\" content=\"ZOOY ZERO 45000 Puffs Disposable Vape with 35ml e-liquid, adjustable nicotine, and LED display. Dual mesh coils, 10 flavors. Shop now!\" \/>\n<meta property=\"og:url\" content=\"https:\/\/vapeenjoy.com\/pl\/produkt\/zooy-zero-45000-puffs-regulowana-nikotyna-i-lod-jednorazowe-waporyzatorzy\/\" \/>\n<meta property=\"og:site_name\" content=\"vapeenjoy\" \/>\n<meta property=\"article:modified_time\" content=\"2025-08-18T10:00:28+00:00\" \/>\n<meta property=\"og:image\" content=\"https:\/\/vapeenjoy.com\/wp-content\/uploads\/2025\/07\/24h-vape-zooy-zero-45000-45k-puffs-main-picture.webp\" \/>\n\t<meta property=\"og:image:width\" content=\"800\" \/>\n\t<meta property=\"og:image:height\" content=\"800\" \/>\n\t<meta property=\"og:image:type\" content=\"image\/webp\" \/>\n<meta name=\"twitter:card\" content=\"summary_large_image\" \/>\n<meta name=\"twitter:label1\" content=\"Szacowany czas czytania\" \/>\n\t<meta name=\"twitter:data1\" content=\"3 minuty\" \/>\n<script type=\"application\/ld+json\" class=\"yoast-schema-graph\">{\"@context\":\"https:\/\/schema.org\",\"@graph\":[{\"@type\":\"WebPage\",\"@id\":\"https:\/\/vapeenjoy.com\/product\/zooy-zero-45000-puffs-adjustable-nicotine-and-ice-disposable-vape\/\",\"url\":\"https:\/\/vapeenjoy.com\/product\/zooy-zero-45000-puffs-adjustable-nicotine-and-ice-disposable-vape\/\",\"name\":\"ZOOY ZERO 45000 Puffs Adjustable Nicotine and Ice Vape\",\"isPartOf\":{\"@id\":\"https:\/\/vapeenjoy.com\/#website\"},\"primaryImageOfPage\":{\"@id\":\"https:\/\/vapeenjoy.com\/product\/zooy-zero-45000-puffs-adjustable-nicotine-and-ice-disposable-vape\/#primaryimage\"},\"image\":{\"@id\":\"https:\/\/vapeenjoy.com\/product\/zooy-zero-45000-puffs-adjustable-nicotine-and-ice-disposable-vape\/#primaryimage\"},\"thumbnailUrl\":\"https:\/\/vapeenjoy.com\/wp-content\/uploads\/2025\/07\/24h-vape-zooy-zero-45000-45k-puffs-main-picture.webp\",\"datePublished\":\"2025-07-23T03:42:48+00:00\",\"dateModified\":\"2025-08-18T10:00:28+00:00\",\"description\":\"ZOOY ZERO 45000 Puffs Disposable Vape with 35ml e-liquid, adjustable nicotine, and LED display. Dual mesh coils, 10 flavors. Shop now!\",\"breadcrumb\":{\"@id\":\"https:\/\/vapeenjoy.com\/product\/zooy-zero-45000-puffs-adjustable-nicotine-and-ice-disposable-vape\/#breadcrumb\"},\"inLanguage\":\"pl-PL\",\"potentialAction\":[{\"@type\":\"ReadAction\",\"target\":[\"https:\/\/vapeenjoy.com\/product\/zooy-zero-45000-puffs-adjustable-nicotine-and-ice-disposable-vape\/\"]}]},{\"@type\":\"ImageObject\",\"inLanguage\":\"pl-PL\",\"@id\":\"https:\/\/vapeenjoy.com\/product\/zooy-zero-45000-puffs-adjustable-nicotine-and-ice-disposable-vape\/#primaryimage\",\"url\":\"https:\/\/vapeenjoy.com\/wp-content\/uploads\/2025\/07\/24h-vape-zooy-zero-45000-45k-puffs-main-picture.webp\",\"contentUrl\":\"https:\/\/vapeenjoy.com\/wp-content\/uploads\/2025\/07\/24h-vape-zooy-zero-45000-45k-puffs-main-picture.webp\",\"width\":800,\"height\":800,\"caption\":\"zooy-zero-45000-45k-puffs\"},{\"@type\":\"BreadcrumbList\",\"@id\":\"https:\/\/vapeenjoy.com\/product\/zooy-zero-45000-puffs-adjustable-nicotine-and-ice-disposable-vape\/#breadcrumb\",\"itemListElement\":[{\"@type\":\"ListItem\",\"position\":1,\"name\":\"Home\",\"item\":\"https:\/\/vapeenjoy.com\/\"},{\"@type\":\"ListItem\",\"position\":2,\"name\":\"Shop\",\"item\":\"https:\/\/vapeenjoy.com\/vapeenjoy-shop\/\"},{\"@type\":\"ListItem\",\"position\":3,\"name\":\"ZOOY ZERO 45000 Puffs Adjustable Nicotine and Ice Disposable Vape 35ml Smart LED Display\"}]},{\"@type\":\"WebSite\",\"@id\":\"https:\/\/vapeenjoy.com\/#website\",\"url\":\"https:\/\/vapeenjoy.com\/\",\"name\":\"vapeenjoy\",\"description\":\"An online store for selling vapes\",\"potentialAction\":[{\"@type\":\"SearchAction\",\"target\":{\"@type\":\"EntryPoint\",\"urlTemplate\":\"https:\/\/vapeenjoy.com\/?s={search_term_string}\"},\"query-input\":{\"@type\":\"PropertyValueSpecification\",\"valueRequired\":true,\"valueName\":\"search_term_string\"}}],\"inLanguage\":\"pl-PL\"}]}<\/script>\n<!-- \/ Yoast SEO plugin. -->","yoast_head_json":{"title":"Zooy Zero 45000 Puffs Regulowana nikotyna i vape Ice Vape","description":"Zooy Zero 45000 Puffs jednorazowe waporyzator z 35 ml e-liquid, regulowana nikotyna i wy\u015bwietlacz LED. Podw\u00f3jne cewki siatkowe, 10 smak\u00f3w. Kupuj teraz!","robots":{"index":"index","follow":"follow","max-snippet":"max-snippet:-1","max-image-preview":"max-image-preview:large","max-video-preview":"max-video-preview:-1"},"canonical":"https:\/\/vapeenjoy.com\/pl\/produkt\/zooy-zero-45000-puffs-regulowana-nikotyna-i-lod-jednorazowe-waporyzatorzy\/","og_locale":"pl_PL","og_type":"article","og_title":"ZOOY ZERO 45000 Puffs Adjustable Nicotine and Ice Vape","og_description":"ZOOY ZERO 45000 Puffs Disposable Vape with 35ml e-liquid, adjustable nicotine, and LED display. Dual mesh coils, 10 flavors. Shop now!","og_url":"https:\/\/vapeenjoy.com\/pl\/produkt\/zooy-zero-45000-puffs-regulowana-nikotyna-i-lod-jednorazowe-waporyzatorzy\/","og_site_name":"vapeenjoy","article_modified_time":"2025-08-18T10:00:28+00:00","og_image":[{"width":800,"height":800,"url":"https:\/\/vapeenjoy.com\/wp-content\/uploads\/2025\/07\/24h-vape-zooy-zero-45000-45k-puffs-main-picture.webp","type":"image\/webp"}],"twitter_card":"summary_large_image","twitter_misc":{"Szacowany czas czytania":"3 minuty"},"schema":{"@context":"https:\/\/schema.org","@graph":[{"@type":"WebPage","@id":"https:\/\/vapeenjoy.com\/product\/zooy-zero-45000-puffs-adjustable-nicotine-and-ice-disposable-vape\/","url":"https:\/\/vapeenjoy.com\/product\/zooy-zero-45000-puffs-adjustable-nicotine-and-ice-disposable-vape\/","name":"Zooy Zero 45000 Puffs Regulowana nikotyna i vape Ice Vape","isPartOf":{"@id":"https:\/\/vapeenjoy.com\/#website"},"primaryImageOfPage":{"@id":"https:\/\/vapeenjoy.com\/product\/zooy-zero-45000-puffs-adjustable-nicotine-and-ice-disposable-vape\/#primaryimage"},"image":{"@id":"https:\/\/vapeenjoy.com\/product\/zooy-zero-45000-puffs-adjustable-nicotine-and-ice-disposable-vape\/#primaryimage"},"thumbnailUrl":"https:\/\/vapeenjoy.com\/wp-content\/uploads\/2025\/07\/24h-vape-zooy-zero-45000-45k-puffs-main-picture.webp","datePublished":"2025-07-23T03:42:48+00:00","dateModified":"2025-08-18T10:00:28+00:00","description":"Zooy Zero 45000 Puffs jednorazowe waporyzator z 35 ml e-liquid, regulowana nikotyna i wy\u015bwietlacz LED. Podw\u00f3jne cewki siatkowe, 10 smak\u00f3w. Kupuj teraz!","breadcrumb":{"@id":"https:\/\/vapeenjoy.com\/product\/zooy-zero-45000-puffs-adjustable-nicotine-and-ice-disposable-vape\/#breadcrumb"},"inLanguage":"pl-PL","potentialAction":[{"@type":"ReadAction","target":["https:\/\/vapeenjoy.com\/product\/zooy-zero-45000-puffs-adjustable-nicotine-and-ice-disposable-vape\/"]}]},{"@type":"ImageObject","inLanguage":"pl-PL","@id":"https:\/\/vapeenjoy.com\/product\/zooy-zero-45000-puffs-adjustable-nicotine-and-ice-disposable-vape\/#primaryimage","url":"https:\/\/vapeenjoy.com\/wp-content\/uploads\/2025\/07\/24h-vape-zooy-zero-45000-45k-puffs-main-picture.webp","contentUrl":"https:\/\/vapeenjoy.com\/wp-content\/uploads\/2025\/07\/24h-vape-zooy-zero-45000-45k-puffs-main-picture.webp","width":800,"height":800,"caption":"zooy-zero-45000-45k-puffs"},{"@type":"BreadcrumbList","@id":"https:\/\/vapeenjoy.com\/product\/zooy-zero-45000-puffs-adjustable-nicotine-and-ice-disposable-vape\/#breadcrumb","itemListElement":[{"@type":"ListItem","position":1,"name":"Home","item":"https:\/\/vapeenjoy.com\/"},{"@type":"ListItem","position":2,"name":"Shop","item":"https:\/\/vapeenjoy.com\/vapeenjoy-shop\/"},{"@type":"ListItem","position":3,"name":"ZOOY ZERO 45000 Puffs Adjustable Nicotine and Ice Disposable Vape 35ml Smart LED Display"}]},{"@type":"WebSite","@id":"https:\/\/vapeenjoy.com\/#website","url":"https:\/\/vapeenjoy.com\/","name":"skutkowaty","description":"Sklep internetowy do sprzeda\u017cy vapes","potentialAction":[{"@type":"SearchAction","target":{"@type":"EntryPoint","urlTemplate":"https:\/\/vapeenjoy.com\/?s={search_term_string}"},"query-input":{"@type":"PropertyValueSpecification","valueRequired":true,"valueName":"search_term_string"}}],"inLanguage":"pl-PL"}]}},"_links":{"self":[{"href":"https:\/\/vapeenjoy.com\/pl\/wp-json\/wp\/v2\/product\/473","targetHints":{"allow":["GET"]}}],"collection":[{"href":"https:\/\/vapeenjoy.com\/pl\/wp-json\/wp\/v2\/product"}],"about":[{"href":"https:\/\/vapeenjoy.com\/pl\/wp-json\/wp\/v2\/types\/product"}],"replies":[{"embeddable":true,"href":"https:\/\/vapeenjoy.com\/pl\/wp-json\/wp\/v2\/comments?post=473"}],"version-history":[{"count":4,"href":"https:\/\/vapeenjoy.com\/pl\/wp-json\/wp\/v2\/product\/473\/revisions"}],"predecessor-version":[{"id":2348,"href":"https:\/\/vapeenjoy.com\/pl\/wp-json\/wp\/v2\/product\/473\/revisions\/2348"}],"wp:featuredmedia":[{"embeddable":true,"href":"https:\/\/vapeenjoy.com\/pl\/wp-json\/wp\/v2\/media\/483"}],"wp:attachment":[{"href":"https:\/\/vapeenjoy.com\/pl\/wp-json\/wp\/v2\/media?parent=473"}],"wp:term":[{"taxonomy":"product_brand","embeddable":true,"href":"https:\/\/vapeenjoy.com\/pl\/wp-json\/wp\/v2\/product_brand?post=473"},{"taxonomy":"product_cat","embeddable":true,"href":"https:\/\/vapeenjoy.com\/pl\/wp-json\/wp\/v2\/product_cat?post=473"},{"taxonomy":"product_tag","embeddable":true,"href":"https:\/\/vapeenjoy.com\/pl\/wp-json\/wp\/v2\/product_tag?post=473"}],"curies":[{"name":"wp","href":"https:\/\/api.w.org\/{rel}","templated":true}]}}