{"id":484,"date":"2025-07-23T06:44:09","date_gmt":"2025-07-23T06:44:09","guid":{"rendered":"https:\/\/vapeenjoy.com\/?post_type=product&#038;p=484"},"modified":"2025-08-18T09:45:52","modified_gmt":"2025-08-18T09:45:52","slug":"zooy-firzen-35000-puffs-adjustable-nicotine-and-ice-disposable-vape","status":"publish","type":"product","link":"https:\/\/vapeenjoy.com\/pl\/produkt\/zooy-firzen-35000-puffs-regulowana-nikotyna-i-lod-jednorazowe-wapory\/","title":{"rendered":"Zooy Firzen 35000 Puffs regulowana nikotyna i l\u00f3d jednorazowe vape 30ml"},"content":{"rendered":"<h2 dir=\"ltr\" data-pm-slice=\"1 3 []\">Zooy Firzen 35000 Puffs jednorazowe waporyzator Opis produktu<\/h2>\n<p dir=\"ltr\">Zooy, zaufana nazwa w jednorazowej waporyzacji, konsekwentnie dostarcza niezawodne i aromatyczne urz\u0105dzenia. <strong>na przyk\u0142ad<\/strong>, Zooy Firzen 35000 Puffs Regulowana nikotyna i jednorazowy waporyzator nikotyny, wykonany z jako\u015bci\u0105 i innowacj\u0105, oferuj\u0105 imponuj\u0105c\u0105 liczb\u0119 zaci\u0105gni\u0119\u0107. <strong>nadto<\/strong>, jego konfigurowalne funkcje zapewniaj\u0105 dostosowan\u0105 sesj\u0119 wapowania. <strong>na domiar<\/strong>Elegancki, prostok\u0105tny design z g\u0142adkim, zaokr\u0105glonym uchwytem zwi\u0119ksza komfort i przeno\u015bno\u015b\u0107. <strong>poza tym<\/strong>, \u017cywe, tr\u00f3jkolorowe \u015bwiat\u0142o LGB dodaje dynamicznego wizualnego charakteru, <strong>podczas gdy<\/strong> Minimalistyczne logo w pobli\u017cu interfejsu i nazwa modelu z boku zachowuj\u0105 czyst\u0105, nowoczesn\u0105 estetyk\u0119.<\/p>\n<h2 dir=\"ltr\">Zooy Firzen 35000 Puffs jednorazowe dane techniczne<\/h2>\n<ul class=\"tight\" dir=\"ltr\" data-tight=\"true\">\n<li>\n<p dir=\"ltr\"><strong>Liczba zaci\u0105gni\u0119\u0107<\/strong>: do 35 000 PUFF- <strong>przeto<\/strong>, zapewnia d\u0142ugotrwa\u0142e u\u017cytkowanie, ograniczaj\u0105c cz\u0119ste zamienniki.<\/p>\n<\/li>\n<li>\n<p dir=\"ltr\"><strong>Pojemno\u015b\u0107 e-liquid\u00f3w<\/strong>: 30ml \u2013 nape\u0142nione obficie e-liquid, <strong>tak wi\u0119c<\/strong> Wspieranie rozszerzonych sesji vaping.<\/p>\n<\/li>\n<li>\n<p dir=\"ltr\"><strong>Si\u0142a nikotyny<\/strong>: 0%, 2%, 5% \u2013 regulowane opcje, <strong>co<\/strong> Pasuj\u0105 do r\u00f3\u017cnych preferencji, od \u0142agodnych do mocnych trafie\u0144.<\/p>\n<\/li>\n<li>\n<p dir=\"ltr\"><strong>Pojemno\u015b\u0107 baterii<\/strong>: 650 mAh \u0141adowarka \u2013 <strong>w rezultacie<\/strong>, obs\u0142uguje d\u0142ugotrwa\u0142e u\u017cytkowanie z szybkim \u0142adowaniem.<\/p>\n<\/li>\n<li>\n<p dir=\"ltr\"><strong>Rodzaj \u0142adowania<\/strong>: typ-c \u2013 <strong>a wi\u0119c<\/strong>, umo\u017cliwia szybkie i wygodne \u0142adowanie z nowoczesnym portem.<\/p>\n<\/li>\n<li>\n<p dir=\"ltr\"><strong>Typ cewki<\/strong>: 1.0+1.0 Cewka z podw\u00f3jn\u0105 siatk\u0105 \u2013 <strong>To znaczy<\/strong> Zapewnia sp\u00f3jny smak i p\u0142ynn\u0105 produkcj\u0119 pary.<\/p>\n<\/li>\n<li>\n<p dir=\"ltr\"><strong>Kontrola nikotyny i lodu<\/strong>: Trzy regulowane poziomy \u2013 <strong>innymi s\u0142owy<\/strong>, u\u017cytkownicy mog\u0105 dostosowa\u0107 si\u0142\u0119 nikotyny i uczucie ch\u0142odzenia.<\/p>\n<\/li>\n<li>\n<p dir=\"ltr\"><strong>przelotny powietrze<\/strong>: regulowany \u2013 <strong>odt\u0105d<\/strong>, pozwala na precyzyjne dostrojenie rysowania, aby uzyska\u0107 spersonalizowane wra\u017cenia z waporyzacji.<\/p>\n<\/li>\n<li>\n<p dir=\"ltr\"><strong>aktywacja<\/strong>: aktywowany remisem \u2013 <strong>po prostu<\/strong>, u\u017cywa mechanizmu wdech-do-vape, bez przycisk\u00f3w.<\/p>\n<\/li>\n<li>\n<p dir=\"ltr\"><strong>manifest<\/strong>: Wska\u017anik LED \u2013 <strong>swoi\u015bcie<\/strong>, pokazuje ustawienia nikotyny i lodu z czerwonymi (niski), zielonym (\u015brednim) i niebieskim (wysokim) \u015bwiat\u0142em.<\/p>\n<\/li>\n<\/ul>\n<h2 dir=\"ltr\">10 opcji smakowych<\/h2>\n<ol class=\"tight\" dir=\"ltr\" data-tight=\"true\">\n<li>\n<p dir=\"ltr\"><strong>l\u00f3d arbuzowy<\/strong>: orze\u017awiaj\u0105ca erugmita soczystego arbuza, <strong>w po\u0142\u0105czeniu z<\/strong> Fajne, lodowate wyko\u0144czenie.<\/p>\n<\/li>\n<li>\n<p dir=\"ltr\"><strong>winogrono aloesowe<\/strong>: g\u0142adki aloes zmieszany ze s\u0142odkim, pikantnym winogronem, <strong>kt\u00f3ry tworzy<\/strong> Wyj\u0105tkowy zwrot.<\/p>\n<\/li>\n<li>\n<p dir=\"ltr\"><strong>truskawkowy banan<\/strong>: kremowy banan w po\u0142\u0105czeniu z dojrza\u0142\u0105 truskawk\u0105, <strong>w wyniku<\/strong> G\u0142adka, owocowa mieszanka.<\/p>\n<\/li>\n<li>\n<p dir=\"ltr\"><strong>truskawkowy malinowy kiwi<\/strong>: t\u0119tni\u0105ce \u017cyciem trio tarta malin, s\u0142odkiej truskawki i kiwi tropikalnego, <strong>Oferuj\u0105c w ten spos\u00f3b<\/strong> Dynamiczny smak.<\/p>\n<\/li>\n<li>\n<p dir=\"ltr\"><strong>Lemoniada malinowa z jagodami<\/strong>: pikantna lemoniada z nasycon\u0105 jagodami i cierpkimi malinami, <strong>Robienie tego<\/strong> Od\u015bwie\u017caj\u0105cy wyb\u00f3r.<\/p>\n<\/li>\n<li>\n<p dir=\"ltr\"><strong>Kokos ananasowy<\/strong>: Tropikalny ananas spotyka kremowy kokos, <strong>przeto<\/strong> Dostarczanie mieszanki inspirowanej pla\u017c\u0105.<\/p>\n<\/li>\n<li>\n<p dir=\"ltr\"><strong>mentol<\/strong>: rze\u015bki i ch\u0142odny mentol, <strong>kt\u00f3ry zapewnia<\/strong> Czyste, orze\u017awiaj\u0105ce uczucie.<\/p>\n<\/li>\n<li>\n<p dir=\"ltr\"><strong>Arbuz truskawkowy<\/strong>: soczysty arbuz po\u0142\u0105czony ze s\u0142odk\u0105 truskawk\u0105, <strong>odt\u0105d<\/strong> Tworzenie zr\u00f3wnowa\u017conego smaku owoc\u00f3w.<\/p>\n<\/li>\n<li>\n<p dir=\"ltr\"><strong>Mieszane jagody<\/strong>: mieszanka dojrza\u0142ych jag\u00f3d, <strong>propozycja<\/strong> Odwa\u017cny, s\u0142odki i lekko cierpki smak.<\/p>\n<\/li>\n<li>\n<p dir=\"ltr\"><strong>\u017burawina je\u017cyna<\/strong>: Bogata je\u017cyna z cierpk\u0105 \u017curawin\u0105, <strong>w wyniku<\/strong> G\u0142\u0119boki, owocowy profil.<\/p>\n<\/li>\n<\/ol>\n<h2 dir=\"ltr\">Cz\u0119sto zadawane pytania<\/h2>\n<ol dir=\"ltr\">\n<li>\n<p dir=\"ltr\"><strong>Jak dostosowa\u0107 poziom nikotyny i lodu w Zooy Firzen 35000?<\/strong><br \/>\nKliknij dwukrotnie urz\u0105dzenie, aby przej\u015b\u0107 przez ustawienia Low (czerwone \u015bwiat\u0142o), \u015brednie (zielone \u015bwiat\u0142o) i wysokie (niebieskie \u015bwiat\u0142o), <strong>skutkiem tego<\/strong> Dostosowanie intensywno\u015bci zar\u00f3wno nikotyny, jak i ch\u0142odzenia.<\/p>\n<\/li>\n<li>\n<p dir=\"ltr\"><strong>Jaka jest korzy\u015b\u0107 z podw\u00f3jnej cewki siatkowej w tym waporyzatorze?<\/strong><br \/>\nPodw\u00f3jna cewka siatkowa zapewnia r\u00f3wnomierne ogrzewanie, <strong>co skutkuje<\/strong> Bogatszy smak i g\u0142adsza para z ka\u017cdym zaci\u0105gni\u0119ciem.<\/p>\n<\/li>\n<li>\n<p dir=\"ltr\"><strong>Jak d\u0142ugo bateria dzia\u0142a przed wymaganiem \u0142adowania?<\/strong><br \/>\nBateria 650 mAh obs\u0142uguje d\u0142u\u017csze u\u017cytkowanie, <strong>typowo<\/strong> trwa kilka dni w zale\u017cno\u015bci od cz\u0119stotliwo\u015bci wapowania, <strong>i<\/strong> Szybkie \u0142adowanie typu C zapewnia to, \u017ce jest gotowy.<\/p>\n<\/li>\n<li>\n<p dir=\"ltr\"><strong>Jak wybra\u0107 odpowiedni dla mnie smak?<\/strong><br \/>\n<strong>pr\u0119dzej<\/strong>, rozwa\u017c swoje preferencje smakowe: <strong>na przyk\u0142ad<\/strong>, wybierz owocowe opcje, takie jak l\u00f3d arbuzowy lub banan truskawkowy do s\u0142odkich profili, mentol dla ch\u0142odnego wra\u017cenia lub mieszana jagoda dla odwa\u017cnego, zr\u00f3\u017cnicowanego smaku. <strong>wtedy<\/strong>, przetestuj r\u00f3\u017cne smaki, aby znale\u017a\u0107 sw\u00f3j ulubiony.<\/p>\n<\/li>\n<li>\n<p dir=\"ltr\"><strong>Czy Zooy Firzen 35000 nadaje si\u0119 do wapowania usta-do-p\u0142uc?<\/strong><br \/>\n<strong>naprawd\u0119<\/strong>, jego konstrukcja i regulowany przep\u0142yw powietrza sprawiaj\u0105, \u017ce idealnie nadaje si\u0119 do tradycyjnego stylu vaping-usta-p\u0142uka.<\/p>\n<\/li>\n<li>\n<p dir=\"ltr\"><strong>Sk\u0105d mam wiedzie\u0107, kiedy \u0142adowa\u0107 urz\u0105dzenie?<\/strong><br \/>\nWska\u017anik LED sygnalizuje niski poziom na\u0142adowania baterii, <strong>i<\/strong> Port typu C umo\u017cliwia szybkie \u0142adowanie, <strong>tak wi\u0119c<\/strong> Utrzymuj\u0105c ci\u0119 wapowanie.<\/p>\n<\/li>\n<li>\n<p dir=\"ltr\"><strong>Czy mog\u0119 dostosowa\u0107 przep\u0142yw powietrza, aby uzyska\u0107 cia\u015bniejszy lub lu\u017aniejszy rysunek?<\/strong><br \/>\n<strong>ca\u0142kowicie<\/strong>regulowany przep\u0142yw powietrza pozwala dostosowa\u0107 rysowanie, <strong>czy<\/strong> Wolisz ciasny lub przewiewny op\u00f3r.<\/p>\n<\/li>\n<\/ol>\n<p>&nbsp;<\/p>\n<p><img fetchpriority=\"high\" decoding=\"async\" class=\"alignnone wp-image-487 size-full\" src=\"https:\/\/vapeenjoy.com\/wp-content\/uploads\/2025\/07\/11-1.jpg\" alt=\"Zooy Firzen 35000 Puffs Regulowane nikotyny i l\u00f3d jednorazowe smaki waporyzacyjne\" width=\"800\" height=\"800\" srcset=\"https:\/\/vapeenjoy.com\/wp-content\/uploads\/2025\/07\/11-1.jpg 800w, https:\/\/vapeenjoy.com\/wp-content\/uploads\/2025\/07\/11-1-300x300.jpg 300w, https:\/\/vapeenjoy.com\/wp-content\/uploads\/2025\/07\/11-1-600x600.jpg 600w, https:\/\/vapeenjoy.com\/wp-content\/uploads\/2025\/07\/11-1-150x150.jpg 150w, https:\/\/vapeenjoy.com\/wp-content\/uploads\/2025\/07\/11-1-768x768.jpg 768w\" sizes=\"(max-width: 800px) 100vw, 800px\" \/><\/p>","protected":false},"excerpt":{"rendered":"<p>Zooy, zaufana nazwa w Vaping, przedstawia jednorazowe waporyzator Firzen 35000 Puffs. To eleganckie urz\u0105dzenie oferuje do 35 000 zaci\u0105gni\u0119\u0107, 30 ml e-liquidu, regulowan\u0105 nikotyn\u0119 0%,2%,5% i akumulator 650 mAh. Dzi\u0119ki podw\u00f3jnej cewce z siatki, dostosowywanemu przep\u0142ywowi powietrza oraz trzypoziomowej kontroli nikotyny i lodu, zapewnia dostosowane wra\u017cenia z waporyzacji z \u017cywymi smakami.<\/p>","protected":false},"featured_media":493,"comment_status":"open","ping_status":"closed","template":"","meta":[],"product_brand":[46],"product_cat":[47],"product_tag":[70,78],"class_list":{"0":"post-484","1":"product","2":"type-product","3":"status-publish","4":"has-post-thumbnail","6":"product_brand-zooy-vape","7":"product_cat-35000-puffs-vape","8":"product_tag-30ml","9":"product_tag-adjustable-nicotine-and-ice","11":"first","12":"instock","13":"sale","14":"shipping-taxable","15":"purchasable","16":"product-type-variable"},"yoast_head":"<!-- This site is optimized with the Yoast SEO plugin v25.7 - https:\/\/yoast.com\/wordpress\/plugins\/seo\/ -->\n<title>ZOOY FIRZEN 35K Puffs Adjustable Nicotine Disposable Vape<\/title>\n<meta name=\"description\" content=\"ZOOY FIRZEN 35000 Puffs Disposable Vape with adjustable nicotine and 30ml e-liquid. Long-lasting, icy vape with dual mesh coils. Shop now!\" \/>\n<meta name=\"robots\" content=\"index, follow, max-snippet:-1, max-image-preview:large, max-video-preview:-1\" \/>\n<link rel=\"canonical\" href=\"https:\/\/vapeenjoy.com\/pl\/produkt\/zooy-firzen-35000-puffs-regulowana-nikotyna-i-lod-jednorazowe-wapory\/\" \/>\n<meta property=\"og:locale\" content=\"pl_PL\" \/>\n<meta property=\"og:type\" content=\"article\" \/>\n<meta property=\"og:title\" content=\"ZOOY FIRZEN 35K Puffs Adjustable Nicotine Disposable Vape\" \/>\n<meta property=\"og:description\" content=\"ZOOY FIRZEN 35000 Puffs Disposable Vape with adjustable nicotine and 30ml e-liquid. Long-lasting, icy vape with dual mesh coils. Shop now!\" \/>\n<meta property=\"og:url\" content=\"https:\/\/vapeenjoy.com\/pl\/produkt\/zooy-firzen-35000-puffs-regulowana-nikotyna-i-lod-jednorazowe-wapory\/\" \/>\n<meta property=\"og:site_name\" content=\"vapeenjoy\" \/>\n<meta property=\"article:modified_time\" content=\"2025-08-18T09:45:52+00:00\" \/>\n<meta property=\"og:image\" content=\"https:\/\/vapeenjoy.com\/wp-content\/uploads\/2025\/07\/240920.747.jpg\" \/>\n\t<meta property=\"og:image:width\" content=\"800\" \/>\n\t<meta property=\"og:image:height\" content=\"800\" \/>\n\t<meta property=\"og:image:type\" content=\"image\/jpeg\" \/>\n<meta name=\"twitter:card\" content=\"summary_large_image\" \/>\n<meta name=\"twitter:label1\" content=\"Szacowany czas czytania\" \/>\n\t<meta name=\"twitter:data1\" content=\"4 minuty\" \/>\n<script type=\"application\/ld+json\" class=\"yoast-schema-graph\">{\"@context\":\"https:\/\/schema.org\",\"@graph\":[{\"@type\":\"WebPage\",\"@id\":\"https:\/\/vapeenjoy.com\/product\/zooy-firzen-35000-puffs-adjustable-nicotine-and-ice-disposable-vape\/\",\"url\":\"https:\/\/vapeenjoy.com\/product\/zooy-firzen-35000-puffs-adjustable-nicotine-and-ice-disposable-vape\/\",\"name\":\"ZOOY FIRZEN 35K Puffs Adjustable Nicotine Disposable Vape\",\"isPartOf\":{\"@id\":\"https:\/\/vapeenjoy.com\/#website\"},\"primaryImageOfPage\":{\"@id\":\"https:\/\/vapeenjoy.com\/product\/zooy-firzen-35000-puffs-adjustable-nicotine-and-ice-disposable-vape\/#primaryimage\"},\"image\":{\"@id\":\"https:\/\/vapeenjoy.com\/product\/zooy-firzen-35000-puffs-adjustable-nicotine-and-ice-disposable-vape\/#primaryimage\"},\"thumbnailUrl\":\"https:\/\/vapeenjoy.com\/wp-content\/uploads\/2025\/07\/240920.747.jpg\",\"datePublished\":\"2025-07-23T06:44:09+00:00\",\"dateModified\":\"2025-08-18T09:45:52+00:00\",\"description\":\"ZOOY FIRZEN 35000 Puffs Disposable Vape with adjustable nicotine and 30ml e-liquid. Long-lasting, icy vape with dual mesh coils. Shop now!\",\"breadcrumb\":{\"@id\":\"https:\/\/vapeenjoy.com\/product\/zooy-firzen-35000-puffs-adjustable-nicotine-and-ice-disposable-vape\/#breadcrumb\"},\"inLanguage\":\"pl-PL\",\"potentialAction\":[{\"@type\":\"ReadAction\",\"target\":[\"https:\/\/vapeenjoy.com\/product\/zooy-firzen-35000-puffs-adjustable-nicotine-and-ice-disposable-vape\/\"]}]},{\"@type\":\"ImageObject\",\"inLanguage\":\"pl-PL\",\"@id\":\"https:\/\/vapeenjoy.com\/product\/zooy-firzen-35000-puffs-adjustable-nicotine-and-ice-disposable-vape\/#primaryimage\",\"url\":\"https:\/\/vapeenjoy.com\/wp-content\/uploads\/2025\/07\/240920.747.jpg\",\"contentUrl\":\"https:\/\/vapeenjoy.com\/wp-content\/uploads\/2025\/07\/240920.747.jpg\",\"width\":800,\"height\":800},{\"@type\":\"BreadcrumbList\",\"@id\":\"https:\/\/vapeenjoy.com\/product\/zooy-firzen-35000-puffs-adjustable-nicotine-and-ice-disposable-vape\/#breadcrumb\",\"itemListElement\":[{\"@type\":\"ListItem\",\"position\":1,\"name\":\"Home\",\"item\":\"https:\/\/vapeenjoy.com\/\"},{\"@type\":\"ListItem\",\"position\":2,\"name\":\"Shop\",\"item\":\"https:\/\/vapeenjoy.com\/vapeenjoy-shop\/\"},{\"@type\":\"ListItem\",\"position\":3,\"name\":\"ZOOY FIRZEN 35000 Puffs Adjustable Nicotine and Ice Disposable Vape 30ml\"}]},{\"@type\":\"WebSite\",\"@id\":\"https:\/\/vapeenjoy.com\/#website\",\"url\":\"https:\/\/vapeenjoy.com\/\",\"name\":\"vapeenjoy\",\"description\":\"An online store for selling vapes\",\"potentialAction\":[{\"@type\":\"SearchAction\",\"target\":{\"@type\":\"EntryPoint\",\"urlTemplate\":\"https:\/\/vapeenjoy.com\/?s={search_term_string}\"},\"query-input\":{\"@type\":\"PropertyValueSpecification\",\"valueRequired\":true,\"valueName\":\"search_term_string\"}}],\"inLanguage\":\"pl-PL\"}]}<\/script>\n<!-- \/ Yoast SEO plugin. -->","yoast_head_json":{"title":"Zooy Firzen 35k Puffy regulowany nikotyna jednorazowy waporyzator","description":"Zooy Firzen 35000 Puffs jednorazowe waporyzator z regulowan\u0105 nikotyn\u0105 i 30 ml e-liquidu. D\u0142ugotrwa\u0142y, lodowaty vape z podw\u00f3jnymi cewkami z siatki. Kupuj teraz!","robots":{"index":"index","follow":"follow","max-snippet":"max-snippet:-1","max-image-preview":"max-image-preview:large","max-video-preview":"max-video-preview:-1"},"canonical":"https:\/\/vapeenjoy.com\/pl\/produkt\/zooy-firzen-35000-puffs-regulowana-nikotyna-i-lod-jednorazowe-wapory\/","og_locale":"pl_PL","og_type":"article","og_title":"ZOOY FIRZEN 35K Puffs Adjustable Nicotine Disposable Vape","og_description":"ZOOY FIRZEN 35000 Puffs Disposable Vape with adjustable nicotine and 30ml e-liquid. Long-lasting, icy vape with dual mesh coils. Shop now!","og_url":"https:\/\/vapeenjoy.com\/pl\/produkt\/zooy-firzen-35000-puffs-regulowana-nikotyna-i-lod-jednorazowe-wapory\/","og_site_name":"vapeenjoy","article_modified_time":"2025-08-18T09:45:52+00:00","og_image":[{"width":800,"height":800,"url":"https:\/\/vapeenjoy.com\/wp-content\/uploads\/2025\/07\/240920.747.jpg","type":"image\/jpeg"}],"twitter_card":"summary_large_image","twitter_misc":{"Szacowany czas czytania":"4 minuty"},"schema":{"@context":"https:\/\/schema.org","@graph":[{"@type":"WebPage","@id":"https:\/\/vapeenjoy.com\/product\/zooy-firzen-35000-puffs-adjustable-nicotine-and-ice-disposable-vape\/","url":"https:\/\/vapeenjoy.com\/product\/zooy-firzen-35000-puffs-adjustable-nicotine-and-ice-disposable-vape\/","name":"Zooy Firzen 35k Puffy regulowany nikotyna jednorazowy waporyzator","isPartOf":{"@id":"https:\/\/vapeenjoy.com\/#website"},"primaryImageOfPage":{"@id":"https:\/\/vapeenjoy.com\/product\/zooy-firzen-35000-puffs-adjustable-nicotine-and-ice-disposable-vape\/#primaryimage"},"image":{"@id":"https:\/\/vapeenjoy.com\/product\/zooy-firzen-35000-puffs-adjustable-nicotine-and-ice-disposable-vape\/#primaryimage"},"thumbnailUrl":"https:\/\/vapeenjoy.com\/wp-content\/uploads\/2025\/07\/240920.747.jpg","datePublished":"2025-07-23T06:44:09+00:00","dateModified":"2025-08-18T09:45:52+00:00","description":"Zooy Firzen 35000 Puffs jednorazowe waporyzator z regulowan\u0105 nikotyn\u0105 i 30 ml e-liquidu. D\u0142ugotrwa\u0142y, lodowaty vape z podw\u00f3jnymi cewkami z siatki. Kupuj teraz!","breadcrumb":{"@id":"https:\/\/vapeenjoy.com\/product\/zooy-firzen-35000-puffs-adjustable-nicotine-and-ice-disposable-vape\/#breadcrumb"},"inLanguage":"pl-PL","potentialAction":[{"@type":"ReadAction","target":["https:\/\/vapeenjoy.com\/product\/zooy-firzen-35000-puffs-adjustable-nicotine-and-ice-disposable-vape\/"]}]},{"@type":"ImageObject","inLanguage":"pl-PL","@id":"https:\/\/vapeenjoy.com\/product\/zooy-firzen-35000-puffs-adjustable-nicotine-and-ice-disposable-vape\/#primaryimage","url":"https:\/\/vapeenjoy.com\/wp-content\/uploads\/2025\/07\/240920.747.jpg","contentUrl":"https:\/\/vapeenjoy.com\/wp-content\/uploads\/2025\/07\/240920.747.jpg","width":800,"height":800},{"@type":"BreadcrumbList","@id":"https:\/\/vapeenjoy.com\/product\/zooy-firzen-35000-puffs-adjustable-nicotine-and-ice-disposable-vape\/#breadcrumb","itemListElement":[{"@type":"ListItem","position":1,"name":"Home","item":"https:\/\/vapeenjoy.com\/"},{"@type":"ListItem","position":2,"name":"Shop","item":"https:\/\/vapeenjoy.com\/vapeenjoy-shop\/"},{"@type":"ListItem","position":3,"name":"ZOOY FIRZEN 35000 Puffs Adjustable Nicotine and Ice Disposable Vape 30ml"}]},{"@type":"WebSite","@id":"https:\/\/vapeenjoy.com\/#website","url":"https:\/\/vapeenjoy.com\/","name":"skutkowaty","description":"Sklep internetowy do sprzeda\u017cy vapes","potentialAction":[{"@type":"SearchAction","target":{"@type":"EntryPoint","urlTemplate":"https:\/\/vapeenjoy.com\/?s={search_term_string}"},"query-input":{"@type":"PropertyValueSpecification","valueRequired":true,"valueName":"search_term_string"}}],"inLanguage":"pl-PL"}]}},"_links":{"self":[{"href":"https:\/\/vapeenjoy.com\/pl\/wp-json\/wp\/v2\/product\/484","targetHints":{"allow":["GET"]}}],"collection":[{"href":"https:\/\/vapeenjoy.com\/pl\/wp-json\/wp\/v2\/product"}],"about":[{"href":"https:\/\/vapeenjoy.com\/pl\/wp-json\/wp\/v2\/types\/product"}],"replies":[{"embeddable":true,"href":"https:\/\/vapeenjoy.com\/pl\/wp-json\/wp\/v2\/comments?post=484"}],"version-history":[{"count":3,"href":"https:\/\/vapeenjoy.com\/pl\/wp-json\/wp\/v2\/product\/484\/revisions"}],"predecessor-version":[{"id":2345,"href":"https:\/\/vapeenjoy.com\/pl\/wp-json\/wp\/v2\/product\/484\/revisions\/2345"}],"wp:featuredmedia":[{"embeddable":true,"href":"https:\/\/vapeenjoy.com\/pl\/wp-json\/wp\/v2\/media\/493"}],"wp:attachment":[{"href":"https:\/\/vapeenjoy.com\/pl\/wp-json\/wp\/v2\/media?parent=484"}],"wp:term":[{"taxonomy":"product_brand","embeddable":true,"href":"https:\/\/vapeenjoy.com\/pl\/wp-json\/wp\/v2\/product_brand?post=484"},{"taxonomy":"product_cat","embeddable":true,"href":"https:\/\/vapeenjoy.com\/pl\/wp-json\/wp\/v2\/product_cat?post=484"},{"taxonomy":"product_tag","embeddable":true,"href":"https:\/\/vapeenjoy.com\/pl\/wp-json\/wp\/v2\/product_tag?post=484"}],"curies":[{"name":"wp","href":"https:\/\/api.w.org\/{rel}","templated":true}]}}