{"id":494,"date":"2025-07-23T08:52:44","date_gmt":"2025-07-23T08:52:44","guid":{"rendered":"https:\/\/vapeenjoy.com\/?post_type=product&#038;p=494"},"modified":"2025-08-18T09:33:25","modified_gmt":"2025-08-18T09:33:25","slug":"vozol-gear-shisha-25000-puffs-disposable-vape","status":"publish","type":"product","link":"https:\/\/vapeenjoy.com\/pl\/produkt\/vozol-gear-shisha-25000-puffs-jednorazowe-waporyzator\/","title":{"rendered":"VOZOL Gear Shisha 25000 Puffs jednorazowe Vape 25ml 5% nikotyna Type-C \u0142adowanie"},"content":{"rendered":"<h2 dir=\"ltr\" data-pm-slice=\"1 1 []\">VOZOL Gear Shisha 25000 Puffs Jednorazowe Vape Opis produktu<\/h2>\n<p dir=\"ltr\">Vozol, renomowana marka w innowacji waporyzacyjnej, tworzy urz\u0105dzenia o du\u017cej pojemno\u015bci dla entuzjast\u00f3w poszukuj\u0105cych jako\u015bci i wygody. W zwi\u0105zku z tym jednorazowe waporyzator Vozol Gear Shisha 25000 Puffs wyr\u00f3\u017cnia si\u0119 imponuj\u0105c\u0105 liczb\u0105 zaci\u0105gni\u0119\u0107 i zaawansowanymi funkcjami. Co wi\u0119cej, jego inspirowany Bliskim Wschodem design, z kompaktow\u0105 form\u0105 i \u017cywym kolorowym ekranem o przek\u0105tnej 2,1 cala, \u0142\u0105czy estetyk\u0119 kulturow\u0105 z nowoczesn\u0105 funkcjonalno\u015bci\u0105, zapewniaj\u0105c atrakcyjne wizualnie i przyjazne wra\u017cenia wra\u017cenia.<\/p>\n<h3 dir=\"ltr\">VOZOL Gear Shisha 25000 Puffs Jednorazowe dane techniczne Vape<\/h3>\n<p dir=\"ltr\">Vozol Gear Shisha oferuje niezwyk\u0142e funkcje dla satysfakcjonuj\u0105cego vape. Na przyk\u0142ad:<\/p>\n<ul class=\"tight\" dir=\"ltr\" data-tight=\"true\">\n<li>\n<p dir=\"ltr\"><strong>Liczba zaci\u0105gni\u0119\u0107<\/strong>: Do 25 000 zaci\u0105gni\u0119\u0107 w trybie Eco lub 18 000 w trybie zasilania, zapewniaj\u0105c d\u0142u\u017csze u\u017cytkowanie.<\/p>\n<\/li>\n<li>\n<p dir=\"ltr\"><strong>Pojemno\u015b\u0107 e-liquid\u00f3w<\/strong>: 25 ml wst\u0119pnie nape\u0142nione, zapewniaj\u0105c sta\u0142y smak ponad tysi\u0105cami zaci\u0105gni\u0119\u0107.<\/p>\n<\/li>\n<li>\n<p dir=\"ltr\"><strong>bateryjny<\/strong>: 1000 mAh Akumulator z szybkim \u0142adowaniem USB typu C.<\/p>\n<\/li>\n<li>\n<p dir=\"ltr\"><strong>Si\u0142a nikotyny<\/strong>: Dost\u0119pne w 3mg lub 5mg dla zr\u00f3wnowa\u017conego trafienia w gard\u0142o.<\/p>\n<\/li>\n<li>\n<p dir=\"ltr\"><strong>Typ cewki<\/strong>: Podw\u00f3jne cewki siatkowe dla lepszego smaku i g\u0119stej pary.<\/p>\n<\/li>\n<li>\n<p dir=\"ltr\"><strong>Tryby vaping<\/strong>: Tryby ECO i zasilania dla dopasowanych sesji.<\/p>\n<\/li>\n<li>\n<p dir=\"ltr\"><strong>przelotny powietrze<\/strong>: Regulowany dla dostosowanego oporu naci\u0105gu.<\/p>\n<\/li>\n<li>\n<p dir=\"ltr\"><strong>manifest<\/strong>: 2,1-calowy kolorowy ekran z bateri\u0105, liczb\u0105 zaci\u0105gni\u0119\u0107 i trybem.<\/p>\n<\/li>\n<li>\n<p dir=\"ltr\"><strong>Interakcja d\u017awi\u0119kowa<\/strong>: Bulguj\u0105ce d\u017awi\u0119ki inspirowane szisz\u0105, zapewniaj\u0105c wyj\u0105tkowe wra\u017cenia.<\/p>\n<\/li>\n<li>\n<p dir=\"ltr\"><strong>Port \u0142adowania<\/strong>: USB Type-C do szybkiego \u0142adowania.<\/p>\n<\/li>\n<\/ul>\n<h3 dir=\"ltr\">30 opcji smakowych<\/h3>\n<p dir=\"ltr\">Dzi\u0119ki 30 r\u00f3\u017cnym smakom ka\u017cdy znajdzie co\u015b dla siebie. Oto kilka najwa\u017cniejszych informacji:<\/p>\n<ul class=\"tight\" dir=\"ltr\" data-tight=\"true\">\n<li>\n<p dir=\"ltr\"><strong>Lody jagodowe<\/strong>: Mieszane jagody z ch\u0142odnym wyko\u0144czeniem mentolowym.<\/p>\n<\/li>\n<li>\n<p dir=\"ltr\"><strong>niebieski razz l\u00f3d<\/strong>: Pikantna niebieska malina z mro\u017anym wydechem.<\/p>\n<\/li>\n<li>\n<p dir=\"ltr\"><strong>Brzoskwinia z mango<\/strong>: G\u0142adka mieszanka mango i soczystej brzoskwini.<\/p>\n<\/li>\n<li>\n<p dir=\"ltr\"><strong>mi\u0119ta arbuza<\/strong>: S\u0142odki arbuz z orze\u017awiaj\u0105cym mi\u0119towym akcentem.<\/p>\n<\/li>\n<li>\n<p dir=\"ltr\"><strong>Mi\u0142o\u015b\u0107 777<\/strong>: Owoce tropikalne ze s\u0142odk\u0105, tajemnicz\u0105 nut\u0105. Odkryj wszystkie 30 smak\u00f3w w Vape Ciesz si\u0119, aby znale\u017a\u0107 idealne dopasowanie.<\/p>\n<\/li>\n<\/ul>\n<h3 dir=\"ltr\">Cz\u0119sto zadawane pytania<\/h3>\n<h4 dir=\"ltr\">Ile zaci\u0105gni\u0119\u0107 zapewnia?<\/h4>\n<p dir=\"ltr\">Urz\u0105dzenie dostarcza do 25 000 zaci\u0105gni\u0119\u0107 w trybie Eco lub 18 000 w trybie zasilania, w zale\u017cno\u015bci od preferencji.<\/p>\n<h4 dir=\"ltr\">Czy bateria jest \u0142adowana?<\/h4>\n<p dir=\"ltr\">Tak, ma bateri\u0119 1000 mAh z USB Type-C do szybkiego \u0142adowania.<\/p>\n<h4 dir=\"ltr\">Czy mog\u0119 regulowa\u0107 przep\u0142yw powietrza?<\/h4>\n<p dir=\"ltr\">Rzeczywi\u015bcie, regulowany przep\u0142yw powietrza pozwala dostosowa\u0107 op\u00f3r rysowania.<\/p>\n<h4 dir=\"ltr\">Jak wybra\u0107 smak?<\/h4>\n<p dir=\"ltr\">Z 30 opcjami, owocowe smaki, takie jak Mango Peach, garnidz\u0105 s\u0142odkie preferencje, podczas gdy lodowe, takie jak cytrynowe mi\u0119ta, oferuj\u0105 orze\u017awienie. Odwied\u017a Vape Ciesz si\u0119, aby odkry\u0107.<\/p>\n<h4 dir=\"ltr\">Jaka jest interakcja d\u017awi\u0119kowa?<\/h4>\n<p dir=\"ltr\">Bul\u0105ce d\u017awi\u0119ki inspirowane szisz\u0105 wzmacniaj\u0105 zmys\u0142owe wra\u017cenia z ka\u017cdego zaci\u0105gni\u0119\u0107.<\/p>\n<h4 dir=\"ltr\">Czy nadaje si\u0119 do wapowania DTL?<\/h4>\n<p dir=\"ltr\">Absolutnie, podw\u00f3jna siatka i regulowany przep\u0142yw powietrza zapewniaj\u0105 g\u0142adk\u0105, g\u0119st\u0105 par\u0119 do waporyzacji bezpo\u015brednio do p\u0142uc.<\/p>\n<h4 dir=\"ltr\">Czy mo\u017cna go nape\u0142ni\u0107?<\/h4>\n<p dir=\"ltr\">Nie, jest to jednorazowy waporyzator zaprojektowany dla wygody i powinien by\u0107 utylizowany w spos\u00f3b odpowiedzialny po u\u017cyciu.<\/p>\n<h3 dir=\"ltr\">Dlaczego warto wybra\u0107 sprz\u0119t Vozol Shisha?<\/h3>\n<p dir=\"ltr\">Podsumowuj\u0105c, Vozol Gear Shisha 25000 \u0142\u0105czy w sobie wysok\u0105 pojemno\u015b\u0107 zaci\u0105gni\u0119\u0107, zaawansowane funkcje i unikalny design. Dlatego, niezale\u017cnie od tego, czy traktujesz priorytet smaku, d\u0142ugowieczno\u015bci czy stylu, ten waporyzator zapewnia. Kup sw\u00f3j ju\u017c dzi\u015b w Vape Ciesz si\u0119 i podnie\u015b swoje wra\u017cenia z wapowania!<\/p>\n<p><img decoding=\"async\" class=\"alignnone wp-image-504 size-full\" src=\"https:\/\/vapeenjoy.com\/wp-content\/uploads\/2025\/07\/Vozol-Gear-Shish-25000-Puffs-Banner.avif\" alt=\"VOZOL Gear Shisha 25000 Puffs jednorazowe smaki waporyzacyjne\" \/><\/p>","protected":false},"excerpt":{"rendered":"<p>Vozol, zaufana nazwa w innowacji w vaping, przedstawia jednorazowe waporyzator Gear Shisha 25000 Puffs. To urz\u0105dzenie o du\u017cej pojemno\u015bci oferuje do 25 000 zaci\u0105gni\u0119\u0107, pojemno\u015b\u0107 25 ml e-liquid i akumulator 1000 mAh. Dzi\u0119ki podw\u00f3jnej cewce z siatki, regulowanemu przep\u0142ywowi powietrza i kolorowemu ekranowi o przek\u0105tnej 2,1 cala zapewnia bogaty smak i wygod\u0119 w eleganckim, inspirowanym sziszy designie.<\/p>","protected":false},"featured_media":496,"comment_status":"open","ping_status":"closed","template":"","meta":[],"product_brand":[48],"product_cat":[30],"product_tag":[69,62],"class_list":{"0":"post-494","1":"product","2":"type-product","3":"status-publish","4":"has-post-thumbnail","6":"product_brand-vozol-vape","7":"product_cat-25k-puffs-vape","8":"product_tag-25ml","9":"product_tag-5-nicotine","11":"first","12":"instock","13":"sale","14":"shipping-taxable","15":"purchasable","16":"product-type-variable"},"yoast_head":"<!-- This site is optimized with the Yoast SEO plugin v25.7 - https:\/\/yoast.com\/wordpress\/plugins\/seo\/ -->\n<title>Vozol Gear Shisha 25000 Puffs Disposable Vape 25ml 5% Nicotine<\/title>\n<meta name=\"description\" content=\"Vozol Gear Shisha 25000 Puffs Disposable Vape: 25ml, 5% nicotine, Type-C charging, dual mesh coils, adjustable airflow, 21 flavors. Buy now!\" \/>\n<meta name=\"robots\" content=\"index, follow, max-snippet:-1, max-image-preview:large, max-video-preview:-1\" \/>\n<link rel=\"canonical\" href=\"https:\/\/vapeenjoy.com\/pl\/produkt\/vozol-gear-shisha-25000-puffs-jednorazowe-waporyzator\/\" \/>\n<meta property=\"og:locale\" content=\"pl_PL\" \/>\n<meta property=\"og:type\" content=\"article\" \/>\n<meta property=\"og:title\" content=\"Vozol Gear Shisha 25000 Puffs Disposable Vape 25ml 5% Nicotine\" \/>\n<meta property=\"og:description\" content=\"Vozol Gear Shisha 25000 Puffs Disposable Vape: 25ml, 5% nicotine, Type-C charging, dual mesh coils, adjustable airflow, 21 flavors. Buy now!\" \/>\n<meta property=\"og:url\" content=\"https:\/\/vapeenjoy.com\/pl\/produkt\/vozol-gear-shisha-25000-puffs-jednorazowe-waporyzator\/\" \/>\n<meta property=\"og:site_name\" content=\"vapeenjoy\" \/>\n<meta property=\"article:modified_time\" content=\"2025-08-18T09:33:25+00:00\" \/>\n<meta name=\"twitter:card\" content=\"summary_large_image\" \/>\n<meta name=\"twitter:label1\" content=\"Szacowany czas czytania\" \/>\n\t<meta name=\"twitter:data1\" content=\"3 minuty\" \/>\n<script type=\"application\/ld+json\" class=\"yoast-schema-graph\">{\"@context\":\"https:\/\/schema.org\",\"@graph\":[{\"@type\":\"WebPage\",\"@id\":\"https:\/\/vapeenjoy.com\/product\/vozol-gear-shisha-25000-puffs-disposable-vape\/\",\"url\":\"https:\/\/vapeenjoy.com\/product\/vozol-gear-shisha-25000-puffs-disposable-vape\/\",\"name\":\"Vozol Gear Shisha 25000 Puffs Disposable Vape 25ml 5% Nicotine\",\"isPartOf\":{\"@id\":\"https:\/\/vapeenjoy.com\/#website\"},\"primaryImageOfPage\":{\"@id\":\"https:\/\/vapeenjoy.com\/product\/vozol-gear-shisha-25000-puffs-disposable-vape\/#primaryimage\"},\"image\":{\"@id\":\"https:\/\/vapeenjoy.com\/product\/vozol-gear-shisha-25000-puffs-disposable-vape\/#primaryimage\"},\"thumbnailUrl\":\"https:\/\/vapeenjoy.com\/wp-content\/uploads\/2025\/07\/vozol-gear-shisha-25000.avif\",\"datePublished\":\"2025-07-23T08:52:44+00:00\",\"dateModified\":\"2025-08-18T09:33:25+00:00\",\"description\":\"Vozol Gear Shisha 25000 Puffs Disposable Vape: 25ml, 5% nicotine, Type-C charging, dual mesh coils, adjustable airflow, 21 flavors. Buy now!\",\"breadcrumb\":{\"@id\":\"https:\/\/vapeenjoy.com\/product\/vozol-gear-shisha-25000-puffs-disposable-vape\/#breadcrumb\"},\"inLanguage\":\"pl-PL\",\"potentialAction\":[{\"@type\":\"ReadAction\",\"target\":[\"https:\/\/vapeenjoy.com\/product\/vozol-gear-shisha-25000-puffs-disposable-vape\/\"]}]},{\"@type\":\"ImageObject\",\"inLanguage\":\"pl-PL\",\"@id\":\"https:\/\/vapeenjoy.com\/product\/vozol-gear-shisha-25000-puffs-disposable-vape\/#primaryimage\",\"url\":\"https:\/\/vapeenjoy.com\/wp-content\/uploads\/2025\/07\/vozol-gear-shisha-25000.avif\",\"contentUrl\":\"https:\/\/vapeenjoy.com\/wp-content\/uploads\/2025\/07\/vozol-gear-shisha-25000.avif\",\"width\":1000,\"height\":1000},{\"@type\":\"BreadcrumbList\",\"@id\":\"https:\/\/vapeenjoy.com\/product\/vozol-gear-shisha-25000-puffs-disposable-vape\/#breadcrumb\",\"itemListElement\":[{\"@type\":\"ListItem\",\"position\":1,\"name\":\"Home\",\"item\":\"https:\/\/vapeenjoy.com\/\"},{\"@type\":\"ListItem\",\"position\":2,\"name\":\"Shop\",\"item\":\"https:\/\/vapeenjoy.com\/vapeenjoy-shop\/\"},{\"@type\":\"ListItem\",\"position\":3,\"name\":\"Vozol Gear Shisha 25000 Puffs Disposable Vape 25ml 5% Nicotine Type-C Recharge\"}]},{\"@type\":\"WebSite\",\"@id\":\"https:\/\/vapeenjoy.com\/#website\",\"url\":\"https:\/\/vapeenjoy.com\/\",\"name\":\"vapeenjoy\",\"description\":\"An online store for selling vapes\",\"potentialAction\":[{\"@type\":\"SearchAction\",\"target\":{\"@type\":\"EntryPoint\",\"urlTemplate\":\"https:\/\/vapeenjoy.com\/?s={search_term_string}\"},\"query-input\":{\"@type\":\"PropertyValueSpecification\",\"valueRequired\":true,\"valueName\":\"search_term_string\"}}],\"inLanguage\":\"pl-PL\"}]}<\/script>\n<!-- \/ Yoast SEO plugin. -->","yoast_head_json":{"title":"VOZOL Gear Shisha 25000 Puffy jednorazowe Vape 25ml 5% Nikotyna","description":"VOZOL GEAR SHISHA 25000 PUFFS Jednorazowe waporyzator: 25 ml, 51 TP3T Nikotyna, \u0142adowanie typu C, cewki z podw\u00f3jn\u0105 siatk\u0105, regulowany przep\u0142yw powietrza, 21 smak\u00f3w. Kup teraz!","robots":{"index":"index","follow":"follow","max-snippet":"max-snippet:-1","max-image-preview":"max-image-preview:large","max-video-preview":"max-video-preview:-1"},"canonical":"https:\/\/vapeenjoy.com\/pl\/produkt\/vozol-gear-shisha-25000-puffs-jednorazowe-waporyzator\/","og_locale":"pl_PL","og_type":"article","og_title":"Vozol Gear Shisha 25000 Puffs Disposable Vape 25ml 5% Nicotine","og_description":"Vozol Gear Shisha 25000 Puffs Disposable Vape: 25ml, 5% nicotine, Type-C charging, dual mesh coils, adjustable airflow, 21 flavors. Buy now!","og_url":"https:\/\/vapeenjoy.com\/pl\/produkt\/vozol-gear-shisha-25000-puffs-jednorazowe-waporyzator\/","og_site_name":"vapeenjoy","article_modified_time":"2025-08-18T09:33:25+00:00","twitter_card":"summary_large_image","twitter_misc":{"Szacowany czas czytania":"3 minuty"},"schema":{"@context":"https:\/\/schema.org","@graph":[{"@type":"WebPage","@id":"https:\/\/vapeenjoy.com\/product\/vozol-gear-shisha-25000-puffs-disposable-vape\/","url":"https:\/\/vapeenjoy.com\/product\/vozol-gear-shisha-25000-puffs-disposable-vape\/","name":"VOZOL Gear Shisha 25000 Puffy jednorazowe Vape 25ml 5% Nikotyna","isPartOf":{"@id":"https:\/\/vapeenjoy.com\/#website"},"primaryImageOfPage":{"@id":"https:\/\/vapeenjoy.com\/product\/vozol-gear-shisha-25000-puffs-disposable-vape\/#primaryimage"},"image":{"@id":"https:\/\/vapeenjoy.com\/product\/vozol-gear-shisha-25000-puffs-disposable-vape\/#primaryimage"},"thumbnailUrl":"https:\/\/vapeenjoy.com\/wp-content\/uploads\/2025\/07\/vozol-gear-shisha-25000.avif","datePublished":"2025-07-23T08:52:44+00:00","dateModified":"2025-08-18T09:33:25+00:00","description":"VOZOL GEAR SHISHA 25000 PUFFS Jednorazowe waporyzator: 25 ml, 51 TP3T Nikotyna, \u0142adowanie typu C, cewki z podw\u00f3jn\u0105 siatk\u0105, regulowany przep\u0142yw powietrza, 21 smak\u00f3w. Kup teraz!","breadcrumb":{"@id":"https:\/\/vapeenjoy.com\/product\/vozol-gear-shisha-25000-puffs-disposable-vape\/#breadcrumb"},"inLanguage":"pl-PL","potentialAction":[{"@type":"ReadAction","target":["https:\/\/vapeenjoy.com\/product\/vozol-gear-shisha-25000-puffs-disposable-vape\/"]}]},{"@type":"ImageObject","inLanguage":"pl-PL","@id":"https:\/\/vapeenjoy.com\/product\/vozol-gear-shisha-25000-puffs-disposable-vape\/#primaryimage","url":"https:\/\/vapeenjoy.com\/wp-content\/uploads\/2025\/07\/vozol-gear-shisha-25000.avif","contentUrl":"https:\/\/vapeenjoy.com\/wp-content\/uploads\/2025\/07\/vozol-gear-shisha-25000.avif","width":1000,"height":1000},{"@type":"BreadcrumbList","@id":"https:\/\/vapeenjoy.com\/product\/vozol-gear-shisha-25000-puffs-disposable-vape\/#breadcrumb","itemListElement":[{"@type":"ListItem","position":1,"name":"Home","item":"https:\/\/vapeenjoy.com\/"},{"@type":"ListItem","position":2,"name":"Shop","item":"https:\/\/vapeenjoy.com\/vapeenjoy-shop\/"},{"@type":"ListItem","position":3,"name":"Vozol Gear Shisha 25000 Puffs Disposable Vape 25ml 5% Nicotine Type-C Recharge"}]},{"@type":"WebSite","@id":"https:\/\/vapeenjoy.com\/#website","url":"https:\/\/vapeenjoy.com\/","name":"skutkowaty","description":"Sklep internetowy do sprzeda\u017cy vapes","potentialAction":[{"@type":"SearchAction","target":{"@type":"EntryPoint","urlTemplate":"https:\/\/vapeenjoy.com\/?s={search_term_string}"},"query-input":{"@type":"PropertyValueSpecification","valueRequired":true,"valueName":"search_term_string"}}],"inLanguage":"pl-PL"}]}},"_links":{"self":[{"href":"https:\/\/vapeenjoy.com\/pl\/wp-json\/wp\/v2\/product\/494","targetHints":{"allow":["GET"]}}],"collection":[{"href":"https:\/\/vapeenjoy.com\/pl\/wp-json\/wp\/v2\/product"}],"about":[{"href":"https:\/\/vapeenjoy.com\/pl\/wp-json\/wp\/v2\/types\/product"}],"replies":[{"embeddable":true,"href":"https:\/\/vapeenjoy.com\/pl\/wp-json\/wp\/v2\/comments?post=494"}],"version-history":[{"count":3,"href":"https:\/\/vapeenjoy.com\/pl\/wp-json\/wp\/v2\/product\/494\/revisions"}],"predecessor-version":[{"id":2344,"href":"https:\/\/vapeenjoy.com\/pl\/wp-json\/wp\/v2\/product\/494\/revisions\/2344"}],"wp:featuredmedia":[{"embeddable":true,"href":"https:\/\/vapeenjoy.com\/pl\/wp-json\/wp\/v2\/media\/496"}],"wp:attachment":[{"href":"https:\/\/vapeenjoy.com\/pl\/wp-json\/wp\/v2\/media?parent=494"}],"wp:term":[{"taxonomy":"product_brand","embeddable":true,"href":"https:\/\/vapeenjoy.com\/pl\/wp-json\/wp\/v2\/product_brand?post=494"},{"taxonomy":"product_cat","embeddable":true,"href":"https:\/\/vapeenjoy.com\/pl\/wp-json\/wp\/v2\/product_cat?post=494"},{"taxonomy":"product_tag","embeddable":true,"href":"https:\/\/vapeenjoy.com\/pl\/wp-json\/wp\/v2\/product_tag?post=494"}],"curies":[{"name":"wp","href":"https:\/\/api.w.org\/{rel}","templated":true}]}}