{"id":505,"date":"2025-07-24T01:46:58","date_gmt":"2025-07-24T01:46:58","guid":{"rendered":"https:\/\/vapeenjoy.com\/?post_type=product&#038;p=505"},"modified":"2025-08-26T03:58:59","modified_gmt":"2025-08-26T03:58:59","slug":"jnr-tank-pro-33000-puffs-disposable-vape","status":"publish","type":"product","link":"https:\/\/vapeenjoy.com\/pl\/produkt\/jnr-tank-pro-33000-puffs-jednorazowe-waporyzator\/","title":{"rendered":"JNR Tank Pro 33000 Puffs jednorazowe vape 28ml 2% nikotyna moc regulowana"},"content":{"rendered":"<h2 dir=\"ltr\" data-pm-slice=\"1 3 []\">JNR Tank Pro 33000 Puffs Jednorazowe opisy waporyzacyjne<\/h2>\n<p dir=\"ltr\">JNR, co oznacza \u201eJust No Reason\u201d, to renomowana marka, znana z zaanga\u017cowania w jako\u015b\u0107 i innowacyjno\u015b\u0107 w bran\u017cy wapn. W szczeg\u00f3lno\u015bci jednorazowe waporyzator JNR Tank Pro 33000 Puffs jest przeznaczony dla vaper\u00f3w, kt\u00f3rzy szukaj\u0105 d\u0142ugotrwa\u0142ych, aromatycznych wra\u017ce\u0144. Ponadto jego elegancki, ergonomiczny design w po\u0142\u0105czeniu z cyfrowym wy\u015bwietlaczem p\u0142ynnie \u0142\u0105czy praktyczno\u015b\u0107 z nowoczesn\u0105 estetyk\u0105. W zwi\u0105zku z tym jest to doskona\u0142y wyb\u00f3r do codziennych potrzeb wapowania. Aby uzyska\u0107 dodatkowe produkty do wapowania, odkryj Vape Enjoy.<\/p>\n<h2 dir=\"ltr\">Specyfikacje<\/h2>\n<ul class=\"tight\" dir=\"ltr\" data-tight=\"true\">\n<li>\n<p dir=\"ltr\"><strong>Liczba zaci\u0105gni\u0119\u0107<\/strong>: 33 000 \u2013 Po pierwsze, zapewnia to d\u0142u\u017csze u\u017cytkowanie, znacznie zmniejszaj\u0105c potrzeb\u0119 cz\u0119stych wymian.<\/p>\n<\/li>\n<li>\n<p dir=\"ltr\"><strong>Pojemno\u015b\u0107 e-liquid\u00f3w<\/strong>: 28ml \u2013 Po drugie, du\u017cy zbiornik gwarantuje sp\u00f3jne dostarczanie smaku przez ca\u0142y okres jego u\u017cytkowania.<\/p>\n<\/li>\n<li>\n<p dir=\"ltr\"><strong>Pojemno\u015b\u0107 baterii<\/strong>: 850 mAh \u2013 Dodatkowo oferuje niezawodn\u0105, \u0142adowaln\u0105 moc do d\u0142ugotrwa\u0142ych sesji vaping.<\/p>\n<\/li>\n<li>\n<p dir=\"ltr\"><strong>Si\u0142a nikotyny<\/strong>: 2% \u2013 Ponadto zapewnia zr\u00f3wnowa\u017cony hit nikotyny odpowiedni dla wi\u0119kszo\u015bci u\u017cytkownik\u00f3w.<\/p>\n<\/li>\n<li>\n<p dir=\"ltr\"><strong>Typ cewki<\/strong>: Cewka z podw\u00f3jn\u0105 siatk\u0105 \u2013 W rezultacie zwi\u0119ksza to sp\u00f3jno\u015b\u0107 smaku i g\u0119sto\u015b\u0107 pary, zapewniaj\u0105c p\u0142ynniejsze ci\u0105gi.<\/p>\n<\/li>\n<li>\n<p dir=\"ltr\"><strong>Moc wyj\u015bciowa<\/strong>: 15W\/20W \u2013 Ponadto regulowane ustawienia pozwalaj\u0105 u\u017cytkownikom dostosowa\u0107 intensywno\u015b\u0107 pary.<\/p>\n<\/li>\n<li>\n<p dir=\"ltr\"><strong>Port \u0142adowania<\/strong>: Typ-C \u2013 W konsekwencji umo\u017cliwia to szybkie i wydajne \u0142adowanie przy minimalnym przestoju.<\/p>\n<\/li>\n<li>\n<p dir=\"ltr\"><strong>manifest<\/strong>: Ekran cyfrowy \u2013 Wreszcie monitoruje poziom baterii i e-liquid\u00f3w w czasie rzeczywistym, aby u\u0142atwi\u0107 \u015bledzenie.<\/p>\n<\/li>\n<\/ul>\n<h2 dir=\"ltr\">15 unikalnych smak\u00f3w<\/h2>\n<ol class=\"tight\" dir=\"ltr\" data-tight=\"true\">\n<li>\n<p dir=\"ltr\"><strong>l\u00f3d jagodowy<\/strong> \u2013 Pocz\u0105tkowo s\u0142odkie jagody \u0142\u0105cz\u0105 si\u0119 z orze\u017awiaj\u0105cym finiszem mentolowym.<\/p>\n<\/li>\n<li>\n<p dir=\"ltr\"><strong>Pan Niebieski<\/strong> \u2013 Nast\u0119pnie pikantna mieszanka niebieskich owoc\u00f3w zapewnia s\u0142odki, \u017cywy profil.<\/p>\n<\/li>\n<li>\n<p dir=\"ltr\"><strong>l\u00f3d truskawkowy<\/strong> \u2013 Dodatkowo soczyste truskawki \u0142\u0105cz\u0105 si\u0119 z chrupi\u0105cym, lodowym wydechem.<\/p>\n<\/li>\n<li>\n<p dir=\"ltr\"><strong>kiwi truskawkowe<\/strong> \u2013 Ponadto s\u0142odkie truskawki mieszaj\u0105 si\u0119 z cierpkim kiwi, aby uzyska\u0107 \u017cywy smak.<\/p>\n<\/li>\n<li>\n<p dir=\"ltr\"><strong>Wi\u015bniowa buntownica jagody<\/strong> \u2013 Co wi\u0119cej, bogate wi\u015bnie \u0142\u0105cz\u0105 si\u0119 z mieszanymi jagodami, aby uzyska\u0107 odwa\u017cny smak.<\/p>\n<\/li>\n<li>\n<p dir=\"ltr\"><strong>Kola wi\u015bniowa<\/strong> \u2013 W konsekwencji na\u015bladuje to musuj\u0105c\u0105 s\u0142odycz kolki o smaku wi\u015bniowym.<\/p>\n<\/li>\n<li>\n<p dir=\"ltr\"><strong>podw\u00f3jne jab\u0142ko<\/strong> \u2013 W rezultacie chrupi\u0105ce jab\u0142ka oferuj\u0105 zr\u00f3wnowa\u017cone doznania na s\u0142odko-tartach.<\/p>\n<\/li>\n<li>\n<p dir=\"ltr\"><strong>Wi\u015bnia malinowa z jagodami<\/strong> \u2013 Nast\u0119pnie z\u0142o\u017cone po\u0142\u0105czenie jag\u00f3d i wi\u015bni zachwyca podniebienie.<\/p>\n<\/li>\n<li>\n<p dir=\"ltr\"><strong>malina kwa\u015bna z jagodami<\/strong> \u2013 Dodatkowo s\u0142odkie jagody spotykaj\u0105 si\u0119 ze zamiennymi, kwa\u015bnymi malinami.<\/p>\n<\/li>\n<li>\n<p dir=\"ltr\"><strong>Ananas brzoskwiniowy mango<\/strong> \u2013 Co wi\u0119cej, tropikalne trio brzoskwini, mango i ananasa b\u0142yszczy.<\/p>\n<\/li>\n<li>\n<p dir=\"ltr\"><strong>truskawkowy banan<\/strong> \u2013 Co wi\u0119cej, kremowy banan uzupe\u0142nia dojrza\u0142e truskawki.<\/p>\n<\/li>\n<li>\n<p dir=\"ltr\"><strong>Letnia brzoskwinia l\u00f3d<\/strong> \u2013 W konsekwencji Juicy Peach spotyka ch\u0142odz\u0105cy mentolowy dotyk.<\/p>\n<\/li>\n<li>\n<p dir=\"ltr\"><strong>l\u00f3d arbuzowy<\/strong> \u2013 W rezultacie orze\u017awiaj\u0105ce pary arbuza z mro\u017anym kopni\u0119ciem.<\/p>\n<\/li>\n<li>\n<p dir=\"ltr\"><strong>Niebieska wi\u015bnia Razz<\/strong> \u2013 Nast\u0119pnie tarta Blue Raspberry \u0142\u0105czy si\u0119 ze s\u0142odk\u0105 wi\u015bni\u0105.<\/p>\n<\/li>\n<li>\n<p dir=\"ltr\"><strong>Hawaje<\/strong> \u2013 Wreszcie, tropikalna mieszanka przywo\u0142uje wyspiarskie wibracje z mieszanymi nutami owoc\u00f3w.<\/p>\n<\/li>\n<\/ol>\n<h2 dir=\"ltr\">Najcz\u0119\u015bciej zadawane pytania<\/h2>\n<ol class=\"tight\" dir=\"ltr\" data-tight=\"true\">\n<li>\n<p dir=\"ltr\"><strong>Jaka jest \u017cywotno\u015b\u0107 JNR Tank Pro?<\/strong><br \/>\nPocz\u0105tkowo, z 33 000 zaci\u0105gni\u0119\u0107, trwa 5-7 miesi\u0119cy dla przeci\u0119tnych u\u017cytkownik\u00f3w (150-200 zaci\u0105gni\u0119\u0107 dziennie). Alternatywnie, ci\u0119\u017csi u\u017cytkownicy (+ 300+ chusty dziennie) mog\u0105 spodziewa\u0107 si\u0119 3-4 miesi\u0119cy.<\/p>\n<\/li>\n<li>\n<p dir=\"ltr\"><strong>Jak sprawdzi\u0107 poziom e-liquid\u00f3w?<\/strong><br \/>\nW szczeg\u00f3lno\u015bci cyfrowy wy\u015bwietlacz pokazuje poziomy e-liquid w czasie rzeczywistym. Dodatkowo zmniejszona ilo\u015b\u0107 pary lub smaku sygnalizuje niski poziom.<\/p>\n<\/li>\n<li>\n<p dir=\"ltr\"><strong>Czy mog\u0119 na\u0142adowa\u0107 urz\u0105dzenie?<\/strong><br \/>\nRzeczywi\u015bcie, bateria 850 mAh \u0142aduje si\u0119 przez USB Type-C, zwykle w oko\u0142o 30 minut.<\/p>\n<\/li>\n<li>\n<p dir=\"ltr\"><strong>Jak wybra\u0107 smak?<\/strong><br \/>\nNa przyk\u0142ad wybierz ananas truskawkowy kiwi lub brzoskwiniowy mango na s\u0142odkie profile. Alternatywnie, l\u00f3d jagodowy lub l\u00f3d arbuzowy oferuj\u0105 orze\u017awiaj\u0105ce hity. Co wi\u0119cej, Cherry Cola zapewnia odwa\u017cny, niepowtarzalny smak.<\/p>\n<\/li>\n<li>\n<p dir=\"ltr\"><strong>Jaka jest r\u00f3\u017cnica mi\u0119dzy 15 W a 20 W?<\/strong><br \/>\nW szczeg\u00f3lno\u015bci 15 W traktuje priorytetowo przejrzysto\u015b\u0107 smaku i wydajno\u015b\u0107 baterii. W przeciwie\u0144stwie do tego, 20 W zwi\u0119ksza produkcj\u0119 pary, zapewniaj\u0105c mocniejsze przyci\u0105ganie.<\/p>\n<\/li>\n<li>\n<p dir=\"ltr\"><strong>Czy mog\u0119 uzupe\u0142ni\u0107 JNR Tank Pro?<\/strong><br \/>\nNiestety jest to zapiecz\u0119towany jednorazowy waporyzator, przeznaczony do jednorazowego u\u017cytku, dop\u00f3ki nie zostanie wyczerpany.<\/p>\n<\/li>\n<\/ol>\n<p><img fetchpriority=\"high\" decoding=\"async\" class=\"alignnone wp-image-509 size-full\" src=\"https:\/\/vapeenjoy.com\/wp-content\/uploads\/2025\/07\/TANK-PRO-\u6d77\u62a52.jpg\" alt=\"JNR Tank Pro 33000 Puffs jednorazowe smaki waporyzacyjne\" width=\"1920\" height=\"1080\" srcset=\"https:\/\/vapeenjoy.com\/wp-content\/uploads\/2025\/07\/TANK-PRO-\u6d77\u62a52.jpg 1920w, https:\/\/vapeenjoy.com\/wp-content\/uploads\/2025\/07\/TANK-PRO-\u6d77\u62a52-600x338.jpg 600w, https:\/\/vapeenjoy.com\/wp-content\/uploads\/2025\/07\/TANK-PRO-\u6d77\u62a52-300x169.jpg 300w, https:\/\/vapeenjoy.com\/wp-content\/uploads\/2025\/07\/TANK-PRO-\u6d77\u62a52-1024x576.jpg 1024w, https:\/\/vapeenjoy.com\/wp-content\/uploads\/2025\/07\/TANK-PRO-\u6d77\u62a52-768x432.jpg 768w, https:\/\/vapeenjoy.com\/wp-content\/uploads\/2025\/07\/TANK-PRO-\u6d77\u62a52-1536x864.jpg 1536w\" sizes=\"(max-width: 1920px) 100vw, 1920px\" \/><\/p>","protected":false},"excerpt":{"rendered":"<p>JNR, zaufana nazwa w jednorazowych waporyzatorach, przedstawia JNR Tank Pro 33000 Puffs, rozwi\u0105zanie do waporyzacji o du\u017cej pojemno\u015bci zaprojektowane z my\u015bl\u0105 o wygodzie i smaku. Dzi\u0119ki pojemno\u015bci 28 ml e-liquid, akumulatorowi 850 mAh, podw\u00f3jnej cewce z siatki i cyfrowemu wy\u015bwietlaczowi, to eleganckie urz\u0105dzenie zapewnia sta\u0142\u0105 wydajno\u015b\u0107 i do 33 000 zaci\u0105gni\u0119\u0107.<\/p>","protected":false},"featured_media":510,"comment_status":"open","ping_status":"closed","template":"","meta":[],"product_brand":[33],"product_cat":[49],"product_tag":[85,68],"class_list":{"0":"post-505","1":"product","2":"type-product","3":"status-publish","4":"has-post-thumbnail","6":"product_brand-jnr-vape","7":"product_cat-33000-puffs-vape","8":"product_tag-2-nicotine","9":"product_tag-28ml","11":"first","12":"instock","13":"sale","14":"shipping-taxable","15":"purchasable","16":"product-type-variable"},"yoast_head":"<!-- This site is optimized with the Yoast SEO plugin v25.7 - https:\/\/yoast.com\/wordpress\/plugins\/seo\/ -->\n<title>JNR Tank Pro 33000 Puffs Disposable Vape 28ml 2% Nicotine<\/title>\n<meta name=\"description\" content=\"JNR Tank Pro 33000 Puffs Disposable Vape: 28ml, 2% nicotine, adjustable power, dual mesh coils, digital display. Long-lasting, flavorful vaping.\" \/>\n<meta name=\"robots\" content=\"index, follow, max-snippet:-1, max-image-preview:large, max-video-preview:-1\" \/>\n<link rel=\"canonical\" href=\"https:\/\/vapeenjoy.com\/pl\/produkt\/jnr-tank-pro-33000-puffs-jednorazowe-waporyzator\/\" \/>\n<meta property=\"og:locale\" content=\"pl_PL\" \/>\n<meta property=\"og:type\" content=\"article\" \/>\n<meta property=\"og:title\" content=\"JNR Tank Pro 33000 Puffs Disposable Vape 28ml 2% Nicotine\" \/>\n<meta property=\"og:description\" content=\"JNR Tank Pro 33000 Puffs Disposable Vape: 28ml, 2% nicotine, adjustable power, dual mesh coils, digital display. Long-lasting, flavorful vaping.\" \/>\n<meta property=\"og:url\" content=\"https:\/\/vapeenjoy.com\/pl\/produkt\/jnr-tank-pro-33000-puffs-jednorazowe-waporyzator\/\" \/>\n<meta property=\"og:site_name\" content=\"vapeenjoy\" \/>\n<meta property=\"article:modified_time\" content=\"2025-08-26T03:58:59+00:00\" \/>\n<meta property=\"og:image\" content=\"https:\/\/vapeenjoy.com\/wp-content\/uploads\/2025\/07\/JNR-Tank-Pro-33000-Puffs-807x1024.png\" \/>\n\t<meta property=\"og:image:width\" content=\"807\" \/>\n\t<meta property=\"og:image:height\" content=\"1024\" \/>\n\t<meta property=\"og:image:type\" content=\"image\/png\" \/>\n<meta name=\"twitter:card\" content=\"summary_large_image\" \/>\n<meta name=\"twitter:label1\" content=\"Szacowany czas czytania\" \/>\n\t<meta name=\"twitter:data1\" content=\"3 minuty\" \/>\n<script type=\"application\/ld+json\" class=\"yoast-schema-graph\">{\"@context\":\"https:\/\/schema.org\",\"@graph\":[{\"@type\":\"WebPage\",\"@id\":\"https:\/\/vapeenjoy.com\/product\/jnr-tank-pro-33000-puffs-disposable-vape\/\",\"url\":\"https:\/\/vapeenjoy.com\/product\/jnr-tank-pro-33000-puffs-disposable-vape\/\",\"name\":\"JNR Tank Pro 33000 Puffs Disposable Vape 28ml 2% Nicotine\",\"isPartOf\":{\"@id\":\"https:\/\/vapeenjoy.com\/#website\"},\"primaryImageOfPage\":{\"@id\":\"https:\/\/vapeenjoy.com\/product\/jnr-tank-pro-33000-puffs-disposable-vape\/#primaryimage\"},\"image\":{\"@id\":\"https:\/\/vapeenjoy.com\/product\/jnr-tank-pro-33000-puffs-disposable-vape\/#primaryimage\"},\"thumbnailUrl\":\"https:\/\/vapeenjoy.com\/wp-content\/uploads\/2025\/07\/JNR-Tank-Pro-33000-Puffs.png\",\"datePublished\":\"2025-07-24T01:46:58+00:00\",\"dateModified\":\"2025-08-26T03:58:59+00:00\",\"description\":\"JNR Tank Pro 33000 Puffs Disposable Vape: 28ml, 2% nicotine, adjustable power, dual mesh coils, digital display. Long-lasting, flavorful vaping.\",\"breadcrumb\":{\"@id\":\"https:\/\/vapeenjoy.com\/product\/jnr-tank-pro-33000-puffs-disposable-vape\/#breadcrumb\"},\"inLanguage\":\"pl-PL\",\"potentialAction\":[{\"@type\":\"ReadAction\",\"target\":[\"https:\/\/vapeenjoy.com\/product\/jnr-tank-pro-33000-puffs-disposable-vape\/\"]}]},{\"@type\":\"ImageObject\",\"inLanguage\":\"pl-PL\",\"@id\":\"https:\/\/vapeenjoy.com\/product\/jnr-tank-pro-33000-puffs-disposable-vape\/#primaryimage\",\"url\":\"https:\/\/vapeenjoy.com\/wp-content\/uploads\/2025\/07\/JNR-Tank-Pro-33000-Puffs.png\",\"contentUrl\":\"https:\/\/vapeenjoy.com\/wp-content\/uploads\/2025\/07\/JNR-Tank-Pro-33000-Puffs.png\",\"width\":1303,\"height\":1654},{\"@type\":\"BreadcrumbList\",\"@id\":\"https:\/\/vapeenjoy.com\/product\/jnr-tank-pro-33000-puffs-disposable-vape\/#breadcrumb\",\"itemListElement\":[{\"@type\":\"ListItem\",\"position\":1,\"name\":\"Home\",\"item\":\"https:\/\/vapeenjoy.com\/\"},{\"@type\":\"ListItem\",\"position\":2,\"name\":\"Shop\",\"item\":\"https:\/\/vapeenjoy.com\/vapeenjoy-shop\/\"},{\"@type\":\"ListItem\",\"position\":3,\"name\":\"JNR Tank Pro 33000 Puffs Disposable Vape 28ml 2% Nicotine Power Adjustable\"}]},{\"@type\":\"WebSite\",\"@id\":\"https:\/\/vapeenjoy.com\/#website\",\"url\":\"https:\/\/vapeenjoy.com\/\",\"name\":\"vapeenjoy\",\"description\":\"An online store for selling vapes\",\"potentialAction\":[{\"@type\":\"SearchAction\",\"target\":{\"@type\":\"EntryPoint\",\"urlTemplate\":\"https:\/\/vapeenjoy.com\/?s={search_term_string}\"},\"query-input\":{\"@type\":\"PropertyValueSpecification\",\"valueRequired\":true,\"valueName\":\"search_term_string\"}}],\"inLanguage\":\"pl-PL\"}]}<\/script>\n<!-- \/ Yoast SEO plugin. -->","yoast_head_json":{"title":"JNR Tank Pro 33000 Puffs jednorazowe wapory 28ml 2% nikotyna","description":"JNR Tank Pro 33000 Puffs Jednorazowe waporyzator: 28ml, 2% Nikotyna, regulowana moc, cewki z podw\u00f3jn\u0105 siatk\u0105, wy\u015bwietlacz cyfrowy. D\u0142ugotrwa\u0142e, aromatyczne wapowanie.","robots":{"index":"index","follow":"follow","max-snippet":"max-snippet:-1","max-image-preview":"max-image-preview:large","max-video-preview":"max-video-preview:-1"},"canonical":"https:\/\/vapeenjoy.com\/pl\/produkt\/jnr-tank-pro-33000-puffs-jednorazowe-waporyzator\/","og_locale":"pl_PL","og_type":"article","og_title":"JNR Tank Pro 33000 Puffs Disposable Vape 28ml 2% Nicotine","og_description":"JNR Tank Pro 33000 Puffs Disposable Vape: 28ml, 2% nicotine, adjustable power, dual mesh coils, digital display. Long-lasting, flavorful vaping.","og_url":"https:\/\/vapeenjoy.com\/pl\/produkt\/jnr-tank-pro-33000-puffs-jednorazowe-waporyzator\/","og_site_name":"vapeenjoy","article_modified_time":"2025-08-26T03:58:59+00:00","og_image":[{"width":807,"height":1024,"url":"https:\/\/vapeenjoy.com\/wp-content\/uploads\/2025\/07\/JNR-Tank-Pro-33000-Puffs-807x1024.png","type":"image\/png"}],"twitter_card":"summary_large_image","twitter_misc":{"Szacowany czas czytania":"3 minuty"},"schema":{"@context":"https:\/\/schema.org","@graph":[{"@type":"WebPage","@id":"https:\/\/vapeenjoy.com\/product\/jnr-tank-pro-33000-puffs-disposable-vape\/","url":"https:\/\/vapeenjoy.com\/product\/jnr-tank-pro-33000-puffs-disposable-vape\/","name":"JNR Tank Pro 33000 Puffs jednorazowe wapory 28ml 2% nikotyna","isPartOf":{"@id":"https:\/\/vapeenjoy.com\/#website"},"primaryImageOfPage":{"@id":"https:\/\/vapeenjoy.com\/product\/jnr-tank-pro-33000-puffs-disposable-vape\/#primaryimage"},"image":{"@id":"https:\/\/vapeenjoy.com\/product\/jnr-tank-pro-33000-puffs-disposable-vape\/#primaryimage"},"thumbnailUrl":"https:\/\/vapeenjoy.com\/wp-content\/uploads\/2025\/07\/JNR-Tank-Pro-33000-Puffs.png","datePublished":"2025-07-24T01:46:58+00:00","dateModified":"2025-08-26T03:58:59+00:00","description":"JNR Tank Pro 33000 Puffs Jednorazowe waporyzator: 28ml, 2% Nikotyna, regulowana moc, cewki z podw\u00f3jn\u0105 siatk\u0105, wy\u015bwietlacz cyfrowy. D\u0142ugotrwa\u0142e, aromatyczne wapowanie.","breadcrumb":{"@id":"https:\/\/vapeenjoy.com\/product\/jnr-tank-pro-33000-puffs-disposable-vape\/#breadcrumb"},"inLanguage":"pl-PL","potentialAction":[{"@type":"ReadAction","target":["https:\/\/vapeenjoy.com\/product\/jnr-tank-pro-33000-puffs-disposable-vape\/"]}]},{"@type":"ImageObject","inLanguage":"pl-PL","@id":"https:\/\/vapeenjoy.com\/product\/jnr-tank-pro-33000-puffs-disposable-vape\/#primaryimage","url":"https:\/\/vapeenjoy.com\/wp-content\/uploads\/2025\/07\/JNR-Tank-Pro-33000-Puffs.png","contentUrl":"https:\/\/vapeenjoy.com\/wp-content\/uploads\/2025\/07\/JNR-Tank-Pro-33000-Puffs.png","width":1303,"height":1654},{"@type":"BreadcrumbList","@id":"https:\/\/vapeenjoy.com\/product\/jnr-tank-pro-33000-puffs-disposable-vape\/#breadcrumb","itemListElement":[{"@type":"ListItem","position":1,"name":"Home","item":"https:\/\/vapeenjoy.com\/"},{"@type":"ListItem","position":2,"name":"Shop","item":"https:\/\/vapeenjoy.com\/vapeenjoy-shop\/"},{"@type":"ListItem","position":3,"name":"JNR Tank Pro 33000 Puffs Disposable Vape 28ml 2% Nicotine Power Adjustable"}]},{"@type":"WebSite","@id":"https:\/\/vapeenjoy.com\/#website","url":"https:\/\/vapeenjoy.com\/","name":"skutkowaty","description":"Sklep internetowy do sprzeda\u017cy vapes","potentialAction":[{"@type":"SearchAction","target":{"@type":"EntryPoint","urlTemplate":"https:\/\/vapeenjoy.com\/?s={search_term_string}"},"query-input":{"@type":"PropertyValueSpecification","valueRequired":true,"valueName":"search_term_string"}}],"inLanguage":"pl-PL"}]}},"_links":{"self":[{"href":"https:\/\/vapeenjoy.com\/pl\/wp-json\/wp\/v2\/product\/505","targetHints":{"allow":["GET"]}}],"collection":[{"href":"https:\/\/vapeenjoy.com\/pl\/wp-json\/wp\/v2\/product"}],"about":[{"href":"https:\/\/vapeenjoy.com\/pl\/wp-json\/wp\/v2\/types\/product"}],"replies":[{"embeddable":true,"href":"https:\/\/vapeenjoy.com\/pl\/wp-json\/wp\/v2\/comments?post=505"}],"version-history":[{"count":4,"href":"https:\/\/vapeenjoy.com\/pl\/wp-json\/wp\/v2\/product\/505\/revisions"}],"predecessor-version":[{"id":2581,"href":"https:\/\/vapeenjoy.com\/pl\/wp-json\/wp\/v2\/product\/505\/revisions\/2581"}],"wp:featuredmedia":[{"embeddable":true,"href":"https:\/\/vapeenjoy.com\/pl\/wp-json\/wp\/v2\/media\/510"}],"wp:attachment":[{"href":"https:\/\/vapeenjoy.com\/pl\/wp-json\/wp\/v2\/media?parent=505"}],"wp:term":[{"taxonomy":"product_brand","embeddable":true,"href":"https:\/\/vapeenjoy.com\/pl\/wp-json\/wp\/v2\/product_brand?post=505"},{"taxonomy":"product_cat","embeddable":true,"href":"https:\/\/vapeenjoy.com\/pl\/wp-json\/wp\/v2\/product_cat?post=505"},{"taxonomy":"product_tag","embeddable":true,"href":"https:\/\/vapeenjoy.com\/pl\/wp-json\/wp\/v2\/product_tag?post=505"}],"curies":[{"name":"wp","href":"https:\/\/api.w.org\/{rel}","templated":true}]}}