{"id":517,"date":"2025-07-24T03:42:07","date_gmt":"2025-07-24T03:42:07","guid":{"rendered":"https:\/\/vapeenjoy.com\/?post_type=product&#038;p=517"},"modified":"2025-08-18T09:11:13","modified_gmt":"2025-08-18T09:11:13","slug":"mr-goodie-20000-puffs-dual-tank-disposable-vape-40ml-2-5-nicotine","status":"publish","type":"product","link":"https:\/\/vapeenjoy.com\/pl\/produkt\/mr-goodie-20000-puffs-podwojny-zbiornik-jednorazowy-vape-40ml-2-5-nikotyna\/","title":{"rendered":"Mr.Goodie 20000 Puffs podw\u00f3jny zbiornik jednorazowy vape 40ml 2% 5% nikotyna"},"content":{"rendered":"<h2 dir=\"ltr\" data-pm-slice=\"1 3 []\">Mr. Goodie 20000 Puffs Jednorazowe waporyzator Opis<\/h2>\n<p dir=\"ltr\">Pan Goodie, zaufana nazwa w Vaping, konsekwentnie dostarcza niezawodne i aromatyczne urz\u0105dzenia. W szczeg\u00f3lno\u015bci jednorazowe waporyzator Mr. Goodie 20000 Puffs oferuje imponuj\u0105c\u0105 liczb\u0119 zaci\u0105gni\u0119\u0107 w eleganckim, przeno\u015bnym opakowaniu. Ponadto jego kompaktowa konstrukcja (52,6<em>22.6<\/em>92mm) ma nowoczesny wygl\u0105d. Dodatkowo innowacyjny system podw\u00f3jnej podp\u00f3r, z unikaln\u0105 wymian\u0105 wtyczek i ustnik\u00f3w, zapewnia \u0142atwe prze\u0142\u0105czanie poduszek. Dlatego ten waporyzator jest idealny dla u\u017cytkownik\u00f3w poszukuj\u0105cych trwa\u0142ego, bezproblemowego i d\u0142ugotrwa\u0142ego do\u015bwiadczenia z wapowaniem.<\/p>\n<h2 dir=\"ltr\" data-pm-slice=\"1 3 []\">Mr. Goodie 20000 Puffs Jednorazowe dane techniczne Vape<\/h2>\n<ul class=\"tight\" dir=\"ltr\" data-tight=\"true\">\n<li>\n<p dir=\"ltr\"><strong>Liczba zaci\u0105gni\u0119\u0107<\/strong>: 20000 \u2013 Zapewnia do 20 000 zaci\u0105gni\u0119\u0107, co w konsekwencji zmniejsza potrzeb\u0119 cz\u0119stych wymian.<\/p>\n<\/li>\n<li>\n<p dir=\"ltr\"><strong>Pojemno\u015b\u0107 e-liquid\u00f3w<\/strong>: 40ml (20ml*2) \u2013 podw\u00f3jne str\u0105ki, ka\u017cdy z 20 ml wst\u0119pnie nape\u0142nionego e-liquidu, oferuj\u0105 du\u017c\u0105 pojemno\u015b\u0107. W rezultacie obs\u0142uguje przed\u0142u\u017cone sesje vaping.<\/p>\n<\/li>\n<li>\n<p dir=\"ltr\"><strong>Si\u0142a nikotyny<\/strong>: 2% lub 5% \u2013 dost\u0119pne na dw\u00f3ch poziomach, odpowiadaj\u0105c tym samym zr\u00f3\u017cnicowanym preferencjam.<\/p>\n<\/li>\n<li>\n<p dir=\"ltr\"><strong>Pojemno\u015b\u0107 baterii<\/strong>: 650 mAh - akumulator zapewnia sta\u0142\u0105 wydajno\u015b\u0107. Ponadto obs\u0142uguje rozszerzone u\u017cytkowanie.<\/p>\n<\/li>\n<li>\n<p dir=\"ltr\"><strong>Port \u0142adowania<\/strong>: Typ-C \u2013 szybkie \u0142adowanie znacznie skraca przestoje.<\/p>\n<\/li>\n<li>\n<p dir=\"ltr\"><strong>Typ cewki<\/strong>: Cewka z podw\u00f3jn\u0105 siatk\u0105 (1,0 \u03a9) - zapewnia g\u0142adk\u0105 par\u0119 i bogaty smak przy ka\u017cdym zaci\u0105gni\u0119ciu. W zwi\u0105zku z tym zwi\u0119ksza og\u00f3lne wra\u017cenia.<\/p>\n<\/li>\n<li>\n<p dir=\"ltr\"><strong>przelotny powietrze<\/strong>: Regulowany \u2013 pozwala u\u017cytkownikom dostosowa\u0107 ka\u017cde losowanie. Na przyk\u0142ad mo\u017cesz wybra\u0107 cia\u015bniejsze lub lu\u017aniejsze wdechy.<\/p>\n<\/li>\n<li>\n<p dir=\"ltr\"><strong>wymiary<\/strong>: 52.6<em>22.6<\/em>92mm \u2013 kompaktowy, ale mocny, co u\u0142atwia przenoszenie.<\/p>\n<\/li>\n<\/ul>\n<h2 dir=\"ltr\">12 opcji smakowych<\/h2>\n<ol class=\"tight\" dir=\"ltr\" data-tight=\"true\">\n<li>\n<p dir=\"ltr\"><strong>kiwi truskawkowe<\/strong> \u2013 \u017bywa mieszanka s\u0142odkich truskawek i pikantnego kiwi. W ten spos\u00f3b zapewnia orze\u017awiaj\u0105cy smak.<\/p>\n<\/li>\n<li>\n<p dir=\"ltr\"><strong>Lody truskawkowe<\/strong> - Kremowy smak truskawkowy o g\u0142adkim, pob\u0142a\u017cliwym wyko\u0144czeniu.<\/p>\n<\/li>\n<li>\n<p dir=\"ltr\"><strong>t\u0119cza cytrynowa<\/strong> \u2013 Zesty Lemon w po\u0142\u0105czeniu z mieszanymi owocami dla jasnego doznania.<\/p>\n<\/li>\n<li>\n<p dir=\"ltr\"><strong>fioletowy winogron<\/strong> - Bogaty, soczysty smak winogron. W efekcie daje odwa\u017cn\u0105 satysfakcj\u0119.<\/p>\n<\/li>\n<li>\n<p dir=\"ltr\"><strong>cukierki nied\u017awiedzie<\/strong> \u2013 S\u0142odki, gumowaty smak misia, wywo\u0142uj\u0105cy nostalgi\u0119.<\/p>\n<\/li>\n<li>\n<p dir=\"ltr\"><strong>Mi\u0119ta z w\u0142\u00f3czni\u0105<\/strong> \u2013 Chrupi\u0105ca, ch\u0142odna mi\u0119ta dla czystego rysowania.<\/p>\n<\/li>\n<li>\n<p dir=\"ltr\"><strong>Mi\u0119towy Melon Spajuszu<\/strong> \u2013 G\u0142adka spadzi z ch\u0142odz\u0105c\u0105 mi\u0119t\u0105. Dlatego jest wyj\u0105tkowo orze\u017awiaj\u0105cy.<\/p>\n<\/li>\n<li>\n<p dir=\"ltr\"><strong>truskawkowy banan<\/strong> \u2013 Zr\u00f3wnowa\u017cona mieszanka dojrza\u0142ych truskawek i kremowego banana.<\/p>\n<\/li>\n<li>\n<p dir=\"ltr\"><strong>niebieski raz<\/strong> \u2013 Tarta Blue Raspberry ze s\u0142odkim akcentem, zapewniaj\u0105ca odwa\u017cny hit.<\/p>\n<\/li>\n<li>\n<p dir=\"ltr\"><strong>Jab\u0142ko Fuji<\/strong> \u2013 Smak ostry, s\u0142odki jab\u0142kowy inspirowany jab\u0142kami Fuji.<\/p>\n<\/li>\n<li>\n<p dir=\"ltr\"><strong>mro\u017cony arbuz<\/strong> \u2013 Soczysty arbuz z lodowatym odcieniem.<\/p>\n<\/li>\n<li>\n<p dir=\"ltr\"><strong>soczysta brzoskwinia<\/strong> \u2013 S\u0142odka, soczysta brzoskwinia dla dojrza\u0142ej, satysfakcjonuj\u0105cej wapiennej.<\/p>\n<\/li>\n<\/ol>\n<h2 dir=\"ltr\">Cz\u0119sto zadawane pytania<\/h2>\n<ol class=\"tight\" dir=\"ltr\" data-tight=\"true\">\n<li>\n<p dir=\"ltr\"><strong>Jakie materia\u0142y s\u0105 u\u017cywane w jednorazowym waporyzatorze Mr. Goodie 20000?<\/strong><br \/>\nUrz\u0105dzenie wykorzystuje trwa\u0142e materia\u0142y metalowe i PC, certyfikowane przez FDA, CE, ROHS, FCC i PSE. Dlatego zapewnia bezpiecze\u0144stwo i jako\u015b\u0107.<\/p>\n<\/li>\n<li>\n<p dir=\"ltr\"><strong>Jak prze\u0142\u0105cza\u0107 si\u0119 mi\u0119dzy podw\u00f3jnymi podami?<\/strong><br \/>\nPo prostu zamie\u0144 wtyczk\u0119 i ustnik, aby uzyska\u0107 dost\u0119p do drugiego 20 ml POD. W konsekwencji umo\u017cliwia p\u0142ynne przej\u015bcia.<\/p>\n<\/li>\n<li>\n<p dir=\"ltr\"><strong>Jak wybra\u0107 odpowiedni smak?<\/strong><br \/>\nWybierz w zale\u017cno\u015bci od swojego gustu: owocowe opcje, takie jak truskawkowe kiwi, aby uzyska\u0107 \u017cywe nuty, kremowe smaki, takie jak lody truskawkowe, aby uzyska\u0107 g\u0142adko\u015b\u0107, lub mi\u0119towe wybory, takie jak mi\u0119ta z \u0142\u00f3dk\u0105, aby uzyska\u0107 \u015bwie\u017co\u015b\u0107.<\/p>\n<\/li>\n<li>\n<p dir=\"ltr\"><strong>Czy bateria jest \u0142adowana?<\/strong><br \/>\nTak, bateria 650 mAh obs\u0142uguje szybkie \u0142adowanie za pomoc\u0105 typu C, minimalizuj\u0105c przestoje.<\/p>\n<\/li>\n<li>\n<p dir=\"ltr\"><strong>Czy mog\u0119 dostosowa\u0107 styl wapowania?<\/strong><br \/>\nRzeczywi\u015bcie, regulowany przep\u0142yw powietrza pozwala dostosowa\u0107 rysowanie do dostosowanego wra\u017cenia.<\/p>\n<\/li>\n<li>\n<p dir=\"ltr\"><strong>Jakie mocne strony nikotyny s\u0105 dost\u0119pne?<\/strong><br \/>\nUrz\u0105dzenie oferuje mocne strony nikotyny 2% i 5%, co pozwala na dostosowanie do r\u00f3\u017cnych preferencji.<\/p>\n<\/li>\n<li>\n<p dir=\"ltr\"><strong>Jak d\u0142ugo trwa e-liquid?<\/strong><br \/>\nDzi\u0119ki pojemno\u015bci 40 ml i do 20 000 zaci\u0105gni\u0119\u0107 e-liquid trwa d\u0142ugo, w zale\u017cno\u015bci od cz\u0119stotliwo\u015bci u\u017cytkowania.<\/p>\n<\/li>\n<\/ol>\n<p><img fetchpriority=\"high\" decoding=\"async\" class=\"alignnone wp-image-526 size-full\" src=\"https:\/\/vapeenjoy.com\/wp-content\/uploads\/2025\/07\/Mr.Goodie-20000-puffs-Disposable-Vape-12-Flavor.png\" alt=\"Mr.Goodie 20000 Puffs Podw\u00f3jny zbiornik jednorazowe smaki waporyzacyjne\" width=\"696\" height=\"539\" srcset=\"https:\/\/vapeenjoy.com\/wp-content\/uploads\/2025\/07\/Mr.Goodie-20000-puffs-Disposable-Vape-12-Flavor.png 696w, https:\/\/vapeenjoy.com\/wp-content\/uploads\/2025\/07\/Mr.Goodie-20000-puffs-Disposable-Vape-12-Flavor-600x465.png 600w, https:\/\/vapeenjoy.com\/wp-content\/uploads\/2025\/07\/Mr.Goodie-20000-puffs-Disposable-Vape-12-Flavor-300x232.png 300w\" sizes=\"(max-width: 696px) 100vw, 696px\" \/><\/p>","protected":false},"excerpt":{"rendered":"<p>Mr. Goodie, zaufana nazwa w Vaping, przedstawia jednorazowe waporyzator Mr. Goodie 20000 Puffs, urz\u0105dzenie o du\u017cej pojemno\u015bci zaprojektowane z my\u015bl\u0105 o wygodzie i bogatym smaku. Dzi\u0119ki 40ml dwupodw\u00f3jnej e-liquidowi, akumulatorowi o pojemno\u015bci 650 mAh i regulowanemu przep\u0142ywowi powietrza, ten elegancki waporyzator zapewnia do 20 000 zaci\u0105gni\u0119\u0107 z 21 TP3T lub 51 TP3T nikotynowymi cewkami i 20 000 \u015bci\u0105gaczem dla zapewnienia sta\u0142ej wydajno\u015bci.<\/p>","protected":false},"featured_media":520,"comment_status":"open","ping_status":"closed","template":"","meta":[],"product_brand":[50],"product_cat":[22],"product_tag":[84,77],"class_list":{"0":"post-517","1":"product","2":"type-product","3":"status-publish","4":"has-post-thumbnail","6":"product_brand-mr-goodie-vape","7":"product_cat-20000-puffs-vape","8":"product_tag-2-5-nicotine","9":"product_tag-40ml","11":"first","12":"instock","13":"sale","14":"shipping-taxable","15":"purchasable","16":"product-type-variable"},"yoast_head":"<!-- This site is optimized with the Yoast SEO plugin v25.7 - https:\/\/yoast.com\/wordpress\/plugins\/seo\/ -->\n<title>Mr.Goodie 20000 Puffs Dual Tank Disposable Vape 2% 5% Nicotine<\/title>\n<meta name=\"description\" content=\"Mr.Goodie 20000 Puffs Dual Tank Disposable Vape: 40ml e-liquid, 2%\/5% nicotine, 12 flavors. Long-lasting with dual mesh coils. Shop now!\" \/>\n<meta name=\"robots\" content=\"index, follow, max-snippet:-1, max-image-preview:large, max-video-preview:-1\" \/>\n<link rel=\"canonical\" href=\"https:\/\/vapeenjoy.com\/pl\/produkt\/mr-goodie-20000-puffs-podwojny-zbiornik-jednorazowy-vape-40ml-2-5-nikotyna\/\" \/>\n<meta property=\"og:locale\" content=\"pl_PL\" \/>\n<meta property=\"og:type\" content=\"article\" \/>\n<meta property=\"og:title\" content=\"Mr.Goodie 20000 Puffs Dual Tank Disposable Vape 2% 5% Nicotine\" \/>\n<meta property=\"og:description\" content=\"Mr.Goodie 20000 Puffs Dual Tank Disposable Vape: 40ml e-liquid, 2%\/5% nicotine, 12 flavors. Long-lasting with dual mesh coils. Shop now!\" \/>\n<meta property=\"og:url\" content=\"https:\/\/vapeenjoy.com\/pl\/produkt\/mr-goodie-20000-puffs-podwojny-zbiornik-jednorazowy-vape-40ml-2-5-nikotyna\/\" \/>\n<meta property=\"og:site_name\" content=\"vapeenjoy\" \/>\n<meta property=\"article:modified_time\" content=\"2025-08-18T09:11:13+00:00\" \/>\n<meta property=\"og:image\" content=\"https:\/\/vapeenjoy.com\/wp-content\/uploads\/2025\/07\/Mr.Goodie-20000-20K-Puffs.webp\" \/>\n\t<meta property=\"og:image:width\" content=\"1000\" \/>\n\t<meta property=\"og:image:height\" content=\"1000\" \/>\n\t<meta property=\"og:image:type\" content=\"image\/webp\" \/>\n<meta name=\"twitter:card\" content=\"summary_large_image\" \/>\n<meta name=\"twitter:label1\" content=\"Szacowany czas czytania\" \/>\n\t<meta name=\"twitter:data1\" content=\"3 minuty\" \/>\n<script type=\"application\/ld+json\" class=\"yoast-schema-graph\">{\"@context\":\"https:\/\/schema.org\",\"@graph\":[{\"@type\":\"WebPage\",\"@id\":\"https:\/\/vapeenjoy.com\/product\/mr-goodie-20000-puffs-dual-tank-disposable-vape-40ml-2-5-nicotine\/\",\"url\":\"https:\/\/vapeenjoy.com\/product\/mr-goodie-20000-puffs-dual-tank-disposable-vape-40ml-2-5-nicotine\/\",\"name\":\"Mr.Goodie 20000 Puffs Dual Tank Disposable Vape 2% 5% Nicotine\",\"isPartOf\":{\"@id\":\"https:\/\/vapeenjoy.com\/#website\"},\"primaryImageOfPage\":{\"@id\":\"https:\/\/vapeenjoy.com\/product\/mr-goodie-20000-puffs-dual-tank-disposable-vape-40ml-2-5-nicotine\/#primaryimage\"},\"image\":{\"@id\":\"https:\/\/vapeenjoy.com\/product\/mr-goodie-20000-puffs-dual-tank-disposable-vape-40ml-2-5-nicotine\/#primaryimage\"},\"thumbnailUrl\":\"https:\/\/vapeenjoy.com\/wp-content\/uploads\/2025\/07\/Mr.Goodie-20000-20K-Puffs.webp\",\"datePublished\":\"2025-07-24T03:42:07+00:00\",\"dateModified\":\"2025-08-18T09:11:13+00:00\",\"description\":\"Mr.Goodie 20000 Puffs Dual Tank Disposable Vape: 40ml e-liquid, 2%\/5% nicotine, 12 flavors. Long-lasting with dual mesh coils. Shop now!\",\"breadcrumb\":{\"@id\":\"https:\/\/vapeenjoy.com\/product\/mr-goodie-20000-puffs-dual-tank-disposable-vape-40ml-2-5-nicotine\/#breadcrumb\"},\"inLanguage\":\"pl-PL\",\"potentialAction\":[{\"@type\":\"ReadAction\",\"target\":[\"https:\/\/vapeenjoy.com\/product\/mr-goodie-20000-puffs-dual-tank-disposable-vape-40ml-2-5-nicotine\/\"]}]},{\"@type\":\"ImageObject\",\"inLanguage\":\"pl-PL\",\"@id\":\"https:\/\/vapeenjoy.com\/product\/mr-goodie-20000-puffs-dual-tank-disposable-vape-40ml-2-5-nicotine\/#primaryimage\",\"url\":\"https:\/\/vapeenjoy.com\/wp-content\/uploads\/2025\/07\/Mr.Goodie-20000-20K-Puffs.webp\",\"contentUrl\":\"https:\/\/vapeenjoy.com\/wp-content\/uploads\/2025\/07\/Mr.Goodie-20000-20K-Puffs.webp\",\"width\":1000,\"height\":1000,\"caption\":\"Mr.Goodie 20000 20K Puffs\"},{\"@type\":\"BreadcrumbList\",\"@id\":\"https:\/\/vapeenjoy.com\/product\/mr-goodie-20000-puffs-dual-tank-disposable-vape-40ml-2-5-nicotine\/#breadcrumb\",\"itemListElement\":[{\"@type\":\"ListItem\",\"position\":1,\"name\":\"Home\",\"item\":\"https:\/\/vapeenjoy.com\/\"},{\"@type\":\"ListItem\",\"position\":2,\"name\":\"Shop\",\"item\":\"https:\/\/vapeenjoy.com\/vapeenjoy-shop\/\"},{\"@type\":\"ListItem\",\"position\":3,\"name\":\"Mr.Goodie 20000 Puffs Dual Tank Disposable Vape 40ml 2% 5% Nicotine\"}]},{\"@type\":\"WebSite\",\"@id\":\"https:\/\/vapeenjoy.com\/#website\",\"url\":\"https:\/\/vapeenjoy.com\/\",\"name\":\"vapeenjoy\",\"description\":\"An online store for selling vapes\",\"potentialAction\":[{\"@type\":\"SearchAction\",\"target\":{\"@type\":\"EntryPoint\",\"urlTemplate\":\"https:\/\/vapeenjoy.com\/?s={search_term_string}\"},\"query-input\":{\"@type\":\"PropertyValueSpecification\",\"valueRequired\":true,\"valueName\":\"search_term_string\"}}],\"inLanguage\":\"pl-PL\"}]}<\/script>\n<!-- \/ Yoast SEO plugin. -->","yoast_head_json":{"title":"Mr.Goodie 20000 Puffs podw\u00f3jny zbiornik jednorazowy vape 2% 5% Nikotyna","description":"Mr.Goodie 20000 Puffs Podw\u00f3jny zbiornik jednorazowy waporyzator: 40ml E-liquid, 2%\/5% Nikotyna, 12 smak\u00f3w. D\u0142ugotrwa\u0142e z podw\u00f3jnymi cewkami z siatki. Kupuj teraz!","robots":{"index":"index","follow":"follow","max-snippet":"max-snippet:-1","max-image-preview":"max-image-preview:large","max-video-preview":"max-video-preview:-1"},"canonical":"https:\/\/vapeenjoy.com\/pl\/produkt\/mr-goodie-20000-puffs-podwojny-zbiornik-jednorazowy-vape-40ml-2-5-nikotyna\/","og_locale":"pl_PL","og_type":"article","og_title":"Mr.Goodie 20000 Puffs Dual Tank Disposable Vape 2% 5% Nicotine","og_description":"Mr.Goodie 20000 Puffs Dual Tank Disposable Vape: 40ml e-liquid, 2%\/5% nicotine, 12 flavors. Long-lasting with dual mesh coils. Shop now!","og_url":"https:\/\/vapeenjoy.com\/pl\/produkt\/mr-goodie-20000-puffs-podwojny-zbiornik-jednorazowy-vape-40ml-2-5-nikotyna\/","og_site_name":"vapeenjoy","article_modified_time":"2025-08-18T09:11:13+00:00","og_image":[{"width":1000,"height":1000,"url":"https:\/\/vapeenjoy.com\/wp-content\/uploads\/2025\/07\/Mr.Goodie-20000-20K-Puffs.webp","type":"image\/webp"}],"twitter_card":"summary_large_image","twitter_misc":{"Szacowany czas czytania":"3 minuty"},"schema":{"@context":"https:\/\/schema.org","@graph":[{"@type":"WebPage","@id":"https:\/\/vapeenjoy.com\/product\/mr-goodie-20000-puffs-dual-tank-disposable-vape-40ml-2-5-nicotine\/","url":"https:\/\/vapeenjoy.com\/product\/mr-goodie-20000-puffs-dual-tank-disposable-vape-40ml-2-5-nicotine\/","name":"Mr.Goodie 20000 Puffs podw\u00f3jny zbiornik jednorazowy vape 2% 5% Nikotyna","isPartOf":{"@id":"https:\/\/vapeenjoy.com\/#website"},"primaryImageOfPage":{"@id":"https:\/\/vapeenjoy.com\/product\/mr-goodie-20000-puffs-dual-tank-disposable-vape-40ml-2-5-nicotine\/#primaryimage"},"image":{"@id":"https:\/\/vapeenjoy.com\/product\/mr-goodie-20000-puffs-dual-tank-disposable-vape-40ml-2-5-nicotine\/#primaryimage"},"thumbnailUrl":"https:\/\/vapeenjoy.com\/wp-content\/uploads\/2025\/07\/Mr.Goodie-20000-20K-Puffs.webp","datePublished":"2025-07-24T03:42:07+00:00","dateModified":"2025-08-18T09:11:13+00:00","description":"Mr.Goodie 20000 Puffs Podw\u00f3jny zbiornik jednorazowy waporyzator: 40ml E-liquid, 2%\/5% Nikotyna, 12 smak\u00f3w. D\u0142ugotrwa\u0142e z podw\u00f3jnymi cewkami z siatki. Kupuj teraz!","breadcrumb":{"@id":"https:\/\/vapeenjoy.com\/product\/mr-goodie-20000-puffs-dual-tank-disposable-vape-40ml-2-5-nicotine\/#breadcrumb"},"inLanguage":"pl-PL","potentialAction":[{"@type":"ReadAction","target":["https:\/\/vapeenjoy.com\/product\/mr-goodie-20000-puffs-dual-tank-disposable-vape-40ml-2-5-nicotine\/"]}]},{"@type":"ImageObject","inLanguage":"pl-PL","@id":"https:\/\/vapeenjoy.com\/product\/mr-goodie-20000-puffs-dual-tank-disposable-vape-40ml-2-5-nicotine\/#primaryimage","url":"https:\/\/vapeenjoy.com\/wp-content\/uploads\/2025\/07\/Mr.Goodie-20000-20K-Puffs.webp","contentUrl":"https:\/\/vapeenjoy.com\/wp-content\/uploads\/2025\/07\/Mr.Goodie-20000-20K-Puffs.webp","width":1000,"height":1000,"caption":"Mr.Goodie 20000 20K Puffs"},{"@type":"BreadcrumbList","@id":"https:\/\/vapeenjoy.com\/product\/mr-goodie-20000-puffs-dual-tank-disposable-vape-40ml-2-5-nicotine\/#breadcrumb","itemListElement":[{"@type":"ListItem","position":1,"name":"Home","item":"https:\/\/vapeenjoy.com\/"},{"@type":"ListItem","position":2,"name":"Shop","item":"https:\/\/vapeenjoy.com\/vapeenjoy-shop\/"},{"@type":"ListItem","position":3,"name":"Mr.Goodie 20000 Puffs Dual Tank Disposable Vape 40ml 2% 5% Nicotine"}]},{"@type":"WebSite","@id":"https:\/\/vapeenjoy.com\/#website","url":"https:\/\/vapeenjoy.com\/","name":"skutkowaty","description":"Sklep internetowy do sprzeda\u017cy vapes","potentialAction":[{"@type":"SearchAction","target":{"@type":"EntryPoint","urlTemplate":"https:\/\/vapeenjoy.com\/?s={search_term_string}"},"query-input":{"@type":"PropertyValueSpecification","valueRequired":true,"valueName":"search_term_string"}}],"inLanguage":"pl-PL"}]}},"_links":{"self":[{"href":"https:\/\/vapeenjoy.com\/pl\/wp-json\/wp\/v2\/product\/517","targetHints":{"allow":["GET"]}}],"collection":[{"href":"https:\/\/vapeenjoy.com\/pl\/wp-json\/wp\/v2\/product"}],"about":[{"href":"https:\/\/vapeenjoy.com\/pl\/wp-json\/wp\/v2\/types\/product"}],"replies":[{"embeddable":true,"href":"https:\/\/vapeenjoy.com\/pl\/wp-json\/wp\/v2\/comments?post=517"}],"version-history":[{"count":3,"href":"https:\/\/vapeenjoy.com\/pl\/wp-json\/wp\/v2\/product\/517\/revisions"}],"predecessor-version":[{"id":2341,"href":"https:\/\/vapeenjoy.com\/pl\/wp-json\/wp\/v2\/product\/517\/revisions\/2341"}],"wp:featuredmedia":[{"embeddable":true,"href":"https:\/\/vapeenjoy.com\/pl\/wp-json\/wp\/v2\/media\/520"}],"wp:attachment":[{"href":"https:\/\/vapeenjoy.com\/pl\/wp-json\/wp\/v2\/media?parent=517"}],"wp:term":[{"taxonomy":"product_brand","embeddable":true,"href":"https:\/\/vapeenjoy.com\/pl\/wp-json\/wp\/v2\/product_brand?post=517"},{"taxonomy":"product_cat","embeddable":true,"href":"https:\/\/vapeenjoy.com\/pl\/wp-json\/wp\/v2\/product_cat?post=517"},{"taxonomy":"product_tag","embeddable":true,"href":"https:\/\/vapeenjoy.com\/pl\/wp-json\/wp\/v2\/product_tag?post=517"}],"curies":[{"name":"wp","href":"https:\/\/api.w.org\/{rel}","templated":true}]}}