{"id":528,"date":"2025-07-24T04:10:28","date_gmt":"2025-07-24T04:10:28","guid":{"rendered":"https:\/\/vapeenjoy.com\/?post_type=product&#038;p=528"},"modified":"2025-08-18T08:08:45","modified_gmt":"2025-08-18T08:08:45","slug":"elf-box-ls-15000-puffs-shisha-hookah-disposable-vape","status":"publish","type":"product","link":"https:\/\/vapeenjoy.com\/pl\/produkt\/elf-box-ls-15000-puffs-shisha-hookah-jednorazowe-waporyzator\/","title":{"rendered":"Elf Box LS 15000 PUFFS Shisha Hookah jednorazowe Vape 36ml 0-5% Nikotyna"},"content":{"rendered":"<h2 dir=\"ltr\" data-pm-slice=\"1 1 []\">Elf Box LS 15000 PUFFS Shisha Hookah jednorazowe waporyzator Opis produktu<\/h2>\n<p dir=\"ltr\">Elf Box, renomowana nazwa w bran\u017cy vaping, konsekwentnie dostarcza niezawodne, aromatyczne urz\u0105dzenia dopasowane do r\u00f3\u017cnych preferencji. W szczeg\u00f3lno\u015bci, jednorazowe waporyzator Elf Box LS 15000 PUFFS Shisha Hookah jest przeznaczony dla vaper\u00f3w, kt\u00f3re szukaj\u0105 d\u0142ugotrwa\u0142ego, satysfakcjonuj\u0105cego do\u015bwiadczenia. Ponadto jego elegancki wygl\u0105d kryszta\u0142u zwi\u0119ksza atrakcyjno\u015b\u0107 wizualn\u0105, a przeno\u015bna konstrukcja, wraz z wygodn\u0105 smycz\u0105, zapewnia \u0142atwe przenoszenie. W zwi\u0105zku z tym urz\u0105dzenie to p\u0142ynnie \u0142\u0105czy styl z praktyczn\u0105 funkcjonalno\u015bci\u0105.<\/p>\n<h2 dir=\"ltr\" data-pm-slice=\"1 1 []\">Elf Box LS 15000 Puffs jednorazowe waporyzator <span style=\"font-size: 24px;\">Specyfikacje<\/span><\/h2>\n<p dir=\"ltr\">Elf Box LS 15000 zosta\u0142 zaprojektowany z my\u015bl\u0105 o wyj\u0105tkowej wydajno\u015bci. Kluczowe cechy to:<\/p>\n<ul class=\"tight\" dir=\"ltr\" data-tight=\"true\">\n<li>\n<p dir=\"ltr\"><strong>Pufy: 15 000<\/strong> \u2013 Zapewnia do 15 000 zaci\u0105gni\u0119\u0107, umo\u017cliwiaj\u0105c d\u0142u\u017csze u\u017cytkowanie bez cz\u0119stych zamiennik\u00f3w.<\/p>\n<\/li>\n<li>\n<p dir=\"ltr\"><strong>Pojemno\u015b\u0107 e-liquid\u00f3w: 26ml<\/strong> \u2013 Znaczna 26 ml wst\u0119pnie nape\u0142niona str\u0105k wspiera przed\u0142u\u017cone sesje wapowania.<\/p>\n<\/li>\n<li>\n<p dir=\"ltr\"><strong>Pojemno\u015b\u0107 baterii: 600 mAh<\/strong> \u2013 Wyposa\u017cony w akumulator 600 mAh (model 18250), zapewnia sta\u0142\u0105 wydajno\u015b\u0107.<\/p>\n<\/li>\n<li>\n<p dir=\"ltr\"><strong>Typ \u0142adowania: Typ-C<\/strong> - Posiada port typu C zapewniaj\u0105cy szybkie, wydajne \u0142adowanie, minimalizuj\u0105c przestoje.<\/p>\n<\/li>\n<li>\n<p dir=\"ltr\"><strong>Cewka: cewka siatki 0,6ohm<\/strong> \u2013 Zawiera zaawansowan\u0105 cewk\u0119 o siatki 0,6 om\u00f3w, zapewniaj\u0105c bogaty smak i g\u0142adk\u0105 par\u0119.<\/p>\n<\/li>\n<li>\n<p dir=\"ltr\"><strong>Mocne strony nikotyny: 0%, 2%, 3%, 5%<\/strong> \u2013 Oferuje konfigurowalne poziomy nikotyny, aby dopasowa\u0107 do r\u00f3\u017cnych preferencji.<\/p>\n<\/li>\n<li>\n<p dir=\"ltr\"><strong>Waga produktu: 91g<\/strong> \u2013 Lekki w 91g, jest \u0142atwy do przenoszenia i obs\u0142ugi.<\/p>\n<\/li>\n<li>\n<p dir=\"ltr\"><strong>Rozmiar produktu: 124.5 * 31.5mm<\/strong> \u2013 Kompaktowe wymiary zapewniaj\u0105 przeno\u015bno\u015b\u0107 i \u0142atwo\u015b\u0107 u\u017cytkowania.<\/p>\n<\/li>\n<li>\n<p dir=\"ltr\"><strong>Rozmiar kartonu: 410<em>405<\/em>297mm<\/strong> \u2013 Sprawnie zapakowane, z 200 sztuk w kartonie.<\/p>\n<\/li>\n<\/ul>\n<h2 dir=\"ltr\">12 opcji smakowych<\/h2>\n<p dir=\"ltr\">Aby zaspokoi\u0107 r\u00f3\u017cne gusta, Elf Box LS15000 oferuje 12 \u017cywych smak\u00f3w:<\/p>\n<ol class=\"tight\" dir=\"ltr\" data-tight=\"true\">\n<li>\n<p dir=\"ltr\"><strong>Jagoda na lodzie<\/strong> \u2013 Dojrza\u0142e jagody z ch\u0142odnym, lodowym wyko\u0144czeniem dla orze\u017awiaj\u0105cego wapna.<\/p>\n<\/li>\n<li>\n<p dir=\"ltr\"><strong>marakuja kiwi<\/strong> \u2013 Egzotyczne kiwi i pikantna marakuja tworz\u0105 tropikalny wybuch.<\/p>\n<\/li>\n<li>\n<p dir=\"ltr\"><strong>kiwi truskawkowe<\/strong> \u2013 S\u0142odkie truskawki i cierpkie kiwi mieszaj\u0105 si\u0119 dla zr\u00f3wnowa\u017conej, owocowej rozkoszy.<\/p>\n<\/li>\n<li>\n<p dir=\"ltr\"><strong>Lemoniada niebieski Razz<\/strong> \u2013 Zesty Blue Raspberry spotyka pikantn\u0105 lemoniad\u0119, aby uzyska\u0107 \u017cywy smak.<\/p>\n<\/li>\n<li>\n<p dir=\"ltr\"><strong>l\u00f3d arbuzowy<\/strong> \u2013 Soczysty arbuz o chrupi\u0105cym, ch\u0142odnym wra\u017ceniu.<\/p>\n<\/li>\n<li>\n<p dir=\"ltr\"><strong>Arbuz truskawkowy<\/strong> \u2013 S\u0142odkie truskawki i orze\u017awiaj\u0105cy bezpiecznik arbuza uroczo.<\/p>\n<\/li>\n<li>\n<p dir=\"ltr\"><strong>l\u00f3d truskawkowy<\/strong> - Odwa\u017cny smak truskawkowy z ch\u0142odnym akcentem.<\/p>\n<\/li>\n<li>\n<p dir=\"ltr\"><strong>Ananas brzoskwiniowy mango<\/strong> \u2013 Tropikalne trio brzoskwini, mango i ananasa dla \u017cywych smak\u00f3w.<\/p>\n<\/li>\n<li>\n<p dir=\"ltr\"><strong>l\u00f3d winog<\/strong> \u2013 Bogate winogrono z ch\u0142odnym, lodowym wydechem na odwa\u017cny waporyzator.<\/p>\n<\/li>\n<li>\n<p dir=\"ltr\"><strong>banan z mango<\/strong> - Kremowa mieszanka bananowa i dojrza\u0142e mango dla g\u0142adkiego, tropikalnego profilu.<\/p>\n<\/li>\n<li>\n<p dir=\"ltr\"><strong>l\u00f3d je\u017cynowy<\/strong> \u2013 Odwa\u017cna je\u017cyna z orze\u017awiaj\u0105cym, lodowatym kopni\u0119ciem.<\/p>\n<\/li>\n<li>\n<p dir=\"ltr\"><strong>Mieszane jagody<\/strong> \u2013 Mieszanina jag\u00f3d zapewnia eksplozj\u0119 s\u0142odkiego i cierpkiego smaku.<\/p>\n<\/li>\n<\/ol>\n<h2 dir=\"ltr\">Cz\u0119sto zadawane pytania<\/h2>\n<ol dir=\"ltr\">\n<li>\n<p dir=\"ltr\"><strong>Jaka jest liczba zaci\u0105gni\u0119\u0107 w elf box ls15000?<\/strong><br \/>\nUrz\u0105dzenie oferuje do 15 000 zaci\u0105gni\u0119\u0107, zapewniaj\u0105c d\u0142ugotrwa\u0142e u\u017cytkowanie.<\/p>\n<\/li>\n<li>\n<p dir=\"ltr\"><strong>Jakie mocne strony nikotyny s\u0105 dost\u0119pne?<\/strong><br \/>\nDost\u0119pny w 0%, 2%, 3% i 5%, obs\u0142uguje r\u00f3\u017cne preferencje.<\/p>\n<\/li>\n<li>\n<p dir=\"ltr\"><strong>Jak wybra\u0107 odpowiedni smak?<\/strong><br \/>\nDla mi\u0142o\u015bnik\u00f3w owoc\u00f3w spr\u00f3buj ananasa truskawkowego kiwi lub brzoskwiniowego mango. Alternatywnie, aby uzyska\u0107 efekt ch\u0142odzenia, wybierz jagod\u0119 na lodzie lub l\u00f3d arbuzowy. Eksperymentuj, aby znale\u017a\u0107 swojego ulubionego!<\/p>\n<\/li>\n<li>\n<p dir=\"ltr\"><strong>Czy ELF Box LS15000 jest \u0142adowany?<\/strong><br \/>\nTak, jego bateria 600 mAh z \u0142adowaniem typu C zapewnia szybkie \u0142adowanie.<\/p>\n<\/li>\n<li>\n<p dir=\"ltr\"><strong>Jakiej cewki u\u017cywa?<\/strong><br \/>\nCewka z siatki 0,6 om\u00f3w zapewnia bogaty smak i g\u0142adk\u0105 par\u0119.<\/p>\n<\/li>\n<li>\n<p dir=\"ltr\"><strong>Jaka jest pojemno\u015b\u0107 e-liquid\u00f3w?<\/strong><br \/>\nWst\u0119pnie nape\u0142niony str\u0105k o pojemno\u015bci 26 ml wspiera d\u0142ugotrwa\u0142e waporyzowanie.<\/p>\n<\/li>\n<li>\n<p dir=\"ltr\"><strong>Czy nadaje si\u0119 do vapingu bezpo\u015brednio do p\u0142uc?<\/strong><br \/>\nRzeczywi\u015bcie, jego cewka z siatki o niskiej odporno\u015bci jest zoptymalizowana pod k\u0105tem p\u0142ynnego vapingu DTL.<\/p>\n<\/li>\n<\/ol>\n<p dir=\"ltr\">Podsumowuj\u0105c, ELF Box LS15000 \u0142\u0105czy zaawansowan\u0105 technologi\u0119, stylowy design i r\u00f3\u017cnorodne smaki, dzi\u0119ki czemu jest idealnym wyborem zar\u00f3wno dla pocz\u0105tkuj\u0105cych, jak i do\u015bwiadczonych Vaper\u00f3w.<\/p>\n<p><img fetchpriority=\"high\" decoding=\"async\" class=\"wp-image-532 size-full\" src=\"https:\/\/vapeenjoy.com\/wp-content\/uploads\/2025\/07\/202406141434481.jpg\" alt=\"Elf Box LS 15000 PUFFS Shisha Hookah jednorazowe Vape 36ml 0-5% Nikotyna\" width=\"1575\" height=\"1279\" srcset=\"https:\/\/vapeenjoy.com\/wp-content\/uploads\/2025\/07\/202406141434481.jpg 1575w, https:\/\/vapeenjoy.com\/wp-content\/uploads\/2025\/07\/202406141434481-600x487.jpg 600w, https:\/\/vapeenjoy.com\/wp-content\/uploads\/2025\/07\/202406141434481-300x244.jpg 300w, https:\/\/vapeenjoy.com\/wp-content\/uploads\/2025\/07\/202406141434481-1024x832.jpg 1024w, https:\/\/vapeenjoy.com\/wp-content\/uploads\/2025\/07\/202406141434481-768x624.jpg 768w, https:\/\/vapeenjoy.com\/wp-content\/uploads\/2025\/07\/202406141434481-1536x1247.jpg 1536w\" sizes=\"(max-width: 1575px) 100vw, 1575px\" \/><\/p>","protected":false},"excerpt":{"rendered":"<p>Elf Box, zaufana nazwa w wapowaniu, przedstawia jednorazowy waporyzator LS 15000 PUFFS Shisha Hookah, eleganckie urz\u0105dzenie dostarczaj\u0105ce do 15 000 zaci\u0105gni\u0119\u0107. Dzi\u0119ki pojemno\u015bci 26 ml e-liquid\u00f3w, akumulatorowi 600 mAh i cewce o siatki 0,6 om\u00f3w zapewnia bogaty smak i trwa\u0142o\u015b\u0107 w przeno\u015bnym, zaprojektowanym kryszta\u0142owo opakowaniu.<\/p>","protected":false},"featured_media":533,"comment_status":"open","ping_status":"closed","template":"","meta":[],"product_brand":[51],"product_cat":[28],"product_tag":[64,67],"class_list":{"0":"post-528","1":"product","2":"type-product","3":"status-publish","4":"has-post-thumbnail","6":"product_brand-elf-box-vape","7":"product_cat-15000-puffs-vape","8":"product_tag-0-5-nicotine","9":"product_tag-36ml","11":"first","12":"instock","13":"sale","14":"shipping-taxable","15":"purchasable","16":"product-type-variable"},"yoast_head":"<!-- This site is optimized with the Yoast SEO plugin v25.7 - https:\/\/yoast.com\/wordpress\/plugins\/seo\/ -->\n<title>ELF Box LS 15000 Puffs Shisha Hookah Disposable Vape 36ml<\/title>\n<meta name=\"description\" content=\"ELF Box LS 15000 offers 15,000 puffs, 36ml e-liquid, and 0-5% nicotine. Enjoy rich flavors and Type-C charging in a sleek design. Perfect for vaping!\" \/>\n<meta name=\"robots\" content=\"index, follow, max-snippet:-1, max-image-preview:large, max-video-preview:-1\" \/>\n<link rel=\"canonical\" href=\"https:\/\/vapeenjoy.com\/pl\/produkt\/elf-box-ls-15000-puffs-shisha-hookah-jednorazowe-waporyzator\/\" \/>\n<meta property=\"og:locale\" content=\"pl_PL\" \/>\n<meta property=\"og:type\" content=\"article\" \/>\n<meta property=\"og:title\" content=\"ELF Box LS 15000 Puffs Shisha Hookah Disposable Vape 36ml\" \/>\n<meta property=\"og:description\" content=\"ELF Box LS 15000 offers 15,000 puffs, 36ml e-liquid, and 0-5% nicotine. Enjoy rich flavors and Type-C charging in a sleek design. Perfect for vaping!\" \/>\n<meta property=\"og:url\" content=\"https:\/\/vapeenjoy.com\/pl\/produkt\/elf-box-ls-15000-puffs-shisha-hookah-jednorazowe-waporyzator\/\" \/>\n<meta property=\"og:site_name\" content=\"vapeenjoy\" \/>\n<meta property=\"article:modified_time\" content=\"2025-08-18T08:08:45+00:00\" \/>\n<meta property=\"og:image\" content=\"https:\/\/vapeenjoy.com\/wp-content\/uploads\/2025\/07\/ELF-BOX-LS15000-Puff-Shisha-Hookah.webp\" \/>\n\t<meta property=\"og:image:width\" content=\"1000\" \/>\n\t<meta property=\"og:image:height\" content=\"1000\" \/>\n\t<meta property=\"og:image:type\" content=\"image\/webp\" \/>\n<meta name=\"twitter:card\" content=\"summary_large_image\" \/>\n<meta name=\"twitter:label1\" content=\"Szacowany czas czytania\" \/>\n\t<meta name=\"twitter:data1\" content=\"3 minuty\" \/>\n<script type=\"application\/ld+json\" class=\"yoast-schema-graph\">{\"@context\":\"https:\/\/schema.org\",\"@graph\":[{\"@type\":\"WebPage\",\"@id\":\"https:\/\/vapeenjoy.com\/product\/elf-box-ls-15000-puffs-shisha-hookah-disposable-vape\/\",\"url\":\"https:\/\/vapeenjoy.com\/product\/elf-box-ls-15000-puffs-shisha-hookah-disposable-vape\/\",\"name\":\"ELF Box LS 15000 Puffs Shisha Hookah Disposable Vape 36ml\",\"isPartOf\":{\"@id\":\"https:\/\/vapeenjoy.com\/#website\"},\"primaryImageOfPage\":{\"@id\":\"https:\/\/vapeenjoy.com\/product\/elf-box-ls-15000-puffs-shisha-hookah-disposable-vape\/#primaryimage\"},\"image\":{\"@id\":\"https:\/\/vapeenjoy.com\/product\/elf-box-ls-15000-puffs-shisha-hookah-disposable-vape\/#primaryimage\"},\"thumbnailUrl\":\"https:\/\/vapeenjoy.com\/wp-content\/uploads\/2025\/07\/ELF-BOX-LS15000-Puff-Shisha-Hookah.webp\",\"datePublished\":\"2025-07-24T04:10:28+00:00\",\"dateModified\":\"2025-08-18T08:08:45+00:00\",\"description\":\"ELF Box LS 15000 offers 15,000 puffs, 36ml e-liquid, and 0-5% nicotine. Enjoy rich flavors and Type-C charging in a sleek design. Perfect for vaping!\",\"breadcrumb\":{\"@id\":\"https:\/\/vapeenjoy.com\/product\/elf-box-ls-15000-puffs-shisha-hookah-disposable-vape\/#breadcrumb\"},\"inLanguage\":\"pl-PL\",\"potentialAction\":[{\"@type\":\"ReadAction\",\"target\":[\"https:\/\/vapeenjoy.com\/product\/elf-box-ls-15000-puffs-shisha-hookah-disposable-vape\/\"]}]},{\"@type\":\"ImageObject\",\"inLanguage\":\"pl-PL\",\"@id\":\"https:\/\/vapeenjoy.com\/product\/elf-box-ls-15000-puffs-shisha-hookah-disposable-vape\/#primaryimage\",\"url\":\"https:\/\/vapeenjoy.com\/wp-content\/uploads\/2025\/07\/ELF-BOX-LS15000-Puff-Shisha-Hookah.webp\",\"contentUrl\":\"https:\/\/vapeenjoy.com\/wp-content\/uploads\/2025\/07\/ELF-BOX-LS15000-Puff-Shisha-Hookah.webp\",\"width\":1000,\"height\":1000,\"caption\":\"ELF-BOX-LS15000-Puff-Shisha-Hookah\"},{\"@type\":\"BreadcrumbList\",\"@id\":\"https:\/\/vapeenjoy.com\/product\/elf-box-ls-15000-puffs-shisha-hookah-disposable-vape\/#breadcrumb\",\"itemListElement\":[{\"@type\":\"ListItem\",\"position\":1,\"name\":\"Home\",\"item\":\"https:\/\/vapeenjoy.com\/\"},{\"@type\":\"ListItem\",\"position\":2,\"name\":\"Shop\",\"item\":\"https:\/\/vapeenjoy.com\/vapeenjoy-shop\/\"},{\"@type\":\"ListItem\",\"position\":3,\"name\":\"ELF Box LS 15000 Puffs Shisha Hookah Disposable Vape 36ml 0-5% Nicotine\"}]},{\"@type\":\"WebSite\",\"@id\":\"https:\/\/vapeenjoy.com\/#website\",\"url\":\"https:\/\/vapeenjoy.com\/\",\"name\":\"vapeenjoy\",\"description\":\"An online store for selling vapes\",\"potentialAction\":[{\"@type\":\"SearchAction\",\"target\":{\"@type\":\"EntryPoint\",\"urlTemplate\":\"https:\/\/vapeenjoy.com\/?s={search_term_string}\"},\"query-input\":{\"@type\":\"PropertyValueSpecification\",\"valueRequired\":true,\"valueName\":\"search_term_string\"}}],\"inLanguage\":\"pl-PL\"}]}<\/script>\n<!-- \/ Yoast SEO plugin. -->","yoast_head_json":{"title":"Elf Box LS 15000 Puffy Shisha Hookah jednorazowe waporyzator 36ml","description":"Elf Box LS 15000 oferuje 15 000 puff\u00f3w, 36 ml e-liquidu i 0-5% nikotyny. Ciesz si\u0119 bogatymi smakami i \u0142adowaniem typu C w eleganckim designie. Idealny do wapowania!","robots":{"index":"index","follow":"follow","max-snippet":"max-snippet:-1","max-image-preview":"max-image-preview:large","max-video-preview":"max-video-preview:-1"},"canonical":"https:\/\/vapeenjoy.com\/pl\/produkt\/elf-box-ls-15000-puffs-shisha-hookah-jednorazowe-waporyzator\/","og_locale":"pl_PL","og_type":"article","og_title":"ELF Box LS 15000 Puffs Shisha Hookah Disposable Vape 36ml","og_description":"ELF Box LS 15000 offers 15,000 puffs, 36ml e-liquid, and 0-5% nicotine. Enjoy rich flavors and Type-C charging in a sleek design. Perfect for vaping!","og_url":"https:\/\/vapeenjoy.com\/pl\/produkt\/elf-box-ls-15000-puffs-shisha-hookah-jednorazowe-waporyzator\/","og_site_name":"vapeenjoy","article_modified_time":"2025-08-18T08:08:45+00:00","og_image":[{"width":1000,"height":1000,"url":"https:\/\/vapeenjoy.com\/wp-content\/uploads\/2025\/07\/ELF-BOX-LS15000-Puff-Shisha-Hookah.webp","type":"image\/webp"}],"twitter_card":"summary_large_image","twitter_misc":{"Szacowany czas czytania":"3 minuty"},"schema":{"@context":"https:\/\/schema.org","@graph":[{"@type":"WebPage","@id":"https:\/\/vapeenjoy.com\/product\/elf-box-ls-15000-puffs-shisha-hookah-disposable-vape\/","url":"https:\/\/vapeenjoy.com\/product\/elf-box-ls-15000-puffs-shisha-hookah-disposable-vape\/","name":"Elf Box LS 15000 Puffy Shisha Hookah jednorazowe waporyzator 36ml","isPartOf":{"@id":"https:\/\/vapeenjoy.com\/#website"},"primaryImageOfPage":{"@id":"https:\/\/vapeenjoy.com\/product\/elf-box-ls-15000-puffs-shisha-hookah-disposable-vape\/#primaryimage"},"image":{"@id":"https:\/\/vapeenjoy.com\/product\/elf-box-ls-15000-puffs-shisha-hookah-disposable-vape\/#primaryimage"},"thumbnailUrl":"https:\/\/vapeenjoy.com\/wp-content\/uploads\/2025\/07\/ELF-BOX-LS15000-Puff-Shisha-Hookah.webp","datePublished":"2025-07-24T04:10:28+00:00","dateModified":"2025-08-18T08:08:45+00:00","description":"Elf Box LS 15000 oferuje 15 000 puff\u00f3w, 36 ml e-liquidu i 0-5% nikotyny. Ciesz si\u0119 bogatymi smakami i \u0142adowaniem typu C w eleganckim designie. Idealny do wapowania!","breadcrumb":{"@id":"https:\/\/vapeenjoy.com\/product\/elf-box-ls-15000-puffs-shisha-hookah-disposable-vape\/#breadcrumb"},"inLanguage":"pl-PL","potentialAction":[{"@type":"ReadAction","target":["https:\/\/vapeenjoy.com\/product\/elf-box-ls-15000-puffs-shisha-hookah-disposable-vape\/"]}]},{"@type":"ImageObject","inLanguage":"pl-PL","@id":"https:\/\/vapeenjoy.com\/product\/elf-box-ls-15000-puffs-shisha-hookah-disposable-vape\/#primaryimage","url":"https:\/\/vapeenjoy.com\/wp-content\/uploads\/2025\/07\/ELF-BOX-LS15000-Puff-Shisha-Hookah.webp","contentUrl":"https:\/\/vapeenjoy.com\/wp-content\/uploads\/2025\/07\/ELF-BOX-LS15000-Puff-Shisha-Hookah.webp","width":1000,"height":1000,"caption":"ELF-BOX-LS15000-Puff-Shisha-Hookah"},{"@type":"BreadcrumbList","@id":"https:\/\/vapeenjoy.com\/product\/elf-box-ls-15000-puffs-shisha-hookah-disposable-vape\/#breadcrumb","itemListElement":[{"@type":"ListItem","position":1,"name":"Home","item":"https:\/\/vapeenjoy.com\/"},{"@type":"ListItem","position":2,"name":"Shop","item":"https:\/\/vapeenjoy.com\/vapeenjoy-shop\/"},{"@type":"ListItem","position":3,"name":"ELF Box LS 15000 Puffs Shisha Hookah Disposable Vape 36ml 0-5% Nicotine"}]},{"@type":"WebSite","@id":"https:\/\/vapeenjoy.com\/#website","url":"https:\/\/vapeenjoy.com\/","name":"skutkowaty","description":"Sklep internetowy do sprzeda\u017cy vapes","potentialAction":[{"@type":"SearchAction","target":{"@type":"EntryPoint","urlTemplate":"https:\/\/vapeenjoy.com\/?s={search_term_string}"},"query-input":{"@type":"PropertyValueSpecification","valueRequired":true,"valueName":"search_term_string"}}],"inLanguage":"pl-PL"}]}},"_links":{"self":[{"href":"https:\/\/vapeenjoy.com\/pl\/wp-json\/wp\/v2\/product\/528","targetHints":{"allow":["GET"]}}],"collection":[{"href":"https:\/\/vapeenjoy.com\/pl\/wp-json\/wp\/v2\/product"}],"about":[{"href":"https:\/\/vapeenjoy.com\/pl\/wp-json\/wp\/v2\/types\/product"}],"replies":[{"embeddable":true,"href":"https:\/\/vapeenjoy.com\/pl\/wp-json\/wp\/v2\/comments?post=528"}],"version-history":[{"count":4,"href":"https:\/\/vapeenjoy.com\/pl\/wp-json\/wp\/v2\/product\/528\/revisions"}],"predecessor-version":[{"id":2322,"href":"https:\/\/vapeenjoy.com\/pl\/wp-json\/wp\/v2\/product\/528\/revisions\/2322"}],"wp:featuredmedia":[{"embeddable":true,"href":"https:\/\/vapeenjoy.com\/pl\/wp-json\/wp\/v2\/media\/533"}],"wp:attachment":[{"href":"https:\/\/vapeenjoy.com\/pl\/wp-json\/wp\/v2\/media?parent=528"}],"wp:term":[{"taxonomy":"product_brand","embeddable":true,"href":"https:\/\/vapeenjoy.com\/pl\/wp-json\/wp\/v2\/product_brand?post=528"},{"taxonomy":"product_cat","embeddable":true,"href":"https:\/\/vapeenjoy.com\/pl\/wp-json\/wp\/v2\/product_cat?post=528"},{"taxonomy":"product_tag","embeddable":true,"href":"https:\/\/vapeenjoy.com\/pl\/wp-json\/wp\/v2\/product_tag?post=528"}],"curies":[{"name":"wp","href":"https:\/\/api.w.org\/{rel}","templated":true}]}}