{"id":539,"date":"2025-07-24T06:59:36","date_gmt":"2025-07-24T06:59:36","guid":{"rendered":"https:\/\/vapeenjoy.com\/?post_type=product&#038;p=539"},"modified":"2025-08-18T09:02:05","modified_gmt":"2025-08-18T09:02:05","slug":"jnr-mediamax-40000-puffs-disposable-vape-21ml-2-5-nicotine-smart-features","status":"publish","type":"product","link":"https:\/\/vapeenjoy.com\/pl\/produkt\/jnr-mediamax-40000-puffs-jednorazowe-waporyzator-21ml-2-5-nikotyna-inteligentne-funkcje\/","title":{"rendered":"JNR MediaMax 40000 Puffs jednorazowe waporyzator 21ml 2% 5% nikotyny inteligentne funkcje"},"content":{"rendered":"<h2 dir=\"ltr\" data-pm-slice=\"1 3 []\">JNR MediaMax 40000 Puffs Jednorazowe wapory Opis produktu<\/h2>\n<p dir=\"ltr\">JNR, za\u0142o\u017cona w 2023 roku jako globalna marka e-papieros\u00f3w, zajmuje si\u0119 dostarczaniem wysokiej jako\u015bci, innowacyjnych urz\u0105dze\u0144 wapowania. Na przyk\u0142ad zaanga\u017cowanie w bezpiecze\u0144stwo i niezawodno\u015b\u0107 zapewnia satysfakcj\u0119 u\u017cytkownika. JNR MediaMax 40000 Puffs Jednorazowy e-papieros \u0142\u0105czy zaawansowan\u0105 technologi\u0119 z d\u0142ugotrwa\u0142\u0105 wydajno\u015bci\u0105. W zwi\u0105zku z tym oferuje wygodne, bogate w funkcje rozwi\u0105zanie wapowania.<\/p>\n<p dir=\"ltr\">Ponadto jego elegancki, ergonomiczny kszta\u0142t charakteryzuje si\u0119 wysokiej jako\u015bci obudow\u0105 z materia\u0142u syntetycznego z zakrzywionymi kraw\u0119dziami dla wygodnej obs\u0142ugi. W tym samym \u017cywym, 2,4-calowym ekranie dotykowym HD zwi\u0119ksza u\u017cyteczno\u015b\u0107, wy\u015bwietlaj\u0105c informacje w czasie rzeczywistym i inteligentne funkcje. Dlatego wyr\u00f3\u017cnia si\u0119 jako praktyczny i nowoczesny wyb\u00f3r dla vaper\u00f3w poszukuj\u0105cych innowacji.<\/p>\n<h2 dir=\"ltr\">JNR MediaMax 40000 Puffs Jednorazowe dane techniczne Vape<\/h2>\n<ul class=\"tight\" dir=\"ltr\" data-tight=\"true\">\n<li>\n<p dir=\"ltr\"><strong>Liczba zaci\u0105gni\u0119\u0107<\/strong>: Do 40 000 zaci\u0105gni\u0119\u0107 w trybie zwyk\u0142ym lub 20 000 w trybie impulsowym, co pozwala na d\u0142u\u017csze korzystanie z bez cz\u0119stych zamiennik\u00f3w.<\/p>\n<\/li>\n<li>\n<p dir=\"ltr\"><strong>Pojemno\u015b\u0107 e-liquid\u00f3w<\/strong>: 21 ml wst\u0119pnie nape\u0142niony e-liquid zapewnia d\u0142ugotrwa\u0142e sesje, wi\u0119c uzupe\u0142nienia s\u0105 niepotrzebne.<\/p>\n<\/li>\n<li>\n<p dir=\"ltr\"><strong>Pojemno\u015b\u0107 baterii<\/strong>: 1000 mAh Akumulator z \u0142adowaniem USB Type-C obs\u0142uguje sta\u0142\u0105 wydajno\u015b\u0107. Dodatkowo szybko si\u0119 \u0142aduje.<\/p>\n<\/li>\n<li>\n<p dir=\"ltr\"><strong>Si\u0142a nikotyny<\/strong>: Dost\u0119pne w opcjach 2% (20 mg) lub 5% (50 mg), co odpowiada za tym, co odpowiada r\u00f3\u017cnym preferencjam.<\/p>\n<\/li>\n<li>\n<p dir=\"ltr\"><strong>Typ cewki<\/strong>: Podw\u00f3jne cewki siatkowe zapewniaj\u0105 g\u0142adki smak i wytrzyma\u0142\u0105 par\u0119, zwi\u0119kszaj\u0105c wra\u017cenia.<\/p>\n<\/li>\n<li>\n<p dir=\"ltr\"><strong>manifest<\/strong>: 2,4-calowy ekran dotykowy HD zapewnia intuicyjn\u0105 nawigacj\u0119 dla ustawie\u0144, liczb\u0119 zaci\u0105gni\u0119\u0107, \u017cywotno\u015b\u0107 baterii i inteligentne funkcje.<\/p>\n<\/li>\n<li>\n<p dir=\"ltr\"><strong>Inteligentne funkcje<\/strong>: Zawiera powiadomienia o po\u0142\u0105czeniach\/tekstach, zdalne sterowanie kamer\u0105, znajd\u017a funkcj\u0119 telefonu\/zale\u017cno\u015bci i tryb blokady. W rezultacie zapewnia dodatkow\u0105 wygod\u0119.<\/p>\n<\/li>\n<li>\n<p dir=\"ltr\"><strong>przelotny powietrze<\/strong>: Regulowany przep\u0142yw powietrza pozwala na personalizacj\u0119 w celu cia\u015bniejszego lub otwartego naci\u0105gu, co zwi\u0119ksza kontrol\u0119 u\u017cytkownika.<\/p>\n<\/li>\n<li>\n<p dir=\"ltr\"><strong>dzia\u0142anie<\/strong>: Mechanizm aktywowany rysowaniem zapewnia proste, bezproblemowe u\u017cytkowanie bez przycisk\u00f3w.<\/p>\n<\/li>\n<\/ul>\n<h2 dir=\"ltr\">10 r\u00f3\u017cnych profili smakowych<\/h2>\n<ol class=\"tight\" dir=\"ltr\" data-tight=\"true\">\n<li>\n<p dir=\"ltr\"><strong>niebieski razz l\u00f3d<\/strong>: Odwa\u017cna mieszanka tarta Blue Raspberry z orze\u017awiaj\u0105cym, lodowym wyko\u0144czeniem.<\/p>\n<\/li>\n<li>\n<p dir=\"ltr\"><strong>l\u00f3d truskawkowy<\/strong>: Soczyste truskawki w po\u0142\u0105czeniu z mro\u017anym, ch\u0142odz\u0105cym wydechem.<\/p>\n<\/li>\n<li>\n<p dir=\"ltr\"><strong>l\u00f3d arbuzowy<\/strong>: S\u0142odki, soczysty arbuz uzupe\u0142niony rze\u015bkim, ch\u0142odnym uczuciem.<\/p>\n<\/li>\n<li>\n<p dir=\"ltr\"><strong>Miami Mi\u0119ta<\/strong>: orze\u017awiaj\u0105cy mi\u0119towy smak z czystym, orze\u017awiaj\u0105cym posmakiem.<\/p>\n<\/li>\n<li>\n<p dir=\"ltr\"><strong>Kwa\u015bny l\u00f3d jab\u0142kowy<\/strong>: Pikantne zielone jab\u0142ko nuty z sch\u0142odzonym, mro\u017anym akcentem.<\/p>\n<\/li>\n<li>\n<p dir=\"ltr\"><strong>Arbuz jagodowy<\/strong>: Owocowa fuzja dojrza\u0142ych jag\u00f3d i soczystych arbuza.<\/p>\n<\/li>\n<li>\n<p dir=\"ltr\"><strong>FUKKOWANIE FAB<\/strong>: Unikalny, odwa\u017cny profil smakowy zaprojektowany tak, aby pozostawi\u0107 trwa\u0142e wra\u017cenie.<\/p>\n<\/li>\n<li>\n<p dir=\"ltr\"><strong>Wi\u015bniowa truskawka malina<\/strong>: \u017bywa mieszanka bogatych wi\u015bni, s\u0142odkich truskawek i tartych malin.<\/p>\n<\/li>\n<li>\n<p dir=\"ltr\"><strong>Arbuz z brzoskwiniowego mango<\/strong>: Tropikalna mieszanka soczystej brzoskwini, dojrza\u0142ego mango i orze\u017awiaj\u0105cego arbuza.<\/p>\n<\/li>\n<li>\n<p dir=\"ltr\"><strong>truskawkowy banan<\/strong>: G\u0142adkie po\u0142\u0105czenie s\u0142odkich truskawek i kremowego banana.<\/p>\n<\/li>\n<\/ol>\n<h2 dir=\"ltr\">Cz\u0119sto zadawane pytania (FAQ)<\/h2>\n<ol dir=\"ltr\">\n<li>\n<p dir=\"ltr\"><strong>Co sprawia, \u017ce JNR MediaMax 40000 jest wyj\u0105tkowy?<\/strong><br \/>\nJNR MediaMax \u0142\u0105czy du\u017c\u0105 liczb\u0119 zaci\u0105gni\u0119\u0107 z funkcjami podobnymi do smartfona. Na przyk\u0142ad 2,4-calowy ekran dotykowy HD, powiadomienia o po\u0142\u0105czeniach\/smsach i zdalne sterowanie kamer\u0105 sprawiaj\u0105, \u017ce jest wielofunkcyjny.<\/p>\n<\/li>\n<li>\n<p dir=\"ltr\"><strong>Czym r\u00f3\u017cni\u0105 si\u0119 te dwa tryby wapowania?<\/strong><br \/>\nTryb zwyk\u0142y oferuje do 40 000 PUFF o sta\u0142ym smaku. W przeciwie\u0144stwie do trybu Pulse zapewnia intensywny smak, ale zmniejsza zaci\u0105gni\u0119cia do oko\u0142o 20 000.<\/p>\n<\/li>\n<li>\n<p dir=\"ltr\"><strong>Jak wybra\u0107 dla mnie odpowiedni smak?<\/strong><br \/>\nWybierz na podstawie preferencji smakowych. Na przyk\u0142ad wybierz mieszanki owocowe, takie jak jagodowy arbuz, do s\u0142odkich profili, opcje mi\u0119towe, takie jak Miami Mint, aby uzyska\u0107 orze\u017awienie, lub odwa\u017cne mieszanki, takie jak Fcuking Fab, aby uzyska\u0107 wyj\u0105tkowo\u015b\u0107. W zwi\u0105zku z tym testowanie smak\u00f3w pomaga znale\u017a\u0107 ulubione.<\/p>\n<\/li>\n<li>\n<p dir=\"ltr\"><strong>Czy bateria jest \u0142adowana?<\/strong><br \/>\nTak, bateria 1000 mAh \u0142aduje si\u0119 przez USB Type-C, zapewniaj\u0105c w ten spos\u00f3b szybkie i wydajne \u0142adowanie w celu nieprzerwanego u\u017cytkowania.<\/p>\n<\/li>\n<li>\n<p dir=\"ltr\"><strong>Czy mog\u0119 regulowa\u0107 przep\u0142yw powietrza?<\/strong><br \/>\nTak, regulowany przep\u0142yw powietrza pozwala dostosowa\u0107 rysowanie. Dlatego mo\u017cesz wybra\u0107 bardziej cia\u015bniejszy lub bardziej otwarty styl wapowania.<\/p>\n<\/li>\n<li>\n<p dir=\"ltr\"><strong>Jakie funkcje bezpiecze\u0144stwa zawiera urz\u0105dzenie?<\/strong><br \/>\nJNR MediaMax obejmuje ochron\u0119 przed nadmiern\u0105 inhalacj\u0105 i automatyczne odci\u0119cie. W rezultacie zapewnia bezpieczne i niezawodne wra\u017cenia.<\/p>\n<\/li>\n<li>\n<p dir=\"ltr\"><strong>Czy mog\u0119 korzysta\u0107 z funkcji inteligentnych bez telefonu?<\/strong><br \/>\nNiekt\u00f3re funkcje, takie jak powiadomienia o po\u0142\u0105czeniach\/testowych lub zdalne sterowanie kamer\u0105, wymagaj\u0105 po\u0142\u0105czenia Bluetooth za po\u015brednictwem aplikacji urz\u0105dzenia. Jednak inne, takie jak tryb blokady, dzia\u0142aj\u0105 niezale\u017cnie.<\/p>\n<\/li>\n<\/ol>\n<p><img fetchpriority=\"high\" decoding=\"async\" class=\"alignnone wp-image-550 size-full\" src=\"https:\/\/vapeenjoy.com\/wp-content\/uploads\/2025\/07\/MediaMax-Poster-1.jpg\" alt=\"JNR MediaMax 40000 Puffs jednorazowe smaki waporyzacyjne\" width=\"1920\" height=\"1080\" srcset=\"https:\/\/vapeenjoy.com\/wp-content\/uploads\/2025\/07\/MediaMax-Poster-1.jpg 1920w, https:\/\/vapeenjoy.com\/wp-content\/uploads\/2025\/07\/MediaMax-Poster-1-600x338.jpg 600w, https:\/\/vapeenjoy.com\/wp-content\/uploads\/2025\/07\/MediaMax-Poster-1-300x169.jpg 300w, https:\/\/vapeenjoy.com\/wp-content\/uploads\/2025\/07\/MediaMax-Poster-1-1024x576.jpg 1024w, https:\/\/vapeenjoy.com\/wp-content\/uploads\/2025\/07\/MediaMax-Poster-1-768x432.jpg 768w, https:\/\/vapeenjoy.com\/wp-content\/uploads\/2025\/07\/MediaMax-Poster-1-1536x864.jpg 1536w\" sizes=\"(max-width: 1920px) 100vw, 1920px\" \/><\/p>","protected":false},"excerpt":{"rendered":"<p>JNR, globalna marka e-papieros\u00f3w za\u0142o\u017cona w 2023 roku, dostarcza niezawodne rozwi\u0105zania waporyzacyjne. Jednorazowy e-papieros JNR MediaMax 40000 Puffs oferuje do 40 000 zaci\u0105gni\u0119\u0107, pojemno\u015b\u0107 21 ml e-liquid, akumulator o pojemno\u015bci 1000 mAh oraz 2,4-calowy ekran dotykowy HD z inteligentnymi funkcjami, takimi jak powiadomienia i regulowany przep\u0142yw powietrza, aby zapewni\u0107 dostosowane do\u015bwiadczenie.<\/p>","protected":false},"featured_media":553,"comment_status":"open","ping_status":"closed","template":"","meta":[],"product_brand":[33],"product_cat":[23],"product_tag":[84,83],"class_list":{"0":"post-539","1":"product","2":"type-product","3":"status-publish","4":"has-post-thumbnail","6":"product_brand-jnr-vape","7":"product_cat-40000-puffs-vape","8":"product_tag-2-5-nicotine","9":"product_tag-21ml","11":"first","12":"instock","13":"sale","14":"shipping-taxable","15":"purchasable","16":"product-type-variable"},"yoast_head":"<!-- This site is optimized with the Yoast SEO plugin v25.7 - https:\/\/yoast.com\/wordpress\/plugins\/seo\/ -->\n<title>JNR MediaMax 40000 Puffs Disposable Vape 21ml 2% 5% Nicotine<\/title>\n<meta name=\"description\" content=\"JNR MediaMax 40000 Puffs Disposable Vape with 21ml e-liquid, 2% or 5% nicotine, and smart features like Bluetooth. Shop now for lasting flavor!\" \/>\n<meta name=\"robots\" content=\"index, follow, max-snippet:-1, max-image-preview:large, max-video-preview:-1\" \/>\n<link rel=\"canonical\" href=\"https:\/\/vapeenjoy.com\/pl\/produkt\/jnr-mediamax-40000-puffs-jednorazowe-waporyzator-21ml-2-5-nikotyna-inteligentne-funkcje\/\" \/>\n<meta property=\"og:locale\" content=\"pl_PL\" \/>\n<meta property=\"og:type\" content=\"article\" \/>\n<meta property=\"og:title\" content=\"JNR MediaMax 40000 Puffs Disposable Vape 21ml 2% 5% Nicotine\" \/>\n<meta property=\"og:description\" content=\"JNR MediaMax 40000 Puffs Disposable Vape with 21ml e-liquid, 2% or 5% nicotine, and smart features like Bluetooth. Shop now for lasting flavor!\" \/>\n<meta property=\"og:url\" content=\"https:\/\/vapeenjoy.com\/pl\/produkt\/jnr-mediamax-40000-puffs-jednorazowe-waporyzator-21ml-2-5-nikotyna-inteligentne-funkcje\/\" \/>\n<meta property=\"og:site_name\" content=\"vapeenjoy\" \/>\n<meta property=\"article:modified_time\" content=\"2025-08-18T09:02:05+00:00\" \/>\n<meta property=\"og:image\" content=\"https:\/\/vapeenjoy.com\/wp-content\/uploads\/2025\/07\/Mr.Goodie-40000-Puffs.png\" \/>\n\t<meta property=\"og:image:width\" content=\"800\" \/>\n\t<meta property=\"og:image:height\" content=\"800\" \/>\n\t<meta property=\"og:image:type\" content=\"image\/png\" \/>\n<meta name=\"twitter:card\" content=\"summary_large_image\" \/>\n<meta name=\"twitter:label1\" content=\"Szacowany czas czytania\" \/>\n\t<meta name=\"twitter:data1\" content=\"4 minuty\" \/>\n<script type=\"application\/ld+json\" class=\"yoast-schema-graph\">{\"@context\":\"https:\/\/schema.org\",\"@graph\":[{\"@type\":\"WebPage\",\"@id\":\"https:\/\/vapeenjoy.com\/product\/jnr-mediamax-40000-puffs-disposable-vape-21ml-2-5-nicotine-smart-features\/\",\"url\":\"https:\/\/vapeenjoy.com\/product\/jnr-mediamax-40000-puffs-disposable-vape-21ml-2-5-nicotine-smart-features\/\",\"name\":\"JNR MediaMax 40000 Puffs Disposable Vape 21ml 2% 5% Nicotine\",\"isPartOf\":{\"@id\":\"https:\/\/vapeenjoy.com\/#website\"},\"primaryImageOfPage\":{\"@id\":\"https:\/\/vapeenjoy.com\/product\/jnr-mediamax-40000-puffs-disposable-vape-21ml-2-5-nicotine-smart-features\/#primaryimage\"},\"image\":{\"@id\":\"https:\/\/vapeenjoy.com\/product\/jnr-mediamax-40000-puffs-disposable-vape-21ml-2-5-nicotine-smart-features\/#primaryimage\"},\"thumbnailUrl\":\"https:\/\/vapeenjoy.com\/wp-content\/uploads\/2025\/07\/Mr.Goodie-40000-Puffs.png\",\"datePublished\":\"2025-07-24T06:59:36+00:00\",\"dateModified\":\"2025-08-18T09:02:05+00:00\",\"description\":\"JNR MediaMax 40000 Puffs Disposable Vape with 21ml e-liquid, 2% or 5% nicotine, and smart features like Bluetooth. Shop now for lasting flavor!\",\"breadcrumb\":{\"@id\":\"https:\/\/vapeenjoy.com\/product\/jnr-mediamax-40000-puffs-disposable-vape-21ml-2-5-nicotine-smart-features\/#breadcrumb\"},\"inLanguage\":\"pl-PL\",\"potentialAction\":[{\"@type\":\"ReadAction\",\"target\":[\"https:\/\/vapeenjoy.com\/product\/jnr-mediamax-40000-puffs-disposable-vape-21ml-2-5-nicotine-smart-features\/\"]}]},{\"@type\":\"ImageObject\",\"inLanguage\":\"pl-PL\",\"@id\":\"https:\/\/vapeenjoy.com\/product\/jnr-mediamax-40000-puffs-disposable-vape-21ml-2-5-nicotine-smart-features\/#primaryimage\",\"url\":\"https:\/\/vapeenjoy.com\/wp-content\/uploads\/2025\/07\/Mr.Goodie-40000-Puffs.png\",\"contentUrl\":\"https:\/\/vapeenjoy.com\/wp-content\/uploads\/2025\/07\/Mr.Goodie-40000-Puffs.png\",\"width\":800,\"height\":800},{\"@type\":\"BreadcrumbList\",\"@id\":\"https:\/\/vapeenjoy.com\/product\/jnr-mediamax-40000-puffs-disposable-vape-21ml-2-5-nicotine-smart-features\/#breadcrumb\",\"itemListElement\":[{\"@type\":\"ListItem\",\"position\":1,\"name\":\"Home\",\"item\":\"https:\/\/vapeenjoy.com\/\"},{\"@type\":\"ListItem\",\"position\":2,\"name\":\"Shop\",\"item\":\"https:\/\/vapeenjoy.com\/vapeenjoy-shop\/\"},{\"@type\":\"ListItem\",\"position\":3,\"name\":\"JNR MediaMax 40000 Puffs Disposable Vape 21ml 2% 5% Nicotine Smart Features\"}]},{\"@type\":\"WebSite\",\"@id\":\"https:\/\/vapeenjoy.com\/#website\",\"url\":\"https:\/\/vapeenjoy.com\/\",\"name\":\"vapeenjoy\",\"description\":\"An online store for selling vapes\",\"potentialAction\":[{\"@type\":\"SearchAction\",\"target\":{\"@type\":\"EntryPoint\",\"urlTemplate\":\"https:\/\/vapeenjoy.com\/?s={search_term_string}\"},\"query-input\":{\"@type\":\"PropertyValueSpecification\",\"valueRequired\":true,\"valueName\":\"search_term_string\"}}],\"inLanguage\":\"pl-PL\"}]}<\/script>\n<!-- \/ Yoast SEO plugin. -->","yoast_head_json":{"title":"JNR MediaMax 40000 Puffs jednorazowe waporyzator 21ml 2% 5% Nikotyna","description":"JNR MediaMax 40000 Puffs jednorazowy waporyzator z 21 ml e-liquidu, 2% lub 5% Nikotyny i inteligentnych funkcji, takich jak Bluetooth. Kup teraz, aby uzyska\u0107 trwa\u0142y smak!","robots":{"index":"index","follow":"follow","max-snippet":"max-snippet:-1","max-image-preview":"max-image-preview:large","max-video-preview":"max-video-preview:-1"},"canonical":"https:\/\/vapeenjoy.com\/pl\/produkt\/jnr-mediamax-40000-puffs-jednorazowe-waporyzator-21ml-2-5-nikotyna-inteligentne-funkcje\/","og_locale":"pl_PL","og_type":"article","og_title":"JNR MediaMax 40000 Puffs Disposable Vape 21ml 2% 5% Nicotine","og_description":"JNR MediaMax 40000 Puffs Disposable Vape with 21ml e-liquid, 2% or 5% nicotine, and smart features like Bluetooth. Shop now for lasting flavor!","og_url":"https:\/\/vapeenjoy.com\/pl\/produkt\/jnr-mediamax-40000-puffs-jednorazowe-waporyzator-21ml-2-5-nikotyna-inteligentne-funkcje\/","og_site_name":"vapeenjoy","article_modified_time":"2025-08-18T09:02:05+00:00","og_image":[{"width":800,"height":800,"url":"https:\/\/vapeenjoy.com\/wp-content\/uploads\/2025\/07\/Mr.Goodie-40000-Puffs.png","type":"image\/png"}],"twitter_card":"summary_large_image","twitter_misc":{"Szacowany czas czytania":"4 minuty"},"schema":{"@context":"https:\/\/schema.org","@graph":[{"@type":"WebPage","@id":"https:\/\/vapeenjoy.com\/product\/jnr-mediamax-40000-puffs-disposable-vape-21ml-2-5-nicotine-smart-features\/","url":"https:\/\/vapeenjoy.com\/product\/jnr-mediamax-40000-puffs-disposable-vape-21ml-2-5-nicotine-smart-features\/","name":"JNR MediaMax 40000 Puffs jednorazowe waporyzator 21ml 2% 5% Nikotyna","isPartOf":{"@id":"https:\/\/vapeenjoy.com\/#website"},"primaryImageOfPage":{"@id":"https:\/\/vapeenjoy.com\/product\/jnr-mediamax-40000-puffs-disposable-vape-21ml-2-5-nicotine-smart-features\/#primaryimage"},"image":{"@id":"https:\/\/vapeenjoy.com\/product\/jnr-mediamax-40000-puffs-disposable-vape-21ml-2-5-nicotine-smart-features\/#primaryimage"},"thumbnailUrl":"https:\/\/vapeenjoy.com\/wp-content\/uploads\/2025\/07\/Mr.Goodie-40000-Puffs.png","datePublished":"2025-07-24T06:59:36+00:00","dateModified":"2025-08-18T09:02:05+00:00","description":"JNR MediaMax 40000 Puffs jednorazowy waporyzator z 21 ml e-liquidu, 2% lub 5% Nikotyny i inteligentnych funkcji, takich jak Bluetooth. Kup teraz, aby uzyska\u0107 trwa\u0142y smak!","breadcrumb":{"@id":"https:\/\/vapeenjoy.com\/product\/jnr-mediamax-40000-puffs-disposable-vape-21ml-2-5-nicotine-smart-features\/#breadcrumb"},"inLanguage":"pl-PL","potentialAction":[{"@type":"ReadAction","target":["https:\/\/vapeenjoy.com\/product\/jnr-mediamax-40000-puffs-disposable-vape-21ml-2-5-nicotine-smart-features\/"]}]},{"@type":"ImageObject","inLanguage":"pl-PL","@id":"https:\/\/vapeenjoy.com\/product\/jnr-mediamax-40000-puffs-disposable-vape-21ml-2-5-nicotine-smart-features\/#primaryimage","url":"https:\/\/vapeenjoy.com\/wp-content\/uploads\/2025\/07\/Mr.Goodie-40000-Puffs.png","contentUrl":"https:\/\/vapeenjoy.com\/wp-content\/uploads\/2025\/07\/Mr.Goodie-40000-Puffs.png","width":800,"height":800},{"@type":"BreadcrumbList","@id":"https:\/\/vapeenjoy.com\/product\/jnr-mediamax-40000-puffs-disposable-vape-21ml-2-5-nicotine-smart-features\/#breadcrumb","itemListElement":[{"@type":"ListItem","position":1,"name":"Home","item":"https:\/\/vapeenjoy.com\/"},{"@type":"ListItem","position":2,"name":"Shop","item":"https:\/\/vapeenjoy.com\/vapeenjoy-shop\/"},{"@type":"ListItem","position":3,"name":"JNR MediaMax 40000 Puffs Disposable Vape 21ml 2% 5% Nicotine Smart Features"}]},{"@type":"WebSite","@id":"https:\/\/vapeenjoy.com\/#website","url":"https:\/\/vapeenjoy.com\/","name":"skutkowaty","description":"Sklep internetowy do sprzeda\u017cy vapes","potentialAction":[{"@type":"SearchAction","target":{"@type":"EntryPoint","urlTemplate":"https:\/\/vapeenjoy.com\/?s={search_term_string}"},"query-input":{"@type":"PropertyValueSpecification","valueRequired":true,"valueName":"search_term_string"}}],"inLanguage":"pl-PL"}]}},"_links":{"self":[{"href":"https:\/\/vapeenjoy.com\/pl\/wp-json\/wp\/v2\/product\/539","targetHints":{"allow":["GET"]}}],"collection":[{"href":"https:\/\/vapeenjoy.com\/pl\/wp-json\/wp\/v2\/product"}],"about":[{"href":"https:\/\/vapeenjoy.com\/pl\/wp-json\/wp\/v2\/types\/product"}],"replies":[{"embeddable":true,"href":"https:\/\/vapeenjoy.com\/pl\/wp-json\/wp\/v2\/comments?post=539"}],"version-history":[{"count":3,"href":"https:\/\/vapeenjoy.com\/pl\/wp-json\/wp\/v2\/product\/539\/revisions"}],"predecessor-version":[{"id":2340,"href":"https:\/\/vapeenjoy.com\/pl\/wp-json\/wp\/v2\/product\/539\/revisions\/2340"}],"wp:featuredmedia":[{"embeddable":true,"href":"https:\/\/vapeenjoy.com\/pl\/wp-json\/wp\/v2\/media\/553"}],"wp:attachment":[{"href":"https:\/\/vapeenjoy.com\/pl\/wp-json\/wp\/v2\/media?parent=539"}],"wp:term":[{"taxonomy":"product_brand","embeddable":true,"href":"https:\/\/vapeenjoy.com\/pl\/wp-json\/wp\/v2\/product_brand?post=539"},{"taxonomy":"product_cat","embeddable":true,"href":"https:\/\/vapeenjoy.com\/pl\/wp-json\/wp\/v2\/product_cat?post=539"},{"taxonomy":"product_tag","embeddable":true,"href":"https:\/\/vapeenjoy.com\/pl\/wp-json\/wp\/v2\/product_tag?post=539"}],"curies":[{"name":"wp","href":"https:\/\/api.w.org\/{rel}","templated":true}]}}