{"id":565,"date":"2025-07-24T09:40:53","date_gmt":"2025-07-24T09:40:53","guid":{"rendered":"https:\/\/vapeenjoy.com\/?post_type=product&#038;p=565"},"modified":"2025-08-18T08:45:13","modified_gmt":"2025-08-18T08:45:13","slug":"elf-box-shisha-16000-puffs-disposable-vape-28ml-0-5-nicotine-adjustable-airflow","status":"publish","type":"product","link":"https:\/\/vapeenjoy.com\/pl\/produkt\/elf-box-shisha-16000-puffs-jednorazowe-waporyzator-28ml-0-5-nikotyna-regulowany-przeplyw-powietrza\/","title":{"rendered":"Elf Box Shisha 16000 Puffs jednorazowe wapory 28ml 0-5% nikotyna regulowany przep\u0142yw powietrza"},"content":{"rendered":"<h2 dir=\"ltr\" data-pm-slice=\"1 3 []\">Elf Box Shisha 16000 Puffs jednorazowe waporyzator Opis produktu<\/h2>\n<p dir=\"ltr\">Elf Box, zaufana nazwa w bran\u017cy vaping, s\u0142ynie z niezawodnych i aromatycznych urz\u0105dze\u0144. W szczeg\u00f3lno\u015bci, jednorazowe waporyzatory Elf Box Shisha 16000 Puffs oferuj\u0105 imponuj\u0105c\u0105 liczb\u0119 zaci\u0105gni\u0119\u0107 i du\u017c\u0105 pojemno\u015b\u0107 e-liquid\u00f3w. Dzi\u0119ki temu u\u017cytkownikom zapewnia to d\u0142ugotrwa\u0142\u0105 przyjemno\u015b\u0107. Ponadto, os\u0142oni\u0119te eleganckim, sk\u00f3rzanym wyko\u0144czeniem, urz\u0105dzenie \u0142\u0105czy praktyczno\u015b\u0107 z wyrafinowaniem. Dlatego jest to idealny wyb\u00f3r do wygodnego vapingu na wynos.<\/p>\n<h2 dir=\"ltr\">Specyfikacje<\/h2>\n<ul class=\"tight\" dir=\"ltr\" data-tight=\"true\">\n<li>\n<p dir=\"ltr\"><strong>Liczba zaci\u0105gni\u0119\u0107<\/strong>: 16 000 Puffs \u2013 dostarcza do 16 000 zaci\u0105gni\u0119\u0107, zapewniaj\u0105c w ten spos\u00f3b rozszerzone u\u017cycie bez cz\u0119stych zamiennik\u00f3w.<\/p>\n<\/li>\n<li>\n<p dir=\"ltr\"><strong>Pojemno\u015b\u0107 e-liquid\u00f3w<\/strong>: 28ml \u2013 Du\u017cy 28ml zbiornik pozwala na przed\u0142u\u017cone sesje wapowania.<\/p>\n<\/li>\n<li>\n<p dir=\"ltr\"><strong>Si\u0142a nikotyny<\/strong>: 0%, 2%, 3%, 5% \u2013 oferuje wiele poziom\u00f3w nikotyny, wi\u0119c u\u017cytkownicy mog\u0105 wybiera\u0107 w zale\u017cno\u015bci od preferencji.<\/p>\n<\/li>\n<li>\n<p dir=\"ltr\"><strong>Pojemno\u015b\u0107 baterii<\/strong>: 600 mAh \u2013 Zasilany bateri\u0105 600 mAh zapewnia sta\u0142\u0105 wydajno\u015b\u0107.<\/p>\n<\/li>\n<li>\n<p dir=\"ltr\"><strong>Typ cewki<\/strong>: cewka siatka 0,6ohm \u2013 wzmacnia smak i wytwarza g\u0142adk\u0105 par\u0119 dzi\u0119ki wysokiej jako\u015bci konstrukcji.<\/p>\n<\/li>\n<li>\n<p dir=\"ltr\"><strong>Port \u0142adowania<\/strong>: Type-C \u2013 posiada port typu C, umo\u017cliwiaj\u0105c w ten spos\u00f3b szybkie i wydajne \u0142adowanie.<\/p>\n<\/li>\n<li>\n<p dir=\"ltr\"><strong>przelotny powietrze<\/strong>: Regulowany \u2013 umo\u017cliwia personalizacj\u0119 losowania, dzi\u0119ki czemu mo\u017cesz dostosowa\u0107 go do swoich upodoba\u0144.<\/p>\n<\/li>\n<li>\n<p dir=\"ltr\"><strong>manifest<\/strong>: Ekran LED - pokazuje \u017cywotno\u015b\u0107 baterii w czasie rzeczywistym i stan wapowania dla \u0142atwego monitorowania.<\/p>\n<\/li>\n<li>\n<p dir=\"ltr\"><strong>system wag<\/strong>: 85g \u2013 Lekki wa\u017cy 85 gram\u00f3w, dzi\u0119ki czemu jest bardzo przeno\u015bny.<\/p>\n<\/li>\n<\/ul>\n<h2 dir=\"ltr\">12 opcji smakowych<\/h2>\n<ol class=\"tight\" dir=\"ltr\" data-tight=\"true\">\n<li>\n<p dir=\"ltr\"><strong>niebieski razz l\u00f3d<\/strong> \u2013 Od\u015bwie\u017caj\u0105ca mieszanka Blue Raspberry z ch\u0142odnym wyko\u0144czeniem mentolowym.<\/p>\n<\/li>\n<li>\n<p dir=\"ltr\"><strong>l\u00f3d truskawkowy<\/strong> \u2013 S\u0142odkie truskawki z chrupi\u0105cym, lodowatym akcentem dla zr\u00f3wnowa\u017conego waporyzowania.<\/p>\n<\/li>\n<li>\n<p dir=\"ltr\"><strong>l\u00f3d brzoskwiniowy<\/strong> \u2013 Soczysty smak brzoskwiniowy, uzupe\u0142niony ch\u0142odnym mentolowym odcieniem.<\/p>\n<\/li>\n<li>\n<p dir=\"ltr\"><strong>marakuja kiwi<\/strong> \u2013 Pikantna tropikalna mieszanka kiwi i marakuje.<\/p>\n<\/li>\n<li>\n<p dir=\"ltr\"><strong>l\u00f3d je\u017cynowy<\/strong> \u2013 Rich Blackberry nut z mro\u017anym wydechem, aby odwa\u017cy\u0107 si\u0119 odwa\u017cnie.<\/p>\n<\/li>\n<li>\n<p dir=\"ltr\"><strong>podw\u00f3jne jab\u0142ko<\/strong> \u2013 Smak jab\u0142kowy inspirowany szisz\u0105, oferuj\u0105cy r\u00f3wnowag\u0119 ze s\u0142odk\u0105 tart\u0105.<\/p>\n<\/li>\n<li>\n<p dir=\"ltr\"><strong>Lush lodu<\/strong> \u2013 S\u0142odko\u015b\u0107 arbuza w po\u0142\u0105czeniu z fajnym mentolowym kopni\u0119ciem.<\/p>\n<\/li>\n<li>\n<p dir=\"ltr\"><strong>l\u00f3d winog<\/strong> \u2013 Odwa\u017cny smak winogron z orze\u017awiaj\u0105cym, lodowym akcentem.<\/p>\n<\/li>\n<li>\n<p dir=\"ltr\"><strong>Wi\u015bnia malina<\/strong> \u2013 \u017bywy duet z tarta wi\u015bni i s\u0142odkiej maliny.<\/p>\n<\/li>\n<li>\n<p dir=\"ltr\"><strong>Arbuz truskawkowy<\/strong> \u2013 Soczyste po\u0142\u0105czenie truskawek i arbuza.<\/p>\n<\/li>\n<li>\n<p dir=\"ltr\"><strong>Ananas brzoskwiniowy mango<\/strong> \u2013 Tropikalna mieszanka brzoskwini, mango i ananasa.<\/p>\n<\/li>\n<li>\n<p dir=\"ltr\"><strong>Mieszane jagody<\/strong> \u2013 Wspania\u0142a mieszanka truskawek, jag\u00f3d, malin i je\u017cyn.<\/p>\n<\/li>\n<\/ol>\n<h2 dir=\"ltr\">Cz\u0119sto zadawane pytania<\/h2>\n<ol class=\"tight\" dir=\"ltr\" data-tight=\"true\">\n<li>\n<p dir=\"ltr\"><strong>Jaka jest liczba zaci\u0105gni\u0119\u0107?<\/strong><br \/>\nUrz\u0105dzenie dostarcza do 16 000 zaci\u0105gni\u0119\u0107, zapewniaj\u0105c w ten spos\u00f3b d\u0142ugotrwa\u0142e u\u017cytkowanie.<\/p>\n<\/li>\n<li>\n<p dir=\"ltr\"><strong>Jakie mocne strony nikotyny s\u0105 dost\u0119pne?<\/strong><br \/>\nDost\u0119pne w 0%, 2%, 3% i 5%, wi\u0119c spe\u0142nia r\u00f3\u017cne preferencje.<\/p>\n<\/li>\n<li>\n<p dir=\"ltr\"><strong>Czy bateria jest \u0142adowana?<\/strong><br \/>\nTak, bateria 600 mAh \u0142aduje si\u0119 przez port typu C dla wygody.<\/p>\n<\/li>\n<li>\n<p dir=\"ltr\"><strong>Czy mog\u0119 regulowa\u0107 przep\u0142yw powietrza?<\/strong><br \/>\nRzeczywi\u015bcie, regulowany przep\u0142yw powietrza pozwala dostosowa\u0107 rysowanie waporyzacji.<\/p>\n<\/li>\n<li>\n<p dir=\"ltr\"><strong>Sk\u0105d mam wiedzie\u0107, kiedy do\u0142adowa\u0107?<\/strong><br \/>\nWy\u015bwietlacz LED pokazuje \u017cywotno\u015b\u0107 baterii w czasie rzeczywistym, wi\u0119c monitorowanie jest \u0142atwe.<\/p>\n<\/li>\n<li>\n<p dir=\"ltr\"><strong>Jak wybra\u0107 odpowiedni smak?<\/strong><br \/>\nAby uzyska\u0107 s\u0142odkie i tropikalne nuty, spr\u00f3buj ananasa z truskawkami z arbuza lub brzoskwiniowego mango. Alternatywnie, aby uzyska\u0107 mentolowy hit, wybierz Blue Razz Ice lub Lush Ice. Na koniec, aby uzyska\u0107 klasyczny smak shishy, wybierz podw\u00f3jne jab\u0142ko.<\/p>\n<\/li>\n<li>\n<p dir=\"ltr\"><strong>Co sprawia, \u017ce cewka z siatki jest wyj\u0105tkowa?<\/strong><br \/>\nCewka z siatki 0,6 om\u00f3w wzmacnia smak i zapewnia g\u0142adk\u0105 par\u0119, poprawiaj\u0105c w ten spos\u00f3b ka\u017cde zaci\u0105gni\u0119cie.<\/p>\n<\/li>\n<\/ol>\n<h2><img fetchpriority=\"high\" decoding=\"async\" class=\"alignnone wp-image-568 size-full\" style=\"color: #333333; font-size: 16px;\" src=\"https:\/\/vapeenjoy.com\/wp-content\/uploads\/2025\/07\/ELF-BOX-SHISHA-16000-scaled.webp\" alt=\"Elf Box Shisha 16000 Puffs jednorazowe smaki waporyzacyjne\" width=\"2560\" height=\"2560\" srcset=\"https:\/\/vapeenjoy.com\/wp-content\/uploads\/2025\/07\/ELF-BOX-SHISHA-16000-scaled.webp 2560w, https:\/\/vapeenjoy.com\/wp-content\/uploads\/2025\/07\/ELF-BOX-SHISHA-16000-300x300.webp 300w, https:\/\/vapeenjoy.com\/wp-content\/uploads\/2025\/07\/ELF-BOX-SHISHA-16000-scaled-600x600.webp 600w, https:\/\/vapeenjoy.com\/wp-content\/uploads\/2025\/07\/ELF-BOX-SHISHA-16000-1024x1024.webp 1024w, https:\/\/vapeenjoy.com\/wp-content\/uploads\/2025\/07\/ELF-BOX-SHISHA-16000-150x150.webp 150w, https:\/\/vapeenjoy.com\/wp-content\/uploads\/2025\/07\/ELF-BOX-SHISHA-16000-768x768.webp 768w, https:\/\/vapeenjoy.com\/wp-content\/uploads\/2025\/07\/ELF-BOX-SHISHA-16000-1536x1536.webp 1536w, https:\/\/vapeenjoy.com\/wp-content\/uploads\/2025\/07\/ELF-BOX-SHISHA-16000-2048x2048.webp 2048w\" sizes=\"(max-width: 2560px) 100vw, 2560px\" \/><\/h2>","protected":false},"excerpt":{"rendered":"<p>Elf Box, zaufana nazwa w Vaping, przedstawia jednorazowy waporyzator Shisha 16000 Puffs. Dzi\u0119ki pojemno\u015bci 28 ml e-liquid, akumulatorowi 600 mAh i opcji nikotyny 0-5%, urz\u0105dzenie to zapewnia d\u0142ugotrwa\u0142\u0105 wydajno\u015b\u0107. Wyposa\u017cony w cewk\u0119 z siatki 0,6 ohm, regulowany przep\u0142yw powietrza i wy\u015bwietlacz LED, zapewnia bogate smaki w eleganckim, przeno\u015bnym designie.<\/p>","protected":false},"featured_media":569,"comment_status":"open","ping_status":"closed","template":"","meta":[],"product_brand":[51],"product_cat":[34],"product_tag":[64,68,82],"class_list":{"0":"post-565","1":"product","2":"type-product","3":"status-publish","4":"has-post-thumbnail","6":"product_brand-elf-box-vape","7":"product_cat-16000-puffs-vape","8":"product_tag-0-5-nicotine","9":"product_tag-28ml","10":"product_tag-adjustable-airflow","12":"first","13":"instock","14":"sale","15":"shipping-taxable","16":"purchasable","17":"product-type-variable"},"yoast_head":"<!-- This site is optimized with the Yoast SEO plugin v25.7 - https:\/\/yoast.com\/wordpress\/plugins\/seo\/ -->\n<title>ELF BOX Shisha 16000 Puffs Disposable Vape 28ml 0-5% Nicotine<\/title>\n<meta name=\"description\" content=\"ELF BOX Shisha 16000 Puffs Disposable Vape: 28ml, 0-5% nicotine, adjustable airflow. Enjoy long-lasting flavor and smooth vaping. Shop now!\" \/>\n<meta name=\"robots\" content=\"index, follow, max-snippet:-1, max-image-preview:large, max-video-preview:-1\" \/>\n<link rel=\"canonical\" href=\"https:\/\/vapeenjoy.com\/pl\/produkt\/elf-box-shisha-16000-puffs-jednorazowe-waporyzator-28ml-0-5-nikotyna-regulowany-przeplyw-powietrza\/\" \/>\n<meta property=\"og:locale\" content=\"pl_PL\" \/>\n<meta property=\"og:type\" content=\"article\" \/>\n<meta property=\"og:title\" content=\"ELF BOX Shisha 16000 Puffs Disposable Vape 28ml 0-5% Nicotine\" \/>\n<meta property=\"og:description\" content=\"ELF BOX Shisha 16000 Puffs Disposable Vape: 28ml, 0-5% nicotine, adjustable airflow. Enjoy long-lasting flavor and smooth vaping. Shop now!\" \/>\n<meta property=\"og:url\" content=\"https:\/\/vapeenjoy.com\/pl\/produkt\/elf-box-shisha-16000-puffs-jednorazowe-waporyzator-28ml-0-5-nikotyna-regulowany-przeplyw-powietrza\/\" \/>\n<meta property=\"og:site_name\" content=\"vapeenjoy\" \/>\n<meta property=\"article:modified_time\" content=\"2025-08-18T08:45:13+00:00\" \/>\n<meta property=\"og:image\" content=\"https:\/\/vapeenjoy.com\/wp-content\/uploads\/2025\/07\/ELF-BOX-SHISHA-16000_Cherry-Raspberry.jpg\" \/>\n\t<meta property=\"og:image:width\" content=\"1000\" \/>\n\t<meta property=\"og:image:height\" content=\"1000\" \/>\n\t<meta property=\"og:image:type\" content=\"image\/jpeg\" \/>\n<meta name=\"twitter:card\" content=\"summary_large_image\" \/>\n<meta name=\"twitter:label1\" content=\"Szacowany czas czytania\" \/>\n\t<meta name=\"twitter:data1\" content=\"3 minuty\" \/>\n<script type=\"application\/ld+json\" class=\"yoast-schema-graph\">{\"@context\":\"https:\/\/schema.org\",\"@graph\":[{\"@type\":\"WebPage\",\"@id\":\"https:\/\/vapeenjoy.com\/product\/elf-box-shisha-16000-puffs-disposable-vape-28ml-0-5-nicotine-adjustable-airflow\/\",\"url\":\"https:\/\/vapeenjoy.com\/product\/elf-box-shisha-16000-puffs-disposable-vape-28ml-0-5-nicotine-adjustable-airflow\/\",\"name\":\"ELF BOX Shisha 16000 Puffs Disposable Vape 28ml 0-5% Nicotine\",\"isPartOf\":{\"@id\":\"https:\/\/vapeenjoy.com\/#website\"},\"primaryImageOfPage\":{\"@id\":\"https:\/\/vapeenjoy.com\/product\/elf-box-shisha-16000-puffs-disposable-vape-28ml-0-5-nicotine-adjustable-airflow\/#primaryimage\"},\"image\":{\"@id\":\"https:\/\/vapeenjoy.com\/product\/elf-box-shisha-16000-puffs-disposable-vape-28ml-0-5-nicotine-adjustable-airflow\/#primaryimage\"},\"thumbnailUrl\":\"https:\/\/vapeenjoy.com\/wp-content\/uploads\/2025\/07\/ELF-BOX-SHISHA-16000_Cherry-Raspberry.jpg\",\"datePublished\":\"2025-07-24T09:40:53+00:00\",\"dateModified\":\"2025-08-18T08:45:13+00:00\",\"description\":\"ELF BOX Shisha 16000 Puffs Disposable Vape: 28ml, 0-5% nicotine, adjustable airflow. Enjoy long-lasting flavor and smooth vaping. Shop now!\",\"breadcrumb\":{\"@id\":\"https:\/\/vapeenjoy.com\/product\/elf-box-shisha-16000-puffs-disposable-vape-28ml-0-5-nicotine-adjustable-airflow\/#breadcrumb\"},\"inLanguage\":\"pl-PL\",\"potentialAction\":[{\"@type\":\"ReadAction\",\"target\":[\"https:\/\/vapeenjoy.com\/product\/elf-box-shisha-16000-puffs-disposable-vape-28ml-0-5-nicotine-adjustable-airflow\/\"]}]},{\"@type\":\"ImageObject\",\"inLanguage\":\"pl-PL\",\"@id\":\"https:\/\/vapeenjoy.com\/product\/elf-box-shisha-16000-puffs-disposable-vape-28ml-0-5-nicotine-adjustable-airflow\/#primaryimage\",\"url\":\"https:\/\/vapeenjoy.com\/wp-content\/uploads\/2025\/07\/ELF-BOX-SHISHA-16000_Cherry-Raspberry.jpg\",\"contentUrl\":\"https:\/\/vapeenjoy.com\/wp-content\/uploads\/2025\/07\/ELF-BOX-SHISHA-16000_Cherry-Raspberry.jpg\",\"width\":1000,\"height\":1000},{\"@type\":\"BreadcrumbList\",\"@id\":\"https:\/\/vapeenjoy.com\/product\/elf-box-shisha-16000-puffs-disposable-vape-28ml-0-5-nicotine-adjustable-airflow\/#breadcrumb\",\"itemListElement\":[{\"@type\":\"ListItem\",\"position\":1,\"name\":\"Home\",\"item\":\"https:\/\/vapeenjoy.com\/\"},{\"@type\":\"ListItem\",\"position\":2,\"name\":\"Shop\",\"item\":\"https:\/\/vapeenjoy.com\/vapeenjoy-shop\/\"},{\"@type\":\"ListItem\",\"position\":3,\"name\":\"ELF BOX Shisha 16000 Puffs Disposable Vape 28ml 0-5% Nicotine Adjustable Airflow\"}]},{\"@type\":\"WebSite\",\"@id\":\"https:\/\/vapeenjoy.com\/#website\",\"url\":\"https:\/\/vapeenjoy.com\/\",\"name\":\"vapeenjoy\",\"description\":\"An online store for selling vapes\",\"potentialAction\":[{\"@type\":\"SearchAction\",\"target\":{\"@type\":\"EntryPoint\",\"urlTemplate\":\"https:\/\/vapeenjoy.com\/?s={search_term_string}\"},\"query-input\":{\"@type\":\"PropertyValueSpecification\",\"valueRequired\":true,\"valueName\":\"search_term_string\"}}],\"inLanguage\":\"pl-PL\"}]}<\/script>\n<!-- \/ Yoast SEO plugin. -->","yoast_head_json":{"title":"Elf Box Shisha 16000 Puffy jednorazowe waporyzator 28ml 0-5% Nikotyna","description":"Elf Box Shisha 16000 Puffs Jednorazowe waporyzator: 28 ml, 0-5% Nikotyna, regulowany przep\u0142yw powietrza. Ciesz si\u0119 d\u0142ugotrwa\u0142ym smakiem i g\u0142adk\u0105 waporyzacj\u0105. Kupuj teraz!","robots":{"index":"index","follow":"follow","max-snippet":"max-snippet:-1","max-image-preview":"max-image-preview:large","max-video-preview":"max-video-preview:-1"},"canonical":"https:\/\/vapeenjoy.com\/pl\/produkt\/elf-box-shisha-16000-puffs-jednorazowe-waporyzator-28ml-0-5-nikotyna-regulowany-przeplyw-powietrza\/","og_locale":"pl_PL","og_type":"article","og_title":"ELF BOX Shisha 16000 Puffs Disposable Vape 28ml 0-5% Nicotine","og_description":"ELF BOX Shisha 16000 Puffs Disposable Vape: 28ml, 0-5% nicotine, adjustable airflow. Enjoy long-lasting flavor and smooth vaping. Shop now!","og_url":"https:\/\/vapeenjoy.com\/pl\/produkt\/elf-box-shisha-16000-puffs-jednorazowe-waporyzator-28ml-0-5-nikotyna-regulowany-przeplyw-powietrza\/","og_site_name":"vapeenjoy","article_modified_time":"2025-08-18T08:45:13+00:00","og_image":[{"width":1000,"height":1000,"url":"https:\/\/vapeenjoy.com\/wp-content\/uploads\/2025\/07\/ELF-BOX-SHISHA-16000_Cherry-Raspberry.jpg","type":"image\/jpeg"}],"twitter_card":"summary_large_image","twitter_misc":{"Szacowany czas czytania":"3 minuty"},"schema":{"@context":"https:\/\/schema.org","@graph":[{"@type":"WebPage","@id":"https:\/\/vapeenjoy.com\/product\/elf-box-shisha-16000-puffs-disposable-vape-28ml-0-5-nicotine-adjustable-airflow\/","url":"https:\/\/vapeenjoy.com\/product\/elf-box-shisha-16000-puffs-disposable-vape-28ml-0-5-nicotine-adjustable-airflow\/","name":"Elf Box Shisha 16000 Puffy jednorazowe waporyzator 28ml 0-5% Nikotyna","isPartOf":{"@id":"https:\/\/vapeenjoy.com\/#website"},"primaryImageOfPage":{"@id":"https:\/\/vapeenjoy.com\/product\/elf-box-shisha-16000-puffs-disposable-vape-28ml-0-5-nicotine-adjustable-airflow\/#primaryimage"},"image":{"@id":"https:\/\/vapeenjoy.com\/product\/elf-box-shisha-16000-puffs-disposable-vape-28ml-0-5-nicotine-adjustable-airflow\/#primaryimage"},"thumbnailUrl":"https:\/\/vapeenjoy.com\/wp-content\/uploads\/2025\/07\/ELF-BOX-SHISHA-16000_Cherry-Raspberry.jpg","datePublished":"2025-07-24T09:40:53+00:00","dateModified":"2025-08-18T08:45:13+00:00","description":"Elf Box Shisha 16000 Puffs Jednorazowe waporyzator: 28 ml, 0-5% Nikotyna, regulowany przep\u0142yw powietrza. Ciesz si\u0119 d\u0142ugotrwa\u0142ym smakiem i g\u0142adk\u0105 waporyzacj\u0105. Kupuj teraz!","breadcrumb":{"@id":"https:\/\/vapeenjoy.com\/product\/elf-box-shisha-16000-puffs-disposable-vape-28ml-0-5-nicotine-adjustable-airflow\/#breadcrumb"},"inLanguage":"pl-PL","potentialAction":[{"@type":"ReadAction","target":["https:\/\/vapeenjoy.com\/product\/elf-box-shisha-16000-puffs-disposable-vape-28ml-0-5-nicotine-adjustable-airflow\/"]}]},{"@type":"ImageObject","inLanguage":"pl-PL","@id":"https:\/\/vapeenjoy.com\/product\/elf-box-shisha-16000-puffs-disposable-vape-28ml-0-5-nicotine-adjustable-airflow\/#primaryimage","url":"https:\/\/vapeenjoy.com\/wp-content\/uploads\/2025\/07\/ELF-BOX-SHISHA-16000_Cherry-Raspberry.jpg","contentUrl":"https:\/\/vapeenjoy.com\/wp-content\/uploads\/2025\/07\/ELF-BOX-SHISHA-16000_Cherry-Raspberry.jpg","width":1000,"height":1000},{"@type":"BreadcrumbList","@id":"https:\/\/vapeenjoy.com\/product\/elf-box-shisha-16000-puffs-disposable-vape-28ml-0-5-nicotine-adjustable-airflow\/#breadcrumb","itemListElement":[{"@type":"ListItem","position":1,"name":"Home","item":"https:\/\/vapeenjoy.com\/"},{"@type":"ListItem","position":2,"name":"Shop","item":"https:\/\/vapeenjoy.com\/vapeenjoy-shop\/"},{"@type":"ListItem","position":3,"name":"ELF BOX Shisha 16000 Puffs Disposable Vape 28ml 0-5% Nicotine Adjustable Airflow"}]},{"@type":"WebSite","@id":"https:\/\/vapeenjoy.com\/#website","url":"https:\/\/vapeenjoy.com\/","name":"skutkowaty","description":"Sklep internetowy do sprzeda\u017cy vapes","potentialAction":[{"@type":"SearchAction","target":{"@type":"EntryPoint","urlTemplate":"https:\/\/vapeenjoy.com\/?s={search_term_string}"},"query-input":{"@type":"PropertyValueSpecification","valueRequired":true,"valueName":"search_term_string"}}],"inLanguage":"pl-PL"}]}},"_links":{"self":[{"href":"https:\/\/vapeenjoy.com\/pl\/wp-json\/wp\/v2\/product\/565","targetHints":{"allow":["GET"]}}],"collection":[{"href":"https:\/\/vapeenjoy.com\/pl\/wp-json\/wp\/v2\/product"}],"about":[{"href":"https:\/\/vapeenjoy.com\/pl\/wp-json\/wp\/v2\/types\/product"}],"replies":[{"embeddable":true,"href":"https:\/\/vapeenjoy.com\/pl\/wp-json\/wp\/v2\/comments?post=565"}],"version-history":[{"count":3,"href":"https:\/\/vapeenjoy.com\/pl\/wp-json\/wp\/v2\/product\/565\/revisions"}],"predecessor-version":[{"id":2336,"href":"https:\/\/vapeenjoy.com\/pl\/wp-json\/wp\/v2\/product\/565\/revisions\/2336"}],"wp:featuredmedia":[{"embeddable":true,"href":"https:\/\/vapeenjoy.com\/pl\/wp-json\/wp\/v2\/media\/569"}],"wp:attachment":[{"href":"https:\/\/vapeenjoy.com\/pl\/wp-json\/wp\/v2\/media?parent=565"}],"wp:term":[{"taxonomy":"product_brand","embeddable":true,"href":"https:\/\/vapeenjoy.com\/pl\/wp-json\/wp\/v2\/product_brand?post=565"},{"taxonomy":"product_cat","embeddable":true,"href":"https:\/\/vapeenjoy.com\/pl\/wp-json\/wp\/v2\/product_cat?post=565"},{"taxonomy":"product_tag","embeddable":true,"href":"https:\/\/vapeenjoy.com\/pl\/wp-json\/wp\/v2\/product_tag?post=565"}],"curies":[{"name":"wp","href":"https:\/\/api.w.org\/{rel}","templated":true}]}}