{"id":608,"date":"2025-07-25T07:24:30","date_gmt":"2025-07-25T07:24:30","guid":{"rendered":"https:\/\/vapeenjoy.com\/?post_type=product&#038;p=608"},"modified":"2025-08-18T08:08:21","modified_gmt":"2025-08-18T08:08:21","slug":"mesii-couple-50k-puffs-3-in-1-flavor-disposable-vape-40ml-0-5","status":"publish","type":"product","link":"https:\/\/vapeenjoy.com\/pl\/produkt\/mesii-couple-50k-puffs-3-w-1-smaku-jednorazowe-vape-40ml-0-5\/","title":{"rendered":"Mesii para 50k puffs 3 w 1 smaki jednorazowe vape 40ml 0-5% nikotyna"},"content":{"rendered":"<h2>Mesii Couple 50K Puffs 3-w-1 jednorazowe waporyzatory o smaku Opis produktu<\/h2>\n<p dir=\"auto\">Mesii, zaufana marka vaping, oferuje wysokiej jako\u015bci urz\u0105dzenia jednorazowe, kt\u00f3re skupiaj\u0105 si\u0119 na wygodzie i smaku. Mesii Couple 50K Puffs 3-in-1 jednorazowe waporyzatory o smaku 40 ml zapewniaj\u0105 d\u0142ugotrwa\u0142e rozwi\u0105zanie do wapowania. Ergonomiczny design z krystalicznym wyko\u0144czeniem jest atrakcyjny wizualnie i wygodny. Ponadto kompaktowy rozmiar zapewnia przeno\u015bno\u015b\u0107, a system smakowy 3 w 1 umo\u017cliwia u\u017cytkownikom prze\u0142\u0105czanie si\u0119 mi\u0119dzy dwoma smakami lub mieszan\u0105 mieszank\u0105. Na przyk\u0142ad prosty prze\u0142\u0105cznik lub przycisk umo\u017cliwia bezproblemowe przej\u015bcia smakowe, zapewniaj\u0105c dynamiczne waporyzowanie.<\/p>\n<h2 dir=\"auto\"><strong>Parametry jednorazowe vape 50k PUFFS Specyfikacje jednorazowe waporyzatorzy<\/strong><\/h2>\n<ul dir=\"auto\">\n<li><strong>Liczba zaci\u0105gni\u0119\u0107<\/strong>: 50 000 PUFFS do przed\u0142u\u017conego u\u017cytkowania bez cz\u0119stych zamiennik\u00f3w.<\/li>\n<li><strong>Pojemno\u015b\u0107 e-liquid\u00f3w<\/strong>: 40 ml zbiornik zapewnia sp\u00f3jne dostarczanie smaku.<\/li>\n<li><strong>Si\u0142a nikotyny<\/strong>: 0%, 2%, 3%, 5% Opcje pasuj\u0105 do r\u00f3\u017cnych preferencji.<\/li>\n<li><strong>Pojemno\u015b\u0107 baterii<\/strong>: 1000 mAh akumulator zapewnia niezawodn\u0105 wydajno\u015b\u0107.<\/li>\n<li><strong>Typ cewki<\/strong>: Podw\u00f3jne cewki siatkowe zwi\u0119kszaj\u0105 smak i wydajno\u015b\u0107 pary.<\/li>\n<li><strong>Prze\u0142\u0105czanie smakowe<\/strong>: System 3 w 1 umo\u017cliwia prze\u0142\u0105czanie mi\u0119dzy smakami lub mieszank\u0105.<\/li>\n<li><strong>Port \u0142adowania<\/strong>: USB-C zapewnia szybkie i wygodne \u0142adowanie.<\/li>\n<li><strong>manifest<\/strong>: Ekran LED Smart pokazuje bateri\u0119, liczb\u0119 zaci\u0105gni\u0119\u0107 i wyb\u00f3r smaku.<\/li>\n<li><strong>przelotny powietrze<\/strong>: Regulowany dla dostosowanych ciasnych lub przewiewnych rysunk\u00f3w.<\/li>\n<li><strong>wymiary<\/strong>: 90 mm x 40 mm x 20 mm dla przenoszenia i komfortu.<\/li>\n<\/ul>\n<h2 dir=\"auto\"><strong>10 unikalnych kombinacji smakowych<\/strong><\/h2>\n<ol dir=\"auto\">\n<li><strong>Lody z arbuza i truskawek Kiwi<\/strong>: sch\u0142odzony arbuz ze s\u0142odko-cierpkim truskawk\u0105-kiwi.<\/li>\n<li><strong>Mi\u0119ta limonkowa i truskawkowy arbuz<\/strong>: Zesty limonka-mi\u0119ta spotyka soczyste truskawkowe arbuzy.<\/li>\n<li><strong>Lody jagodowe i l\u00f3d arbuzowy<\/strong>: Fajny jagodowy i chrupi\u0105cy arbuz z mro\u017anym finiszem.<\/li>\n<li><strong>Soczysty brzoskwinia i kwa\u015bny ananas z mango<\/strong>: S\u0142odka brzoskwinia z pikantnym mango-ananasem.<\/li>\n<li><strong>Red Bull &amp; Cherry Cola<\/strong>: Enerizuj\u0105cy Red Bull w po\u0142\u0105czeniu z Fizzy Cherry Cola.<\/li>\n<li><strong>Blue Razz Ice i cytryna limonka<\/strong>: Tarta Niebieska Malina z Cytrusowym Cytryn\u0105-Lime.<\/li>\n<li><strong>Ice wi\u015bniowe i potr\u00f3jny l\u00f3d melonowy<\/strong>: S\u0142odka wi\u015bnia i melon Trio z ch\u0142odnym ostrzem.<\/li>\n<li><strong>Dwa l\u00f3d jab\u0142kowy i l\u00f3d brzoskwiniowy<\/strong>: Chrupi\u0105ce jab\u0142ka i sch\u0142odzona brzoskwinia z mro\u017an\u0105 nut\u0105.<\/li>\n<li><strong>Lod winogronowy i winogrona z czarnej po<\/strong>: lodowe winogrono o bogatym smaku czarnej porzeczki.<\/li>\n<li><strong>Mieszane jagody i truskawka<\/strong>: Dojrza\u0142e jagody zmieszane ze s\u0142odkimi truskawkami.<\/li>\n<\/ol>\n<h2 dir=\"auto\"><strong>Cz\u0119sto zadawane pytania<\/strong><\/h2>\n<ol dir=\"auto\">\n<li><strong>Co to jest para Mesii 50k vape PUFFS?<\/strong><br \/>\nMesii Couple 50K Puffs to jednorazowe waporyzator z 50 000 zaci\u0105gni\u0119\u0107, 40 ml e-liquidu i system smakowy 3 w 1 do prze\u0142\u0105czania lub mieszania smak\u00f3w.<\/li>\n<li><strong>Jak dzia\u0142a system smakowy 3 w 1?<\/strong><br \/>\nU\u017cytkownicy prze\u0142\u0105czaj\u0105 si\u0119 mi\u0119dzy dwoma smakami lub mieszank\u0105 za pomoc\u0105 prze\u0142\u0105cznika lub przycisku, z ekranem LED pokazuj\u0105cym tryb.<\/li>\n<li><strong>Jak d\u0142ugo dzia\u0142a urz\u0105dzenie?<\/strong><br \/>\nZ 50 000 zaci\u0105gni\u0119\u0107 i bateri\u0105 1000 mAh, kt\u00f3ra dzia\u0142a od tygodni do miesi\u0119cy, w zale\u017cno\u015bci od u\u017cycia.<\/li>\n<li><strong>Jak wybra\u0107 kombinacj\u0119 smak\u00f3w?<\/strong><br \/>\nNa przyk\u0142ad wybierz owocowy arbuzowy l\u00f3d i truskawkowy kiwi, aby uzyska\u0107 orze\u017awiaj\u0105cy waporyzator lub Red Bull &amp; Cherry Cola, aby uzyska\u0107 odwa\u017cny smak. Wypr\u00f3buj r\u00f3\u017cne opcje, aby znale\u017a\u0107 sw\u00f3j ulubiony.<\/li>\n<li><strong>Jak wybra\u0107 si\u0142\u0119 nikotyny?<\/strong><br \/>\nWybierz 0% dla bez nikotyny, 2% lub 3% dla \u0142agodnego do umiarkowanego lub 5% dla silnych trafie\u0144 w zale\u017cno\u015bci od preferencji.<\/li>\n<li><strong>Czy mog\u0119 na\u0142adowa\u0107 vape?<\/strong><br \/>\nTak, port USB-C umo\u017cliwia \u0142adowanie baterii 1000 mAh do czasu wyczerpania e-liquidu.<\/li>\n<li><strong>Jak dzia\u0142a regulowany przep\u0142yw powietrza?<\/strong><br \/>\nDostosuj rysowanie, przesuwaj\u0105c lub obracaj\u0105c mechanizm, aby uzyska\u0107 cia\u015bniejsze lub bardziej przewiewne wra\u017cenia.<\/li>\n<\/ol>\n<p><img fetchpriority=\"high\" decoding=\"async\" class=\"alignnone wp-image-612 size-full\" src=\"https:\/\/vapeenjoy.com\/wp-content\/uploads\/2025\/07\/\u53e3\u5473\u6d77\u62a5-scaled.jpg\" alt=\"Mesii Couple 50K Puffs 3 w 1 Smaki jednorazowe smaki waporyzacyjne\" width=\"1810\" height=\"2560\" srcset=\"https:\/\/vapeenjoy.com\/wp-content\/uploads\/2025\/07\/\u53e3\u5473\u6d77\u62a5-scaled.jpg 1810w, https:\/\/vapeenjoy.com\/wp-content\/uploads\/2025\/07\/\u53e3\u5473\u6d77\u62a5-scaled-600x849.jpg 600w, https:\/\/vapeenjoy.com\/wp-content\/uploads\/2025\/07\/\u53e3\u5473\u6d77\u62a5-212x300.jpg 212w, https:\/\/vapeenjoy.com\/wp-content\/uploads\/2025\/07\/\u53e3\u5473\u6d77\u62a5-724x1024.jpg 724w, https:\/\/vapeenjoy.com\/wp-content\/uploads\/2025\/07\/\u53e3\u5473\u6d77\u62a5-768x1086.jpg 768w, https:\/\/vapeenjoy.com\/wp-content\/uploads\/2025\/07\/\u53e3\u5473\u6d77\u62a5-1086x1536.jpg 1086w, https:\/\/vapeenjoy.com\/wp-content\/uploads\/2025\/07\/\u53e3\u5473\u6d77\u62a5-1448x2048.jpg 1448w\" sizes=\"(max-width: 1810px) 100vw, 1810px\" \/><\/p>","protected":false},"excerpt":{"rendered":"<p>Mesii, zaufana marka waporyzuj\u0105ca, przedstawia jednorazowe waporyzator Mesii Couple 50K Puffs 3 w 1 o smaku 40 ml. To eleganckie urz\u0105dzenie oferuje 50 000 zaci\u0105gni\u0119\u0107, 40 ml e-liquidu, nikotyn\u0119 0-5% i system smakowy 3 w 1 do prze\u0142\u0105czania lub mieszania smak\u00f3w. \u0141adowarka przez USB-C, zawiera inteligentny ekran LED i regulowany przep\u0142yw powietrza do spersonalizowanej sesji wapowania.<\/p>","protected":false},"featured_media":613,"comment_status":"open","ping_status":"closed","template":"","meta":[],"product_brand":[55],"product_cat":[21],"product_tag":[64,73,77],"class_list":{"0":"post-608","1":"product","2":"type-product","3":"status-publish","4":"has-post-thumbnail","6":"product_brand-mesii-disposable-vape","7":"product_cat-50000-puffs-vape","8":"product_tag-0-5-nicotine","9":"product_tag-3-in-1-flavors","10":"product_tag-40ml","12":"first","13":"instock","14":"sale","15":"shipping-taxable","16":"purchasable","17":"product-type-variable"},"yoast_head":"<!-- This site is optimized with the Yoast SEO plugin v25.7 - https:\/\/yoast.com\/wordpress\/plugins\/seo\/ -->\n<title>Mesii Couple 50K Puffs 3-in-1 Flavors Disposable Vape 40ml<\/title>\n<meta name=\"description\" content=\"Mesii Couple 50K Puffs Disposable Vape offers 3-in-1 flavors, 40ml e-liquid, and 0-5% nicotine. With 50,000 puffs and an 800mAh battery, shop now!\" \/>\n<meta name=\"robots\" content=\"index, follow, max-snippet:-1, max-image-preview:large, max-video-preview:-1\" \/>\n<link rel=\"canonical\" href=\"https:\/\/vapeenjoy.com\/pl\/produkt\/mesii-couple-50k-puffs-3-w-1-smaku-jednorazowe-vape-40ml-0-5\/\" \/>\n<meta property=\"og:locale\" content=\"pl_PL\" \/>\n<meta property=\"og:type\" content=\"article\" \/>\n<meta property=\"og:title\" content=\"Mesii Couple 50K Puffs 3-in-1 Flavors Disposable Vape 40ml\" \/>\n<meta property=\"og:description\" content=\"Mesii Couple 50K Puffs Disposable Vape offers 3-in-1 flavors, 40ml e-liquid, and 0-5% nicotine. With 50,000 puffs and an 800mAh battery, shop now!\" \/>\n<meta property=\"og:url\" content=\"https:\/\/vapeenjoy.com\/pl\/produkt\/mesii-couple-50k-puffs-3-w-1-smaku-jednorazowe-vape-40ml-0-5\/\" \/>\n<meta property=\"og:site_name\" content=\"vapeenjoy\" \/>\n<meta property=\"article:modified_time\" content=\"2025-08-18T08:08:21+00:00\" \/>\n<meta property=\"og:image\" content=\"https:\/\/vapeenjoy.com\/wp-content\/uploads\/2025\/07\/01\u53e3\u5473v1.jpg\" \/>\n\t<meta property=\"og:image:width\" content=\"1000\" \/>\n\t<meta property=\"og:image:height\" content=\"1000\" \/>\n\t<meta property=\"og:image:type\" content=\"image\/jpeg\" \/>\n<meta name=\"twitter:card\" content=\"summary_large_image\" \/>\n<meta name=\"twitter:label1\" content=\"Szacowany czas czytania\" \/>\n\t<meta name=\"twitter:data1\" content=\"3 minuty\" \/>\n<script type=\"application\/ld+json\" class=\"yoast-schema-graph\">{\"@context\":\"https:\/\/schema.org\",\"@graph\":[{\"@type\":\"WebPage\",\"@id\":\"https:\/\/vapeenjoy.com\/product\/mesii-couple-50k-puffs-3-in-1-flavor-disposable-vape-40ml-0-5\/\",\"url\":\"https:\/\/vapeenjoy.com\/product\/mesii-couple-50k-puffs-3-in-1-flavor-disposable-vape-40ml-0-5\/\",\"name\":\"Mesii Couple 50K Puffs 3-in-1 Flavors Disposable Vape 40ml\",\"isPartOf\":{\"@id\":\"https:\/\/vapeenjoy.com\/#website\"},\"primaryImageOfPage\":{\"@id\":\"https:\/\/vapeenjoy.com\/product\/mesii-couple-50k-puffs-3-in-1-flavor-disposable-vape-40ml-0-5\/#primaryimage\"},\"image\":{\"@id\":\"https:\/\/vapeenjoy.com\/product\/mesii-couple-50k-puffs-3-in-1-flavor-disposable-vape-40ml-0-5\/#primaryimage\"},\"thumbnailUrl\":\"https:\/\/vapeenjoy.com\/wp-content\/uploads\/2025\/07\/01\u53e3\u5473v1.jpg\",\"datePublished\":\"2025-07-25T07:24:30+00:00\",\"dateModified\":\"2025-08-18T08:08:21+00:00\",\"description\":\"Mesii Couple 50K Puffs Disposable Vape offers 3-in-1 flavors, 40ml e-liquid, and 0-5% nicotine. With 50,000 puffs and an 800mAh battery, shop now!\",\"breadcrumb\":{\"@id\":\"https:\/\/vapeenjoy.com\/product\/mesii-couple-50k-puffs-3-in-1-flavor-disposable-vape-40ml-0-5\/#breadcrumb\"},\"inLanguage\":\"pl-PL\",\"potentialAction\":[{\"@type\":\"ReadAction\",\"target\":[\"https:\/\/vapeenjoy.com\/product\/mesii-couple-50k-puffs-3-in-1-flavor-disposable-vape-40ml-0-5\/\"]}]},{\"@type\":\"ImageObject\",\"inLanguage\":\"pl-PL\",\"@id\":\"https:\/\/vapeenjoy.com\/product\/mesii-couple-50k-puffs-3-in-1-flavor-disposable-vape-40ml-0-5\/#primaryimage\",\"url\":\"https:\/\/vapeenjoy.com\/wp-content\/uploads\/2025\/07\/01\u53e3\u5473v1.jpg\",\"contentUrl\":\"https:\/\/vapeenjoy.com\/wp-content\/uploads\/2025\/07\/01\u53e3\u5473v1.jpg\",\"width\":1000,\"height\":1000},{\"@type\":\"BreadcrumbList\",\"@id\":\"https:\/\/vapeenjoy.com\/product\/mesii-couple-50k-puffs-3-in-1-flavor-disposable-vape-40ml-0-5\/#breadcrumb\",\"itemListElement\":[{\"@type\":\"ListItem\",\"position\":1,\"name\":\"Home\",\"item\":\"https:\/\/vapeenjoy.com\/\"},{\"@type\":\"ListItem\",\"position\":2,\"name\":\"Shop\",\"item\":\"https:\/\/vapeenjoy.com\/vapeenjoy-shop\/\"},{\"@type\":\"ListItem\",\"position\":3,\"name\":\"Mesii Couple 50K Puffs 3-in-1 Flavors Disposable Vape 40ml 0-5% Nicotine\"}]},{\"@type\":\"WebSite\",\"@id\":\"https:\/\/vapeenjoy.com\/#website\",\"url\":\"https:\/\/vapeenjoy.com\/\",\"name\":\"vapeenjoy\",\"description\":\"An online store for selling vapes\",\"potentialAction\":[{\"@type\":\"SearchAction\",\"target\":{\"@type\":\"EntryPoint\",\"urlTemplate\":\"https:\/\/vapeenjoy.com\/?s={search_term_string}\"},\"query-input\":{\"@type\":\"PropertyValueSpecification\",\"valueRequired\":true,\"valueName\":\"search_term_string\"}}],\"inLanguage\":\"pl-PL\"}]}<\/script>\n<!-- \/ Yoast SEO plugin. -->","yoast_head_json":{"title":"Mesii para 50K Puffs 3 w 1 Smaki jednorazowe waporyzator 40ml","description":"Mesii Couple 50K Puffs jednorazowe waporyzatory oferuje smaki 3 w 1, 40 ml e-liquidu i nikotyn\u0119 0-5%. Z 50 000 zaci\u0105gni\u0119\u0107 i bateri\u0105 800 mAh, kup teraz!","robots":{"index":"index","follow":"follow","max-snippet":"max-snippet:-1","max-image-preview":"max-image-preview:large","max-video-preview":"max-video-preview:-1"},"canonical":"https:\/\/vapeenjoy.com\/pl\/produkt\/mesii-couple-50k-puffs-3-w-1-smaku-jednorazowe-vape-40ml-0-5\/","og_locale":"pl_PL","og_type":"article","og_title":"Mesii Couple 50K Puffs 3-in-1 Flavors Disposable Vape 40ml","og_description":"Mesii Couple 50K Puffs Disposable Vape offers 3-in-1 flavors, 40ml e-liquid, and 0-5% nicotine. With 50,000 puffs and an 800mAh battery, shop now!","og_url":"https:\/\/vapeenjoy.com\/pl\/produkt\/mesii-couple-50k-puffs-3-w-1-smaku-jednorazowe-vape-40ml-0-5\/","og_site_name":"vapeenjoy","article_modified_time":"2025-08-18T08:08:21+00:00","og_image":[{"width":1000,"height":1000,"url":"https:\/\/vapeenjoy.com\/wp-content\/uploads\/2025\/07\/01\u53e3\u5473v1.jpg","type":"image\/jpeg"}],"twitter_card":"summary_large_image","twitter_misc":{"Szacowany czas czytania":"3 minuty"},"schema":{"@context":"https:\/\/schema.org","@graph":[{"@type":"WebPage","@id":"https:\/\/vapeenjoy.com\/product\/mesii-couple-50k-puffs-3-in-1-flavor-disposable-vape-40ml-0-5\/","url":"https:\/\/vapeenjoy.com\/product\/mesii-couple-50k-puffs-3-in-1-flavor-disposable-vape-40ml-0-5\/","name":"Mesii para 50K Puffs 3 w 1 Smaki jednorazowe waporyzator 40ml","isPartOf":{"@id":"https:\/\/vapeenjoy.com\/#website"},"primaryImageOfPage":{"@id":"https:\/\/vapeenjoy.com\/product\/mesii-couple-50k-puffs-3-in-1-flavor-disposable-vape-40ml-0-5\/#primaryimage"},"image":{"@id":"https:\/\/vapeenjoy.com\/product\/mesii-couple-50k-puffs-3-in-1-flavor-disposable-vape-40ml-0-5\/#primaryimage"},"thumbnailUrl":"https:\/\/vapeenjoy.com\/wp-content\/uploads\/2025\/07\/01\u53e3\u5473v1.jpg","datePublished":"2025-07-25T07:24:30+00:00","dateModified":"2025-08-18T08:08:21+00:00","description":"Mesii Couple 50K Puffs jednorazowe waporyzatory oferuje smaki 3 w 1, 40 ml e-liquidu i nikotyn\u0119 0-5%. Z 50 000 zaci\u0105gni\u0119\u0107 i bateri\u0105 800 mAh, kup teraz!","breadcrumb":{"@id":"https:\/\/vapeenjoy.com\/product\/mesii-couple-50k-puffs-3-in-1-flavor-disposable-vape-40ml-0-5\/#breadcrumb"},"inLanguage":"pl-PL","potentialAction":[{"@type":"ReadAction","target":["https:\/\/vapeenjoy.com\/product\/mesii-couple-50k-puffs-3-in-1-flavor-disposable-vape-40ml-0-5\/"]}]},{"@type":"ImageObject","inLanguage":"pl-PL","@id":"https:\/\/vapeenjoy.com\/product\/mesii-couple-50k-puffs-3-in-1-flavor-disposable-vape-40ml-0-5\/#primaryimage","url":"https:\/\/vapeenjoy.com\/wp-content\/uploads\/2025\/07\/01\u53e3\u5473v1.jpg","contentUrl":"https:\/\/vapeenjoy.com\/wp-content\/uploads\/2025\/07\/01\u53e3\u5473v1.jpg","width":1000,"height":1000},{"@type":"BreadcrumbList","@id":"https:\/\/vapeenjoy.com\/product\/mesii-couple-50k-puffs-3-in-1-flavor-disposable-vape-40ml-0-5\/#breadcrumb","itemListElement":[{"@type":"ListItem","position":1,"name":"Home","item":"https:\/\/vapeenjoy.com\/"},{"@type":"ListItem","position":2,"name":"Shop","item":"https:\/\/vapeenjoy.com\/vapeenjoy-shop\/"},{"@type":"ListItem","position":3,"name":"Mesii Couple 50K Puffs 3-in-1 Flavors Disposable Vape 40ml 0-5% Nicotine"}]},{"@type":"WebSite","@id":"https:\/\/vapeenjoy.com\/#website","url":"https:\/\/vapeenjoy.com\/","name":"skutkowaty","description":"Sklep internetowy do sprzeda\u017cy vapes","potentialAction":[{"@type":"SearchAction","target":{"@type":"EntryPoint","urlTemplate":"https:\/\/vapeenjoy.com\/?s={search_term_string}"},"query-input":{"@type":"PropertyValueSpecification","valueRequired":true,"valueName":"search_term_string"}}],"inLanguage":"pl-PL"}]}},"_links":{"self":[{"href":"https:\/\/vapeenjoy.com\/pl\/wp-json\/wp\/v2\/product\/608","targetHints":{"allow":["GET"]}}],"collection":[{"href":"https:\/\/vapeenjoy.com\/pl\/wp-json\/wp\/v2\/product"}],"about":[{"href":"https:\/\/vapeenjoy.com\/pl\/wp-json\/wp\/v2\/types\/product"}],"replies":[{"embeddable":true,"href":"https:\/\/vapeenjoy.com\/pl\/wp-json\/wp\/v2\/comments?post=608"}],"version-history":[{"count":4,"href":"https:\/\/vapeenjoy.com\/pl\/wp-json\/wp\/v2\/product\/608\/revisions"}],"predecessor-version":[{"id":2320,"href":"https:\/\/vapeenjoy.com\/pl\/wp-json\/wp\/v2\/product\/608\/revisions\/2320"}],"wp:featuredmedia":[{"embeddable":true,"href":"https:\/\/vapeenjoy.com\/pl\/wp-json\/wp\/v2\/media\/613"}],"wp:attachment":[{"href":"https:\/\/vapeenjoy.com\/pl\/wp-json\/wp\/v2\/media?parent=608"}],"wp:term":[{"taxonomy":"product_brand","embeddable":true,"href":"https:\/\/vapeenjoy.com\/pl\/wp-json\/wp\/v2\/product_brand?post=608"},{"taxonomy":"product_cat","embeddable":true,"href":"https:\/\/vapeenjoy.com\/pl\/wp-json\/wp\/v2\/product_cat?post=608"},{"taxonomy":"product_tag","embeddable":true,"href":"https:\/\/vapeenjoy.com\/pl\/wp-json\/wp\/v2\/product_tag?post=608"}],"curies":[{"name":"wp","href":"https:\/\/api.w.org\/{rel}","templated":true}]}}