{"id":619,"date":"2025-07-25T09:10:38","date_gmt":"2025-07-25T09:10:38","guid":{"rendered":"https:\/\/vapeenjoy.com\/?post_type=product&#038;p=619"},"modified":"2025-08-18T08:08:04","modified_gmt":"2025-08-18T08:08:04","slug":"zooy-triple-70000-puffs-3-in-1-flavor-disposable-vape","status":"publish","type":"product","link":"https:\/\/vapeenjoy.com\/pl\/produkt\/zooy-triple-70000-puffs-3-w-1-jednorazowe-waporyzator\/","title":{"rendered":"Zooy Triple 70000 Puffs 3 w 1 Smaki Jednorazowe Vape 54ml 0-5% Nikotyna"},"content":{"rendered":"<h2>Zooy Triple 70000 Puffs jednorazowe wapory Opis produktu<\/h2>\n<p dir=\"auto\">Zooy, znany innowator wapowania z Shenzhen w Chinach, konsekwentnie zapewnia jako\u015b\u0107 i wygod\u0119 dzi\u0119ki jednorazowym waporyzatorom. W szczeg\u00f3lno\u015bci jednorazowe waporyzatory Zooy Triple 70000 Puffs 3 w 1 zapewniaj\u0105 r\u00f3\u017cnorodne wapie\u017cniki o du\u017cej pojemno\u015bci i aromatyczne wra\u017cenia dla vaper\u00f3w poszukuj\u0105cych r\u00f3\u017cnorodno\u015bci. Ponadto jego elegancki, kompaktowy design wygodnie le\u017cy w d\u0142oni. Dodatkowo \u017cywy wy\u015bwietlacz LED wyra\u017anie pokazuje poziom baterii i e-liquid, zapewniaj\u0105c \u0142atwe monitorowanie.<\/p>\n<h3 dir=\"auto\">Zooy Triple 70000 Puffs jednorazowe dane techniczne<\/h3>\n<ul dir=\"auto\">\n<li><strong>\u015bci\u0105ganie<\/strong>: 70 000 \u2013 Co ciekawe, oferuje to rozszerzon\u0105 waporyzacj\u0119, zmniejszaj\u0105c cz\u0119stotliwo\u015b\u0107 wymiany.<\/li>\n<li><strong>Pojemno\u015b\u0107 e-liquid\u00f3w<\/strong>: 54 ml \u2013 W szczeg\u00f3lno\u015bci trzy zbiorniki o pojemno\u015bci 18 ml, ka\u017cdy o wyra\u017anym smaku, umo\u017cliwiaj\u0105 bezproblemowe prze\u0142\u0105czanie.<\/li>\n<li><strong>Si\u0142a nikotyny<\/strong>: 0%, 2%, 3%, 5% \u2013 W konsekwencji u\u017cytkownicy mog\u0105 wybra\u0107 preferowan\u0105 si\u0142\u0119, od nikotyny do mocnych trafie\u0144.<\/li>\n<li><strong>bateryjny<\/strong>: 650 mAh \u2013 Co wi\u0119cej, mo\u017cna go \u0142adowa\u0107 za pomoc\u0105 typu C, zapewniaj\u0105c niezawodn\u0105 moc.<\/li>\n<li><strong>cewka<\/strong>: Cewka potr\u00f3jna siatkowa \u2013 co wa\u017cne, zwi\u0119ksza smak i konsystencj\u0119 par we wszystkich smakach.<\/li>\n<li><strong>Port \u0142adowania<\/strong>: Typ-C \u2013 W rezultacie szybkie, odwracalne \u0142adowanie minimalizuje przestoje.<\/li>\n<li><strong>manifest<\/strong>: Ekran LED \u2013 dla wi\u0119kszej wygody pokazuje poziomy baterii i e-liquid w czasie rzeczywistym.<\/li>\n<li><strong>przelotny powietrze<\/strong>: Regulacja \u2013 dzi\u0119ki temu u\u017cytkownicy mog\u0105 dostosowa\u0107 op\u00f3r rysowania, aby uzyska\u0107 dostosowane doznania.<\/li>\n<\/ul>\n<h3 dir=\"auto\">12 unikalnych kombinacji smakowych<\/h3>\n<ol dir=\"auto\">\n<li><strong>Arbuz i cytryna Limonka i wi\u015bnia Cola<\/strong> \u2013 Najpierw soczysty arbuz \u0142\u0105czy si\u0119 z pikantn\u0105 cytrynow\u0105 limonk\u0105 i fizzy wi\u015bniow\u0105 col\u0105.<\/li>\n<li><strong>Truskawkowy Arbuz i Jagoda Lod i Mi\u0142o\u015b\u0107 666<\/strong> \u2013 Nast\u0119pnie s\u0142odkie truskawkowe arbuzy z ch\u0142odnym lodem jagodowym i tajemnicz\u0105 mi\u0142o\u015bci\u0105 666.<\/li>\n<li><strong>Truskawkowe Kiwi i Arbuz Lodowy i Red Bull<\/strong> \u2013 Dodatkowo pikantny truskawkowy kiwi \u0142\u0105czy si\u0119 z sch\u0142odzonym arbuzem i energetyzuj\u0105cym kopni\u0119ciem Red Bulla.<\/li>\n<li><strong>Potr\u00f3jny melon i truskawkowy arbuz i cytryna brzoskwinia<\/strong> \u2013 Tymczasem trio melonowe \u0142\u0105czy si\u0119 ze s\u0142odkim arbuzem truskawkowym i tart\u0105 cytrynow\u0105 brzoskwini\u0105.<\/li>\n<li><strong>Mr. Blue &amp; Truskawka Banan i Cytryna Limonka<\/strong> \u2013 Podobnie, Bold Blue Raspberry \u0142\u0105czy kremowy banan truskawkowy i chrupi\u0105ce limonki cytrynowe.<\/li>\n<li><strong>Mieszane jagody i truskawka cola waniliowa i cytrynowa cola<\/strong> \u2013 Bogate mieszane jagody mieszaj\u0105 si\u0119 ze s\u0142odk\u0105 truskawkow\u0105 col\u0105 waniliow\u0105 i pikantn\u0105 col\u0105 cytrynow\u0105.<\/li>\n<li><strong>Truskawkowy l\u00f3d i cytryna mi\u0119ta i marakuja cytryna<\/strong> \u2013 Co wi\u0119cej, sch\u0142odzona truskawka, orze\u017awiaj\u0105ca mi\u0119ta cytrynowa i tropikalna cytryna marakuj\u0105 o\u017cywion\u0105.<\/li>\n<li><strong>Jagoda Bubblegum &amp; Love 666 i truskawkowe Kiwi<\/strong> \u2013 Natomiast nostalgiczne bor\u00f3wki z gum\u0105 do \u017cucia z enigmatyczn\u0105 mi\u0142o\u015bci\u0105 666 i pikantnym truskawkowym kiwi.<\/li>\n<li><strong>R\u00f3\u017cowa lemoniada i truskawka malinowa wi\u015bnia i jagoda l\u00f3d<\/strong> \u2013 Podobnie tarta r\u00f3\u017cowa lemoniada uzupe\u0142nia s\u0142odk\u0105 truskawkow\u0105 wi\u015bnia malinow\u0105 i ch\u0142odny l\u00f3d jagodowy.<\/li>\n<li><strong>Mango Ice i aloes winogrona i marakuja kiwi<\/strong> \u2013 Wreszcie, Icy Mango \u0142\u0105czy si\u0119 z koj\u0105cym winogronem aloesowym i egzotycznymi kiwi marakuj\u0105.<\/li>\n<\/ol>\n<h3 dir=\"auto\">Cz\u0119sto zadawane pytania<\/h3>\n<ol dir=\"auto\">\n<li><strong>Co to jest waporyzator zooy 30000 PUFFS?<\/strong><br \/>\nW szczeg\u00f3lno\u015bci jest to jednorazowy waporyzator z 54 ml e-liquidem, oferuj\u0105cy do 70 000 zaci\u0105gni\u0119\u0107 i system smakowy 3 w 1.<\/li>\n<li><strong>Jak dzia\u0142a system smakowy 3 w 1?<\/strong><br \/>\nWarto zauwa\u017cy\u0107, \u017ce trzy zbiorniki o pojemno\u015bci 18 ml, ka\u017cdy o wyj\u0105tkowym smaku, umo\u017cliwiaj\u0105 prze\u0142\u0105czanie bez mieszania.<\/li>\n<li><strong>Jak wybra\u0107 odpowiedni\u0105 kombinacj\u0119 smak\u00f3w?<\/strong><br \/>\nNa przyk\u0142ad owocowe mieszanki, takie jak truskawkowy arbuz i jagodowy l\u00f3d, garniturowe s\u0142odkie zachcianki, a cytryna z mi\u0119ty i marakui oferuje orze\u017awienie. Dlatego przetestuj kombinacje, aby znale\u017a\u0107 sw\u00f3j ulubiony.<\/li>\n<li><strong>Czy si\u0142a nikotyny jest regulowana?<\/strong><br \/>\nTak, rzeczywi\u015bcie, opcje 0%, 2%, 3% i 5% spe\u0142niaj\u0105 r\u00f3\u017cne preferencje.<\/li>\n<li><strong>Jak d\u0142ugo dzia\u0142a bateria?<\/strong><br \/>\nW konsekwencji bateria 650 mAh, \u0142adowana przez Type-C, wytrzymuje przez tysi\u0105ce zaci\u0105gni\u0119\u0107.<\/li>\n<li><strong>Czy mog\u0119 regulowa\u0107 przep\u0142yw powietrza?<\/strong><br \/>\nAbsolutnie regulowany przep\u0142yw powietrza pozwala dostosowa\u0107 op\u00f3r rysowania.<\/li>\n<li><strong>Sk\u0105d mam wiedzie\u0107, kiedy na\u0142adowa\u0107 lub wymieni\u0107?<\/strong><br \/>\nWygodnie, ekran LED wy\u015bwietla poziomy baterii i e-liquid, ostrzegaj\u0105c, gdy konieczne jest ponowne na\u0142adowanie lub wymiana.<\/li>\n<\/ol>\n<p><img fetchpriority=\"high\" decoding=\"async\" class=\"alignnone wp-image-622 size-full\" src=\"https:\/\/vapeenjoy.com\/wp-content\/uploads\/2025\/07\/Zooy70000-\u83dc\u5355\u5408\u96c6\u6d77\u62a5--scaled.jpg\" alt=\"Zooy Triple 70000 Puffs 3 w 1 Smaki jednorazowe smaki waporyzacyjne\" width=\"1314\" height=\"2560\" srcset=\"https:\/\/vapeenjoy.com\/wp-content\/uploads\/2025\/07\/Zooy70000-\u83dc\u5355\u5408\u96c6\u6d77\u62a5--scaled.jpg 1314w, https:\/\/vapeenjoy.com\/wp-content\/uploads\/2025\/07\/Zooy70000-\u83dc\u5355\u5408\u96c6\u6d77\u62a5--scaled-600x1169.jpg 600w, https:\/\/vapeenjoy.com\/wp-content\/uploads\/2025\/07\/Zooy70000-\u83dc\u5355\u5408\u96c6\u6d77\u62a5--154x300.jpg 154w, https:\/\/vapeenjoy.com\/wp-content\/uploads\/2025\/07\/Zooy70000-\u83dc\u5355\u5408\u96c6\u6d77\u62a5--526x1024.jpg 526w, https:\/\/vapeenjoy.com\/wp-content\/uploads\/2025\/07\/Zooy70000-\u83dc\u5355\u5408\u96c6\u6d77\u62a5--768x1496.jpg 768w, https:\/\/vapeenjoy.com\/wp-content\/uploads\/2025\/07\/Zooy70000-\u83dc\u5355\u5408\u96c6\u6d77\u62a5--789x1536.jpg 789w, https:\/\/vapeenjoy.com\/wp-content\/uploads\/2025\/07\/Zooy70000-\u83dc\u5355\u5408\u96c6\u6d77\u62a5--1051x2048.jpg 1051w\" sizes=\"(max-width: 1314px) 100vw, 1314px\" \/><\/p>","protected":false},"excerpt":{"rendered":"<p>Zooy, zaufana marka wapowania z Shenzhen w Chinach, prezentuje jednorazowe waporyzator o smaku 3 w 1 Zooy Triple 70000 Puffs 3 w 1. To urz\u0105dzenie o pojemno\u015bci 54 ml oferuje do 70 000 zaci\u0105gni\u0119\u0107, trzy prze\u0142\u0105czane smaki, opcje nikotyny 0-5%, akumulator o pojemno\u015bci 850 mAh i cewk\u0119 z potr\u00f3jn\u0105 siatk\u0105 dla bogatego smaku. Dzi\u0119ki wy\u015bwietlaczowi LED i regulowanemu przep\u0142ywowi powietrza zapewnia d\u0142ugotrwa\u0142\u0105, konfigurowaln\u0105 waporyzacj\u0119.<\/p>","protected":false},"featured_media":623,"comment_status":"open","ping_status":"closed","template":"","meta":[],"product_brand":[46],"product_cat":[43],"product_tag":[64,73,79],"class_list":{"0":"post-619","1":"product","2":"type-product","3":"status-publish","4":"has-post-thumbnail","6":"product_brand-zooy-vape","7":"product_cat-70000-puffs-vape","8":"product_tag-0-5-nicotine","9":"product_tag-3-in-1-flavors","10":"product_tag-54ml","12":"first","13":"instock","14":"sale","15":"shipping-taxable","16":"purchasable","17":"product-type-variable"},"yoast_head":"<!-- This site is optimized with the Yoast SEO plugin v25.7 - https:\/\/yoast.com\/wordpress\/plugins\/seo\/ -->\n<title>ZOOY Triple 70000 Puffs 3-in-1 Flavors Disposable Vape 54ml<\/title>\n<meta name=\"description\" content=\"ZOOY Triple 70000 Puffs Disposable Vape: 54mL, 0-5% nicotine, 3-in-1 flavors, triple mesh coils, 650mAh battery. Shop now for a lasting vape!\" \/>\n<meta name=\"robots\" content=\"index, follow, max-snippet:-1, max-image-preview:large, max-video-preview:-1\" \/>\n<link rel=\"canonical\" href=\"https:\/\/vapeenjoy.com\/pl\/produkt\/zooy-triple-70000-puffs-3-w-1-jednorazowe-waporyzator\/\" \/>\n<meta property=\"og:locale\" content=\"pl_PL\" \/>\n<meta property=\"og:type\" content=\"article\" \/>\n<meta property=\"og:title\" content=\"ZOOY Triple 70000 Puffs 3-in-1 Flavors Disposable Vape 54ml\" \/>\n<meta property=\"og:description\" content=\"ZOOY Triple 70000 Puffs Disposable Vape: 54mL, 0-5% nicotine, 3-in-1 flavors, triple mesh coils, 650mAh battery. Shop now for a lasting vape!\" \/>\n<meta property=\"og:url\" content=\"https:\/\/vapeenjoy.com\/pl\/produkt\/zooy-triple-70000-puffs-3-w-1-jednorazowe-waporyzator\/\" \/>\n<meta property=\"og:site_name\" content=\"vapeenjoy\" \/>\n<meta property=\"article:modified_time\" content=\"2025-08-18T08:08:04+00:00\" \/>\n<meta property=\"og:image\" content=\"https:\/\/vapeenjoy.com\/wp-content\/uploads\/2025\/07\/01.jpg\" \/>\n\t<meta property=\"og:image:width\" content=\"2000\" \/>\n\t<meta property=\"og:image:height\" content=\"2000\" \/>\n\t<meta property=\"og:image:type\" content=\"image\/jpeg\" \/>\n<meta name=\"twitter:card\" content=\"summary_large_image\" \/>\n<meta name=\"twitter:label1\" content=\"Szacowany czas czytania\" \/>\n\t<meta name=\"twitter:data1\" content=\"3 minuty\" \/>\n<script type=\"application\/ld+json\" class=\"yoast-schema-graph\">{\"@context\":\"https:\/\/schema.org\",\"@graph\":[{\"@type\":\"WebPage\",\"@id\":\"https:\/\/vapeenjoy.com\/product\/zooy-triple-70000-puffs-3-in-1-flavor-disposable-vape\/\",\"url\":\"https:\/\/vapeenjoy.com\/product\/zooy-triple-70000-puffs-3-in-1-flavor-disposable-vape\/\",\"name\":\"ZOOY Triple 70000 Puffs 3-in-1 Flavors Disposable Vape 54ml\",\"isPartOf\":{\"@id\":\"https:\/\/vapeenjoy.com\/#website\"},\"primaryImageOfPage\":{\"@id\":\"https:\/\/vapeenjoy.com\/product\/zooy-triple-70000-puffs-3-in-1-flavor-disposable-vape\/#primaryimage\"},\"image\":{\"@id\":\"https:\/\/vapeenjoy.com\/product\/zooy-triple-70000-puffs-3-in-1-flavor-disposable-vape\/#primaryimage\"},\"thumbnailUrl\":\"https:\/\/vapeenjoy.com\/wp-content\/uploads\/2025\/07\/01.jpg\",\"datePublished\":\"2025-07-25T09:10:38+00:00\",\"dateModified\":\"2025-08-18T08:08:04+00:00\",\"description\":\"ZOOY Triple 70000 Puffs Disposable Vape: 54mL, 0-5% nicotine, 3-in-1 flavors, triple mesh coils, 650mAh battery. Shop now for a lasting vape!\",\"breadcrumb\":{\"@id\":\"https:\/\/vapeenjoy.com\/product\/zooy-triple-70000-puffs-3-in-1-flavor-disposable-vape\/#breadcrumb\"},\"inLanguage\":\"pl-PL\",\"potentialAction\":[{\"@type\":\"ReadAction\",\"target\":[\"https:\/\/vapeenjoy.com\/product\/zooy-triple-70000-puffs-3-in-1-flavor-disposable-vape\/\"]}]},{\"@type\":\"ImageObject\",\"inLanguage\":\"pl-PL\",\"@id\":\"https:\/\/vapeenjoy.com\/product\/zooy-triple-70000-puffs-3-in-1-flavor-disposable-vape\/#primaryimage\",\"url\":\"https:\/\/vapeenjoy.com\/wp-content\/uploads\/2025\/07\/01.jpg\",\"contentUrl\":\"https:\/\/vapeenjoy.com\/wp-content\/uploads\/2025\/07\/01.jpg\",\"width\":2000,\"height\":2000},{\"@type\":\"BreadcrumbList\",\"@id\":\"https:\/\/vapeenjoy.com\/product\/zooy-triple-70000-puffs-3-in-1-flavor-disposable-vape\/#breadcrumb\",\"itemListElement\":[{\"@type\":\"ListItem\",\"position\":1,\"name\":\"Home\",\"item\":\"https:\/\/vapeenjoy.com\/\"},{\"@type\":\"ListItem\",\"position\":2,\"name\":\"Shop\",\"item\":\"https:\/\/vapeenjoy.com\/vapeenjoy-shop\/\"},{\"@type\":\"ListItem\",\"position\":3,\"name\":\"ZOOY Triple 70000 Puffs 3-in-1 Flavors Disposable Vape 54ml 0-5% Nicotine\"}]},{\"@type\":\"WebSite\",\"@id\":\"https:\/\/vapeenjoy.com\/#website\",\"url\":\"https:\/\/vapeenjoy.com\/\",\"name\":\"vapeenjoy\",\"description\":\"An online store for selling vapes\",\"potentialAction\":[{\"@type\":\"SearchAction\",\"target\":{\"@type\":\"EntryPoint\",\"urlTemplate\":\"https:\/\/vapeenjoy.com\/?s={search_term_string}\"},\"query-input\":{\"@type\":\"PropertyValueSpecification\",\"valueRequired\":true,\"valueName\":\"search_term_string\"}}],\"inLanguage\":\"pl-PL\"}]}<\/script>\n<!-- \/ Yoast SEO plugin. -->","yoast_head_json":{"title":"Zooy Triple 70000 Puffs 3 w 1 Smaki Jednorazowe Vape 54ml","description":"Zooy Triple 70000 Puffs jednorazowe waporyzaki: 54ml, 0-5% Nikotyna, smaki 3 w 1, cewki potr\u00f3jnej siateczki, bateria 650 mAh. Kup teraz, aby uzyska\u0107 trwa\u0142y waporyzator!","robots":{"index":"index","follow":"follow","max-snippet":"max-snippet:-1","max-image-preview":"max-image-preview:large","max-video-preview":"max-video-preview:-1"},"canonical":"https:\/\/vapeenjoy.com\/pl\/produkt\/zooy-triple-70000-puffs-3-w-1-jednorazowe-waporyzator\/","og_locale":"pl_PL","og_type":"article","og_title":"ZOOY Triple 70000 Puffs 3-in-1 Flavors Disposable Vape 54ml","og_description":"ZOOY Triple 70000 Puffs Disposable Vape: 54mL, 0-5% nicotine, 3-in-1 flavors, triple mesh coils, 650mAh battery. Shop now for a lasting vape!","og_url":"https:\/\/vapeenjoy.com\/pl\/produkt\/zooy-triple-70000-puffs-3-w-1-jednorazowe-waporyzator\/","og_site_name":"vapeenjoy","article_modified_time":"2025-08-18T08:08:04+00:00","og_image":[{"width":2000,"height":2000,"url":"https:\/\/vapeenjoy.com\/wp-content\/uploads\/2025\/07\/01.jpg","type":"image\/jpeg"}],"twitter_card":"summary_large_image","twitter_misc":{"Szacowany czas czytania":"3 minuty"},"schema":{"@context":"https:\/\/schema.org","@graph":[{"@type":"WebPage","@id":"https:\/\/vapeenjoy.com\/product\/zooy-triple-70000-puffs-3-in-1-flavor-disposable-vape\/","url":"https:\/\/vapeenjoy.com\/product\/zooy-triple-70000-puffs-3-in-1-flavor-disposable-vape\/","name":"Zooy Triple 70000 Puffs 3 w 1 Smaki Jednorazowe Vape 54ml","isPartOf":{"@id":"https:\/\/vapeenjoy.com\/#website"},"primaryImageOfPage":{"@id":"https:\/\/vapeenjoy.com\/product\/zooy-triple-70000-puffs-3-in-1-flavor-disposable-vape\/#primaryimage"},"image":{"@id":"https:\/\/vapeenjoy.com\/product\/zooy-triple-70000-puffs-3-in-1-flavor-disposable-vape\/#primaryimage"},"thumbnailUrl":"https:\/\/vapeenjoy.com\/wp-content\/uploads\/2025\/07\/01.jpg","datePublished":"2025-07-25T09:10:38+00:00","dateModified":"2025-08-18T08:08:04+00:00","description":"Zooy Triple 70000 Puffs jednorazowe waporyzaki: 54ml, 0-5% Nikotyna, smaki 3 w 1, cewki potr\u00f3jnej siateczki, bateria 650 mAh. Kup teraz, aby uzyska\u0107 trwa\u0142y waporyzator!","breadcrumb":{"@id":"https:\/\/vapeenjoy.com\/product\/zooy-triple-70000-puffs-3-in-1-flavor-disposable-vape\/#breadcrumb"},"inLanguage":"pl-PL","potentialAction":[{"@type":"ReadAction","target":["https:\/\/vapeenjoy.com\/product\/zooy-triple-70000-puffs-3-in-1-flavor-disposable-vape\/"]}]},{"@type":"ImageObject","inLanguage":"pl-PL","@id":"https:\/\/vapeenjoy.com\/product\/zooy-triple-70000-puffs-3-in-1-flavor-disposable-vape\/#primaryimage","url":"https:\/\/vapeenjoy.com\/wp-content\/uploads\/2025\/07\/01.jpg","contentUrl":"https:\/\/vapeenjoy.com\/wp-content\/uploads\/2025\/07\/01.jpg","width":2000,"height":2000},{"@type":"BreadcrumbList","@id":"https:\/\/vapeenjoy.com\/product\/zooy-triple-70000-puffs-3-in-1-flavor-disposable-vape\/#breadcrumb","itemListElement":[{"@type":"ListItem","position":1,"name":"Home","item":"https:\/\/vapeenjoy.com\/"},{"@type":"ListItem","position":2,"name":"Shop","item":"https:\/\/vapeenjoy.com\/vapeenjoy-shop\/"},{"@type":"ListItem","position":3,"name":"ZOOY Triple 70000 Puffs 3-in-1 Flavors Disposable Vape 54ml 0-5% Nicotine"}]},{"@type":"WebSite","@id":"https:\/\/vapeenjoy.com\/#website","url":"https:\/\/vapeenjoy.com\/","name":"skutkowaty","description":"Sklep internetowy do sprzeda\u017cy vapes","potentialAction":[{"@type":"SearchAction","target":{"@type":"EntryPoint","urlTemplate":"https:\/\/vapeenjoy.com\/?s={search_term_string}"},"query-input":{"@type":"PropertyValueSpecification","valueRequired":true,"valueName":"search_term_string"}}],"inLanguage":"pl-PL"}]}},"_links":{"self":[{"href":"https:\/\/vapeenjoy.com\/pl\/wp-json\/wp\/v2\/product\/619","targetHints":{"allow":["GET"]}}],"collection":[{"href":"https:\/\/vapeenjoy.com\/pl\/wp-json\/wp\/v2\/product"}],"about":[{"href":"https:\/\/vapeenjoy.com\/pl\/wp-json\/wp\/v2\/types\/product"}],"replies":[{"embeddable":true,"href":"https:\/\/vapeenjoy.com\/pl\/wp-json\/wp\/v2\/comments?post=619"}],"version-history":[{"count":3,"href":"https:\/\/vapeenjoy.com\/pl\/wp-json\/wp\/v2\/product\/619\/revisions"}],"predecessor-version":[{"id":2319,"href":"https:\/\/vapeenjoy.com\/pl\/wp-json\/wp\/v2\/product\/619\/revisions\/2319"}],"wp:featuredmedia":[{"embeddable":true,"href":"https:\/\/vapeenjoy.com\/pl\/wp-json\/wp\/v2\/media\/623"}],"wp:attachment":[{"href":"https:\/\/vapeenjoy.com\/pl\/wp-json\/wp\/v2\/media?parent=619"}],"wp:term":[{"taxonomy":"product_brand","embeddable":true,"href":"https:\/\/vapeenjoy.com\/pl\/wp-json\/wp\/v2\/product_brand?post=619"},{"taxonomy":"product_cat","embeddable":true,"href":"https:\/\/vapeenjoy.com\/pl\/wp-json\/wp\/v2\/product_cat?post=619"},{"taxonomy":"product_tag","embeddable":true,"href":"https:\/\/vapeenjoy.com\/pl\/wp-json\/wp\/v2\/product_tag?post=619"}],"curies":[{"name":"wp","href":"https:\/\/api.w.org\/{rel}","templated":true}]}}