{"id":64,"date":"2025-07-16T06:57:52","date_gmt":"2025-07-16T06:57:52","guid":{"rendered":"https:\/\/vapeenjoy.com\/?post_type=product&#038;p=64"},"modified":"2025-08-18T08:10:30","modified_gmt":"2025-08-18T08:10:30","slug":"bang-leader-80k-puffs-3-in-1-flavor-vape","status":"publish","type":"product","link":"https:\/\/vapeenjoy.com\/pl\/produkt\/bang-leader-80k-puffs-3-w-1-smak-vape\/","title":{"rendered":"Bang Leader 80K Puffs 3-w-1 Smaki jednorazowe Vape 78ml 0-5% Nikotyna Type-C Akumulator"},"content":{"rendered":"<h2>Bang Leader 80K Puffs jednorazowe waporyzator Opis produktu<\/h2>\n<p dir=\"ltr\" data-pm-slice=\"1 3 []\">Bang Leader, zaufana marka vaping, konsekwentnie dostarcza aromatyczne, niezawodne urz\u0105dzenia. Na przyk\u0142ad Bang Leader 80K Puffs jednorazowe waporyzator oferuje do 80 000 zaci\u0105gni\u0119\u0107, zapewniaj\u0105c d\u0142ugotrwa\u0142e u\u017cytkowanie. Ponadto innowacyjny system tr\u00f3jsmakowy umo\u017cliwia bezproblemowe prze\u0142\u0105czanie si\u0119 mi\u0119dzy smakami. W zwi\u0105zku z tym jego elegancki, przeno\u015bny design z g\u0142adkim wyko\u0144czeniem zapewnia komfort i wygod\u0119 podczas ca\u0142odziennego waporyzacji.<\/p>\n<h2 dir=\"ltr\">Bang Leader 80K Puffs Jednorazowe dane techniczne Vape<\/h2>\n<ul class=\"tight\" dir=\"ltr\" data-tight=\"true\">\n<li>\n<p dir=\"ltr\"><strong>Liczba zaci\u0105gni\u0119\u0107<\/strong>: Do 80 000 PUFFS, idealne dla ci\u0119\u017ckich vaper\u00f3w.<\/p>\n<\/li>\n<li>\n<p dir=\"ltr\"><strong>Pojemno\u015b\u0107 e-liquid\u00f3w<\/strong>: 78ml (3 x 26ml str\u0105ki) dla trzech unikalnych smak\u00f3w.<\/p>\n<\/li>\n<li>\n<p dir=\"ltr\"><strong>bateryjny<\/strong>: 850 mAh \u0142adowanie dla niezawodnej wydajno\u015bci.<\/p>\n<\/li>\n<li>\n<p dir=\"ltr\"><strong>cewka<\/strong>: 1,0\u03a9 cewka z podw\u00f3jn\u0105 siatk\u0105 dla g\u0142adkiej, aromatycznej pary.<\/p>\n<\/li>\n<li>\n<p dir=\"ltr\"><strong>zbrojenie<\/strong>: Port typu C do szybkiego \u0142adowania.<\/p>\n<\/li>\n<li>\n<p dir=\"ltr\"><strong>Mocne strony nikotyny<\/strong>: 0%, 2%, 3%, 5% dla r\u00f3\u017cnych preferencji.<\/p>\n<\/li>\n<li>\n<p dir=\"ltr\"><strong>SYSTEM PRZY<\/strong>: Potr\u00f3jne prze\u0142\u0105czanie smaku za pomoc\u0105 selektora.<\/p>\n<\/li>\n<li>\n<p dir=\"ltr\"><strong>opakowanie<\/strong>: 10 sztuk w opakowaniu do u\u017cytku osobistego lub hurtowego.<\/p>\n<\/li>\n<\/ul>\n<h2 dir=\"ltr\">Kombinacje smakowe<\/h2>\n<p dir=\"ltr\">Poznaj 12 unikalnych opcji trzech smak\u00f3w:<\/p>\n<ol class=\"tight\" dir=\"ltr\" data-tight=\"true\">\n<li>\n<p dir=\"ltr\">Lody arbuzowe \/ mango truskawkowe \/ banan<\/p>\n<\/li>\n<li>\n<p dir=\"ltr\">Malina Mojito Brzoskwinia L\u00f3d \/ Truskawkowy Arbuz \/ Kiwi Passion Fruit Guava<\/p>\n<\/li>\n<li>\n<p dir=\"ltr\">Truskawkowy arbuz \/ l\u00f3d winogronowy \/ cukierki t\u0119czowe<\/p>\n<\/li>\n<li>\n<p dir=\"ltr\">Cola Ice \/ Jagoda Malina \/ Brzoskwinia Arbuz z mango<\/p>\n<\/li>\n<li>\n<p dir=\"ltr\">Arbuz jagodowy \/ Truskawkowe Mango \/ Czarna porzeczka<\/p>\n<\/li>\n<li>\n<p dir=\"ltr\">Lod jagodowy \/ czarny smok \/ mango brzoskwiniowy<\/p>\n<\/li>\n<li>\n<p dir=\"ltr\">Lod jagodowy \/ Banan truskawkowy \/ Mieszane jagody<\/p>\n<\/li>\n<li>\n<p dir=\"ltr\">Red Bull \/ jagodowy arbuz \/ gruszka jab\u0142kowa<\/p>\n<\/li>\n<li>\n<p dir=\"ltr\">Red Bull \/ arbuz Bubblegum cukierki \/ lody truskawkowe<\/p>\n<\/li>\n<li>\n<p dir=\"ltr\">Truskawka Kiwi \/ Lod Brzoskwiniowy \/ Cherry Cola<\/p>\n<\/li>\n<li>\n<p dir=\"ltr\">Kiwi Pasja \/ Lychee Ice \/ Sosna brzoskwiniowa z mango<\/p>\n<\/li>\n<li>\n<p dir=\"ltr\">Awokado L\u00f3d \/ Cytryna Limonka \/ Arbuz Malina<\/p>\n<\/li>\n<\/ol>\n<h2 dir=\"ltr\">Cz\u0119sto zadawane pytania<\/h2>\n<ol class=\"tight\" dir=\"ltr\" data-tight=\"true\">\n<li>\n<p dir=\"ltr\"><strong>Co sprawia, \u017ce ta vape jest wyj\u0105tkowa?<\/strong><br \/>\nWarto zauwa\u017cy\u0107, \u017ce system potr\u00f3jnego smaku i wysoka liczba zaci\u0105gni\u0119\u0107 oferuj\u0105 niezr\u00f3wnan\u0105 r\u00f3\u017cnorodno\u015b\u0107.<\/p>\n<\/li>\n<li>\n<p dir=\"ltr\"><strong>Jak zmieni\u0107 smaki?<\/strong><br \/>\nPo prostu przesu\u0144 selektor, aby prze\u0142\u0105cza\u0107 si\u0119 mi\u0119dzy trzema wst\u0119pnie wype\u0142nionymi str\u0105kami.<\/p>\n<\/li>\n<li>\n<p dir=\"ltr\"><strong>Jak wybra\u0107 smak?<\/strong><br \/>\nNa przyk\u0142ad owocowe mieszanki, takie jak truskawkowe preferencje z arbuza, s\u0142odkie preferencje, podczas gdy Red Bull oferuje odwa\u017cne smaki.<\/p>\n<\/li>\n<li>\n<p dir=\"ltr\"><strong>Czy mo\u017cna go \u0142adowa\u0107?<\/strong><br \/>\nRzeczywi\u015bcie, ma bateri\u0119 850 mAh z \u0142adowaniem typu C.<\/p>\n<\/li>\n<li>\n<p dir=\"ltr\"><strong>Jakie opcje nikotyny s\u0105 dost\u0119pne?<\/strong><br \/>\nWybieraj spo\u015br\u00f3d 0%, 2%, 3% lub 5% mocy nikotyny.<\/p>\n<\/li>\n<li>\n<p dir=\"ltr\"><strong>Jak d\u0142ugo to trwa?<\/strong><br \/>\nZ 80 000 puff\u00f3w, trwa w oparciu o u\u017cycie.<\/p>\n<\/li>\n<li>\n<p dir=\"ltr\"><strong>Czy str\u0105ki mo\u017cna uzupe\u0142ni\u0107?<\/strong><br \/>\nNie, str\u0105ki 26 ml s\u0105 wst\u0119pnie nape\u0142nione i nie nadaj\u0105 si\u0119 do ponownego nape\u0142nienia.<\/p>\n<\/li>\n<\/ol>\n<p dir=\"ltr\" data-pm-slice=\"1 3 []\"><img fetchpriority=\"high\" decoding=\"async\" class=\"alignnone wp-image-79 size-full\" src=\"https:\/\/vapeenjoy.com\/wp-content\/uploads\/2025\/07\/Bang-Leader-80K.jpg\" alt=\"Bang Leader 80K Puffs 3 w 1 Smaki jednorazowe smaki waporyzacyjne \" width=\"1279\" height=\"2279\" srcset=\"https:\/\/vapeenjoy.com\/wp-content\/uploads\/2025\/07\/Bang-Leader-80K.jpg 1279w, https:\/\/vapeenjoy.com\/wp-content\/uploads\/2025\/07\/Bang-Leader-80K-150x267.jpg 150w, https:\/\/vapeenjoy.com\/wp-content\/uploads\/2025\/07\/Bang-Leader-80K-1200x2138.jpg 1200w, https:\/\/vapeenjoy.com\/wp-content\/uploads\/2025\/07\/Bang-Leader-80K-168x300.jpg 168w, https:\/\/vapeenjoy.com\/wp-content\/uploads\/2025\/07\/Bang-Leader-80K-575x1024.jpg 575w, https:\/\/vapeenjoy.com\/wp-content\/uploads\/2025\/07\/Bang-Leader-80K-768x1368.jpg 768w, https:\/\/vapeenjoy.com\/wp-content\/uploads\/2025\/07\/Bang-Leader-80K-862x1536.jpg 862w, https:\/\/vapeenjoy.com\/wp-content\/uploads\/2025\/07\/Bang-Leader-80K-1149x2048.jpg 1149w\" sizes=\"(max-width: 1279px) 100vw, 1279px\" \/><\/p>","protected":false},"excerpt":{"rendered":"<p>Bang Leader, marka topowa wapowanie, wprowadza jednorazowy waporyzator 80K Puffs z do 80 000 puff\u00f3w, system prze\u0142\u0105czania smaku 3 w 1, 78 ml e-liquidu w trzech 26 ml str\u0105kach, bateri\u0119 850 mAh i 12 kombinacji smakowych dla niezawodnego dzia\u0142ania.<\/p>","protected":false},"featured_media":82,"comment_status":"open","ping_status":"closed","template":"","meta":[],"product_brand":[16],"product_cat":[17],"product_tag":[64,73,93],"class_list":{"0":"post-64","1":"product","2":"type-product","3":"status-publish","4":"has-post-thumbnail","6":"product_brand-bang-vape","7":"product_cat-80000-puffs-vape","8":"product_tag-0-5-nicotine","9":"product_tag-3-in-1-flavors","10":"product_tag-78ml","12":"first","13":"instock","14":"sale","15":"shipping-taxable","16":"purchasable","17":"product-type-variable"},"yoast_head":"<!-- This site is optimized with the Yoast SEO plugin v25.7 - https:\/\/yoast.com\/wordpress\/plugins\/seo\/ -->\n<title>Bang Leader 80K Puffs 3-in-1 Flavors Disposable Vape 78mL<\/title>\n<meta name=\"description\" content=\"Bang Leader 80K Puffs Disposable Vape: 3-in-1 flavors, 78mL, 0-5% nicotine, Type-C rechargeable. Shop now for bold, long-lasting vaping!\" \/>\n<meta name=\"robots\" content=\"index, follow, max-snippet:-1, max-image-preview:large, max-video-preview:-1\" \/>\n<link rel=\"canonical\" href=\"https:\/\/vapeenjoy.com\/pl\/produkt\/bang-leader-80k-puffs-3-w-1-smak-vape\/\" \/>\n<meta property=\"og:locale\" content=\"pl_PL\" \/>\n<meta property=\"og:type\" content=\"article\" \/>\n<meta property=\"og:title\" content=\"Bang Leader 80K Puffs 3-in-1 Flavors Disposable Vape 78mL\" \/>\n<meta property=\"og:description\" content=\"Bang Leader 80K Puffs Disposable Vape: 3-in-1 flavors, 78mL, 0-5% nicotine, Type-C rechargeable. Shop now for bold, long-lasting vaping!\" \/>\n<meta property=\"og:url\" content=\"https:\/\/vapeenjoy.com\/pl\/produkt\/bang-leader-80k-puffs-3-w-1-smak-vape\/\" \/>\n<meta property=\"og:site_name\" content=\"vapeenjoy\" \/>\n<meta property=\"article:modified_time\" content=\"2025-08-18T08:10:30+00:00\" \/>\n<meta property=\"og:image\" content=\"https:\/\/vapeenjoy.com\/wp-content\/uploads\/2025\/07\/\u5fae\u4fe1\u56fe\u7247_20250516145017.jpg\" \/>\n\t<meta property=\"og:image:width\" content=\"800\" \/>\n\t<meta property=\"og:image:height\" content=\"800\" \/>\n\t<meta property=\"og:image:type\" content=\"image\/jpeg\" \/>\n<meta name=\"twitter:card\" content=\"summary_large_image\" \/>\n<meta name=\"twitter:label1\" content=\"Szacowany czas czytania\" \/>\n\t<meta name=\"twitter:data1\" content=\"2 minuty\" \/>\n<script type=\"application\/ld+json\" class=\"yoast-schema-graph\">{\"@context\":\"https:\/\/schema.org\",\"@graph\":[{\"@type\":\"WebPage\",\"@id\":\"https:\/\/vapeenjoy.com\/product\/bang-leader-80k-puffs-3-in-1-flavor-vape\/\",\"url\":\"https:\/\/vapeenjoy.com\/product\/bang-leader-80k-puffs-3-in-1-flavor-vape\/\",\"name\":\"Bang Leader 80K Puffs 3-in-1 Flavors Disposable Vape 78mL\",\"isPartOf\":{\"@id\":\"https:\/\/vapeenjoy.com\/#website\"},\"primaryImageOfPage\":{\"@id\":\"https:\/\/vapeenjoy.com\/product\/bang-leader-80k-puffs-3-in-1-flavor-vape\/#primaryimage\"},\"image\":{\"@id\":\"https:\/\/vapeenjoy.com\/product\/bang-leader-80k-puffs-3-in-1-flavor-vape\/#primaryimage\"},\"thumbnailUrl\":\"https:\/\/vapeenjoy.com\/wp-content\/uploads\/2025\/07\/\u5fae\u4fe1\u56fe\u7247_20250516145017.jpg\",\"datePublished\":\"2025-07-16T06:57:52+00:00\",\"dateModified\":\"2025-08-18T08:10:30+00:00\",\"description\":\"Bang Leader 80K Puffs Disposable Vape: 3-in-1 flavors, 78mL, 0-5% nicotine, Type-C rechargeable. Shop now for bold, long-lasting vaping!\",\"breadcrumb\":{\"@id\":\"https:\/\/vapeenjoy.com\/product\/bang-leader-80k-puffs-3-in-1-flavor-vape\/#breadcrumb\"},\"inLanguage\":\"pl-PL\",\"potentialAction\":[{\"@type\":\"ReadAction\",\"target\":[\"https:\/\/vapeenjoy.com\/product\/bang-leader-80k-puffs-3-in-1-flavor-vape\/\"]}]},{\"@type\":\"ImageObject\",\"inLanguage\":\"pl-PL\",\"@id\":\"https:\/\/vapeenjoy.com\/product\/bang-leader-80k-puffs-3-in-1-flavor-vape\/#primaryimage\",\"url\":\"https:\/\/vapeenjoy.com\/wp-content\/uploads\/2025\/07\/\u5fae\u4fe1\u56fe\u7247_20250516145017.jpg\",\"contentUrl\":\"https:\/\/vapeenjoy.com\/wp-content\/uploads\/2025\/07\/\u5fae\u4fe1\u56fe\u7247_20250516145017.jpg\",\"width\":800,\"height\":800},{\"@type\":\"BreadcrumbList\",\"@id\":\"https:\/\/vapeenjoy.com\/product\/bang-leader-80k-puffs-3-in-1-flavor-vape\/#breadcrumb\",\"itemListElement\":[{\"@type\":\"ListItem\",\"position\":1,\"name\":\"Home\",\"item\":\"https:\/\/vapeenjoy.com\/\"},{\"@type\":\"ListItem\",\"position\":2,\"name\":\"Shop\",\"item\":\"https:\/\/vapeenjoy.com\/vapeenjoy-shop\/\"},{\"@type\":\"ListItem\",\"position\":3,\"name\":\"Bang Leader 80K Puffs 3-in-1 Flavors Disposable Vape 78mL 0-5% Nicotine Type-C Rechargeable\"}]},{\"@type\":\"WebSite\",\"@id\":\"https:\/\/vapeenjoy.com\/#website\",\"url\":\"https:\/\/vapeenjoy.com\/\",\"name\":\"vapeenjoy\",\"description\":\"An online store for selling vapes\",\"potentialAction\":[{\"@type\":\"SearchAction\",\"target\":{\"@type\":\"EntryPoint\",\"urlTemplate\":\"https:\/\/vapeenjoy.com\/?s={search_term_string}\"},\"query-input\":{\"@type\":\"PropertyValueSpecification\",\"valueRequired\":true,\"valueName\":\"search_term_string\"}}],\"inLanguage\":\"pl-PL\"}]}<\/script>\n<!-- \/ Yoast SEO plugin. -->","yoast_head_json":{"title":"Bang Leader 80K Puffs 3 w 1 Smaki jednorazowe waporyzator 78ml","description":"Bang Leader 80K Puffs jednorazowe waporyzator: 3 w 1 smaki, 78 ml, 0-5% Nikotyna, Typ-C Akumulator. Kup teraz odwa\u017cne, d\u0142ugotrwa\u0142e waporyzowanie!","robots":{"index":"index","follow":"follow","max-snippet":"max-snippet:-1","max-image-preview":"max-image-preview:large","max-video-preview":"max-video-preview:-1"},"canonical":"https:\/\/vapeenjoy.com\/pl\/produkt\/bang-leader-80k-puffs-3-w-1-smak-vape\/","og_locale":"pl_PL","og_type":"article","og_title":"Bang Leader 80K Puffs 3-in-1 Flavors Disposable Vape 78mL","og_description":"Bang Leader 80K Puffs Disposable Vape: 3-in-1 flavors, 78mL, 0-5% nicotine, Type-C rechargeable. Shop now for bold, long-lasting vaping!","og_url":"https:\/\/vapeenjoy.com\/pl\/produkt\/bang-leader-80k-puffs-3-w-1-smak-vape\/","og_site_name":"vapeenjoy","article_modified_time":"2025-08-18T08:10:30+00:00","og_image":[{"width":800,"height":800,"url":"https:\/\/vapeenjoy.com\/wp-content\/uploads\/2025\/07\/\u5fae\u4fe1\u56fe\u7247_20250516145017.jpg","type":"image\/jpeg"}],"twitter_card":"summary_large_image","twitter_misc":{"Szacowany czas czytania":"2 minuty"},"schema":{"@context":"https:\/\/schema.org","@graph":[{"@type":"WebPage","@id":"https:\/\/vapeenjoy.com\/product\/bang-leader-80k-puffs-3-in-1-flavor-vape\/","url":"https:\/\/vapeenjoy.com\/product\/bang-leader-80k-puffs-3-in-1-flavor-vape\/","name":"Bang Leader 80K Puffs 3 w 1 Smaki jednorazowe waporyzator 78ml","isPartOf":{"@id":"https:\/\/vapeenjoy.com\/#website"},"primaryImageOfPage":{"@id":"https:\/\/vapeenjoy.com\/product\/bang-leader-80k-puffs-3-in-1-flavor-vape\/#primaryimage"},"image":{"@id":"https:\/\/vapeenjoy.com\/product\/bang-leader-80k-puffs-3-in-1-flavor-vape\/#primaryimage"},"thumbnailUrl":"https:\/\/vapeenjoy.com\/wp-content\/uploads\/2025\/07\/\u5fae\u4fe1\u56fe\u7247_20250516145017.jpg","datePublished":"2025-07-16T06:57:52+00:00","dateModified":"2025-08-18T08:10:30+00:00","description":"Bang Leader 80K Puffs jednorazowe waporyzator: 3 w 1 smaki, 78 ml, 0-5% Nikotyna, Typ-C Akumulator. Kup teraz odwa\u017cne, d\u0142ugotrwa\u0142e waporyzowanie!","breadcrumb":{"@id":"https:\/\/vapeenjoy.com\/product\/bang-leader-80k-puffs-3-in-1-flavor-vape\/#breadcrumb"},"inLanguage":"pl-PL","potentialAction":[{"@type":"ReadAction","target":["https:\/\/vapeenjoy.com\/product\/bang-leader-80k-puffs-3-in-1-flavor-vape\/"]}]},{"@type":"ImageObject","inLanguage":"pl-PL","@id":"https:\/\/vapeenjoy.com\/product\/bang-leader-80k-puffs-3-in-1-flavor-vape\/#primaryimage","url":"https:\/\/vapeenjoy.com\/wp-content\/uploads\/2025\/07\/\u5fae\u4fe1\u56fe\u7247_20250516145017.jpg","contentUrl":"https:\/\/vapeenjoy.com\/wp-content\/uploads\/2025\/07\/\u5fae\u4fe1\u56fe\u7247_20250516145017.jpg","width":800,"height":800},{"@type":"BreadcrumbList","@id":"https:\/\/vapeenjoy.com\/product\/bang-leader-80k-puffs-3-in-1-flavor-vape\/#breadcrumb","itemListElement":[{"@type":"ListItem","position":1,"name":"Home","item":"https:\/\/vapeenjoy.com\/"},{"@type":"ListItem","position":2,"name":"Shop","item":"https:\/\/vapeenjoy.com\/vapeenjoy-shop\/"},{"@type":"ListItem","position":3,"name":"Bang Leader 80K Puffs 3-in-1 Flavors Disposable Vape 78mL 0-5% Nicotine Type-C Rechargeable"}]},{"@type":"WebSite","@id":"https:\/\/vapeenjoy.com\/#website","url":"https:\/\/vapeenjoy.com\/","name":"skutkowaty","description":"Sklep internetowy do sprzeda\u017cy vapes","potentialAction":[{"@type":"SearchAction","target":{"@type":"EntryPoint","urlTemplate":"https:\/\/vapeenjoy.com\/?s={search_term_string}"},"query-input":{"@type":"PropertyValueSpecification","valueRequired":true,"valueName":"search_term_string"}}],"inLanguage":"pl-PL"}]}},"_links":{"self":[{"href":"https:\/\/vapeenjoy.com\/pl\/wp-json\/wp\/v2\/product\/64","targetHints":{"allow":["GET"]}}],"collection":[{"href":"https:\/\/vapeenjoy.com\/pl\/wp-json\/wp\/v2\/product"}],"about":[{"href":"https:\/\/vapeenjoy.com\/pl\/wp-json\/wp\/v2\/types\/product"}],"replies":[{"embeddable":true,"href":"https:\/\/vapeenjoy.com\/pl\/wp-json\/wp\/v2\/comments?post=64"}],"version-history":[{"count":4,"href":"https:\/\/vapeenjoy.com\/pl\/wp-json\/wp\/v2\/product\/64\/revisions"}],"predecessor-version":[{"id":2330,"href":"https:\/\/vapeenjoy.com\/pl\/wp-json\/wp\/v2\/product\/64\/revisions\/2330"}],"wp:featuredmedia":[{"embeddable":true,"href":"https:\/\/vapeenjoy.com\/pl\/wp-json\/wp\/v2\/media\/82"}],"wp:attachment":[{"href":"https:\/\/vapeenjoy.com\/pl\/wp-json\/wp\/v2\/media?parent=64"}],"wp:term":[{"taxonomy":"product_brand","embeddable":true,"href":"https:\/\/vapeenjoy.com\/pl\/wp-json\/wp\/v2\/product_brand?post=64"},{"taxonomy":"product_cat","embeddable":true,"href":"https:\/\/vapeenjoy.com\/pl\/wp-json\/wp\/v2\/product_cat?post=64"},{"taxonomy":"product_tag","embeddable":true,"href":"https:\/\/vapeenjoy.com\/pl\/wp-json\/wp\/v2\/product_tag?post=64"}],"curies":[{"name":"wp","href":"https:\/\/api.w.org\/{rel}","templated":true}]}}