{"id":650,"date":"2025-07-26T03:39:40","date_gmt":"2025-07-26T03:39:40","guid":{"rendered":"https:\/\/vapeenjoy.com\/?post_type=product&#038;p=650"},"modified":"2025-08-18T08:07:39","modified_gmt":"2025-08-18T08:07:39","slug":"bang-blaze-40k-puffs","status":"publish","type":"product","link":"https:\/\/vapeenjoy.com\/pl\/produkt\/bang-blaze-40k-chusty\/","title":{"rendered":"Bang Blaze 40K Puffs Double Taste jednorazowe wapory 40 ml 0-5% Nikotyna"},"content":{"rendered":"<h2 dir=\"auto\">Bang Blaze 40K Puffs Double Taste jednorazowe waporyzator Ultimate Smak i wygoda<\/h2>\n<p dir=\"auto\">Przej\u015bcie na lepsze do\u015bwiadczenie wapowania, <strong>Bang Blaze 40k Puffs Podw\u00f3jny Taste jednorazowe waporyzator<\/strong> Od Bang, zaufanego lidera bran\u017cy, oferuje niezr\u00f3wnan\u0105 wygod\u0119 i r\u00f3\u017cnorodno\u015b\u0107. W szczeg\u00f3lno\u015bci to innowacyjne urz\u0105dzenie zapewnia imponuj\u0105ce <strong>40 000 chusteczek<\/strong> i posiada unikalny system o podw\u00f3jnym smaku, kt\u00f3ry pozwala u\u017cytkownikom na bezproblemowe prze\u0142\u0105czanie si\u0119 mi\u0119dzy dwoma r\u00f3\u017cnymi gustami. Ponadto jego elegancki, ergonomiczny kszta\u0142t zapewnia przeno\u015bno\u015b\u0107 i komfort, dzi\u0119ki czemu idealnie nadaje si\u0119 zar\u00f3wno dla do\u015bwiadczonych vaper\u00f3w, jak i nowicjuszy. W konsekwencji Bang Blaze zapewnia d\u0142ugotrwa\u0142\u0105, aromatyczn\u0105 podr\u00f3\u017c w jednym, kompaktowym urz\u0105dzeniu.<\/p>\n<p dir=\"auto\">Aby odkry\u0107 ten zmieniaj\u0105cy gr\u0119 waporyzator, odwied\u017a <a href=\"https:\/\/vapeenjoy.com\/\" target=\"_blank\" rel=\"noopener noreferrer nofollow\">Vape ciesz si\u0119<\/a> I podnie\u015b swoje wra\u017cenia z wapowania ju\u017c dzi\u015b!<\/p>\n<h2 dir=\"auto\">Kluczowe cechy jednorazowego waporyzatora Bang Blaze 40K<\/h2>\n<p dir=\"auto\">Dla tych, kt\u00f3rzy poszukuj\u0105 wydajno\u015bci i wszechstronno\u015bci, Bang Blaze 40K wyr\u00f3\u017cnia si\u0119 najnowocze\u015bniejszymi specyfikacjami:<\/p>\n<ul dir=\"auto\">\n<li><strong>Pojemno\u015b\u0107 dmucha<\/strong>: do <strong>40 000 chusteczek<\/strong> (oko\u0142o 20 000 na smak), zapewniaj\u0105ce tygodnie nieprzerwanego u\u017cytkowania.<\/li>\n<li><strong>Pojemno\u015b\u0107 e-liquid\u00f3w<\/strong>: \u0142\u0105cznie 40 ml (20 ml na zbiornik smakowy), wst\u0119pnie wype\u0142nione dla wi\u0119kszej przyjemno\u015bci.<\/li>\n<li><strong>bateryjny<\/strong>: 650 mAh \u0142adowanie z <strong>Szybkie \u0142adowanie typu C<\/strong>, pe\u0142ne na\u0142adowanie w 45-60 minut.<\/li>\n<li><strong>cewka<\/strong>: cewka z podw\u00f3jn\u0105 siatk\u0105 (1,2 \u03a9), zapewniaj\u0105ca g\u0142adk\u0105 par\u0119 i bogaty, sp\u00f3jny smak.<\/li>\n<li><strong>Mocne strony nikotyny<\/strong>: Dost\u0119pne w 0%, 2%, 3% i 5%, dostosowane do r\u00f3\u017cnych preferencji.<\/li>\n<li><strong>SYSTEM PRZY<\/strong>: Prze\u0142\u0105cznik suwakowy z podw\u00f3jnym smakiem, umo\u017cliwiaj\u0105cy natychmiastowe przej\u015bcia smakowe.<\/li>\n<li><strong>cel<\/strong>: Ergonomiczny i przeno\u015bny, idealny do vapingu na wynos.<\/li>\n<\/ul>\n<p dir=\"auto\">Gotowy, aby do\u015bwiadczy\u0107 tych wyr\u00f3\u017cniaj\u0105cych si\u0119 funkcji? W takim razie sprawd\u017a Bang Blaze 40K na <a href=\"https:\/\/vapeenjoy.com\/\" target=\"_blank\" rel=\"noopener noreferrer nofollow\">Vape ciesz si\u0119<\/a> Do premium wyb\u00f3r jednorazowych waporyzator\u00f3w.<\/p>\n<h2 dir=\"auto\">20 unikalnych kombinacji podw\u00f3jnego smaku<\/h2>\n<p dir=\"auto\">Co wi\u0119cej, Bang Blaze 40K oferuje <strong>20 ekscytuj\u0105cych kombinacji podw\u00f3jnego smaku<\/strong>, zaprojektowany tak, aby zaspokoi\u0107 ka\u017cde podniebienie. Na przyk\u0142ad prze\u0142\u0105cznik suwakowy z podw\u00f3jnym smakiem pozwala bezproblemowo zmienia\u0107 dwa smaki, tworz\u0105c dynamiczne wra\u017cenia. Oto kilka popularnych opcji:<\/p>\n<ol dir=\"auto\">\n<li><strong>Arbuz \/ Arbuz truskawkowy<\/strong>: Soczysty arbuz bezproblemowo \u0142\u0105czy si\u0119 ze s\u0142odkim melonem truskawkowym.<\/li>\n<li><strong>Lod jagodowy \/ Jagoda malina<\/strong>: sch\u0142odzone jagody \u0142\u0105cz\u0105 si\u0119 z pikantn\u0105 malinow\u0105 burstk\u0105.<\/li>\n<li><strong>Mango L\u00f3d \/ Truskawkowe Mango<\/strong>: Cool Mango doskonale komponuje si\u0119 z mieszank\u0105 tropikalnej truskawki z mango.<\/li>\n<li><strong>Ananasowy l\u00f3d \/ ananas kokos<\/strong>: lodowy ananas \u0142\u0105czy si\u0119 z kremowym, tropikalnym kokosem.<\/li>\n<li><strong>wi\u015bnia \/ wi\u015bnia cola<\/strong>: Bold Cherry spotyka musuj\u0105c\u0105 s\u0142odycz wi\u015bniowej coli.<\/li>\n<li><strong>Mi\u0119ta \/ Mi\u0119ta jagodowa<\/strong>: \u015awie\u017ca mi\u0119ta uzupe\u0142nia ch\u0142odn\u0105, orze\u017awiaj\u0105c\u0105 fuzj\u0119 jagodowo-mi\u0119tow\u0105.<\/li>\n<li><strong>Lodowy czarny smok \/ Red Bull<\/strong>: Icy Black Dragon Fruit \u0142\u0105czy si\u0119 z energetyzuj\u0105cym smakiem Red Bulla.<\/li>\n<li><strong>Cytryna Romans \/ Kalifornijska<\/strong>: Zesty cytryna pi\u0119knie \u0142\u0105czy si\u0119 ze s\u0142odk\u0105 wi\u015bni\u0105 kalifornijsk\u0105.<\/li>\n<\/ol>\n<p dir=\"auto\">Aby odkry\u0107 wszystkie 20 kombinacji smakowych, odwied\u017a <a href=\"https:\/\/vapeenjoy.com\/\" target=\"_blank\" rel=\"noopener noreferrer nofollow\">Vape ciesz si\u0119<\/a> I znajd\u017a idealne dopasowanie!<\/p>\n<h2 dir=\"auto\">Dlaczego warto wybra\u0107 Bang Blaze 40k?<\/h2>\n<p dir=\"auto\">Opr\u00f3cz imponuj\u0105cych specyfikacji, Bang Blaze 40K oferuje <strong>du\u017ca liczba zaci\u0105gni\u0119\u0107<\/strong>, <strong>Wszechstronno\u015b\u0107 z podw\u00f3jnym smakiem<\/strong>, a <strong>Bateria do \u0142adowania<\/strong>, co czyni go najlepszym wyborem dla vaper\u00f3w poszukuj\u0105cych warto\u015bci i r\u00f3\u017cnorodno\u015bci. Co wi\u0119cej, cewka z podw\u00f3jn\u0105 siatk\u0105 zapewnia sp\u00f3jne, aromatyczne trafienia z ka\u017cdym zaci\u0105gni\u0119ciem. Podobnie szybkie \u0142adowanie typu C minimalizuje przestoje, co pozwala szybko wr\u00f3ci\u0107 do wapowania. Niezale\u017cnie od tego, czy wolisz smaki owocowe, lodowe czy inspirowane cukierkami, to urz\u0105dzenie zapewnia spersonalizowane wra\u017cenia.<\/p>\n<p dir=\"auto\">Aby uzyska\u0107 doskona\u0142e rozwi\u0105zanie do waporyzacji, odkryj Bang Blaze 40K na <a href=\"https:\/\/vapeenjoy.com\/\" target=\"_blank\" rel=\"noopener noreferrer nofollow\">Vape ciesz si\u0119<\/a> Dzisiaj.<\/p>\n<h2 dir=\"auto\">Cz\u0119sto zadawane pytania<\/h2>\n<h3 dir=\"auto\">1. Ile zaci\u0105gni\u0119\u0107 zapewnia Bang Blaze 40k?<\/h3>\n<p dir=\"auto\">W skr\u00f3cie, urz\u0105dzenie oferuje do <strong>40 000 chusteczek<\/strong>, z oko\u0142o 20 000 zaci\u0105gni\u0119\u0107 na zbiornik smakowy, zapewniaj\u0105c d\u0142ugotrwa\u0142e u\u017cytkowanie.<\/p>\n<h3 dir=\"auto\">2. Co to jest system prze\u0142\u0105cznik\u00f3w suwakowych o podw\u00f3jnym smaku?<\/h3>\n<p dir=\"auto\">Zasadniczo prze\u0142\u0105cznik slide pozwala na natychmiastowe prze\u0142\u0105czanie mi\u0119dzy dwoma r\u00f3\u017cnymi smakami w jednym urz\u0105dzeniu, oferuj\u0105c niezr\u00f3wnan\u0105 r\u00f3\u017cnorodno\u015b\u0107 bez konieczno\u015bci wielu waporyzator\u00f3w.<\/p>\n<h3 dir=\"auto\">3. Czy \u0142adowanie Bang Blaze 40k jest \u0142adowane?<\/h3>\n<p dir=\"auto\">W pe\u0142ni, posiada on <strong>Bateria 650 mAh<\/strong> przy <strong>Szybkie \u0142adowanie typu C<\/strong>, pe\u0142ne na\u0142adowanie w oko\u0142o 45-60 minut.<\/p>\n<h3 dir=\"auto\">4. Jak wybra\u0107 odpowiedni smak?<\/h3>\n<p dir=\"auto\">Na pocz\u0105tek rozwa\u017c swoje preferencje smakowe: owocowe opcje, takie jak <strong>arbuz<\/strong> albo <strong>l\u00f3d mango<\/strong> odpowiadaj tym, kt\u00f3rzy lubi\u0105 s\u0142odkie nuty, podczas gdy <strong>bi\u0107<\/strong> albo <strong>l\u00f3d jagodowy<\/strong> Zaoferuj ch\u0142odniejsze uczucie. Mo\u017cesz na przyk\u0142ad wypr\u00f3bowa\u0107 kombinacj\u0119 z podw\u00f3jnym smakiem na <a href=\"https:\/\/vapeenjoy.com\/\" target=\"_blank\" rel=\"noopener noreferrer nofollow\">Vape ciesz si\u0119<\/a> Aby zbada\u0107 oba profile.<\/p>\n<h3 dir=\"auto\">5. Jakie mocne strony nikotyny s\u0105 dost\u0119pne?<\/h3>\n<p dir=\"auto\">W rzeczywisto\u015bci urz\u0105dzenie wchodzi <strong>0%, 2%, 3% i 5%<\/strong> Mocne strony nikotyny, zaspokajaj\u0105ce szeroki zakres preferencji.<\/p>\n<h3 dir=\"auto\">6. W jaki spos\u00f3b cewka z podw\u00f3jn\u0105 siatk\u0105 wzmacnia waporyzacj\u0119?<\/h3>\n<p dir=\"auto\">Konkretnie, w <strong>Cewka z podw\u00f3jn\u0105 siatk\u0105 1,2 \u03a9<\/strong> Zapewnia p\u0142ynn\u0105 produkcj\u0119 pary i bogaty, sp\u00f3jny smak przy ka\u017cdym losowaniu.<\/p>\n<h3 dir=\"auto\">7 7 Czy Bang Blaze 40k mo\u017cna uzupe\u0142ni\u0107?<\/h3>\n<p dir=\"auto\">Niestety nie, to jednorazowe waporyzator. Gdy 40 ml e-liquidu (20 ml na smak) zostanie wyczerpany, usu\u0144 go w spos\u00f3b odpowiedzialny.<\/p>\n<h2 dir=\"auto\">Kup Bang Blaze 40k ju\u017c dzi\u015b<\/h2>\n<p><img fetchpriority=\"high\" decoding=\"async\" class=\"alignnone wp-image-653 size-full\" src=\"https:\/\/vapeenjoy.com\/wp-content\/uploads\/2025\/07\/Bang-Blaze-40K-Puffs-Double-Taste-Disposable-Vape-Flavor.jpg\" alt=\"\" width=\"1080\" height=\"1426\" srcset=\"https:\/\/vapeenjoy.com\/wp-content\/uploads\/2025\/07\/Bang-Blaze-40K-Puffs-Double-Taste-Disposable-Vape-Flavor.jpg 1080w, https:\/\/vapeenjoy.com\/wp-content\/uploads\/2025\/07\/Bang-Blaze-40K-Puffs-Double-Taste-Disposable-Vape-Flavor-600x792.jpg 600w, https:\/\/vapeenjoy.com\/wp-content\/uploads\/2025\/07\/Bang-Blaze-40K-Puffs-Double-Taste-Disposable-Vape-Flavor-227x300.jpg 227w, https:\/\/vapeenjoy.com\/wp-content\/uploads\/2025\/07\/Bang-Blaze-40K-Puffs-Double-Taste-Disposable-Vape-Flavor-776x1024.jpg 776w, https:\/\/vapeenjoy.com\/wp-content\/uploads\/2025\/07\/Bang-Blaze-40K-Puffs-Double-Taste-Disposable-Vape-Flavor-768x1014.jpg 768w\" sizes=\"(max-width: 1080px) 100vw, 1080px\" \/><\/p>","protected":false},"excerpt":{"rendered":"<p dir=\"auto\">Bang, zaufana nazwa w Vaping, prezentuje jednorazowe waporyzator Bang Blaze 40k Puffs. To innowacyjne urz\u0105dzenie oferuje do 40 000 zaci\u0105gni\u0119\u0107 o pojemno\u015bci 40 ml dwusmaku, umo\u017cliwiaj\u0105c bezproblemowe prze\u0142\u0105czanie smaku. Wyposa\u017cony w akumulator o pojemno\u015bci 650 mAh, szybkie \u0142adowanie typu C i cewk\u0119 z podw\u00f3jn\u0105 siatk\u0105, zapewnia sp\u00f3jn\u0105, bogat\u0105 par\u0119 w eleganckim, przeno\u015bnym designie.<\/p>","protected":false},"featured_media":660,"comment_status":"open","ping_status":"closed","template":"","meta":[],"product_brand":[16],"product_cat":[23],"product_tag":[64,77],"class_list":{"0":"post-650","1":"product","2":"type-product","3":"status-publish","4":"has-post-thumbnail","6":"product_brand-bang-vape","7":"product_cat-40000-puffs-vape","8":"product_tag-0-5-nicotine","9":"product_tag-40ml","11":"first","12":"instock","13":"sale","14":"shipping-taxable","15":"purchasable","16":"product-type-variable"},"yoast_head":"<!-- This site is optimized with the Yoast SEO plugin v25.7 - https:\/\/yoast.com\/wordpress\/plugins\/seo\/ -->\n<title>Bang Blaze 40K Puffs Double Taste Disposable Vape 40ml e-liquid<\/title>\n<meta name=\"description\" content=\"Bang Blaze 40K Puffs Disposable Vape: 40mL, 0-5% nicotine, 32 dual flavors, 650mAh battery, Type-C charging. Shop now for a bold vaping experience!\" \/>\n<meta name=\"robots\" content=\"index, follow, max-snippet:-1, max-image-preview:large, max-video-preview:-1\" \/>\n<link rel=\"canonical\" href=\"https:\/\/vapeenjoy.com\/pl\/produkt\/bang-blaze-40k-chusty\/\" \/>\n<meta property=\"og:locale\" content=\"pl_PL\" \/>\n<meta property=\"og:type\" content=\"article\" \/>\n<meta property=\"og:title\" content=\"Bang Blaze 40K Puffs Double Taste Disposable Vape 40ml e-liquid\" \/>\n<meta property=\"og:description\" content=\"Bang Blaze 40K Puffs Disposable Vape: 40mL, 0-5% nicotine, 32 dual flavors, 650mAh battery, Type-C charging. Shop now for a bold vaping experience!\" \/>\n<meta property=\"og:url\" content=\"https:\/\/vapeenjoy.com\/pl\/produkt\/bang-blaze-40k-chusty\/\" \/>\n<meta property=\"og:site_name\" content=\"vapeenjoy\" \/>\n<meta property=\"article:modified_time\" content=\"2025-08-18T08:07:39+00:00\" \/>\n<meta property=\"og:image\" content=\"https:\/\/vapeenjoy.com\/wp-content\/uploads\/2025\/07\/bang-blaze-40k-40000-puffs-tropical-fruits-triple-watermelon.webp\" \/>\n\t<meta property=\"og:image:width\" content=\"1920\" \/>\n\t<meta property=\"og:image:height\" content=\"1920\" \/>\n\t<meta property=\"og:image:type\" content=\"image\/webp\" \/>\n<meta name=\"twitter:card\" content=\"summary_large_image\" \/>\n<meta name=\"twitter:label1\" content=\"Szacowany czas czytania\" \/>\n\t<meta name=\"twitter:data1\" content=\"4 minuty\" \/>\n<script type=\"application\/ld+json\" class=\"yoast-schema-graph\">{\"@context\":\"https:\/\/schema.org\",\"@graph\":[{\"@type\":\"WebPage\",\"@id\":\"https:\/\/vapeenjoy.com\/product\/bang-blaze-40k-puffs\/\",\"url\":\"https:\/\/vapeenjoy.com\/product\/bang-blaze-40k-puffs\/\",\"name\":\"Bang Blaze 40K Puffs Double Taste Disposable Vape 40ml e-liquid\",\"isPartOf\":{\"@id\":\"https:\/\/vapeenjoy.com\/#website\"},\"primaryImageOfPage\":{\"@id\":\"https:\/\/vapeenjoy.com\/product\/bang-blaze-40k-puffs\/#primaryimage\"},\"image\":{\"@id\":\"https:\/\/vapeenjoy.com\/product\/bang-blaze-40k-puffs\/#primaryimage\"},\"thumbnailUrl\":\"https:\/\/vapeenjoy.com\/wp-content\/uploads\/2025\/07\/bang-blaze-40k-40000-puffs-tropical-fruits-triple-watermelon.webp\",\"datePublished\":\"2025-07-26T03:39:40+00:00\",\"dateModified\":\"2025-08-18T08:07:39+00:00\",\"description\":\"Bang Blaze 40K Puffs Disposable Vape: 40mL, 0-5% nicotine, 32 dual flavors, 650mAh battery, Type-C charging. Shop now for a bold vaping experience!\",\"breadcrumb\":{\"@id\":\"https:\/\/vapeenjoy.com\/product\/bang-blaze-40k-puffs\/#breadcrumb\"},\"inLanguage\":\"pl-PL\",\"potentialAction\":[{\"@type\":\"ReadAction\",\"target\":[\"https:\/\/vapeenjoy.com\/product\/bang-blaze-40k-puffs\/\"]}]},{\"@type\":\"ImageObject\",\"inLanguage\":\"pl-PL\",\"@id\":\"https:\/\/vapeenjoy.com\/product\/bang-blaze-40k-puffs\/#primaryimage\",\"url\":\"https:\/\/vapeenjoy.com\/wp-content\/uploads\/2025\/07\/bang-blaze-40k-40000-puffs-tropical-fruits-triple-watermelon.webp\",\"contentUrl\":\"https:\/\/vapeenjoy.com\/wp-content\/uploads\/2025\/07\/bang-blaze-40k-40000-puffs-tropical-fruits-triple-watermelon.webp\",\"width\":1920,\"height\":1920},{\"@type\":\"BreadcrumbList\",\"@id\":\"https:\/\/vapeenjoy.com\/product\/bang-blaze-40k-puffs\/#breadcrumb\",\"itemListElement\":[{\"@type\":\"ListItem\",\"position\":1,\"name\":\"Home\",\"item\":\"https:\/\/vapeenjoy.com\/\"},{\"@type\":\"ListItem\",\"position\":2,\"name\":\"Shop\",\"item\":\"https:\/\/vapeenjoy.com\/vapeenjoy-shop\/\"},{\"@type\":\"ListItem\",\"position\":3,\"name\":\"Bang Blaze 40K Puffs Double Taste Disposable Vape 40ml 0-5% Nicotine\"}]},{\"@type\":\"WebSite\",\"@id\":\"https:\/\/vapeenjoy.com\/#website\",\"url\":\"https:\/\/vapeenjoy.com\/\",\"name\":\"vapeenjoy\",\"description\":\"An online store for selling vapes\",\"potentialAction\":[{\"@type\":\"SearchAction\",\"target\":{\"@type\":\"EntryPoint\",\"urlTemplate\":\"https:\/\/vapeenjoy.com\/?s={search_term_string}\"},\"query-input\":{\"@type\":\"PropertyValueSpecification\",\"valueRequired\":true,\"valueName\":\"search_term_string\"}}],\"inLanguage\":\"pl-PL\"}]}<\/script>\n<!-- \/ Yoast SEO plugin. -->","yoast_head_json":{"title":"Bang Blaze 40K Puffs Double Taste jednorazowe wapory 40ml e-liquid","description":"Bang Blaze 40K Puffs jednorazowe waporyzator: 40 ml, 0-5% Nikotyna, 32 podw\u00f3jne smaki, bateria 650 mAh, \u0142adowanie typu C. Kup teraz, aby odwa\u017cnie wpa\u015b\u0107 w wapowanie!","robots":{"index":"index","follow":"follow","max-snippet":"max-snippet:-1","max-image-preview":"max-image-preview:large","max-video-preview":"max-video-preview:-1"},"canonical":"https:\/\/vapeenjoy.com\/pl\/produkt\/bang-blaze-40k-chusty\/","og_locale":"pl_PL","og_type":"article","og_title":"Bang Blaze 40K Puffs Double Taste Disposable Vape 40ml e-liquid","og_description":"Bang Blaze 40K Puffs Disposable Vape: 40mL, 0-5% nicotine, 32 dual flavors, 650mAh battery, Type-C charging. Shop now for a bold vaping experience!","og_url":"https:\/\/vapeenjoy.com\/pl\/produkt\/bang-blaze-40k-chusty\/","og_site_name":"vapeenjoy","article_modified_time":"2025-08-18T08:07:39+00:00","og_image":[{"width":1920,"height":1920,"url":"https:\/\/vapeenjoy.com\/wp-content\/uploads\/2025\/07\/bang-blaze-40k-40000-puffs-tropical-fruits-triple-watermelon.webp","type":"image\/webp"}],"twitter_card":"summary_large_image","twitter_misc":{"Szacowany czas czytania":"4 minuty"},"schema":{"@context":"https:\/\/schema.org","@graph":[{"@type":"WebPage","@id":"https:\/\/vapeenjoy.com\/product\/bang-blaze-40k-puffs\/","url":"https:\/\/vapeenjoy.com\/product\/bang-blaze-40k-puffs\/","name":"Bang Blaze 40K Puffs Double Taste jednorazowe wapory 40ml e-liquid","isPartOf":{"@id":"https:\/\/vapeenjoy.com\/#website"},"primaryImageOfPage":{"@id":"https:\/\/vapeenjoy.com\/product\/bang-blaze-40k-puffs\/#primaryimage"},"image":{"@id":"https:\/\/vapeenjoy.com\/product\/bang-blaze-40k-puffs\/#primaryimage"},"thumbnailUrl":"https:\/\/vapeenjoy.com\/wp-content\/uploads\/2025\/07\/bang-blaze-40k-40000-puffs-tropical-fruits-triple-watermelon.webp","datePublished":"2025-07-26T03:39:40+00:00","dateModified":"2025-08-18T08:07:39+00:00","description":"Bang Blaze 40K Puffs jednorazowe waporyzator: 40 ml, 0-5% Nikotyna, 32 podw\u00f3jne smaki, bateria 650 mAh, \u0142adowanie typu C. Kup teraz, aby odwa\u017cnie wpa\u015b\u0107 w wapowanie!","breadcrumb":{"@id":"https:\/\/vapeenjoy.com\/product\/bang-blaze-40k-puffs\/#breadcrumb"},"inLanguage":"pl-PL","potentialAction":[{"@type":"ReadAction","target":["https:\/\/vapeenjoy.com\/product\/bang-blaze-40k-puffs\/"]}]},{"@type":"ImageObject","inLanguage":"pl-PL","@id":"https:\/\/vapeenjoy.com\/product\/bang-blaze-40k-puffs\/#primaryimage","url":"https:\/\/vapeenjoy.com\/wp-content\/uploads\/2025\/07\/bang-blaze-40k-40000-puffs-tropical-fruits-triple-watermelon.webp","contentUrl":"https:\/\/vapeenjoy.com\/wp-content\/uploads\/2025\/07\/bang-blaze-40k-40000-puffs-tropical-fruits-triple-watermelon.webp","width":1920,"height":1920},{"@type":"BreadcrumbList","@id":"https:\/\/vapeenjoy.com\/product\/bang-blaze-40k-puffs\/#breadcrumb","itemListElement":[{"@type":"ListItem","position":1,"name":"Home","item":"https:\/\/vapeenjoy.com\/"},{"@type":"ListItem","position":2,"name":"Shop","item":"https:\/\/vapeenjoy.com\/vapeenjoy-shop\/"},{"@type":"ListItem","position":3,"name":"Bang Blaze 40K Puffs Double Taste Disposable Vape 40ml 0-5% Nicotine"}]},{"@type":"WebSite","@id":"https:\/\/vapeenjoy.com\/#website","url":"https:\/\/vapeenjoy.com\/","name":"skutkowaty","description":"Sklep internetowy do sprzeda\u017cy vapes","potentialAction":[{"@type":"SearchAction","target":{"@type":"EntryPoint","urlTemplate":"https:\/\/vapeenjoy.com\/?s={search_term_string}"},"query-input":{"@type":"PropertyValueSpecification","valueRequired":true,"valueName":"search_term_string"}}],"inLanguage":"pl-PL"}]}},"_links":{"self":[{"href":"https:\/\/vapeenjoy.com\/pl\/wp-json\/wp\/v2\/product\/650","targetHints":{"allow":["GET"]}}],"collection":[{"href":"https:\/\/vapeenjoy.com\/pl\/wp-json\/wp\/v2\/product"}],"about":[{"href":"https:\/\/vapeenjoy.com\/pl\/wp-json\/wp\/v2\/types\/product"}],"replies":[{"embeddable":true,"href":"https:\/\/vapeenjoy.com\/pl\/wp-json\/wp\/v2\/comments?post=650"}],"version-history":[{"count":4,"href":"https:\/\/vapeenjoy.com\/pl\/wp-json\/wp\/v2\/product\/650\/revisions"}],"predecessor-version":[{"id":2317,"href":"https:\/\/vapeenjoy.com\/pl\/wp-json\/wp\/v2\/product\/650\/revisions\/2317"}],"wp:featuredmedia":[{"embeddable":true,"href":"https:\/\/vapeenjoy.com\/pl\/wp-json\/wp\/v2\/media\/660"}],"wp:attachment":[{"href":"https:\/\/vapeenjoy.com\/pl\/wp-json\/wp\/v2\/media?parent=650"}],"wp:term":[{"taxonomy":"product_brand","embeddable":true,"href":"https:\/\/vapeenjoy.com\/pl\/wp-json\/wp\/v2\/product_brand?post=650"},{"taxonomy":"product_cat","embeddable":true,"href":"https:\/\/vapeenjoy.com\/pl\/wp-json\/wp\/v2\/product_cat?post=650"},{"taxonomy":"product_tag","embeddable":true,"href":"https:\/\/vapeenjoy.com\/pl\/wp-json\/wp\/v2\/product_tag?post=650"}],"curies":[{"name":"wp","href":"https:\/\/api.w.org\/{rel}","templated":true}]}}