{"id":661,"date":"2025-07-28T03:28:31","date_gmt":"2025-07-28T03:28:31","guid":{"rendered":"https:\/\/vapeenjoy.com\/?post_type=product&#038;p=661"},"modified":"2025-08-26T07:50:31","modified_gmt":"2025-08-26T07:50:31","slug":"bang-king-constellation-36000-puffs-double-power-disposable-vape-36ml-0-5-nicotine","status":"publish","type":"product","link":"https:\/\/vapeenjoy.com\/pl\/produkt\/bang-king-constellation-36000-puffs-podwojna-moc-jednorazowe-vape-36ml-0-5-nikotyna\/","title":{"rendered":"Bang King Constellation 36K Puffs Podw\u00f3jna Moc Jednorazowe Vape 36ml 0-5% Nikotyna"},"content":{"rendered":"<h2>Bang King Constellation 36k Puffs jednorazowe waporyzator Opis<\/h2>\n<p dir=\"auto\">Bang King, zaufany lider na rynku jednorazowego u\u017cytku, konsekwentnie dostarcza urz\u0105dzenia o du\u017cej pojemno\u015bci z innowacyjnymi funkcjami. W szczeg\u00f3lno\u015bci, jednorazowe waporyzatory Bang King Constellation 36K Puffs oferuj\u0105 imponuj\u0105c\u0105 liczb\u0119 zaci\u0105gni\u0119\u0107 i solidn\u0105 konstrukcj\u0119. Dodatkowo, inspirowana zodiakiem estetyka, w po\u0142\u0105czeniu z \u017cywym wy\u015bwietlaczem LED, zapewnia stylowe, ale funkcjonalne wra\u017cenia z waporyzacji.<\/p>\n<h2><strong>Konstelacja kr\u00f3la bang 36k chusty <\/strong>Jednorazowy waporyzator <strong>Specyfikacje<\/strong><\/h2>\n<ul dir=\"auto\">\n<li><strong>Liczba zaci\u0105gni\u0119\u0107<\/strong>: 36 000 PUFFS \u2013 zapewnia tygodnie lub miesi\u0105ce u\u017cytkowania, idealne do d\u0142ugotrwa\u0142ej wapowania.<\/li>\n<li><strong>Pojemno\u015b\u0107 e-liquid\u00f3w<\/strong>: 36 ml \u2013 Wst\u0119pnie nape\u0142niony dla jednolitego smaku bez cz\u0119stych uzupe\u0142nie\u0144.<\/li>\n<li><strong>Si\u0142a nikotyny<\/strong>: 0%, 2%, 3%, 5% \u2013 odpowiada za r\u00f3\u017cne preferencje, od wolnych od nikotyny do mocnych trafie\u0144.<\/li>\n<li><strong>Pojemno\u015b\u0107 baterii<\/strong>: 850 mAh \u2013 \u0142adowanie do d\u0142u\u017cszych sesji z minimalnym przestojem.<\/li>\n<li><strong>Rodzaj \u0142adowania<\/strong>: Type-C \u2013 umo\u017cliwia szybkie i wydajne \u0142adowanie.<\/li>\n<li><strong>Typ cewki<\/strong>: Cewka siatka 0,6\u03a9 \u2013 wzmacnia smak i zapewnia g\u0142adk\u0105 par\u0119.<\/li>\n<li><strong>przelotny powietrze<\/strong>: Regulowany \u2013 Dostosuj rezystancj\u0119 do \u015bci\u0105gania za pomoc\u0105 dotykowego interfejsu.<\/li>\n<li><strong>manifest<\/strong>: Podw\u00f3jny ekran LED \u2013 monitoruje poziom baterii i e-liquid\u00f3w w czasie rzeczywistym.<\/li>\n<\/ul>\n<h2 dir=\"auto\"><strong>12 \u017cywych opcji smakowych<\/strong><\/h2>\n<ol dir=\"auto\">\n<li><strong>niebieski razz l\u00f3d<\/strong> \u2013 Pikantna niebieska malina z ch\u0142odnym wyko\u0144czeniem mentolowym dla chrupi\u0105cego wapna.<\/li>\n<li><strong>Arbuz truskawkowy<\/strong> \u2013 S\u0142odkie truskawki i soczysty arbuz dla zr\u00f3wnowa\u017conego smaku.<\/li>\n<li><strong>l\u00f3d arbuzowy<\/strong> \u2013 S\u0142odki arbuz z orze\u017awiaj\u0105cym mentolowym akcentem.<\/li>\n<li><strong>truskawkowy banan<\/strong> \u2013 G\u0142adka mieszanka truskawek i kremowych banan\u00f3w.<\/li>\n<li><strong>Owoce tropik<\/strong> \u2013 Mieszanka owoc\u00f3w egzotycznych na s\u0142odk\u0105, pikantn\u0105 sesj\u0119 wapowania.<\/li>\n<li><strong>Potr\u00f3jne jagody<\/strong> \u2013 Soczyste truskawki, jagody i maliny w odwa\u017cnej mieszance.<\/li>\n<li><strong>Sok brzoskwiniowy l\u00f3d<\/strong> \u2013 Soczysta brzoskwinia z fajnym mentolowym kopni\u0119ciem.<\/li>\n<li><strong>kiwi truskawkowe<\/strong> \u2013 S\u0142odkie truskawki w po\u0142\u0105czeniu z pikantnym kiwi.<\/li>\n<li><strong>Arbuz z brzoskwiniowego mango<\/strong> \u2013 Tropikalne trio brzoskwini, mango i arbuza.<\/li>\n<li><strong>kiwi marakuja guawa<\/strong> \u2013 Tarta Kiwi, Passion Fruit i G\u0142adka mieszanka guawy.<\/li>\n<li><strong>jab\u0142ko winogron<\/strong> \u2013 S\u0142odkie winogrona i chrupi\u0105ce jab\u0142ka dla orze\u017awiaj\u0105cego waporyzatora.<\/li>\n<li><strong>Pan Niebieski<\/strong> \u2013 S\u0142odka jagoda z subtelnym mentolem dla ch\u0142odnego doznania.<\/li>\n<\/ol>\n<h2 dir=\"auto\"><strong>Cz\u0119sto zadawane pytania<\/strong><\/h2>\n<ol dir=\"auto\">\n<li><strong>Jak d\u0142ugo dzia\u0142a urz\u0105dzenie?<\/strong><br \/>\nZ 36 000 puff\u00f3w i 36 ml e-liquidu, trwa tygodnie lub miesi\u0105ce, w zale\u017cno\u015bci od u\u017cycia.<\/li>\n<li><strong>Czy mog\u0119 to na\u0142adowa\u0107?<\/strong><br \/>\nTak, bateria 850 mAh obs\u0142uguje szybkie \u0142adowanie typu C.<\/li>\n<li><strong>Jak regulowa\u0107 przep\u0142yw powietrza?<\/strong><br \/>\nPo prostu u\u017cyj interfejsu dotykowego na dole, aby uzyska\u0107 niestandardowe rysowanie.<\/li>\n<li><strong>Jak wybra\u0107 smak?<\/strong><br \/>\nNa przyk\u0142ad wybierz owocowe mieszanki, takie jak truskawkowy arbuz, aby uzyska\u0107 s\u0142odycz, lodowe opcje, takie jak l\u00f3d blue razz do orze\u017awienia, czy kremowy banan truskawkowy dla g\u0142adko\u015bci.<\/li>\n<li><strong>Co pokazuje wy\u015bwietlacz LED?<\/strong><br \/>\nPokazuje poziomy baterii i e-liquid w czasie rzeczywistym, co u\u0142atwia monitorowanie.<\/li>\n<li><strong>Czy nadaje si\u0119 do ci\u0119\u017ckich vaper\u00f3w?<\/strong><br \/>\nRzeczywi\u015bcie, jego wysoka liczba zaci\u0105gni\u0119\u0107 i pojemno\u015b\u0107 e-liquid\u00f3w pasuj\u0105 do cz\u0119stych vaper\u00f3w.<\/li>\n<li><strong>Czy smaki s\u0105 sp\u00f3jne?<\/strong><br \/>\nAbsolutnie, cewka z siatki 0,6 \u03a9 zapewnia sp\u00f3jny smak w ca\u0142ym tek\u015bcie.<\/li>\n<\/ol>\n<p><img fetchpriority=\"high\" decoding=\"async\" class=\"alignnone wp-image-664 size-full\" src=\"https:\/\/vapeenjoy.com\/wp-content\/uploads\/2025\/07\/bang-king-constellation-360000-Puffs.png\" alt=\"Bang King Constellation 36000 Puffs Podw\u00f3jna moc Jednorazowe smaki waporyzacyjne \" width=\"800\" height=\"1592\" srcset=\"https:\/\/vapeenjoy.com\/wp-content\/uploads\/2025\/07\/bang-king-constellation-360000-Puffs.png 800w, https:\/\/vapeenjoy.com\/wp-content\/uploads\/2025\/07\/bang-king-constellation-360000-Puffs-600x1194.png 600w, https:\/\/vapeenjoy.com\/wp-content\/uploads\/2025\/07\/bang-king-constellation-360000-Puffs-151x300.png 151w, https:\/\/vapeenjoy.com\/wp-content\/uploads\/2025\/07\/bang-king-constellation-360000-Puffs-515x1024.png 515w, https:\/\/vapeenjoy.com\/wp-content\/uploads\/2025\/07\/bang-king-constellation-360000-Puffs-768x1528.png 768w, https:\/\/vapeenjoy.com\/wp-content\/uploads\/2025\/07\/bang-king-constellation-360000-Puffs-772x1536.png 772w\" sizes=\"(max-width: 800px) 100vw, 800px\" \/><\/p>","protected":false},"excerpt":{"rendered":"<p>Bang King, zaufana nazwa w jednorazowych waporyzatorach, przedstawia konstelacj\u0119 36000 Puffs jednorazowe wapory. To urz\u0105dzenie o du\u017cej pojemno\u015bci oferuje 36 ml e-liquidu, opcje nikotyny 0-5%, akumulator 850 mAh i cewk\u0119 oczkow\u0105 0,6 \u03a9 dla jednolitego smaku. Dzi\u0119ki regulowanemu przep\u0142ywowi powietrza i dwuekranowemu wy\u015bwietlaczowi LED jest przeznaczony do d\u0142ugotrwa\u0142ej, konfigurowalnej waporyzacji.<\/p>","protected":false},"featured_media":665,"comment_status":"open","ping_status":"closed","template":"","meta":[],"product_brand":[16],"product_cat":[58],"product_tag":[64,67,76],"class_list":{"0":"post-661","1":"product","2":"type-product","3":"status-publish","4":"has-post-thumbnail","6":"product_brand-bang-vape","7":"product_cat-36000-puffs-vape","8":"product_tag-0-5-nicotine","9":"product_tag-36ml","10":"product_tag-double-power","12":"first","13":"instock","14":"sale","15":"shipping-taxable","16":"purchasable","17":"product-type-variable"},"yoast_head":"<!-- This site is optimized with the Yoast SEO plugin v25.7 - https:\/\/yoast.com\/wordpress\/plugins\/seo\/ -->\n<title>Bang King Constellation 36K Puffs Double Power Disposable Vape<\/title>\n<meta name=\"description\" content=\"Discover the Bang King Constellation 36K Puffs Vape with 36ml e-liquid, 0-5% nicotine, 12 flavors, adjustable airflow, and dual-screen LED. Buy now!\" \/>\n<meta name=\"robots\" content=\"index, follow, max-snippet:-1, max-image-preview:large, max-video-preview:-1\" \/>\n<link rel=\"canonical\" href=\"https:\/\/vapeenjoy.com\/pl\/produkt\/bang-king-constellation-36000-puffs-podwojna-moc-jednorazowe-vape-36ml-0-5-nikotyna\/\" \/>\n<meta property=\"og:locale\" content=\"pl_PL\" \/>\n<meta property=\"og:type\" content=\"article\" \/>\n<meta property=\"og:title\" content=\"Bang King Constellation 36K Puffs Double Power Disposable Vape\" \/>\n<meta property=\"og:description\" content=\"Discover the Bang King Constellation 36K Puffs Vape with 36ml e-liquid, 0-5% nicotine, 12 flavors, adjustable airflow, and dual-screen LED. Buy now!\" \/>\n<meta property=\"og:url\" content=\"https:\/\/vapeenjoy.com\/pl\/produkt\/bang-king-constellation-36000-puffs-podwojna-moc-jednorazowe-vape-36ml-0-5-nikotyna\/\" \/>\n<meta property=\"og:site_name\" content=\"vapeenjoy\" \/>\n<meta property=\"article:modified_time\" content=\"2025-08-26T07:50:31+00:00\" \/>\n<meta property=\"og:image\" content=\"https:\/\/vapeenjoy.com\/wp-content\/uploads\/2025\/07\/bang-king-constellation-360000.png\" \/>\n\t<meta property=\"og:image:width\" content=\"800\" \/>\n\t<meta property=\"og:image:height\" content=\"812\" \/>\n\t<meta property=\"og:image:type\" content=\"image\/png\" \/>\n<meta name=\"twitter:card\" content=\"summary_large_image\" \/>\n<meta name=\"twitter:label1\" content=\"Szacowany czas czytania\" \/>\n\t<meta name=\"twitter:data1\" content=\"3 minuty\" \/>\n<script type=\"application\/ld+json\" class=\"yoast-schema-graph\">{\"@context\":\"https:\/\/schema.org\",\"@graph\":[{\"@type\":\"WebPage\",\"@id\":\"https:\/\/vapeenjoy.com\/product\/bang-king-constellation-36000-puffs-double-power-disposable-vape-36ml-0-5-nicotine\/\",\"url\":\"https:\/\/vapeenjoy.com\/product\/bang-king-constellation-36000-puffs-double-power-disposable-vape-36ml-0-5-nicotine\/\",\"name\":\"Bang King Constellation 36K Puffs Double Power Disposable Vape\",\"isPartOf\":{\"@id\":\"https:\/\/vapeenjoy.com\/#website\"},\"primaryImageOfPage\":{\"@id\":\"https:\/\/vapeenjoy.com\/product\/bang-king-constellation-36000-puffs-double-power-disposable-vape-36ml-0-5-nicotine\/#primaryimage\"},\"image\":{\"@id\":\"https:\/\/vapeenjoy.com\/product\/bang-king-constellation-36000-puffs-double-power-disposable-vape-36ml-0-5-nicotine\/#primaryimage\"},\"thumbnailUrl\":\"https:\/\/vapeenjoy.com\/wp-content\/uploads\/2025\/07\/bang-king-constellation-360000.png\",\"datePublished\":\"2025-07-28T03:28:31+00:00\",\"dateModified\":\"2025-08-26T07:50:31+00:00\",\"description\":\"Discover the Bang King Constellation 36K Puffs Vape with 36ml e-liquid, 0-5% nicotine, 12 flavors, adjustable airflow, and dual-screen LED. Buy now!\",\"breadcrumb\":{\"@id\":\"https:\/\/vapeenjoy.com\/product\/bang-king-constellation-36000-puffs-double-power-disposable-vape-36ml-0-5-nicotine\/#breadcrumb\"},\"inLanguage\":\"pl-PL\",\"potentialAction\":[{\"@type\":\"ReadAction\",\"target\":[\"https:\/\/vapeenjoy.com\/product\/bang-king-constellation-36000-puffs-double-power-disposable-vape-36ml-0-5-nicotine\/\"]}]},{\"@type\":\"ImageObject\",\"inLanguage\":\"pl-PL\",\"@id\":\"https:\/\/vapeenjoy.com\/product\/bang-king-constellation-36000-puffs-double-power-disposable-vape-36ml-0-5-nicotine\/#primaryimage\",\"url\":\"https:\/\/vapeenjoy.com\/wp-content\/uploads\/2025\/07\/bang-king-constellation-360000.png\",\"contentUrl\":\"https:\/\/vapeenjoy.com\/wp-content\/uploads\/2025\/07\/bang-king-constellation-360000.png\",\"width\":800,\"height\":812},{\"@type\":\"BreadcrumbList\",\"@id\":\"https:\/\/vapeenjoy.com\/product\/bang-king-constellation-36000-puffs-double-power-disposable-vape-36ml-0-5-nicotine\/#breadcrumb\",\"itemListElement\":[{\"@type\":\"ListItem\",\"position\":1,\"name\":\"Home\",\"item\":\"https:\/\/vapeenjoy.com\/\"},{\"@type\":\"ListItem\",\"position\":2,\"name\":\"Shop\",\"item\":\"https:\/\/vapeenjoy.com\/vapeenjoy-shop\/\"},{\"@type\":\"ListItem\",\"position\":3,\"name\":\"Bang King Constellation 36K Puffs Double Power Disposable Vape 36ml 0-5% Nicotine\"}]},{\"@type\":\"WebSite\",\"@id\":\"https:\/\/vapeenjoy.com\/#website\",\"url\":\"https:\/\/vapeenjoy.com\/\",\"name\":\"vapeenjoy\",\"description\":\"An online store for selling vapes\",\"potentialAction\":[{\"@type\":\"SearchAction\",\"target\":{\"@type\":\"EntryPoint\",\"urlTemplate\":\"https:\/\/vapeenjoy.com\/?s={search_term_string}\"},\"query-input\":{\"@type\":\"PropertyValueSpecification\",\"valueRequired\":true,\"valueName\":\"search_term_string\"}}],\"inLanguage\":\"pl-PL\"}]}<\/script>\n<!-- \/ Yoast SEO plugin. -->","yoast_head_json":{"title":"Bang King Constellation 36k Puffs Podw\u00f3jna moc Jednorazowe waporyzator","description":"Odkryj vape Bang King Constellation 36K Puffs z 36 ml e-liquidem, nikotyn\u0105 0-5%, 12 smak\u00f3w, regulowanym przep\u0142ywem powietrza i dwuekranow\u0105 diod\u0105 LED. Kup teraz!","robots":{"index":"index","follow":"follow","max-snippet":"max-snippet:-1","max-image-preview":"max-image-preview:large","max-video-preview":"max-video-preview:-1"},"canonical":"https:\/\/vapeenjoy.com\/pl\/produkt\/bang-king-constellation-36000-puffs-podwojna-moc-jednorazowe-vape-36ml-0-5-nikotyna\/","og_locale":"pl_PL","og_type":"article","og_title":"Bang King Constellation 36K Puffs Double Power Disposable Vape","og_description":"Discover the Bang King Constellation 36K Puffs Vape with 36ml e-liquid, 0-5% nicotine, 12 flavors, adjustable airflow, and dual-screen LED. Buy now!","og_url":"https:\/\/vapeenjoy.com\/pl\/produkt\/bang-king-constellation-36000-puffs-podwojna-moc-jednorazowe-vape-36ml-0-5-nikotyna\/","og_site_name":"vapeenjoy","article_modified_time":"2025-08-26T07:50:31+00:00","og_image":[{"width":800,"height":812,"url":"https:\/\/vapeenjoy.com\/wp-content\/uploads\/2025\/07\/bang-king-constellation-360000.png","type":"image\/png"}],"twitter_card":"summary_large_image","twitter_misc":{"Szacowany czas czytania":"3 minuty"},"schema":{"@context":"https:\/\/schema.org","@graph":[{"@type":"WebPage","@id":"https:\/\/vapeenjoy.com\/product\/bang-king-constellation-36000-puffs-double-power-disposable-vape-36ml-0-5-nicotine\/","url":"https:\/\/vapeenjoy.com\/product\/bang-king-constellation-36000-puffs-double-power-disposable-vape-36ml-0-5-nicotine\/","name":"Bang King Constellation 36k Puffs Podw\u00f3jna moc Jednorazowe waporyzator","isPartOf":{"@id":"https:\/\/vapeenjoy.com\/#website"},"primaryImageOfPage":{"@id":"https:\/\/vapeenjoy.com\/product\/bang-king-constellation-36000-puffs-double-power-disposable-vape-36ml-0-5-nicotine\/#primaryimage"},"image":{"@id":"https:\/\/vapeenjoy.com\/product\/bang-king-constellation-36000-puffs-double-power-disposable-vape-36ml-0-5-nicotine\/#primaryimage"},"thumbnailUrl":"https:\/\/vapeenjoy.com\/wp-content\/uploads\/2025\/07\/bang-king-constellation-360000.png","datePublished":"2025-07-28T03:28:31+00:00","dateModified":"2025-08-26T07:50:31+00:00","description":"Odkryj vape Bang King Constellation 36K Puffs z 36 ml e-liquidem, nikotyn\u0105 0-5%, 12 smak\u00f3w, regulowanym przep\u0142ywem powietrza i dwuekranow\u0105 diod\u0105 LED. Kup teraz!","breadcrumb":{"@id":"https:\/\/vapeenjoy.com\/product\/bang-king-constellation-36000-puffs-double-power-disposable-vape-36ml-0-5-nicotine\/#breadcrumb"},"inLanguage":"pl-PL","potentialAction":[{"@type":"ReadAction","target":["https:\/\/vapeenjoy.com\/product\/bang-king-constellation-36000-puffs-double-power-disposable-vape-36ml-0-5-nicotine\/"]}]},{"@type":"ImageObject","inLanguage":"pl-PL","@id":"https:\/\/vapeenjoy.com\/product\/bang-king-constellation-36000-puffs-double-power-disposable-vape-36ml-0-5-nicotine\/#primaryimage","url":"https:\/\/vapeenjoy.com\/wp-content\/uploads\/2025\/07\/bang-king-constellation-360000.png","contentUrl":"https:\/\/vapeenjoy.com\/wp-content\/uploads\/2025\/07\/bang-king-constellation-360000.png","width":800,"height":812},{"@type":"BreadcrumbList","@id":"https:\/\/vapeenjoy.com\/product\/bang-king-constellation-36000-puffs-double-power-disposable-vape-36ml-0-5-nicotine\/#breadcrumb","itemListElement":[{"@type":"ListItem","position":1,"name":"Home","item":"https:\/\/vapeenjoy.com\/"},{"@type":"ListItem","position":2,"name":"Shop","item":"https:\/\/vapeenjoy.com\/vapeenjoy-shop\/"},{"@type":"ListItem","position":3,"name":"Bang King Constellation 36K Puffs Double Power Disposable Vape 36ml 0-5% Nicotine"}]},{"@type":"WebSite","@id":"https:\/\/vapeenjoy.com\/#website","url":"https:\/\/vapeenjoy.com\/","name":"skutkowaty","description":"Sklep internetowy do sprzeda\u017cy vapes","potentialAction":[{"@type":"SearchAction","target":{"@type":"EntryPoint","urlTemplate":"https:\/\/vapeenjoy.com\/?s={search_term_string}"},"query-input":{"@type":"PropertyValueSpecification","valueRequired":true,"valueName":"search_term_string"}}],"inLanguage":"pl-PL"}]}},"_links":{"self":[{"href":"https:\/\/vapeenjoy.com\/pl\/wp-json\/wp\/v2\/product\/661","targetHints":{"allow":["GET"]}}],"collection":[{"href":"https:\/\/vapeenjoy.com\/pl\/wp-json\/wp\/v2\/product"}],"about":[{"href":"https:\/\/vapeenjoy.com\/pl\/wp-json\/wp\/v2\/types\/product"}],"replies":[{"embeddable":true,"href":"https:\/\/vapeenjoy.com\/pl\/wp-json\/wp\/v2\/comments?post=661"}],"version-history":[{"count":4,"href":"https:\/\/vapeenjoy.com\/pl\/wp-json\/wp\/v2\/product\/661\/revisions"}],"predecessor-version":[{"id":2591,"href":"https:\/\/vapeenjoy.com\/pl\/wp-json\/wp\/v2\/product\/661\/revisions\/2591"}],"wp:featuredmedia":[{"embeddable":true,"href":"https:\/\/vapeenjoy.com\/pl\/wp-json\/wp\/v2\/media\/665"}],"wp:attachment":[{"href":"https:\/\/vapeenjoy.com\/pl\/wp-json\/wp\/v2\/media?parent=661"}],"wp:term":[{"taxonomy":"product_brand","embeddable":true,"href":"https:\/\/vapeenjoy.com\/pl\/wp-json\/wp\/v2\/product_brand?post=661"},{"taxonomy":"product_cat","embeddable":true,"href":"https:\/\/vapeenjoy.com\/pl\/wp-json\/wp\/v2\/product_cat?post=661"},{"taxonomy":"product_tag","embeddable":true,"href":"https:\/\/vapeenjoy.com\/pl\/wp-json\/wp\/v2\/product_tag?post=661"}],"curies":[{"name":"wp","href":"https:\/\/api.w.org\/{rel}","templated":true}]}}