{"id":670,"date":"2025-07-28T07:04:40","date_gmt":"2025-07-28T07:04:40","guid":{"rendered":"https:\/\/vapeenjoy.com\/?post_type=product&#038;p=670"},"modified":"2025-08-18T08:07:20","modified_gmt":"2025-08-18T08:07:20","slug":"bang-36000-puffs-adjustable-ice-smart-full-screen-disposable-vape-36ml-0-5-nicotine","status":"publish","type":"product","link":"https:\/\/vapeenjoy.com\/pl\/produkt\/bang-36000-puffs-regulowany-ice-smart-full-screen-jednorazowy-vape-36ml-0-5-nikotyna\/","title":{"rendered":"Bang 36k Puffs regulowany ICE inteligentne na pe\u0142ny ekran jednorazowe vape 36ml 0-5% nikotyna"},"content":{"rendered":"<h2>Bang 36k Puffs Regulowany ICE Smart Full Screen jednorazowy vape<\/h2>\n<p dir=\"auto\">Bang, zaufana nazwa w Vaping, znana jest z niezawodnych i innowacyjnych urz\u0105dze\u0144. Wyr\u00f3\u017cnia si\u0119 jednorazowy waporyzator Bang 36K Puffs z regulacj\u0105 ICE Smart Smart. \u0141\u0105czy w sobie d\u0142ugowieczno\u015b\u0107, personalizacj\u0119 i \u0142atwo\u015b\u0107 u\u017cytkowania. Ponadto oferuje elegancki wygl\u0105d z kolorowym \u015bwiat\u0142em LED i inteligentnym wy\u015bwietlaczem na pe\u0142nym ekranie, co u\u0142atwia monitorowanie.<\/p>\n<h3 dir=\"auto\">Bang 36k Puffs jednorazowe funkcje i design<\/h3>\n<p dir=\"auto\">Ta vape zapewnia do 36 000 zaci\u0105gni\u0119\u0107, idealnych do d\u0142u\u017cszego u\u017cytkowania. Jego pojemno\u015b\u0107 e-liquid 36 ml zapewnia sp\u00f3jny smak. Dodatkowo akumulator 850 mAh wykorzystuje port typu C do szybkiego \u0142adowania. Podw\u00f3jna cewka o siatce 1,0 \u03a9 zapewnia p\u0142ynne naci\u0105gni\u0119cia i bogat\u0105 par\u0119. Dla wi\u0119kszej wygody inteligentny wy\u015bwietlacz pokazuje wyra\u017anie poziom e-liquid\u00f3w i baterii.<\/p>\n<h3 dir=\"auto\">Konfigurowalne wra\u017cenia z wapowania<\/h3>\n<p dir=\"auto\">Regulowana funkcja ICE pozwala u\u017cytkownikom kontrolowa\u0107 efekt ch\u0142odzenia, od \u0142agodnego do intensywnego. Tymczasem regulacja ci\u015bnienia odcisk\u00f3w palc\u00f3w dostosowuje wyj\u015bciowe pary. Zaprojektowany do waporyzacji Direct-to-Lung (DTL) zapewnia odwa\u017cne smaki. W zwi\u0105zku z tym u\u017cytkownicy mog\u0105 dopasowa\u0107 ka\u017cd\u0105 sesj\u0119 do swoich preferencji.<\/p>\n<h3 dir=\"auto\">12 ekscytuj\u0105cych opcji smakowych<\/h3>\n<p dir=\"auto\">Wybierz spo\u015br\u00f3d 12 unikalnych smak\u00f3w, kt\u00f3re dopasuj\u0105 si\u0119 do ka\u017cdego gustu:<\/p>\n<ol dir=\"auto\">\n<li><strong>truskawkowy banan<\/strong>: S\u0142odkie truskawki spotykaj\u0105 kremowe banany, aby uzyska\u0107 g\u0142adki waporyzator.<\/li>\n<li><strong>Mi\u0142o\u015b\u0107 66<\/strong>: Tajemnicza owocowa mieszanka ze \u015bwie\u017cym akcentem.<\/li>\n<li><strong>Kokos ananasowy<\/strong>: Pikantny ananas i bogaty kokos tworz\u0105 tropikalny klimat.<\/li>\n<li><strong>malina jagodowa<\/strong>: Soczyste jagody z pikantnym kopni\u0119ciem.<\/li>\n<li><strong>Arbuz truskawkowy<\/strong>: Chrupi\u0105ce pary arbuzowe ze s\u0142odkimi truskawkami.<\/li>\n<li><strong>l\u00f3d truskawkowy<\/strong>: Truskawki z ch\u0142odnym wyko\u0144czeniem mentolowym.<\/li>\n<li><strong>l\u00f3d jagodowy<\/strong>: Tarta Jagody z orze\u017awiaj\u0105cym ch\u0142\u00f3dem.<\/li>\n<li><strong>Potr\u00f3jne jagody<\/strong>: \u015amia\u0142a mieszanka truskawek, malin i jag\u00f3d.<\/li>\n<li><strong>kiwi truskawkowe<\/strong>: S\u0142odkie truskawki z pikantnym kiwi.<\/li>\n<li><strong>truskawkowe mango<\/strong>: Tropikalne mango mieszaj\u0105 si\u0119 z dojrza\u0142ymi truskawkami.<\/li>\n<li><strong>czerwony byk<\/strong>: Pikantny, cytrusowy smak inspirowany napojami.<\/li>\n<li><strong>l\u00f3d arbuzowy<\/strong>: Soczysty arbuz z mentolowym powiewem.<\/li>\n<\/ol>\n<h3 dir=\"auto\">Elastyczne mocne strony nikotyny<\/h3>\n<p dir=\"auto\">Dost\u0119pne w mocnych stronach nikotyny 0%, 2%, 3% i 5%, ten vape odpowiada wszystkim u\u017cytkownikom. Na przyk\u0142ad opcje bez nikotyny s\u0105 przeznaczone dla os\u00f3b poszukuj\u0105cych \u0142agodniejszego do\u015bwiadczenia, podczas gdy wy\u017csze moce zadowalaj\u0105 do\u015bwiadczonych vaper\u00f3w. W ten spos\u00f3b uwzgl\u0119dnia r\u00f3\u017cne preferencje.<\/p>\n<h3 dir=\"auto\">Cz\u0119sto zadawane pytania<\/h3>\n<ol dir=\"auto\">\n<li><strong>Dlaczego regulowana funkcja lodu jest wyj\u0105tkowa?<\/strong><br \/>\nPozwala u\u017cytkownikom dostosowa\u0107 intensywno\u015b\u0107 ch\u0142odzenia, tworz\u0105c spersonalizowany vape. Na przyk\u0142ad mo\u017cesz wybra\u0107 subtelny ch\u0142\u00f3d lub mro\u017any hit.<\/li>\n<li><strong>Jak pomaga inteligentny wy\u015bwietlacz?<\/strong><br \/>\nPe\u0142ny ekran pokazuje poziom e-liquid\u00f3w i baterii w czasie rzeczywistym. W rezultacie u\u017cytkownicy mog\u0105 planowa\u0107 u\u017cycie bez niespodzianek.<\/li>\n<li><strong>Jaka jest pojemno\u015b\u0107 zaci\u0105gni\u0119\u0107?<\/strong><br \/>\nOferuje do 36 000 zaci\u0105gni\u0119\u0107, idealnych dla cz\u0119stych vaper\u00f3w. Dlatego zmniejsza potrzeb\u0119 cz\u0119stych wymian.<\/li>\n<li><strong>Jak to na\u0142adowa\u0107?<\/strong><br \/>\nPo prostu u\u017cyj portu Type-C do szybkiego \u0142adowania. W zwi\u0105zku z tym przestoje s\u0105 minimalne.<\/li>\n<li><strong>Jak wybra\u0107 smak?<\/strong><br \/>\nRozwa\u017c swoje preferencje smakowe. Na przyk\u0142ad wybierz truskawkowy banan na s\u0142odycz lub l\u00f3d arbuzowy, aby uzyska\u0107 orze\u017awiaj\u0105cy ch\u0142\u00f3d. Pr\u00f3bowanie wielu smak\u00f3w pomaga znale\u017a\u0107 ulubione.<\/li>\n<li><strong>Jakie mocne strony nikotyny s\u0105 dost\u0119pne?<\/strong><br \/>\nOpcje obejmuj\u0105 0%, 2%, 3% i 5%. W ten spos\u00f3b u\u017cytkownicy mog\u0105 wybiera\u0107 na podstawie swoich nawyk\u00f3w lub cel\u00f3w, takich jak zmniejszenie spo\u017cycia nikotyny.<\/li>\n<\/ol>\n<p><img fetchpriority=\"high\" decoding=\"async\" class=\"alignnone wp-image-673 size-full\" src=\"https:\/\/vapeenjoy.com\/wp-content\/uploads\/2025\/07\/7f6281580820157d7092c5a55e6a9b8.jpg\" alt=\"Bang 36k Puffs Regulowany ICE Smart Full Screen jednorazowe smaki waporyzacyjne\" width=\"1080\" height=\"1784\" srcset=\"https:\/\/vapeenjoy.com\/wp-content\/uploads\/2025\/07\/7f6281580820157d7092c5a55e6a9b8.jpg 1080w, https:\/\/vapeenjoy.com\/wp-content\/uploads\/2025\/07\/7f6281580820157d7092c5a55e6a9b8-600x991.jpg 600w, https:\/\/vapeenjoy.com\/wp-content\/uploads\/2025\/07\/7f6281580820157d7092c5a55e6a9b8-182x300.jpg 182w, https:\/\/vapeenjoy.com\/wp-content\/uploads\/2025\/07\/7f6281580820157d7092c5a55e6a9b8-620x1024.jpg 620w, https:\/\/vapeenjoy.com\/wp-content\/uploads\/2025\/07\/7f6281580820157d7092c5a55e6a9b8-768x1269.jpg 768w, https:\/\/vapeenjoy.com\/wp-content\/uploads\/2025\/07\/7f6281580820157d7092c5a55e6a9b8-930x1536.jpg 930w\" sizes=\"(max-width: 1080px) 100vw, 1080px\" \/><\/p>","protected":false},"excerpt":{"rendered":"<p>Bang, zaufana nazwa w Vaping, przedstawia jednorazowy waporyzator Bang 36000 Puffs z regulowan\u0105 wersj\u0105 Ice Smart Full Screen. To urz\u0105dzenie o du\u017cej pojemno\u015bci oferuje do 36 000 zaci\u0105gni\u0119\u0107, 36 ml e-liquidu i nikotyny o mocy 0-5% z \u0142adowaln\u0105 bateri\u0105 850 mAh, regulowanym poziomem lodu i inteligentnym pe\u0142noekranowym wy\u015bwietlaczem, zapewnia dostosowane i wygodne wra\u017cenia z wapowania.<\/p>","protected":false},"featured_media":674,"comment_status":"open","ping_status":"closed","template":"","meta":[],"product_brand":[16],"product_cat":[58],"product_tag":[64,67,75],"class_list":{"0":"post-670","1":"product","2":"type-product","3":"status-publish","4":"has-post-thumbnail","6":"product_brand-bang-vape","7":"product_cat-36000-puffs-vape","8":"product_tag-0-5-nicotine","9":"product_tag-36ml","10":"product_tag-adjustable-ice","12":"first","13":"instock","14":"sale","15":"shipping-taxable","16":"purchasable","17":"product-type-variable"},"yoast_head":"<!-- This site is optimized with the Yoast SEO plugin v25.7 - https:\/\/yoast.com\/wordpress\/plugins\/seo\/ -->\n<title>Bang 36K Puffs Adjustable Ice Smart Full Screen Disposable Vape<\/title>\n<meta name=\"description\" content=\"Explore the Bang 36K Puffs Disposable Vape with smart screen, 36ml e-liquid, and 0-5% nicotine. Enjoy adjustable ice cooling and up to 36,000 puffs.\" \/>\n<meta name=\"robots\" content=\"index, follow, max-snippet:-1, max-image-preview:large, max-video-preview:-1\" \/>\n<link rel=\"canonical\" href=\"https:\/\/vapeenjoy.com\/pl\/produkt\/bang-36000-puffs-regulowany-ice-smart-full-screen-jednorazowy-vape-36ml-0-5-nikotyna\/\" \/>\n<meta property=\"og:locale\" content=\"pl_PL\" \/>\n<meta property=\"og:type\" content=\"article\" \/>\n<meta property=\"og:title\" content=\"Bang 36K Puffs Adjustable Ice Smart Full Screen Disposable Vape\" \/>\n<meta property=\"og:description\" content=\"Explore the Bang 36K Puffs Disposable Vape with smart screen, 36ml e-liquid, and 0-5% nicotine. Enjoy adjustable ice cooling and up to 36,000 puffs.\" \/>\n<meta property=\"og:url\" content=\"https:\/\/vapeenjoy.com\/pl\/produkt\/bang-36000-puffs-regulowany-ice-smart-full-screen-jednorazowy-vape-36ml-0-5-nikotyna\/\" \/>\n<meta property=\"og:site_name\" content=\"vapeenjoy\" \/>\n<meta property=\"article:modified_time\" content=\"2025-08-18T08:07:20+00:00\" \/>\n<meta property=\"og:image\" content=\"https:\/\/vapeenjoy.com\/wp-content\/uploads\/2025\/07\/LOVE66.jpg\" \/>\n\t<meta property=\"og:image:width\" content=\"1000\" \/>\n\t<meta property=\"og:image:height\" content=\"1000\" \/>\n\t<meta property=\"og:image:type\" content=\"image\/jpeg\" \/>\n<meta name=\"twitter:card\" content=\"summary_large_image\" \/>\n<meta name=\"twitter:label1\" content=\"Szacowany czas czytania\" \/>\n\t<meta name=\"twitter:data1\" content=\"3 minuty\" \/>\n<script type=\"application\/ld+json\" class=\"yoast-schema-graph\">{\"@context\":\"https:\/\/schema.org\",\"@graph\":[{\"@type\":\"WebPage\",\"@id\":\"https:\/\/vapeenjoy.com\/product\/bang-36000-puffs-adjustable-ice-smart-full-screen-disposable-vape-36ml-0-5-nicotine\/\",\"url\":\"https:\/\/vapeenjoy.com\/product\/bang-36000-puffs-adjustable-ice-smart-full-screen-disposable-vape-36ml-0-5-nicotine\/\",\"name\":\"Bang 36K Puffs Adjustable Ice Smart Full Screen Disposable Vape\",\"isPartOf\":{\"@id\":\"https:\/\/vapeenjoy.com\/#website\"},\"primaryImageOfPage\":{\"@id\":\"https:\/\/vapeenjoy.com\/product\/bang-36000-puffs-adjustable-ice-smart-full-screen-disposable-vape-36ml-0-5-nicotine\/#primaryimage\"},\"image\":{\"@id\":\"https:\/\/vapeenjoy.com\/product\/bang-36000-puffs-adjustable-ice-smart-full-screen-disposable-vape-36ml-0-5-nicotine\/#primaryimage\"},\"thumbnailUrl\":\"https:\/\/vapeenjoy.com\/wp-content\/uploads\/2025\/07\/LOVE66.jpg\",\"datePublished\":\"2025-07-28T07:04:40+00:00\",\"dateModified\":\"2025-08-18T08:07:20+00:00\",\"description\":\"Explore the Bang 36K Puffs Disposable Vape with smart screen, 36ml e-liquid, and 0-5% nicotine. Enjoy adjustable ice cooling and up to 36,000 puffs.\",\"breadcrumb\":{\"@id\":\"https:\/\/vapeenjoy.com\/product\/bang-36000-puffs-adjustable-ice-smart-full-screen-disposable-vape-36ml-0-5-nicotine\/#breadcrumb\"},\"inLanguage\":\"pl-PL\",\"potentialAction\":[{\"@type\":\"ReadAction\",\"target\":[\"https:\/\/vapeenjoy.com\/product\/bang-36000-puffs-adjustable-ice-smart-full-screen-disposable-vape-36ml-0-5-nicotine\/\"]}]},{\"@type\":\"ImageObject\",\"inLanguage\":\"pl-PL\",\"@id\":\"https:\/\/vapeenjoy.com\/product\/bang-36000-puffs-adjustable-ice-smart-full-screen-disposable-vape-36ml-0-5-nicotine\/#primaryimage\",\"url\":\"https:\/\/vapeenjoy.com\/wp-content\/uploads\/2025\/07\/LOVE66.jpg\",\"contentUrl\":\"https:\/\/vapeenjoy.com\/wp-content\/uploads\/2025\/07\/LOVE66.jpg\",\"width\":1000,\"height\":1000},{\"@type\":\"BreadcrumbList\",\"@id\":\"https:\/\/vapeenjoy.com\/product\/bang-36000-puffs-adjustable-ice-smart-full-screen-disposable-vape-36ml-0-5-nicotine\/#breadcrumb\",\"itemListElement\":[{\"@type\":\"ListItem\",\"position\":1,\"name\":\"Home\",\"item\":\"https:\/\/vapeenjoy.com\/\"},{\"@type\":\"ListItem\",\"position\":2,\"name\":\"Shop\",\"item\":\"https:\/\/vapeenjoy.com\/vapeenjoy-shop\/\"},{\"@type\":\"ListItem\",\"position\":3,\"name\":\"Bang 36K Puffs Adjustable Ice Smart Full Screen Disposable Vape 36ml 0-5% Nicotine\"}]},{\"@type\":\"WebSite\",\"@id\":\"https:\/\/vapeenjoy.com\/#website\",\"url\":\"https:\/\/vapeenjoy.com\/\",\"name\":\"vapeenjoy\",\"description\":\"An online store for selling vapes\",\"potentialAction\":[{\"@type\":\"SearchAction\",\"target\":{\"@type\":\"EntryPoint\",\"urlTemplate\":\"https:\/\/vapeenjoy.com\/?s={search_term_string}\"},\"query-input\":{\"@type\":\"PropertyValueSpecification\",\"valueRequired\":true,\"valueName\":\"search_term_string\"}}],\"inLanguage\":\"pl-PL\"}]}<\/script>\n<!-- \/ Yoast SEO plugin. -->","yoast_head_json":{"title":"Bang 36k Puffs Regulowany ICE Smart Full Screen jednorazowy vape","description":"Poznaj jednorazowe waporyzator Bang 36k Puffs z inteligentnym ekranem, 36 ml e-liquidu i nikotyn\u0105 0-5%. Ciesz si\u0119 regulowanym ch\u0142odzeniem lodu i do 36 000 zaci\u0105gni\u0119\u0107.","robots":{"index":"index","follow":"follow","max-snippet":"max-snippet:-1","max-image-preview":"max-image-preview:large","max-video-preview":"max-video-preview:-1"},"canonical":"https:\/\/vapeenjoy.com\/pl\/produkt\/bang-36000-puffs-regulowany-ice-smart-full-screen-jednorazowy-vape-36ml-0-5-nikotyna\/","og_locale":"pl_PL","og_type":"article","og_title":"Bang 36K Puffs Adjustable Ice Smart Full Screen Disposable Vape","og_description":"Explore the Bang 36K Puffs Disposable Vape with smart screen, 36ml e-liquid, and 0-5% nicotine. Enjoy adjustable ice cooling and up to 36,000 puffs.","og_url":"https:\/\/vapeenjoy.com\/pl\/produkt\/bang-36000-puffs-regulowany-ice-smart-full-screen-jednorazowy-vape-36ml-0-5-nikotyna\/","og_site_name":"vapeenjoy","article_modified_time":"2025-08-18T08:07:20+00:00","og_image":[{"width":1000,"height":1000,"url":"https:\/\/vapeenjoy.com\/wp-content\/uploads\/2025\/07\/LOVE66.jpg","type":"image\/jpeg"}],"twitter_card":"summary_large_image","twitter_misc":{"Szacowany czas czytania":"3 minuty"},"schema":{"@context":"https:\/\/schema.org","@graph":[{"@type":"WebPage","@id":"https:\/\/vapeenjoy.com\/product\/bang-36000-puffs-adjustable-ice-smart-full-screen-disposable-vape-36ml-0-5-nicotine\/","url":"https:\/\/vapeenjoy.com\/product\/bang-36000-puffs-adjustable-ice-smart-full-screen-disposable-vape-36ml-0-5-nicotine\/","name":"Bang 36k Puffs Regulowany ICE Smart Full Screen jednorazowy vape","isPartOf":{"@id":"https:\/\/vapeenjoy.com\/#website"},"primaryImageOfPage":{"@id":"https:\/\/vapeenjoy.com\/product\/bang-36000-puffs-adjustable-ice-smart-full-screen-disposable-vape-36ml-0-5-nicotine\/#primaryimage"},"image":{"@id":"https:\/\/vapeenjoy.com\/product\/bang-36000-puffs-adjustable-ice-smart-full-screen-disposable-vape-36ml-0-5-nicotine\/#primaryimage"},"thumbnailUrl":"https:\/\/vapeenjoy.com\/wp-content\/uploads\/2025\/07\/LOVE66.jpg","datePublished":"2025-07-28T07:04:40+00:00","dateModified":"2025-08-18T08:07:20+00:00","description":"Poznaj jednorazowe waporyzator Bang 36k Puffs z inteligentnym ekranem, 36 ml e-liquidu i nikotyn\u0105 0-5%. Ciesz si\u0119 regulowanym ch\u0142odzeniem lodu i do 36 000 zaci\u0105gni\u0119\u0107.","breadcrumb":{"@id":"https:\/\/vapeenjoy.com\/product\/bang-36000-puffs-adjustable-ice-smart-full-screen-disposable-vape-36ml-0-5-nicotine\/#breadcrumb"},"inLanguage":"pl-PL","potentialAction":[{"@type":"ReadAction","target":["https:\/\/vapeenjoy.com\/product\/bang-36000-puffs-adjustable-ice-smart-full-screen-disposable-vape-36ml-0-5-nicotine\/"]}]},{"@type":"ImageObject","inLanguage":"pl-PL","@id":"https:\/\/vapeenjoy.com\/product\/bang-36000-puffs-adjustable-ice-smart-full-screen-disposable-vape-36ml-0-5-nicotine\/#primaryimage","url":"https:\/\/vapeenjoy.com\/wp-content\/uploads\/2025\/07\/LOVE66.jpg","contentUrl":"https:\/\/vapeenjoy.com\/wp-content\/uploads\/2025\/07\/LOVE66.jpg","width":1000,"height":1000},{"@type":"BreadcrumbList","@id":"https:\/\/vapeenjoy.com\/product\/bang-36000-puffs-adjustable-ice-smart-full-screen-disposable-vape-36ml-0-5-nicotine\/#breadcrumb","itemListElement":[{"@type":"ListItem","position":1,"name":"Home","item":"https:\/\/vapeenjoy.com\/"},{"@type":"ListItem","position":2,"name":"Shop","item":"https:\/\/vapeenjoy.com\/vapeenjoy-shop\/"},{"@type":"ListItem","position":3,"name":"Bang 36K Puffs Adjustable Ice Smart Full Screen Disposable Vape 36ml 0-5% Nicotine"}]},{"@type":"WebSite","@id":"https:\/\/vapeenjoy.com\/#website","url":"https:\/\/vapeenjoy.com\/","name":"skutkowaty","description":"Sklep internetowy do sprzeda\u017cy vapes","potentialAction":[{"@type":"SearchAction","target":{"@type":"EntryPoint","urlTemplate":"https:\/\/vapeenjoy.com\/?s={search_term_string}"},"query-input":{"@type":"PropertyValueSpecification","valueRequired":true,"valueName":"search_term_string"}}],"inLanguage":"pl-PL"}]}},"_links":{"self":[{"href":"https:\/\/vapeenjoy.com\/pl\/wp-json\/wp\/v2\/product\/670","targetHints":{"allow":["GET"]}}],"collection":[{"href":"https:\/\/vapeenjoy.com\/pl\/wp-json\/wp\/v2\/product"}],"about":[{"href":"https:\/\/vapeenjoy.com\/pl\/wp-json\/wp\/v2\/types\/product"}],"replies":[{"embeddable":true,"href":"https:\/\/vapeenjoy.com\/pl\/wp-json\/wp\/v2\/comments?post=670"}],"version-history":[{"count":4,"href":"https:\/\/vapeenjoy.com\/pl\/wp-json\/wp\/v2\/product\/670\/revisions"}],"predecessor-version":[{"id":2289,"href":"https:\/\/vapeenjoy.com\/pl\/wp-json\/wp\/v2\/product\/670\/revisions\/2289"}],"wp:featuredmedia":[{"embeddable":true,"href":"https:\/\/vapeenjoy.com\/pl\/wp-json\/wp\/v2\/media\/674"}],"wp:attachment":[{"href":"https:\/\/vapeenjoy.com\/pl\/wp-json\/wp\/v2\/media?parent=670"}],"wp:term":[{"taxonomy":"product_brand","embeddable":true,"href":"https:\/\/vapeenjoy.com\/pl\/wp-json\/wp\/v2\/product_brand?post=670"},{"taxonomy":"product_cat","embeddable":true,"href":"https:\/\/vapeenjoy.com\/pl\/wp-json\/wp\/v2\/product_cat?post=670"},{"taxonomy":"product_tag","embeddable":true,"href":"https:\/\/vapeenjoy.com\/pl\/wp-json\/wp\/v2\/product_tag?post=670"}],"curies":[{"name":"wp","href":"https:\/\/api.w.org\/{rel}","templated":true}]}}