{"id":680,"date":"2025-07-28T08:16:12","date_gmt":"2025-07-28T08:16:12","guid":{"rendered":"https:\/\/vapeenjoy.com\/?post_type=product&#038;p=680"},"modified":"2025-08-18T08:07:07","modified_gmt":"2025-08-18T08:07:07","slug":"bang-king-tornado-35k-puffs-disposable-vape","status":"publish","type":"product","link":"https:\/\/vapeenjoy.com\/pl\/produkt\/bang-king-tornado-35k-puffs-jednorazowe-wapory\/","title":{"rendered":"Bang King Tornado 35K Puffy jednorazowe waporyzatory 23ml 0-5% Nikotyna"},"content":{"rendered":"<h2 dir=\"auto\"><strong>Bang King Tornado 35K Puffs jednorazowe waporyzator Opis<\/strong><\/h2>\n<p dir=\"auto\">Bang King, zaufana nazwa w Vaping, konsekwentnie dostarcza niezawodne, wysokiej jako\u015bci urz\u0105dzenia jednorazowe. W szczeg\u00f3lno\u015bci, jednorazowe waporyzatory Bang King Tornado 35K Puffs oferuj\u0105 d\u0142ugotrwa\u0142\u0105, wygodn\u0105 opcj\u0119 dla vaper\u00f3w. Ponadto jego elegancki, ergonomiczny design w po\u0142\u0105czeniu z \u017cywym wy\u015bwietlaczem LED \u0142\u0105czy praktyczno\u015b\u0107 z nowoczesnym stylem, dzi\u0119ki czemu idealnie nadaje si\u0119 dla tych, kt\u00f3rzy traktuj\u0105 zar\u00f3wno funkcj\u0119, jak i estetyk\u0119.<\/p>\n<h2 dir=\"auto\"><strong>Bang King Tornado 35K Puffs jednorazowe vape klucz Specyfikacje i funkcje<\/strong><\/h2>\n<ul dir=\"auto\">\n<li><strong>Liczba zaci\u0105gni\u0119\u0107:<\/strong> 35 000 Puffs \u2013 zapewnia do 35 000 puff\u00f3w do d\u0142u\u017cszego u\u017cytkowania.<\/li>\n<li><strong>Pojemno\u015b\u0107 e-liquid\u00f3w:<\/strong> 23ml \u2013 mie\u015bci 23 ml e-liquidu dla jednolitego smaku.<\/li>\n<li><strong>Pojemno\u015b\u0107 baterii:<\/strong> 850 mAh - wyposa\u017cony w akumulator o pojemno\u015bci 850 mAh, kt\u00f3ry zapewnia niezawodn\u0105 wydajno\u015b\u0107.<\/li>\n<li><strong>\u0141adowanie:<\/strong> Type-C \u2013 obs\u0142uguje szybkie \u0142adowanie typu C w celu szybkiego do\u0142adowania.<\/li>\n<li><strong>Si\u0142a nikotyny:<\/strong> 0%, 2%, 3%, 5% \u2013 oferuje elastyczne poziomy nikotyny dla wszystkich preferencji.<\/li>\n<li><strong>cewka:<\/strong> Cewka siatka 0,6\u03a9 \u2013 zapewnia lepszy smak i g\u0142adk\u0105 par\u0119.<\/li>\n<li><strong>Wy\u015bwietlacz:<\/strong> Ekran LED - pokazuje poziomy baterii i e-liquid\u00f3w w czasie rzeczywistym.<\/li>\n<li><strong>Bezpiecze\u0144stwo:<\/strong> antywirus -Ochrona przed oparzeniami na sucho - zapobiega suchym trafieniom dla bezpieczniejszego waporyzacji.<\/li>\n<\/ul>\n<h3 dir=\"auto\"><strong>12 \u017cywych opcji smakowych<\/strong><\/h3>\n<ol dir=\"auto\">\n<li><strong>truskawkowe mango<\/strong> \u2013 S\u0142odkie truskawki i tropikalne mango tworz\u0105 orze\u017awiaj\u0105cy waporyzator.<\/li>\n<li><strong>Mi\u0142o\u015b\u010766<\/strong> \u2013 Nuty owocowe o g\u0142adkim wyko\u0144czeniu zapewniaj\u0105 zr\u00f3wnowa\u017cony smak.<\/li>\n<li><strong>niebieski razz l\u00f3d<\/strong> \u2013 Pikantna niebieska malina z mentolem zapewnia chrupi\u0105ce ptysie.<\/li>\n<li><strong>Arbuz truskawkowy<\/strong> \u2013 S\u0142odkie truskawki i soczysta mieszanka arbuza dla letniego smaku.<\/li>\n<li><strong>mi\u0119ta cytrynowa<\/strong> \u2013 Zesty Lemon z ch\u0142odn\u0105 mi\u0119t\u0105 zapewnia rewitalizuj\u0105cy waporyzator.<\/li>\n<li><strong>podw\u00f3jne jab\u0142ko<\/strong> \u2013 Chrupi\u0105ce zielone i s\u0142odkie czerwone jab\u0142ka tworz\u0105 bogaty smak.<\/li>\n<li><strong>nap\u00f3j energe<\/strong> \u2013 Na\u015bladuje odwa\u017cny nap\u00f3j energetyczny do energetyzuj\u0105cego waporyzatora.<\/li>\n<li><strong>l\u00f3d brzoskwiniowy<\/strong> \u2013 Soczysta brzoskwinia z mentolem zapewnia s\u0142odkie, ch\u0142odne uczucie.<\/li>\n<li><strong>kiwi truskawkowe<\/strong> \u2013 S\u0142odkie truskawki i pikantne kiwi zapewniaj\u0105 \u017cywy smak.<\/li>\n<li><strong>l\u00f3d winog<\/strong> \u2013 Soczyste winogrona z mentolem zapewniaj\u0105 g\u0142adki, orze\u017awiaj\u0105cy waporyzator.<\/li>\n<li><strong>l\u00f3d jagodowy<\/strong> \u2013 Dojrza\u0142e jagody z lodowatym akcentem tworz\u0105 chrupi\u0105ce vape.<\/li>\n<li><strong>arbuz<\/strong> \u2013 Czysty smak arbuza zapewnia czysty, s\u0142odki waporyzator.<\/li>\n<\/ol>\n<h2 dir=\"auto\"><strong>Cz\u0119sto zadawane pytania<\/strong><\/h2>\n<ol dir=\"auto\">\n<li><strong>Jak d\u0142ugo trwa 35k Tornado Bang King?<\/strong><br \/>\nZ 35 000 puff\u00f3w, to wytrzymuje tygodnie dla zwyk\u0142ych vaper\u00f3w, w zale\u017cno\u015bci od u\u017cycia.<\/li>\n<li><strong>Czy \u0142adowanie Bang King Tornado 35k jest \u0142adowane?<\/strong><br \/>\nTak, posiada port typu C do szybkiego \u0142adowania.<\/li>\n<li><strong>Sk\u0105d mam wiedzie\u0107, kiedy na\u0142adowa\u0107 lub wymieni\u0107 urz\u0105dzenie?<\/strong><br \/>\nNa przyk\u0142ad wy\u015bwietlacz LED pokazuje poziomy baterii i e-liquid\u00f3w w czasie rzeczywistym, co u\u0142atwia monitorowanie.<\/li>\n<li><strong>Jak wybra\u0107 odpowiedni smak?<\/strong><br \/>\nW szczeg\u00f3lno\u015bci wypr\u00f3buj owocowe mieszanki, takie jak Strawberry Mango, aby uzyska\u0107 s\u0142odycz lub opcje mentolowe, takie jak Blue Razz Ice, aby uzyska\u0107 efekt och\u0142odzenia.<\/li>\n<li><strong>Czy mocne strony nikotyny s\u0105 odpowiednie dla wszystkich?<\/strong><br \/>\nRzeczywi\u015bcie, opcje od 0% do 5% pasuj\u0105 zar\u00f3wno do vaper\u00f3w bez nikotyny, jak i mocniejszego uderzenia.<\/li>\n<li><strong>Czy urz\u0105dzenie jest bezpieczne?<\/strong><br \/>\nAbsolutnie, ochrona przed oparzeniem na sucho zapewnia bezpieczn\u0105, sp\u00f3jn\u0105 waporyzacj\u0119.<\/li>\n<\/ol>\n<p><img fetchpriority=\"high\" decoding=\"async\" class=\"alignnone wp-image-683 size-full\" src=\"https:\/\/vapeenjoy.com\/wp-content\/uploads\/2025\/07\/Bang-King-Tornado-35000-35K-Puffs-Disposable-Vape.jpg\" alt=\"Bang King Tornado 35000 35K Puffs jednorazowe smaki waporyzacyjne\" width=\"1800\" height=\"1200\" srcset=\"https:\/\/vapeenjoy.com\/wp-content\/uploads\/2025\/07\/Bang-King-Tornado-35000-35K-Puffs-Disposable-Vape.jpg 1800w, https:\/\/vapeenjoy.com\/wp-content\/uploads\/2025\/07\/Bang-King-Tornado-35000-35K-Puffs-Disposable-Vape-600x400.jpg 600w, https:\/\/vapeenjoy.com\/wp-content\/uploads\/2025\/07\/Bang-King-Tornado-35000-35K-Puffs-Disposable-Vape-300x200.jpg 300w, https:\/\/vapeenjoy.com\/wp-content\/uploads\/2025\/07\/Bang-King-Tornado-35000-35K-Puffs-Disposable-Vape-1024x683.jpg 1024w, https:\/\/vapeenjoy.com\/wp-content\/uploads\/2025\/07\/Bang-King-Tornado-35000-35K-Puffs-Disposable-Vape-768x512.jpg 768w, https:\/\/vapeenjoy.com\/wp-content\/uploads\/2025\/07\/Bang-King-Tornado-35000-35K-Puffs-Disposable-Vape-1536x1024.jpg 1536w\" sizes=\"(max-width: 1800px) 100vw, 1800px\" \/><\/p>","protected":false},"excerpt":{"rendered":"<p dir=\"auto\">Bang King, zaufana nazwa w Vaping, przedstawia jednorazowe urz\u0105dzenie Vape Tornado 35K Puffs, urz\u0105dzenie o du\u017cej pojemno\u015bci zaprojektowane z my\u015bl\u0105 o d\u0142ugotrwa\u0142ej wygodzie. Dzi\u0119ki pojemno\u015bci 23 ml e-liquid, akumulatorowi 850 mAh i opcji nikotyny 0-5% zapewnia do 35 000 zaci\u0105gni\u0119\u0107. Wyposa\u017cony w cewk\u0119 z siatki 0,6 \u03a9 i wy\u015bwietlacz LED, ten elegancki waporyzator zapewnia bogaty smak i \u0142atwe monitorowanie.<\/p>","protected":false},"featured_media":684,"comment_status":"open","ping_status":"closed","template":"","meta":[],"product_brand":[16],"product_cat":[47],"product_tag":[64,74],"class_list":{"0":"post-680","1":"product","2":"type-product","3":"status-publish","4":"has-post-thumbnail","6":"product_brand-bang-vape","7":"product_cat-35000-puffs-vape","8":"product_tag-0-5-nicotine","9":"product_tag-23ml","11":"first","12":"instock","13":"sale","14":"shipping-taxable","15":"purchasable","16":"product-type-variable"},"yoast_head":"<!-- This site is optimized with the Yoast SEO plugin v25.7 - https:\/\/yoast.com\/wordpress\/plugins\/seo\/ -->\n<title>Bang King Tornado 35K Puffs Disposable Vape Pen 23ml e-liquid<\/title>\n<meta name=\"description\" content=\"Bang King Tornado 35K Puffs Disposable Vape Pen: 23ml e-liquid, 0-5% nicotine, 1000mAh battery, Type-C charging, 12 flavors. Shop now for premium vaping!\" \/>\n<meta name=\"robots\" content=\"index, follow, max-snippet:-1, max-image-preview:large, max-video-preview:-1\" \/>\n<link rel=\"canonical\" href=\"https:\/\/vapeenjoy.com\/pl\/produkt\/bang-king-tornado-35k-puffs-jednorazowe-wapory\/\" \/>\n<meta property=\"og:locale\" content=\"pl_PL\" \/>\n<meta property=\"og:type\" content=\"article\" \/>\n<meta property=\"og:title\" content=\"Bang King Tornado 35K Puffs Disposable Vape Pen 23ml e-liquid\" \/>\n<meta property=\"og:description\" content=\"Bang King Tornado 35K Puffs Disposable Vape Pen: 23ml e-liquid, 0-5% nicotine, 1000mAh battery, Type-C charging, 12 flavors. Shop now for premium vaping!\" \/>\n<meta property=\"og:url\" content=\"https:\/\/vapeenjoy.com\/pl\/produkt\/bang-king-tornado-35k-puffs-jednorazowe-wapory\/\" \/>\n<meta property=\"og:site_name\" content=\"vapeenjoy\" \/>\n<meta property=\"article:modified_time\" content=\"2025-08-18T08:07:07+00:00\" \/>\n<meta property=\"og:image\" content=\"https:\/\/vapeenjoy.com\/wp-content\/uploads\/2025\/07\/Bang-King-Tornado-35000-35K-Puffs-Disposable-Vape.webp\" \/>\n\t<meta property=\"og:image:width\" content=\"654\" \/>\n\t<meta property=\"og:image:height\" content=\"690\" \/>\n\t<meta property=\"og:image:type\" content=\"image\/webp\" \/>\n<meta name=\"twitter:card\" content=\"summary_large_image\" \/>\n<meta name=\"twitter:label1\" content=\"Szacowany czas czytania\" \/>\n\t<meta name=\"twitter:data1\" content=\"3 minuty\" \/>\n<script type=\"application\/ld+json\" class=\"yoast-schema-graph\">{\"@context\":\"https:\/\/schema.org\",\"@graph\":[{\"@type\":\"WebPage\",\"@id\":\"https:\/\/vapeenjoy.com\/product\/bang-king-tornado-35k-puffs-disposable-vape\/\",\"url\":\"https:\/\/vapeenjoy.com\/product\/bang-king-tornado-35k-puffs-disposable-vape\/\",\"name\":\"Bang King Tornado 35K Puffs Disposable Vape Pen 23ml e-liquid\",\"isPartOf\":{\"@id\":\"https:\/\/vapeenjoy.com\/#website\"},\"primaryImageOfPage\":{\"@id\":\"https:\/\/vapeenjoy.com\/product\/bang-king-tornado-35k-puffs-disposable-vape\/#primaryimage\"},\"image\":{\"@id\":\"https:\/\/vapeenjoy.com\/product\/bang-king-tornado-35k-puffs-disposable-vape\/#primaryimage\"},\"thumbnailUrl\":\"https:\/\/vapeenjoy.com\/wp-content\/uploads\/2025\/07\/Bang-King-Tornado-35000-35K-Puffs-Disposable-Vape.webp\",\"datePublished\":\"2025-07-28T08:16:12+00:00\",\"dateModified\":\"2025-08-18T08:07:07+00:00\",\"description\":\"Bang King Tornado 35K Puffs Disposable Vape Pen: 23ml e-liquid, 0-5% nicotine, 1000mAh battery, Type-C charging, 12 flavors. Shop now for premium vaping!\",\"breadcrumb\":{\"@id\":\"https:\/\/vapeenjoy.com\/product\/bang-king-tornado-35k-puffs-disposable-vape\/#breadcrumb\"},\"inLanguage\":\"pl-PL\",\"potentialAction\":[{\"@type\":\"ReadAction\",\"target\":[\"https:\/\/vapeenjoy.com\/product\/bang-king-tornado-35k-puffs-disposable-vape\/\"]}]},{\"@type\":\"ImageObject\",\"inLanguage\":\"pl-PL\",\"@id\":\"https:\/\/vapeenjoy.com\/product\/bang-king-tornado-35k-puffs-disposable-vape\/#primaryimage\",\"url\":\"https:\/\/vapeenjoy.com\/wp-content\/uploads\/2025\/07\/Bang-King-Tornado-35000-35K-Puffs-Disposable-Vape.webp\",\"contentUrl\":\"https:\/\/vapeenjoy.com\/wp-content\/uploads\/2025\/07\/Bang-King-Tornado-35000-35K-Puffs-Disposable-Vape.webp\",\"width\":654,\"height\":690},{\"@type\":\"BreadcrumbList\",\"@id\":\"https:\/\/vapeenjoy.com\/product\/bang-king-tornado-35k-puffs-disposable-vape\/#breadcrumb\",\"itemListElement\":[{\"@type\":\"ListItem\",\"position\":1,\"name\":\"Home\",\"item\":\"https:\/\/vapeenjoy.com\/\"},{\"@type\":\"ListItem\",\"position\":2,\"name\":\"Shop\",\"item\":\"https:\/\/vapeenjoy.com\/vapeenjoy-shop\/\"},{\"@type\":\"ListItem\",\"position\":3,\"name\":\"Bang King Tornado 35K Puffs Disposable Vape Pen 23ml 0-5% Nicotine\"}]},{\"@type\":\"WebSite\",\"@id\":\"https:\/\/vapeenjoy.com\/#website\",\"url\":\"https:\/\/vapeenjoy.com\/\",\"name\":\"vapeenjoy\",\"description\":\"An online store for selling vapes\",\"potentialAction\":[{\"@type\":\"SearchAction\",\"target\":{\"@type\":\"EntryPoint\",\"urlTemplate\":\"https:\/\/vapeenjoy.com\/?s={search_term_string}\"},\"query-input\":{\"@type\":\"PropertyValueSpecification\",\"valueRequired\":true,\"valueName\":\"search_term_string\"}}],\"inLanguage\":\"pl-PL\"}]}<\/script>\n<!-- \/ Yoast SEO plugin. -->","yoast_head_json":{"title":"Bang King Tornado 35K Puffy jednorazowe waporyzator 23ml e-liquid","description":"Bang King Tornado 35K Puffs jednorazowe wstrzykiwacz do waporyzatora: 23ml e-liquid, 0-5% Nikotyna, 1000 mAh \u0142adowanie, \u0142adowanie typu C, 12 smak\u00f3w. Kup teraz, aby uzyska\u0107 premium vaping!","robots":{"index":"index","follow":"follow","max-snippet":"max-snippet:-1","max-image-preview":"max-image-preview:large","max-video-preview":"max-video-preview:-1"},"canonical":"https:\/\/vapeenjoy.com\/pl\/produkt\/bang-king-tornado-35k-puffs-jednorazowe-wapory\/","og_locale":"pl_PL","og_type":"article","og_title":"Bang King Tornado 35K Puffs Disposable Vape Pen 23ml e-liquid","og_description":"Bang King Tornado 35K Puffs Disposable Vape Pen: 23ml e-liquid, 0-5% nicotine, 1000mAh battery, Type-C charging, 12 flavors. Shop now for premium vaping!","og_url":"https:\/\/vapeenjoy.com\/pl\/produkt\/bang-king-tornado-35k-puffs-jednorazowe-wapory\/","og_site_name":"vapeenjoy","article_modified_time":"2025-08-18T08:07:07+00:00","og_image":[{"width":654,"height":690,"url":"https:\/\/vapeenjoy.com\/wp-content\/uploads\/2025\/07\/Bang-King-Tornado-35000-35K-Puffs-Disposable-Vape.webp","type":"image\/webp"}],"twitter_card":"summary_large_image","twitter_misc":{"Szacowany czas czytania":"3 minuty"},"schema":{"@context":"https:\/\/schema.org","@graph":[{"@type":"WebPage","@id":"https:\/\/vapeenjoy.com\/product\/bang-king-tornado-35k-puffs-disposable-vape\/","url":"https:\/\/vapeenjoy.com\/product\/bang-king-tornado-35k-puffs-disposable-vape\/","name":"Bang King Tornado 35K Puffy jednorazowe waporyzator 23ml e-liquid","isPartOf":{"@id":"https:\/\/vapeenjoy.com\/#website"},"primaryImageOfPage":{"@id":"https:\/\/vapeenjoy.com\/product\/bang-king-tornado-35k-puffs-disposable-vape\/#primaryimage"},"image":{"@id":"https:\/\/vapeenjoy.com\/product\/bang-king-tornado-35k-puffs-disposable-vape\/#primaryimage"},"thumbnailUrl":"https:\/\/vapeenjoy.com\/wp-content\/uploads\/2025\/07\/Bang-King-Tornado-35000-35K-Puffs-Disposable-Vape.webp","datePublished":"2025-07-28T08:16:12+00:00","dateModified":"2025-08-18T08:07:07+00:00","description":"Bang King Tornado 35K Puffs jednorazowe wstrzykiwacz do waporyzatora: 23ml e-liquid, 0-5% Nikotyna, 1000 mAh \u0142adowanie, \u0142adowanie typu C, 12 smak\u00f3w. Kup teraz, aby uzyska\u0107 premium vaping!","breadcrumb":{"@id":"https:\/\/vapeenjoy.com\/product\/bang-king-tornado-35k-puffs-disposable-vape\/#breadcrumb"},"inLanguage":"pl-PL","potentialAction":[{"@type":"ReadAction","target":["https:\/\/vapeenjoy.com\/product\/bang-king-tornado-35k-puffs-disposable-vape\/"]}]},{"@type":"ImageObject","inLanguage":"pl-PL","@id":"https:\/\/vapeenjoy.com\/product\/bang-king-tornado-35k-puffs-disposable-vape\/#primaryimage","url":"https:\/\/vapeenjoy.com\/wp-content\/uploads\/2025\/07\/Bang-King-Tornado-35000-35K-Puffs-Disposable-Vape.webp","contentUrl":"https:\/\/vapeenjoy.com\/wp-content\/uploads\/2025\/07\/Bang-King-Tornado-35000-35K-Puffs-Disposable-Vape.webp","width":654,"height":690},{"@type":"BreadcrumbList","@id":"https:\/\/vapeenjoy.com\/product\/bang-king-tornado-35k-puffs-disposable-vape\/#breadcrumb","itemListElement":[{"@type":"ListItem","position":1,"name":"Home","item":"https:\/\/vapeenjoy.com\/"},{"@type":"ListItem","position":2,"name":"Shop","item":"https:\/\/vapeenjoy.com\/vapeenjoy-shop\/"},{"@type":"ListItem","position":3,"name":"Bang King Tornado 35K Puffs Disposable Vape Pen 23ml 0-5% Nicotine"}]},{"@type":"WebSite","@id":"https:\/\/vapeenjoy.com\/#website","url":"https:\/\/vapeenjoy.com\/","name":"skutkowaty","description":"Sklep internetowy do sprzeda\u017cy vapes","potentialAction":[{"@type":"SearchAction","target":{"@type":"EntryPoint","urlTemplate":"https:\/\/vapeenjoy.com\/?s={search_term_string}"},"query-input":{"@type":"PropertyValueSpecification","valueRequired":true,"valueName":"search_term_string"}}],"inLanguage":"pl-PL"}]}},"_links":{"self":[{"href":"https:\/\/vapeenjoy.com\/pl\/wp-json\/wp\/v2\/product\/680","targetHints":{"allow":["GET"]}}],"collection":[{"href":"https:\/\/vapeenjoy.com\/pl\/wp-json\/wp\/v2\/product"}],"about":[{"href":"https:\/\/vapeenjoy.com\/pl\/wp-json\/wp\/v2\/types\/product"}],"replies":[{"embeddable":true,"href":"https:\/\/vapeenjoy.com\/pl\/wp-json\/wp\/v2\/comments?post=680"}],"version-history":[{"count":4,"href":"https:\/\/vapeenjoy.com\/pl\/wp-json\/wp\/v2\/product\/680\/revisions"}],"predecessor-version":[{"id":2315,"href":"https:\/\/vapeenjoy.com\/pl\/wp-json\/wp\/v2\/product\/680\/revisions\/2315"}],"wp:featuredmedia":[{"embeddable":true,"href":"https:\/\/vapeenjoy.com\/pl\/wp-json\/wp\/v2\/media\/684"}],"wp:attachment":[{"href":"https:\/\/vapeenjoy.com\/pl\/wp-json\/wp\/v2\/media?parent=680"}],"wp:term":[{"taxonomy":"product_brand","embeddable":true,"href":"https:\/\/vapeenjoy.com\/pl\/wp-json\/wp\/v2\/product_brand?post=680"},{"taxonomy":"product_cat","embeddable":true,"href":"https:\/\/vapeenjoy.com\/pl\/wp-json\/wp\/v2\/product_cat?post=680"},{"taxonomy":"product_tag","embeddable":true,"href":"https:\/\/vapeenjoy.com\/pl\/wp-json\/wp\/v2\/product_tag?post=680"}],"curies":[{"name":"wp","href":"https:\/\/api.w.org\/{rel}","templated":true}]}}