{"id":690,"date":"2025-07-28T09:31:16","date_gmt":"2025-07-28T09:31:16","guid":{"rendered":"https:\/\/vapeenjoy.com\/?post_type=product&#038;p=690"},"modified":"2025-08-18T08:06:50","modified_gmt":"2025-08-18T08:06:50","slug":"bang-king-35k-puffs-switch-duo-disposable-2-in-1-dual-flavors-vape-56ml-0-5-nicotine","status":"publish","type":"product","link":"https:\/\/vapeenjoy.com\/pl\/produkt\/bang-king-35k-puffs-switch-duo-jednorazowe-2-w-1-podwojne-smaki-vape-56ml-0-5-nikotyna\/","title":{"rendered":"Bang King 35k Puffs Switch Duo 2 w 1 podw\u00f3jne smaki jednorazowe vape 56ml 0-5% Nikotyna"},"content":{"rendered":"<h2>Bang King 35k Puffs Switch Duo Duo Duo Duo Smaki Jednorazowe opisy waporyzacyjne<\/h2>\n<p dir=\"auto\">Bang King jest liderem na jednorazowym rynku vape z innowacyjnymi projektami i niezawodnymi wydajno\u015bciami. W szczeg\u00f3lno\u015bci, jednorazowy waporyzator Bang King 35K Switch Duo wprowadza system o podw\u00f3jnym smaku i imponuj\u0105c\u0105 pojemno\u015b\u0107. Ponadto jego elegancki, ergonomiczny design charakteryzuje si\u0119 \u017cywymi, zmieniaj\u0105cymi kolor \u015bwiat\u0142ami LED, zapewniaj\u0105c zar\u00f3wno atrakcyjno\u015b\u0107 wizualn\u0105, jak i komfort. Dodatkowo kompaktowa, lekka konstrukcja zwi\u0119ksza przeno\u015bno\u015b\u0107, a nowoczesna estetyka dodaje elegancji ka\u017cdemu zaci\u0105gni\u0119ciu.<\/p>\n<h3 dir=\"auto\">Specyfikacje vape Bang King 35k Puffs<\/h3>\n<ul dir=\"auto\">\n<li><strong>Liczba zaci\u0105gni\u0119\u0107<\/strong>: 35 000 PUFFS \u2013 Oferuje d\u0142ugotrwa\u0142e stosowanie do przed\u0142u\u017conej wapowania bez cz\u0119stych zamiennik\u00f3w.<\/li>\n<li><strong>Pojemno\u015b\u0107 e-liquid\u00f3w<\/strong>: 56ml (28 ml + 28 ml) \u2013 system podw\u00f3jnej podeszwy z dwoma zbiornikami 28 ml umo\u017cliwia bezproblemowe prze\u0142\u0105czanie smaku.<\/li>\n<li><strong>Si\u0142a nikotyny<\/strong>: 0%, 2%, 3%, 5% \u2013 zapewnia cztery poziomy nikotyny, aby dopasowa\u0107 r\u00f3\u017cne preferencje.<\/li>\n<li><strong>Pojemno\u015b\u0107 baterii<\/strong>: 650 mAh - akumulator zapewnia sp\u00f3jne dostarczanie mocy.<\/li>\n<li><strong>Typ cewki<\/strong>: Cewka z podw\u00f3jn\u0105 siatk\u0105 (1,0 \u03a9) - zapewnia g\u0142adk\u0105 par\u0119 i lepszy smak.<\/li>\n<li><strong>Rodzaj \u0142adowania<\/strong>: USB Type-C \u2013 obs\u0142uguje szybkie i wydajne \u0142adowanie w celu zminimalizowania przestoj\u00f3w.<\/li>\n<li><strong>manifest<\/strong>: Smart LED Screen - pokazuje poziomy baterii i e-liquid\u00f3w w czasie rzeczywistym, co u\u0142atwia monitorowanie.<\/li>\n<li><strong>Prze\u0142\u0105czanie smakowe<\/strong>: Mechanizm przesuwny \u2013 bez wysi\u0142ku prze\u0142\u0105cza si\u0119 mi\u0119dzy dwoma r\u00f3\u017cnymi smakami.<\/li>\n<li><strong>przelotny powietrze<\/strong>: Regulowany \u2013 dostosowuje wdech do zr\u00f3wnowa\u017conej pary i intensywno\u015bci smaku.<\/li>\n<\/ul>\n<h3 dir=\"auto\">12 ekscytuj\u0105cych kombinacji podw\u00f3jnego smaku<\/h3>\n<ol dir=\"auto\">\n<li><strong>Blue Razz Ice \/ Soczysty l\u00f3d brzoskwiniowy<\/strong> \u2013 Pikantna niebieska malina z mentolem w po\u0142\u0105czeniu ze s\u0142odk\u0105 brzoskwini\u0105 i lodowatym orze\u017awieniem.<\/li>\n<li><strong>Arbuz truskawkowy \/ l\u00f3d arbuzowy<\/strong> \u2013 Mieszanka s\u0142odkiej truskawek i arbuza z chrupi\u0105cym, ch\u0142odz\u0105cym arbuzem.<\/li>\n<li><strong>Banan truskawkowy \/ podw\u00f3jne jab\u0142ko<\/strong> \u2013 Kremowa fuzja truskawek i banan wraz ze s\u0142odko-piatkow\u0105 mieszank\u0105 jab\u0142kow\u0105.<\/li>\n<li><strong>Potr\u00f3jne jagody lodu \/ owoce tropikalne<\/strong> \u2013 Sch\u0142odzone jagody z\u0142o\u017cone w po\u0142\u0105czeniu z \u017cywymi owocami tropikalnymi.<\/li>\n<li><strong>Bomba wi\u015bniowa \/ l\u00f3d win<\/strong> \u2013 Odwa\u017cna wi\u015bnia p\u0119k\u0142a ze s\u0142odkimi winogronami i mentolowymi twistami.<\/li>\n<li><strong>Brzoskwinia Mango \/ Truskawkowe Mango<\/strong> \u2013 Soczysta mieszanka brzoskwiniowo-mango ze s\u0142odk\u0105 truskawk\u0105-mango rozkosz\u0105.<\/li>\n<li><strong>Mango na wapno \/ ch\u0142odna mi\u0119ta<\/strong> \u2013 Zesty kick z mango-limonki w po\u0142\u0105czeniu z chrupi\u0105c\u0105 mi\u0119t\u0105.<\/li>\n<li><strong>Wi\u015bniowy pop \/ Mr Blue<\/strong> \u2013 Smak s\u0142odyczy z wi\u015bni z odwa\u017cnymi nutami inspirowanymi jagodami.<\/li>\n<li><strong>Lodowy czarny smok \/ truskawkowy kiwi<\/strong> \u2013 Egzotyczny smoczy owoc z mentolem i s\u0142odkim truskawk\u0105-kiwi.<\/li>\n<li><strong>Red Bull \/ Jagoda brzoskwiniowa<\/strong> \u2013 Fizzy Energy Drink Smak ze s\u0142odkimi nutami brzoskwiniowo-berry.<\/li>\n<li><strong>R\u00f3\u017cowa cytryna \/ Mr Blue<\/strong> \u2013 Tarta Pink Lemonade w po\u0142\u0105czeniu z niepowtarzalnym smakiem jagodowym.<\/li>\n<li><strong>Kiwi marakuja guawa \/ b\u0142\u0119kitna wi\u015bnia cytryna<\/strong> \u2013 Tropical Kiwi-Passion-Guava Trio z niebiesk\u0105 wi\u015bniowo-cytrynow\u0105 fuzj\u0105.<\/li>\n<\/ol>\n<h3 dir=\"auto\">Cz\u0119sto zadawane pytania<\/h3>\n<ol dir=\"auto\">\n<li><strong>Jak d\u0142ugo trwa bang king 35k?<\/strong><br \/>\nZ 35 000 zaci\u0105gni\u0119\u0107 trwa tygodnie w zale\u017cno\u015bci od u\u017cytkowania, co zmniejsza potrzeb\u0119 wymiany.<\/li>\n<li><strong>Czy Bang King 35k jest \u0142adowany?<\/strong><br \/>\nTak, jego bateria 650 mAh obs\u0142uguje USB Type-C do szybkiego \u0142adowania.<\/li>\n<li><strong>Jak prze\u0142\u0105cza\u0107 si\u0119 mi\u0119dzy smakami?<\/strong><br \/>\nPo prostu u\u017cyj mechanizmu przesuwnego, aby prze\u0142\u0105cza\u0107 si\u0119 mi\u0119dzy smakami z podw\u00f3jnymi poduszkami.<\/li>\n<li><strong>Jak wybra\u0107 odpowiedni smak?<\/strong><br \/>\nAby uzyska\u0107 owocowy smak, spr\u00f3buj truskawkowego arbuza lub owoc\u00f3w tropikalnych; do ch\u0142odzenia wybierz l\u00f3d blue razz lub cool mi\u0119towy.<\/li>\n<li><strong>Jakie s\u0105 zalety podw\u00f3jnej cewki siatkowej?<\/strong><br \/>\nZapewnia g\u0142adsz\u0105 par\u0119 i bogatszy smak, zapewniaj\u0105c sta\u0142\u0105 jako\u015b\u0107.<\/li>\n<li><strong>Czy mog\u0119 dostosowa\u0107 intensywno\u015b\u0107 wapowania?<\/strong><br \/>\nTak, regulowany przep\u0142yw powietrza pozwala dostosowa\u0107 r\u00f3wnowag\u0119 pary i smaku.<\/li>\n<li><strong>Co wy\u015bwietla ekran Smart LED?<\/strong><br \/>\nPokazuje \u017cywotno\u015b\u0107 baterii i poziomy e-liquid dla wygodnego planowania sesji.<\/li>\n<\/ol>\n<p><img fetchpriority=\"high\" decoding=\"async\" class=\"alignnone wp-image-693 size-full\" src=\"https:\/\/vapeenjoy.com\/wp-content\/uploads\/2025\/07\/Bang-King-35K-Puffs-Switch-Duo-Disposable-Vape.jpg\" alt=\"Bang King 35k Puffs Switch Duo jednorazowe 2 w 1 podw\u00f3jne smaki smaki Vape \" width=\"1060\" height=\"1085\" srcset=\"https:\/\/vapeenjoy.com\/wp-content\/uploads\/2025\/07\/Bang-King-35K-Puffs-Switch-Duo-Disposable-Vape.jpg 1060w, https:\/\/vapeenjoy.com\/wp-content\/uploads\/2025\/07\/Bang-King-35K-Puffs-Switch-Duo-Disposable-Vape-600x614.jpg 600w, https:\/\/vapeenjoy.com\/wp-content\/uploads\/2025\/07\/Bang-King-35K-Puffs-Switch-Duo-Disposable-Vape-293x300.jpg 293w, https:\/\/vapeenjoy.com\/wp-content\/uploads\/2025\/07\/Bang-King-35K-Puffs-Switch-Duo-Disposable-Vape-1000x1024.jpg 1000w, https:\/\/vapeenjoy.com\/wp-content\/uploads\/2025\/07\/Bang-King-35K-Puffs-Switch-Duo-Disposable-Vape-768x786.jpg 768w\" sizes=\"(max-width: 1060px) 100vw, 1060px\" \/><\/p>","protected":false},"excerpt":{"rendered":"<p>Bang King dostarcza innowacyjne rozwi\u0105zania do wapowania, a jednorazowy waporyzator Bang King 35K Switch Duo oferuje solidny system o podw\u00f3jnym smaku o pojemno\u015bci 56 ml z do 35 000 zaci\u0105gni\u0119\u0107. Wyposa\u017cone w akumulator o pojemno\u015bci 650 mAh, cewki z dwiema siatk\u0105, regulowany przep\u0142yw powietrza i inteligentny ekran LED, to eleganckie urz\u0105dzenie zapewnia d\u0142ugotrwa\u0142\u0105 wydajno\u015b\u0107 i bezproblemowe prze\u0142\u0105czanie smaku, zapewniaj\u0105c dostosowane doznania waporacyjne.<\/p>","protected":false},"featured_media":699,"comment_status":"open","ping_status":"closed","template":"","meta":[],"product_brand":[16],"product_cat":[47],"product_tag":[64,66,72],"class_list":{"0":"post-690","1":"product","2":"type-product","3":"status-publish","4":"has-post-thumbnail","6":"product_brand-bang-vape","7":"product_cat-35000-puffs-vape","8":"product_tag-0-5-nicotine","9":"product_tag-2-in-1-dual-flavors","10":"product_tag-56ml","12":"first","13":"instock","14":"sale","15":"shipping-taxable","16":"purchasable","17":"product-type-variable"},"yoast_head":"<!-- This site is optimized with the Yoast SEO plugin v25.7 - https:\/\/yoast.com\/wordpress\/plugins\/seo\/ -->\n<title>Bang King 35K Puffs Switch Duo Disposable 2 in 1 Flavors Vape<\/title>\n<meta name=\"description\" content=\"Bang King 35K Puffs Switch Duo Disposable Vape offers 56ml dual flavors and 0-5% nicotine. Enjoy seamless flavor switching. Shop now!\" \/>\n<meta name=\"robots\" content=\"index, follow, max-snippet:-1, max-image-preview:large, max-video-preview:-1\" \/>\n<link rel=\"canonical\" href=\"https:\/\/vapeenjoy.com\/pl\/produkt\/bang-king-35k-puffs-switch-duo-jednorazowe-2-w-1-podwojne-smaki-vape-56ml-0-5-nikotyna\/\" \/>\n<meta property=\"og:locale\" content=\"pl_PL\" \/>\n<meta property=\"og:type\" content=\"article\" \/>\n<meta property=\"og:title\" content=\"Bang King 35K Puffs Switch Duo Disposable 2 in 1 Flavors Vape\" \/>\n<meta property=\"og:description\" content=\"Bang King 35K Puffs Switch Duo Disposable Vape offers 56ml dual flavors and 0-5% nicotine. Enjoy seamless flavor switching. Shop now!\" \/>\n<meta property=\"og:url\" content=\"https:\/\/vapeenjoy.com\/pl\/produkt\/bang-king-35k-puffs-switch-duo-jednorazowe-2-w-1-podwojne-smaki-vape-56ml-0-5-nikotyna\/\" \/>\n<meta property=\"og:site_name\" content=\"vapeenjoy\" \/>\n<meta property=\"article:modified_time\" content=\"2025-08-18T08:06:50+00:00\" \/>\n<meta property=\"og:image\" content=\"https:\/\/vapeenjoy.com\/wp-content\/uploads\/2025\/07\/Bang-King-Switch-Duo-35000-35K-Disposable-Vape-\u2013-Front-View.webp\" \/>\n\t<meta property=\"og:image:width\" content=\"800\" \/>\n\t<meta property=\"og:image:height\" content=\"800\" \/>\n\t<meta property=\"og:image:type\" content=\"image\/webp\" \/>\n<meta name=\"twitter:card\" content=\"summary_large_image\" \/>\n<meta name=\"twitter:label1\" content=\"Szacowany czas czytania\" \/>\n\t<meta name=\"twitter:data1\" content=\"3 minuty\" \/>\n<script type=\"application\/ld+json\" class=\"yoast-schema-graph\">{\"@context\":\"https:\/\/schema.org\",\"@graph\":[{\"@type\":\"WebPage\",\"@id\":\"https:\/\/vapeenjoy.com\/product\/bang-king-35k-puffs-switch-duo-disposable-2-in-1-dual-flavors-vape-56ml-0-5-nicotine\/\",\"url\":\"https:\/\/vapeenjoy.com\/product\/bang-king-35k-puffs-switch-duo-disposable-2-in-1-dual-flavors-vape-56ml-0-5-nicotine\/\",\"name\":\"Bang King 35K Puffs Switch Duo Disposable 2 in 1 Flavors Vape\",\"isPartOf\":{\"@id\":\"https:\/\/vapeenjoy.com\/#website\"},\"primaryImageOfPage\":{\"@id\":\"https:\/\/vapeenjoy.com\/product\/bang-king-35k-puffs-switch-duo-disposable-2-in-1-dual-flavors-vape-56ml-0-5-nicotine\/#primaryimage\"},\"image\":{\"@id\":\"https:\/\/vapeenjoy.com\/product\/bang-king-35k-puffs-switch-duo-disposable-2-in-1-dual-flavors-vape-56ml-0-5-nicotine\/#primaryimage\"},\"thumbnailUrl\":\"https:\/\/vapeenjoy.com\/wp-content\/uploads\/2025\/07\/Bang-King-Switch-Duo-35000-35K-Disposable-Vape-\u2013-Front-View.webp\",\"datePublished\":\"2025-07-28T09:31:16+00:00\",\"dateModified\":\"2025-08-18T08:06:50+00:00\",\"description\":\"Bang King 35K Puffs Switch Duo Disposable Vape offers 56ml dual flavors and 0-5% nicotine. Enjoy seamless flavor switching. Shop now!\",\"breadcrumb\":{\"@id\":\"https:\/\/vapeenjoy.com\/product\/bang-king-35k-puffs-switch-duo-disposable-2-in-1-dual-flavors-vape-56ml-0-5-nicotine\/#breadcrumb\"},\"inLanguage\":\"pl-PL\",\"potentialAction\":[{\"@type\":\"ReadAction\",\"target\":[\"https:\/\/vapeenjoy.com\/product\/bang-king-35k-puffs-switch-duo-disposable-2-in-1-dual-flavors-vape-56ml-0-5-nicotine\/\"]}]},{\"@type\":\"ImageObject\",\"inLanguage\":\"pl-PL\",\"@id\":\"https:\/\/vapeenjoy.com\/product\/bang-king-35k-puffs-switch-duo-disposable-2-in-1-dual-flavors-vape-56ml-0-5-nicotine\/#primaryimage\",\"url\":\"https:\/\/vapeenjoy.com\/wp-content\/uploads\/2025\/07\/Bang-King-Switch-Duo-35000-35K-Disposable-Vape-\u2013-Front-View.webp\",\"contentUrl\":\"https:\/\/vapeenjoy.com\/wp-content\/uploads\/2025\/07\/Bang-King-Switch-Duo-35000-35K-Disposable-Vape-\u2013-Front-View.webp\",\"width\":800,\"height\":800},{\"@type\":\"BreadcrumbList\",\"@id\":\"https:\/\/vapeenjoy.com\/product\/bang-king-35k-puffs-switch-duo-disposable-2-in-1-dual-flavors-vape-56ml-0-5-nicotine\/#breadcrumb\",\"itemListElement\":[{\"@type\":\"ListItem\",\"position\":1,\"name\":\"Home\",\"item\":\"https:\/\/vapeenjoy.com\/\"},{\"@type\":\"ListItem\",\"position\":2,\"name\":\"Shop\",\"item\":\"https:\/\/vapeenjoy.com\/vapeenjoy-shop\/\"},{\"@type\":\"ListItem\",\"position\":3,\"name\":\"Bang King 35K Puffs Switch Duo 2 in 1 Dual Flavors Disposable Vape 56ml 0-5% Nicotine\"}]},{\"@type\":\"WebSite\",\"@id\":\"https:\/\/vapeenjoy.com\/#website\",\"url\":\"https:\/\/vapeenjoy.com\/\",\"name\":\"vapeenjoy\",\"description\":\"An online store for selling vapes\",\"potentialAction\":[{\"@type\":\"SearchAction\",\"target\":{\"@type\":\"EntryPoint\",\"urlTemplate\":\"https:\/\/vapeenjoy.com\/?s={search_term_string}\"},\"query-input\":{\"@type\":\"PropertyValueSpecification\",\"valueRequired\":true,\"valueName\":\"search_term_string\"}}],\"inLanguage\":\"pl-PL\"}]}<\/script>\n<!-- \/ Yoast SEO plugin. -->","yoast_head_json":{"title":"Bang King 35k Puffs Switch Duo jednorazowe 2 w 1 smaki Vape","description":"Bang King 35K Puffs Switch Duo jednorazowy waporyzator oferuje 56 ml podw\u00f3jny smak i nikotyn\u0119 0-5%. Ciesz si\u0119 bezproblemow\u0105 zmian\u0105 smaku. Kupuj teraz!","robots":{"index":"index","follow":"follow","max-snippet":"max-snippet:-1","max-image-preview":"max-image-preview:large","max-video-preview":"max-video-preview:-1"},"canonical":"https:\/\/vapeenjoy.com\/pl\/produkt\/bang-king-35k-puffs-switch-duo-jednorazowe-2-w-1-podwojne-smaki-vape-56ml-0-5-nikotyna\/","og_locale":"pl_PL","og_type":"article","og_title":"Bang King 35K Puffs Switch Duo Disposable 2 in 1 Flavors Vape","og_description":"Bang King 35K Puffs Switch Duo Disposable Vape offers 56ml dual flavors and 0-5% nicotine. Enjoy seamless flavor switching. Shop now!","og_url":"https:\/\/vapeenjoy.com\/pl\/produkt\/bang-king-35k-puffs-switch-duo-jednorazowe-2-w-1-podwojne-smaki-vape-56ml-0-5-nikotyna\/","og_site_name":"vapeenjoy","article_modified_time":"2025-08-18T08:06:50+00:00","og_image":[{"width":800,"height":800,"url":"https:\/\/vapeenjoy.com\/wp-content\/uploads\/2025\/07\/Bang-King-Switch-Duo-35000-35K-Disposable-Vape-\u2013-Front-View.webp","type":"image\/webp"}],"twitter_card":"summary_large_image","twitter_misc":{"Szacowany czas czytania":"3 minuty"},"schema":{"@context":"https:\/\/schema.org","@graph":[{"@type":"WebPage","@id":"https:\/\/vapeenjoy.com\/product\/bang-king-35k-puffs-switch-duo-disposable-2-in-1-dual-flavors-vape-56ml-0-5-nicotine\/","url":"https:\/\/vapeenjoy.com\/product\/bang-king-35k-puffs-switch-duo-disposable-2-in-1-dual-flavors-vape-56ml-0-5-nicotine\/","name":"Bang King 35k Puffs Switch Duo jednorazowe 2 w 1 smaki Vape","isPartOf":{"@id":"https:\/\/vapeenjoy.com\/#website"},"primaryImageOfPage":{"@id":"https:\/\/vapeenjoy.com\/product\/bang-king-35k-puffs-switch-duo-disposable-2-in-1-dual-flavors-vape-56ml-0-5-nicotine\/#primaryimage"},"image":{"@id":"https:\/\/vapeenjoy.com\/product\/bang-king-35k-puffs-switch-duo-disposable-2-in-1-dual-flavors-vape-56ml-0-5-nicotine\/#primaryimage"},"thumbnailUrl":"https:\/\/vapeenjoy.com\/wp-content\/uploads\/2025\/07\/Bang-King-Switch-Duo-35000-35K-Disposable-Vape-\u2013-Front-View.webp","datePublished":"2025-07-28T09:31:16+00:00","dateModified":"2025-08-18T08:06:50+00:00","description":"Bang King 35K Puffs Switch Duo jednorazowy waporyzator oferuje 56 ml podw\u00f3jny smak i nikotyn\u0119 0-5%. Ciesz si\u0119 bezproblemow\u0105 zmian\u0105 smaku. Kupuj teraz!","breadcrumb":{"@id":"https:\/\/vapeenjoy.com\/product\/bang-king-35k-puffs-switch-duo-disposable-2-in-1-dual-flavors-vape-56ml-0-5-nicotine\/#breadcrumb"},"inLanguage":"pl-PL","potentialAction":[{"@type":"ReadAction","target":["https:\/\/vapeenjoy.com\/product\/bang-king-35k-puffs-switch-duo-disposable-2-in-1-dual-flavors-vape-56ml-0-5-nicotine\/"]}]},{"@type":"ImageObject","inLanguage":"pl-PL","@id":"https:\/\/vapeenjoy.com\/product\/bang-king-35k-puffs-switch-duo-disposable-2-in-1-dual-flavors-vape-56ml-0-5-nicotine\/#primaryimage","url":"https:\/\/vapeenjoy.com\/wp-content\/uploads\/2025\/07\/Bang-King-Switch-Duo-35000-35K-Disposable-Vape-\u2013-Front-View.webp","contentUrl":"https:\/\/vapeenjoy.com\/wp-content\/uploads\/2025\/07\/Bang-King-Switch-Duo-35000-35K-Disposable-Vape-\u2013-Front-View.webp","width":800,"height":800},{"@type":"BreadcrumbList","@id":"https:\/\/vapeenjoy.com\/product\/bang-king-35k-puffs-switch-duo-disposable-2-in-1-dual-flavors-vape-56ml-0-5-nicotine\/#breadcrumb","itemListElement":[{"@type":"ListItem","position":1,"name":"Home","item":"https:\/\/vapeenjoy.com\/"},{"@type":"ListItem","position":2,"name":"Shop","item":"https:\/\/vapeenjoy.com\/vapeenjoy-shop\/"},{"@type":"ListItem","position":3,"name":"Bang King 35K Puffs Switch Duo 2 in 1 Dual Flavors Disposable Vape 56ml 0-5% Nicotine"}]},{"@type":"WebSite","@id":"https:\/\/vapeenjoy.com\/#website","url":"https:\/\/vapeenjoy.com\/","name":"skutkowaty","description":"Sklep internetowy do sprzeda\u017cy vapes","potentialAction":[{"@type":"SearchAction","target":{"@type":"EntryPoint","urlTemplate":"https:\/\/vapeenjoy.com\/?s={search_term_string}"},"query-input":{"@type":"PropertyValueSpecification","valueRequired":true,"valueName":"search_term_string"}}],"inLanguage":"pl-PL"}]}},"_links":{"self":[{"href":"https:\/\/vapeenjoy.com\/pl\/wp-json\/wp\/v2\/product\/690","targetHints":{"allow":["GET"]}}],"collection":[{"href":"https:\/\/vapeenjoy.com\/pl\/wp-json\/wp\/v2\/product"}],"about":[{"href":"https:\/\/vapeenjoy.com\/pl\/wp-json\/wp\/v2\/types\/product"}],"replies":[{"embeddable":true,"href":"https:\/\/vapeenjoy.com\/pl\/wp-json\/wp\/v2\/comments?post=690"}],"version-history":[{"count":4,"href":"https:\/\/vapeenjoy.com\/pl\/wp-json\/wp\/v2\/product\/690\/revisions"}],"predecessor-version":[{"id":2314,"href":"https:\/\/vapeenjoy.com\/pl\/wp-json\/wp\/v2\/product\/690\/revisions\/2314"}],"wp:featuredmedia":[{"embeddable":true,"href":"https:\/\/vapeenjoy.com\/pl\/wp-json\/wp\/v2\/media\/699"}],"wp:attachment":[{"href":"https:\/\/vapeenjoy.com\/pl\/wp-json\/wp\/v2\/media?parent=690"}],"wp:term":[{"taxonomy":"product_brand","embeddable":true,"href":"https:\/\/vapeenjoy.com\/pl\/wp-json\/wp\/v2\/product_brand?post=690"},{"taxonomy":"product_cat","embeddable":true,"href":"https:\/\/vapeenjoy.com\/pl\/wp-json\/wp\/v2\/product_cat?post=690"},{"taxonomy":"product_tag","embeddable":true,"href":"https:\/\/vapeenjoy.com\/pl\/wp-json\/wp\/v2\/product_tag?post=690"}],"curies":[{"name":"wp","href":"https:\/\/api.w.org\/{rel}","templated":true}]}}