{"id":700,"date":"2025-07-28T10:02:01","date_gmt":"2025-07-28T10:02:01","guid":{"rendered":"https:\/\/vapeenjoy.com\/?post_type=product&#038;p=700"},"modified":"2025-08-18T08:06:35","modified_gmt":"2025-08-18T08:06:35","slug":"bang-32000-puffs","status":"publish","type":"product","link":"https:\/\/vapeenjoy.com\/pl\/produkt\/bang-32000-puffy\/","title":{"rendered":"Bang 32000 Puffs jednorazowe vape 32ml 0-5% nikotyna inteligentny wy\u015bwietlacz"},"content":{"rendered":"<h2 dir=\"auto\"><strong>Bang 32000 Puffs jednorazowy waporyzator: elegancki design i du\u017ca pojemno\u015b\u0107<\/strong><\/h2>\n<p dir=\"auto\">Bang Vapes zyska\u0142 siln\u0105 reputacj\u0119 dzi\u0119ki tworzeniu niezawodnych, aromatycznych jednorazowych waporyzator\u00f3w dostosowanych do r\u00f3\u017cnych preferencji. W szczeg\u00f3lno\u015bci jednorazowe waporyzator Bang 32000 Puffs wyr\u00f3\u017cnia si\u0119 niezwyk\u0142\u0105 pojemno\u015bci\u0105 32 ml e-liquidu i do 32 000 zaci\u0105gni\u0119\u0107. W rezultacie oferuje wi\u0119ksz\u0105 przyjemno\u015b\u0107 u\u017cytkownikom poszukuj\u0105cym d\u0142ugotrwa\u0142ej wydajno\u015bci. Ponadto kompaktowa, ergonomiczna konstrukcja zapewnia komfortow\u0105 obs\u0142ug\u0119, a zaawansowana technologia podw\u00f3jnej siatki zapewnia sp\u00f3jny smak i p\u0142ynn\u0105 produkcj\u0119 pary. Ponadto inteligentny ekran zapewnia monitorowanie w czasie rzeczywistym poziom\u00f3w baterii i e-liquid\u00f3w, p\u0142ynnie \u0142\u0105cz\u0105c wygod\u0119 z wysok\u0105 wydajno\u015bci\u0105 w przypadku codziennych potrzeb wapowania. Dla tych, kt\u00f3rzy chc\u0105 dalej odkrywa\u0107 to innowacyjne urz\u0105dzenie, odkryj pe\u0142n\u0105 gam\u0119 produkt\u00f3w Bang Vapes ju\u017c dzi\u015b.<\/p>\n<h3 dir=\"auto\"><strong>Bang 32000 Puffs jednorazowe dane techniczne<\/strong><\/h3>\n<ul dir=\"auto\">\n<li><strong>Liczba zaci\u0105gni\u0119\u0107<\/strong>: do 32 000 \u2013 W konsekwencji ten wyd\u0142u\u017cony czas trwania wapowania jest idealny dla ci\u0119\u017ckich u\u017cytkownik\u00f3w, kt\u00f3rzy preferuj\u0105 minimalne zamienniki.<\/li>\n<li><strong>Pojemno\u015b\u0107 e-liquid\u00f3w<\/strong>: 32ml \u2013 Na przyk\u0142ad du\u017cy, wst\u0119pnie nape\u0142niony zbiornik zapewnia d\u0142ugotrwa\u0142e u\u017cytkowanie bez k\u0142opot\u00f3w z cz\u0119stymi wk\u0142adami.<\/li>\n<li><strong>Pojemno\u015b\u0107 baterii<\/strong>: 650 mAh - \u0142adowanie przez Type-C, zapewniaj\u0105c w ten spos\u00f3b niezawodn\u0105 moc i szybkie \u0142adowanie.<\/li>\n<li><strong>Mocne strony nikotyny<\/strong>: 0%, 2%, 3%, 5% \u2013 Innymi s\u0142owy, elastyczne opcje zaspokajaj\u0105 zar\u00f3wno preferencje wolne od nikotyny, jak i silniejsze.<\/li>\n<li><strong>Typ cewki<\/strong>: Podw\u00f3jna siatka (0,5 \u03a9) \u2013 w rezultacie zwi\u0119ksza intensywno\u015b\u0107 smaku i zapewnia sp\u00f3jn\u0105 par\u0119, zapewniaj\u0105c satysfakcjonuj\u0105ce przyci\u0105ganie.<\/li>\n<li><strong>Port \u0142adowania<\/strong>: Typ-C \u2013 Dlatego u\u017cytkownicy ciesz\u0105 si\u0119 szybkim i wydajnym \u0142adowaniem podczas nieprzerwanych sesji wapowania.<\/li>\n<li><strong>Inteligentny wy\u015bwietlacz ekranu<\/strong> \u2013 Dodatkowo monitoruje poziom baterii i e-liquid\u00f3w w czasie rzeczywistym dla maksymalnej wygody.<\/li>\n<li><strong>przelotny powietrze<\/strong> - Regulowane ustawienia pozwalaj\u0105 na spersonalizowany op\u00f3r rysowania, dopasowuj\u0105c w ten spos\u00f3b do\u015bwiadczenie do indywidualnych preferencji.<\/li>\n<\/ul>\n<h3 dir=\"auto\"><strong>12 opcji smakowych dla ka\u017cdego podniebienia<\/strong><\/h3>\n<ol dir=\"auto\">\n<li><strong>malina jagodowa<\/strong> \u2013 Na pocz\u0105tek ta \u017cywa mieszanka s\u0142odkich jag\u00f3d i tartych malin oferuje zr\u00f3wnowa\u017cony owocowy smak.<\/li>\n<li><strong>Wi\u015bnia arbuza<\/strong> \u2013 Nast\u0119pnie soczysty arbuz w po\u0142\u0105czeniu z dojrza\u0142\u0105 wi\u015bni\u0105 tworzy orze\u017awiaj\u0105c\u0105, s\u0142odk\u0105 kombinacj\u0119.<\/li>\n<li><strong>l\u00f3d jagodowy<\/strong> \u2013 Co wi\u0119cej, ch\u0142odna jagoda z wyko\u0144czeniem mentolowym zapewnia sch\u0142odzone, orze\u017awiaj\u0105ce uczucie.<\/li>\n<li><strong>l\u00f3d arbuzowy<\/strong> \u2013 Podobnie s\u0142odki arbuz z mro\u017anym mentolowym kopni\u0119ciem zapewnia rewitalizuj\u0105cy waporyzator.<\/li>\n<li><strong>Arbuz truskawkowy<\/strong> \u2013 Dodatkowo dojrza\u0142e truskawki i soczysty arbuz \u0142\u0105cz\u0105 si\u0119 w pi\u0119kn\u0105 letni\u0105 mieszank\u0119.<\/li>\n<li><strong>kiwi truskawkowe<\/strong> \u2013 Podobnie pikantne kiwi po\u0142\u0105czone ze s\u0142odkimi truskawkami oferuje tropikalny akcent.<\/li>\n<li><strong>czerwony byk<\/strong> \u2013 Co wi\u0119cej, ten energetyzuj\u0105cy smak napoju energetycznego ma odwa\u017cny, pikantny profil.<\/li>\n<li><strong>Guma z arbuza<\/strong> \u2013 Na przyk\u0142ad nostalgiczna s\u0142odycz gumy do \u017cucia z soczystymi nutami arbuza tworzy zabawny waporyzator.<\/li>\n<li><strong>l\u00f3d winog<\/strong> \u2013 Dodatkowo bogaty smak winogron z ch\u0142odz\u0105cym wydechem mentolowym zapewnia rze\u015bkie wyko\u0144czenie.<\/li>\n<li><strong>Brzoskwinia Mango<\/strong> \u2013 Podobnie g\u0142adkie brzoskwiniowe i tropikalne mango zapewniaj\u0105 soczyste, egzotyczne po\u0142\u0105czenie.<\/li>\n<li><strong>l\u00f3d brzoskwiniowy<\/strong> \u2013 Ponadto s\u0142odka brzoskwinia z orze\u017awiaj\u0105cym mentolowym bryzem oferuje ch\u0142odny, owocowy waporyzator.<\/li>\n<li><strong>Mieszane owoce<\/strong> \u2013 Wreszcie sk\u0142adanka r\u00f3\u017cnych owoc\u00f3w zapewnia dynamiczny, \u017cywy profil smakowy.<\/li>\n<\/ol>\n<h3 dir=\"auto\"><strong>Cz\u0119sto zadawane pytania<\/strong><\/h3>\n<ol dir=\"auto\">\n<li><strong>Ile zaci\u0105gni\u0119\u0107 mo\u017ce zapewni\u0107 jednorazowy waporyzator Bang 32000?<\/strong><br \/>\nUrz\u0105dzenie dostarcza do 32 000 zaci\u0105gni\u0119\u0107, w zale\u017cno\u015bci od nawyk\u00f3w u\u017cytkowania, zapewniaj\u0105c w ten spos\u00f3b wyj\u0105tkow\u0105 d\u0142ugowieczno\u015b\u0107.<\/li>\n<li><strong>Jakie mocne strony nikotyny s\u0105 dost\u0119pne?<\/strong><br \/>\nMo\u017cesz wybiera\u0107 spo\u015br\u00f3d poziom\u00f3w nikotyny 0%, 2%, 3% lub 5%, mieszcz\u0105c w ten spos\u00f3b szereg preferencji.<\/li>\n<li><strong>Jak podw\u00f3jna cewka siatkowa poprawia waporyzacj\u0119?<\/strong><br \/>\nPodw\u00f3jna cewka z siatki zapewnia sta\u0142y smak i p\u0142ynn\u0105 produkcj\u0119 pary, co w konsekwencji poprawia ka\u017cde zaci\u0105gni\u0119cie.<\/li>\n<li><strong>Czy bateria jest \u0142adowana?<\/strong><br \/>\nTak, bateri\u0119 650 mAh mo\u017cna \u0142adowa\u0107 przez port typu C, co pozwala na szybkie i wygodne \u0142adowanie.<\/li>\n<li><strong>Jak wybra\u0107 odpowiedni dla mnie smak?<\/strong><br \/>\nAby wyja\u015bni\u0107, rozwa\u017c swoje preferencje smakowe: zdecyduj si\u0119 na mieszanki owocowe, takie jak truskawkowy arbuz lub brzoskwiniowy mango, aby uzyska\u0107 s\u0142odycz, lodowe opcje, takie jak l\u00f3d jagodowy lub l\u00f3d arbuzowy, aby uzyska\u0107 efekt ch\u0142odzenia, lub unikalne profile, takie jak Red Bull, aby uzyska\u0107 energetyzuj\u0105cy akcent. Pr\u00f3bkowanie wielu smak\u00f3w mo\u017ce zatem pom\u00f3c Ci znale\u017a\u0107 sw\u00f3j ulubiony.<\/li>\n<li><strong>Co pokazuje ekran Smart Screen?<\/strong><br \/>\nInteligentny ekran wy\u015bwietla poziomy baterii i e-liquid\u00f3w w czasie rzeczywistym, dzi\u0119ki czemu jeste\u015b na bie\u017c\u0105co z informacjami podczas u\u017cytkowania.<\/li>\n<li><strong>Czy mog\u0119 regulowa\u0107 przep\u0142yw powietrza?<\/strong><br \/>\nTak, regulowany przep\u0142yw powietrza pozwala dostosowa\u0107 op\u00f3r poci\u0105gania, co pozwala na dostosowanie waporyzacji.<\/li>\n<\/ol>\n<div id=\"attachment_704\" style=\"width: 1090px\" class=\"wp-caption alignnone\"><img fetchpriority=\"high\" decoding=\"async\" aria-describedby=\"caption-attachment-704\" class=\"wp-image-704 size-full\" src=\"https:\/\/vapeenjoy.com\/wp-content\/uploads\/2025\/07\/Bang-32000-Puffs.jpg\" alt=\"Bang 32000 Puffs jednorazowe vape 32ml 0-5% nikotyna inteligentny wy\u015bwietlacz\" width=\"1080\" height=\"2064\" srcset=\"https:\/\/vapeenjoy.com\/wp-content\/uploads\/2025\/07\/Bang-32000-Puffs.jpg 1080w, https:\/\/vapeenjoy.com\/wp-content\/uploads\/2025\/07\/Bang-32000-Puffs-600x1147.jpg 600w, https:\/\/vapeenjoy.com\/wp-content\/uploads\/2025\/07\/Bang-32000-Puffs-157x300.jpg 157w, https:\/\/vapeenjoy.com\/wp-content\/uploads\/2025\/07\/Bang-32000-Puffs-536x1024.jpg 536w, https:\/\/vapeenjoy.com\/wp-content\/uploads\/2025\/07\/Bang-32000-Puffs-768x1468.jpg 768w, https:\/\/vapeenjoy.com\/wp-content\/uploads\/2025\/07\/Bang-32000-Puffs-804x1536.jpg 804w, https:\/\/vapeenjoy.com\/wp-content\/uploads\/2025\/07\/Bang-32000-Puffs-1072x2048.jpg 1072w\" sizes=\"(max-width: 1080px) 100vw, 1080px\" \/><p id=\"caption-attachment-704\" class=\"wp-caption-text\">Bang 32000 Puffs jednorazowe vape 32ml 0-5% nikotyna inteligentny wy\u015bwietlacz<\/p><\/div>","protected":false},"excerpt":{"rendered":"<p>Bang Vapes dostarcza niezawodne, aromatyczne rozwi\u0105zania waporyzacyjne. Jednorazowe waporyzatory Bang 32000 Puffs oferuj\u0105 pojemno\u015b\u0107 32 ml e-liquidu, do 32 000 zaci\u0105gni\u0119\u0107 i moc nikotyny 0-5%. Dzi\u0119ki podw\u00f3jnej cewce z siatki, akumulatorowi o pojemno\u015bci 650 mAh i inteligentnemu ekranowi do monitorowania w czasie rzeczywistym, to urz\u0105dzenie zapewnia sta\u0142\u0105 wydajno\u015b\u0107 i wygod\u0119.<\/p>","protected":false},"featured_media":705,"comment_status":"open","ping_status":"closed","template":"","meta":[],"product_brand":[16],"product_cat":[59],"product_tag":[64,71],"class_list":{"0":"post-700","1":"product","2":"type-product","3":"status-publish","4":"has-post-thumbnail","6":"product_brand-bang-vape","7":"product_cat-32000-puffs-vape","8":"product_tag-0-5-nicotine","9":"product_tag-32ml","11":"first","12":"instock","13":"sale","14":"shipping-taxable","15":"purchasable","16":"product-type-variable"},"yoast_head":"<!-- This site is optimized with the Yoast SEO plugin v25.7 - https:\/\/yoast.com\/wordpress\/plugins\/seo\/ -->\n<title>Bang 32000 Puffs Disposable Vape 32ml e-liquid 0-5% Nicotine<\/title>\n<meta name=\"description\" content=\"Discover the Bang 32000 Puffs Disposable Vape with 32ml e-liquid, 0-5% nicotine, and smart screen display. Enjoy long-lasting flavor and convenience.\" \/>\n<meta name=\"robots\" content=\"index, follow, max-snippet:-1, max-image-preview:large, max-video-preview:-1\" \/>\n<link rel=\"canonical\" href=\"https:\/\/vapeenjoy.com\/pl\/produkt\/bang-32000-puffy\/\" \/>\n<meta property=\"og:locale\" content=\"pl_PL\" \/>\n<meta property=\"og:type\" content=\"article\" \/>\n<meta property=\"og:title\" content=\"Bang 32000 Puffs Disposable Vape 32ml e-liquid 0-5% Nicotine\" \/>\n<meta property=\"og:description\" content=\"Discover the Bang 32000 Puffs Disposable Vape with 32ml e-liquid, 0-5% nicotine, and smart screen display. Enjoy long-lasting flavor and convenience.\" \/>\n<meta property=\"og:url\" content=\"https:\/\/vapeenjoy.com\/pl\/produkt\/bang-32000-puffy\/\" \/>\n<meta property=\"og:site_name\" content=\"vapeenjoy\" \/>\n<meta property=\"article:modified_time\" content=\"2025-08-18T08:06:35+00:00\" \/>\n<meta property=\"og:image\" content=\"https:\/\/vapeenjoy.com\/wp-content\/uploads\/2025\/07\/Bang-32000-Puffs-Disposable-Vape-Red-Bull.jpg\" \/>\n\t<meta property=\"og:image:width\" content=\"1000\" \/>\n\t<meta property=\"og:image:height\" content=\"1000\" \/>\n\t<meta property=\"og:image:type\" content=\"image\/jpeg\" \/>\n<meta name=\"twitter:card\" content=\"summary_large_image\" \/>\n<meta name=\"twitter:label1\" content=\"Szacowany czas czytania\" \/>\n\t<meta name=\"twitter:data1\" content=\"4 minuty\" \/>\n<script type=\"application\/ld+json\" class=\"yoast-schema-graph\">{\"@context\":\"https:\/\/schema.org\",\"@graph\":[{\"@type\":\"WebPage\",\"@id\":\"https:\/\/vapeenjoy.com\/product\/bang-32000-puffs\/\",\"url\":\"https:\/\/vapeenjoy.com\/product\/bang-32000-puffs\/\",\"name\":\"Bang 32000 Puffs Disposable Vape 32ml e-liquid 0-5% Nicotine\",\"isPartOf\":{\"@id\":\"https:\/\/vapeenjoy.com\/#website\"},\"primaryImageOfPage\":{\"@id\":\"https:\/\/vapeenjoy.com\/product\/bang-32000-puffs\/#primaryimage\"},\"image\":{\"@id\":\"https:\/\/vapeenjoy.com\/product\/bang-32000-puffs\/#primaryimage\"},\"thumbnailUrl\":\"https:\/\/vapeenjoy.com\/wp-content\/uploads\/2025\/07\/Bang-32000-Puffs-Disposable-Vape-Red-Bull.jpg\",\"datePublished\":\"2025-07-28T10:02:01+00:00\",\"dateModified\":\"2025-08-18T08:06:35+00:00\",\"description\":\"Discover the Bang 32000 Puffs Disposable Vape with 32ml e-liquid, 0-5% nicotine, and smart screen display. Enjoy long-lasting flavor and convenience.\",\"breadcrumb\":{\"@id\":\"https:\/\/vapeenjoy.com\/product\/bang-32000-puffs\/#breadcrumb\"},\"inLanguage\":\"pl-PL\",\"potentialAction\":[{\"@type\":\"ReadAction\",\"target\":[\"https:\/\/vapeenjoy.com\/product\/bang-32000-puffs\/\"]}]},{\"@type\":\"ImageObject\",\"inLanguage\":\"pl-PL\",\"@id\":\"https:\/\/vapeenjoy.com\/product\/bang-32000-puffs\/#primaryimage\",\"url\":\"https:\/\/vapeenjoy.com\/wp-content\/uploads\/2025\/07\/Bang-32000-Puffs-Disposable-Vape-Red-Bull.jpg\",\"contentUrl\":\"https:\/\/vapeenjoy.com\/wp-content\/uploads\/2025\/07\/Bang-32000-Puffs-Disposable-Vape-Red-Bull.jpg\",\"width\":1000,\"height\":1000},{\"@type\":\"BreadcrumbList\",\"@id\":\"https:\/\/vapeenjoy.com\/product\/bang-32000-puffs\/#breadcrumb\",\"itemListElement\":[{\"@type\":\"ListItem\",\"position\":1,\"name\":\"Home\",\"item\":\"https:\/\/vapeenjoy.com\/\"},{\"@type\":\"ListItem\",\"position\":2,\"name\":\"Shop\",\"item\":\"https:\/\/vapeenjoy.com\/vapeenjoy-shop\/\"},{\"@type\":\"ListItem\",\"position\":3,\"name\":\"Bang 32000 Puffs Disposable Vape 32ml 0-5% Nicotine Smart Screen Display\"}]},{\"@type\":\"WebSite\",\"@id\":\"https:\/\/vapeenjoy.com\/#website\",\"url\":\"https:\/\/vapeenjoy.com\/\",\"name\":\"vapeenjoy\",\"description\":\"An online store for selling vapes\",\"potentialAction\":[{\"@type\":\"SearchAction\",\"target\":{\"@type\":\"EntryPoint\",\"urlTemplate\":\"https:\/\/vapeenjoy.com\/?s={search_term_string}\"},\"query-input\":{\"@type\":\"PropertyValueSpecification\",\"valueRequired\":true,\"valueName\":\"search_term_string\"}}],\"inLanguage\":\"pl-PL\"}]}<\/script>\n<!-- \/ Yoast SEO plugin. -->","yoast_head_json":{"title":"Bang 32000 Puffs jednorazowe vape 32ml e-liquid 0-5% Nikotyna","description":"Odkryj jednorazowe waporyzator Bang 32000 Puffs z 32 ml e-liquidu, nikotyn\u0105 0-5% i inteligentnym wy\u015bwietlaczem. Ciesz si\u0119 d\u0142ugotrwa\u0142ym smakiem i wygod\u0105.","robots":{"index":"index","follow":"follow","max-snippet":"max-snippet:-1","max-image-preview":"max-image-preview:large","max-video-preview":"max-video-preview:-1"},"canonical":"https:\/\/vapeenjoy.com\/pl\/produkt\/bang-32000-puffy\/","og_locale":"pl_PL","og_type":"article","og_title":"Bang 32000 Puffs Disposable Vape 32ml e-liquid 0-5% Nicotine","og_description":"Discover the Bang 32000 Puffs Disposable Vape with 32ml e-liquid, 0-5% nicotine, and smart screen display. Enjoy long-lasting flavor and convenience.","og_url":"https:\/\/vapeenjoy.com\/pl\/produkt\/bang-32000-puffy\/","og_site_name":"vapeenjoy","article_modified_time":"2025-08-18T08:06:35+00:00","og_image":[{"width":1000,"height":1000,"url":"https:\/\/vapeenjoy.com\/wp-content\/uploads\/2025\/07\/Bang-32000-Puffs-Disposable-Vape-Red-Bull.jpg","type":"image\/jpeg"}],"twitter_card":"summary_large_image","twitter_misc":{"Szacowany czas czytania":"4 minuty"},"schema":{"@context":"https:\/\/schema.org","@graph":[{"@type":"WebPage","@id":"https:\/\/vapeenjoy.com\/product\/bang-32000-puffs\/","url":"https:\/\/vapeenjoy.com\/product\/bang-32000-puffs\/","name":"Bang 32000 Puffs jednorazowe vape 32ml e-liquid 0-5% Nikotyna","isPartOf":{"@id":"https:\/\/vapeenjoy.com\/#website"},"primaryImageOfPage":{"@id":"https:\/\/vapeenjoy.com\/product\/bang-32000-puffs\/#primaryimage"},"image":{"@id":"https:\/\/vapeenjoy.com\/product\/bang-32000-puffs\/#primaryimage"},"thumbnailUrl":"https:\/\/vapeenjoy.com\/wp-content\/uploads\/2025\/07\/Bang-32000-Puffs-Disposable-Vape-Red-Bull.jpg","datePublished":"2025-07-28T10:02:01+00:00","dateModified":"2025-08-18T08:06:35+00:00","description":"Odkryj jednorazowe waporyzator Bang 32000 Puffs z 32 ml e-liquidu, nikotyn\u0105 0-5% i inteligentnym wy\u015bwietlaczem. Ciesz si\u0119 d\u0142ugotrwa\u0142ym smakiem i wygod\u0105.","breadcrumb":{"@id":"https:\/\/vapeenjoy.com\/product\/bang-32000-puffs\/#breadcrumb"},"inLanguage":"pl-PL","potentialAction":[{"@type":"ReadAction","target":["https:\/\/vapeenjoy.com\/product\/bang-32000-puffs\/"]}]},{"@type":"ImageObject","inLanguage":"pl-PL","@id":"https:\/\/vapeenjoy.com\/product\/bang-32000-puffs\/#primaryimage","url":"https:\/\/vapeenjoy.com\/wp-content\/uploads\/2025\/07\/Bang-32000-Puffs-Disposable-Vape-Red-Bull.jpg","contentUrl":"https:\/\/vapeenjoy.com\/wp-content\/uploads\/2025\/07\/Bang-32000-Puffs-Disposable-Vape-Red-Bull.jpg","width":1000,"height":1000},{"@type":"BreadcrumbList","@id":"https:\/\/vapeenjoy.com\/product\/bang-32000-puffs\/#breadcrumb","itemListElement":[{"@type":"ListItem","position":1,"name":"Home","item":"https:\/\/vapeenjoy.com\/"},{"@type":"ListItem","position":2,"name":"Shop","item":"https:\/\/vapeenjoy.com\/vapeenjoy-shop\/"},{"@type":"ListItem","position":3,"name":"Bang 32000 Puffs Disposable Vape 32ml 0-5% Nicotine Smart Screen Display"}]},{"@type":"WebSite","@id":"https:\/\/vapeenjoy.com\/#website","url":"https:\/\/vapeenjoy.com\/","name":"skutkowaty","description":"Sklep internetowy do sprzeda\u017cy vapes","potentialAction":[{"@type":"SearchAction","target":{"@type":"EntryPoint","urlTemplate":"https:\/\/vapeenjoy.com\/?s={search_term_string}"},"query-input":{"@type":"PropertyValueSpecification","valueRequired":true,"valueName":"search_term_string"}}],"inLanguage":"pl-PL"}]}},"_links":{"self":[{"href":"https:\/\/vapeenjoy.com\/pl\/wp-json\/wp\/v2\/product\/700","targetHints":{"allow":["GET"]}}],"collection":[{"href":"https:\/\/vapeenjoy.com\/pl\/wp-json\/wp\/v2\/product"}],"about":[{"href":"https:\/\/vapeenjoy.com\/pl\/wp-json\/wp\/v2\/types\/product"}],"replies":[{"embeddable":true,"href":"https:\/\/vapeenjoy.com\/pl\/wp-json\/wp\/v2\/comments?post=700"}],"version-history":[{"count":5,"href":"https:\/\/vapeenjoy.com\/pl\/wp-json\/wp\/v2\/product\/700\/revisions"}],"predecessor-version":[{"id":2313,"href":"https:\/\/vapeenjoy.com\/pl\/wp-json\/wp\/v2\/product\/700\/revisions\/2313"}],"wp:featuredmedia":[{"embeddable":true,"href":"https:\/\/vapeenjoy.com\/pl\/wp-json\/wp\/v2\/media\/705"}],"wp:attachment":[{"href":"https:\/\/vapeenjoy.com\/pl\/wp-json\/wp\/v2\/media?parent=700"}],"wp:term":[{"taxonomy":"product_brand","embeddable":true,"href":"https:\/\/vapeenjoy.com\/pl\/wp-json\/wp\/v2\/product_brand?post=700"},{"taxonomy":"product_cat","embeddable":true,"href":"https:\/\/vapeenjoy.com\/pl\/wp-json\/wp\/v2\/product_cat?post=700"},{"taxonomy":"product_tag","embeddable":true,"href":"https:\/\/vapeenjoy.com\/pl\/wp-json\/wp\/v2\/product_tag?post=700"}],"curies":[{"name":"wp","href":"https:\/\/api.w.org\/{rel}","templated":true}]}}