{"id":725,"date":"2025-07-29T06:39:07","date_gmt":"2025-07-29T06:39:07","guid":{"rendered":"https:\/\/vapeenjoy.com\/?post_type=product&#038;p=725"},"modified":"2025-08-18T08:06:11","modified_gmt":"2025-08-18T08:06:11","slug":"bang-king-20000-puffs-disposable-vape-25ml-0-5-nicotine-led-digital-display","status":"publish","type":"product","link":"https:\/\/vapeenjoy.com\/pl\/produkt\/bang-king-20000-puffs-jednorazowe-vape-25ml-0-5-nikotyna-led-cyfrowy-wyswietlacz-led\/","title":{"rendered":"Bang King 20000 Puffs jednorazowe vape 25ml 0-5% nikotyna led cyfrowy wy\u015bwietlacz LED"},"content":{"rendered":"<h2 dir=\"ltr\" data-pm-slice=\"1 3 []\">Bang King 20000 Puffs jednorazowe waporyzator Opis<\/h2>\n<p dir=\"ltr\">Przez lata Bang King ugruntowa\u0142 swoj\u0105 reputacj\u0119 zaufanego lidera w bran\u017cy wapowania, konsekwentnie dostarczaj\u0105c innowacyjne i aromatyczne urz\u0105dzenia, kt\u00f3re zaspokajaj\u0105 szerok\u0105 gam\u0119 preferencji. W zwi\u0105zku z tym jednorazowy waporyzator Bang King 20000 Puffs wyr\u00f3\u017cnia si\u0119 jako premium, skrupulatnie zaprojektowany, aby zapewni\u0107 wyj\u0105tkowo d\u0142ugotrwa\u0142e i satysfakcjonuj\u0105ce wra\u017cenia z wapowania. Ponadto jego elegancki, ergonomiczny design ma \u017cywe, kolorowe wyko\u0144czenie w po\u0142\u0105czeniu z kryszta\u0142ow\u0105 pow\u0142ok\u0105, dzi\u0119ki czemu jest nie tylko uderzaj\u0105ca wizualnie, ale tak\u017ce wygodna w chwytaniu. W rezultacie ten jednorazowy waporyzator jest idealny dla u\u017cytkownik\u00f3w poszukuj\u0105cych wygodnego, bezobs\u0142ugowego rozwi\u0105zania, aby cieszy\u0107 si\u0119 bogatymi, odwa\u017cnymi smakami bez k\u0142opot\u00f3w z do\u0142adowaniem lub skomplikowan\u0105 konserwacj\u0105. Ostatecznie Bang King 20000 \u0142\u0105czy styl, wydajno\u015b\u0107 i \u0142atwo\u015b\u0107 u\u017cytkowania dla vaper\u00f3w na wszystkich poziomach.<\/p>\n<h2 dir=\"ltr\">Bang King 20000 Puffs jednorazowe dane techniczne<\/h2>\n<ul class=\"tight\" dir=\"ltr\" data-tight=\"true\">\n<li>\n<p dir=\"ltr\"><strong>Liczba zaci\u0105gni\u0119\u0107<\/strong>: 20 000 \u2013 zapewnia d\u0142ugotrwa\u0142e u\u017cytkowanie, znacznie zmniejszaj\u0105c potrzeb\u0119 cz\u0119stych wymian.<\/p>\n<\/li>\n<li>\n<p dir=\"ltr\"><strong>Pojemno\u015b\u0107 e-liquid\u00f3w<\/strong>: 25 ml \u2013 Wst\u0119pnie wype\u0142niony hojnymi 25 ml premii e-liquid\u00f3w, wspieraj\u0105c przed\u0142u\u017cone sesje wapowania.<\/p>\n<\/li>\n<li>\n<p dir=\"ltr\"><strong>Si\u0142a nikotyny<\/strong>: 0%, 2%, 3%, 5% \u2013 oferuje elastyczne poziomy nikotyny, umo\u017cliwiaj\u0105c u\u017cytkownikom dostosowanie do\u015bwiadczenia do swoich preferencji.<\/p>\n<\/li>\n<li>\n<p dir=\"ltr\"><strong>Pojemno\u015b\u0107 baterii<\/strong>: 650 mAh - Wyposa\u017cony w solidn\u0105, \u0142adowaln\u0105 bateri\u0119 zapewniaj\u0105c\u0105 sp\u00f3jne i niezawodne dostarczanie mocy.<\/p>\n<\/li>\n<li>\n<p dir=\"ltr\"><strong>Rodzaj \u0142adowania<\/strong>: Type-C \u2013 zawiera nowoczesny port typu C zapewniaj\u0105cy szybkie, wydajne i wygodne \u0142adowanie.<\/p>\n<\/li>\n<li>\n<p dir=\"ltr\"><strong>Typ cewki<\/strong>: Coil 1.0\u03a9 - wykorzystuje zaawansowan\u0105 technologi\u0119 cewki siatkowej, aby uzyska\u0107 g\u0142adk\u0105 par\u0119 i poprawi\u0107 jako\u015b\u0107 smaku.<\/p>\n<\/li>\n<li>\n<p dir=\"ltr\"><strong>przelotny powietrze<\/strong>: Regulacja - umo\u017cliwia u\u017cytkownikom dopracowanie przep\u0142ywu powietrza, aby uzyska\u0107 w pe\u0142ni dostosowane wra\u017cenia z waporyzacji.<\/p>\n<\/li>\n<li>\n<p dir=\"ltr\"><strong>aktywacja<\/strong>: Draw-Activated \u2013 upraszcza obs\u0142ug\u0119 dzi\u0119ki intuicyjnemu mechanizmowi wdechu do aktywacji.<\/p>\n<\/li>\n<li>\n<p dir=\"ltr\"><strong>manifest<\/strong>: Diodowy wy\u015bwietlacz LED \u2013 zapewnia monitorowanie w czasie rzeczywistym poziom\u00f3w baterii i e-liquid\u00f3w W mi\u0119dzyczasie poziomy, zapewniaj\u0105c nieprzerwan\u0105 przyjemno\u015b\u0107 z wapowania.<\/p>\n<\/li>\n<\/ul>\n<h2 dir=\"ltr\">12 opcji smakowych dla ka\u017cdego podniebienia<\/h2>\n<ol class=\"tight\" dir=\"ltr\" data-tight=\"true\">\n<li>\n<p dir=\"ltr\"><strong>Kwa\u015bne jab\u0142ko malina<\/strong> \u2013 Wspania\u0142a mieszanka pikantnych, kwa\u015bnych jab\u0142ek i s\u0142odkich malin, zapewniaj\u0105ca orze\u017awiaj\u0105cy i zr\u00f3wnowa\u017cony profil smakowy.<\/p>\n<\/li>\n<li>\n<p dir=\"ltr\"><strong>l\u00f3d brzoskwiniowy<\/strong> \u2013 Soczyste, dojrza\u0142e brzoskwinie w po\u0142\u0105czeniu z ch\u0142odz\u0105cym wyko\u0144czeniem mentolowym, tworz\u0105ce orze\u017awiaj\u0105ce i orze\u017awiaj\u0105ce waporyzator.<\/p>\n<\/li>\n<li>\n<p dir=\"ltr\"><strong>Mieszane owoce<\/strong> \u2013 \u017bywe po\u0142\u0105czenie tropikalnych i klasycznych owoc\u00f3w, oferuj\u0105ce odwa\u017cn\u0105 i zr\u00f3\u017cnicowan\u0105 eksplozj\u0119 smaku.<\/p>\n<\/li>\n<li>\n<p dir=\"ltr\"><strong>Arbuz truskawkowy<\/strong> \u2013 S\u0142odkie truskawki w po\u0142\u0105czeniu z soczystym arbuzem, co skutkuje harmonijn\u0105 owocow\u0105 fuzj\u0105.<\/p>\n<\/li>\n<li>\n<p dir=\"ltr\"><strong>l\u00f3d arbuzowy<\/strong> \u2013 Od\u015bwie\u017caj\u0105cy arbuz wzbogacony przez mro\u017c\u0105cy krew w \u017cy\u0142ach mentolowy skr\u0119t, zapewniaj\u0105cy ch\u0142odne, satysfakcjonuj\u0105ce wra\u017cenia.<\/p>\n<\/li>\n<li>\n<p dir=\"ltr\"><strong>l\u00f3d winog<\/strong> \u2013 Bogaty, odwa\u017cny smak winogronowy, uzupe\u0142niony mro\u017anym mentolowym kopni\u0119ciem, kt\u00f3ry zapewnia \u017cywy smak.<\/p>\n<\/li>\n<li>\n<p dir=\"ltr\"><strong>l\u00f3d jagodowy<\/strong> \u2013 S\u0142odkie, soczyste jagody z ch\u0142odz\u0105c\u0105 nut\u0105 mentolow\u0105, zapewniaj\u0105ce g\u0142adki i orze\u017awiaj\u0105cy waporyzator.<\/p>\n<\/li>\n<li>\n<p dir=\"ltr\"><strong>niebieski razz l\u00f3d<\/strong> \u2013 Pikantna niebieska malina z lodowatym wyko\u0144czeniem, zapewniaj\u0105ca s\u0142odkie i ekscytuj\u0105ce uczucie.<\/p>\n<\/li>\n<li>\n<p dir=\"ltr\"><strong>truskawkowe mango<\/strong> \u2013 Dojrza\u0142e truskawki zmieszane z egzotycznym mango, tworz\u0105c s\u0142odki i tropikalny profil smakowy.<\/p>\n<\/li>\n<li>\n<p dir=\"ltr\"><strong>Granat kiwi<\/strong> \u2013 Pikantny Kiwi w po\u0142\u0105czeniu z tartym granatem, oferuj\u0105cy wyj\u0105tkowe i pikantne wra\u017cenia z waporyzacji.<\/p>\n<\/li>\n<li>\n<p dir=\"ltr\"><strong>nap\u00f3j energe<\/strong> \u2013 Odwa\u017cny, orze\u017awiaj\u0105cy smak inspirowany popularnymi napojami energetycznymi, idealny do energetyzuj\u0105cego waporyzowania.<\/p>\n<\/li>\n<li>\n<p dir=\"ltr\"><strong>kiwi truskawkowe<\/strong> \u2013 Klasyczne po\u0142\u0105czenie s\u0142odkich truskawek i cierpkiego kiwi, tworz\u0105ce dobrze zbilansowany owocowy smak.<\/p>\n<\/li>\n<\/ol>\n<h2 dir=\"ltr\">Cz\u0119sto zadawane pytania<\/h2>\n<ol class=\"tight\" dir=\"ltr\" data-tight=\"true\">\n<li>\n<p dir=\"ltr\"><strong>Jaka jest liczba zaci\u0105gni\u0119\u0107 w Bang King 20000?<\/strong><br \/>\nCo ciekawe, urz\u0105dzenie dostarcza do 20 000 zaci\u0105gni\u0119\u0107, co czyni go idealnym wyborem do d\u0142ugotrwa\u0142ego u\u017cytkowania bez konieczno\u015bci cz\u0119stego wymiany.<\/p>\n<\/li>\n<li>\n<p dir=\"ltr\"><strong>Czy \u0142adowanie Bang King 20000 jest \u0142adowane?<\/strong><br \/>\nRzeczywi\u015bcie, ma niezawodny akumulator o pojemno\u015bci 650 mAh z portem \u0142adowania typu C, zapewniaj\u0105c szybkie i wygodne \u0142adowanie.<\/p>\n<\/li>\n<li>\n<p dir=\"ltr\"><strong>Jakie mocne strony nikotyny s\u0105 dost\u0119pne?<\/strong><br \/>\nWygodnie, Vape oferuje konfigurowalne opcje mocnych stron nikotyny 0%, 2%, 3% i 5%, aby dopasowa\u0107 je do indywidualnych preferencji.<\/p>\n<\/li>\n<li>\n<p dir=\"ltr\"><strong>Jak wybra\u0107 odpowiedni smak?<\/strong><br \/>\nWarto zauwa\u017cy\u0107, \u017ce wyb\u00f3r smaku zale\u017cy od osobistego gustu. Na przyk\u0142ad entuzja\u015bci owoc\u00f3w mog\u0105 preferowa\u0107 truskawkowy arbuz lub l\u00f3d brzoskwiniowy do orze\u017awiaj\u0105cych nut. Alternatywnie, ci, kt\u00f3rzy szukaj\u0105 ch\u0142odu, mog\u0105 zdecydowa\u0107 si\u0119 na l\u00f3d Blue Razz lub l\u00f3d arbuzowy. Tymczasem Energy Drink oferuje odwa\u017cny, niefruitowy profil, zapewniaj\u0105c wyj\u0105tkowe wra\u017cenia. Dlatego eksperymentowanie z r\u00f3\u017cnymi smakami pomaga zidentyfikowa\u0107 idealne dopasowanie do podniebienia.<\/p>\n<\/li>\n<li>\n<p dir=\"ltr\"><strong>Czy urz\u0105dzenie ma regulowany przep\u0142yw powietrza?<\/strong><br \/>\nAbsolutnie, Bang King 20000 zawiera regulowany przep\u0142yw powietrza, co pozwala u\u017cytkownikom spersonalizowa\u0107 sw\u00f3j losowanie, aby uzyska\u0107 maksymalny komfort.<\/p>\n<\/li>\n<li>\n<p dir=\"ltr\"><strong>Jakie korzy\u015bci daje wy\u015bwietlacz LED?<\/strong><br \/>\nWygodny wy\u015bwietlacz LED cyfrowy wy\u015bwietlacz LED zapewnia aktualizacje w czasie rzeczywistym na poziomie baterii i e-liquid\u00f3w, zapewniaj\u0105c bezproblemowe vaping bez nieoczekiwanych przerw.<\/p>\n<\/li>\n<li>\n<p dir=\"ltr\"><strong>Czy Bang King 20000 nadaje si\u0119 do ci\u0119\u017ckich vaper\u00f3w?<\/strong><br \/>\nNiew\u0105tpliwie, dzi\u0119ki imponuj\u0105cej pojemno\u015bci 20 000 puszek, znacznej obj\u0119to\u015bci e-liquidowej 25 ml i akumulatorowi, to urz\u0105dzenie jest fachowo zaprojektowane, aby sprosta\u0107 wymaganiom cz\u0119stych vaper\u00f3w.<\/p>\n<\/li>\n<\/ol>\n<p><img fetchpriority=\"high\" decoding=\"async\" class=\"alignnone wp-image-734 size-full\" src=\"https:\/\/vapeenjoy.com\/wp-content\/uploads\/2025\/07\/Bang-King-20000-Puffs-Disposable-Vape-2.jpg\" alt=\"Bang King 20000 Puffs jednorazowe smaki waporyzacyjne\" width=\"1200\" height=\"2280\" srcset=\"https:\/\/vapeenjoy.com\/wp-content\/uploads\/2025\/07\/Bang-King-20000-Puffs-Disposable-Vape-2.jpg 1200w, https:\/\/vapeenjoy.com\/wp-content\/uploads\/2025\/07\/Bang-King-20000-Puffs-Disposable-Vape-2-600x1140.jpg 600w, https:\/\/vapeenjoy.com\/wp-content\/uploads\/2025\/07\/Bang-King-20000-Puffs-Disposable-Vape-2-158x300.jpg 158w, https:\/\/vapeenjoy.com\/wp-content\/uploads\/2025\/07\/Bang-King-20000-Puffs-Disposable-Vape-2-539x1024.jpg 539w, https:\/\/vapeenjoy.com\/wp-content\/uploads\/2025\/07\/Bang-King-20000-Puffs-Disposable-Vape-2-768x1459.jpg 768w, https:\/\/vapeenjoy.com\/wp-content\/uploads\/2025\/07\/Bang-King-20000-Puffs-Disposable-Vape-2-808x1536.jpg 808w, https:\/\/vapeenjoy.com\/wp-content\/uploads\/2025\/07\/Bang-King-20000-Puffs-Disposable-Vape-2-1078x2048.jpg 1078w\" sizes=\"(max-width: 1200px) 100vw, 1200px\" \/><\/p>","protected":false},"excerpt":{"rendered":"<p dir=\"auto\">Bang King, zaufana nazwa w Vaping, oferuje jednorazowy waporyzator Bang King 20000 Puffs z 25 ml pojemno\u015b\u0107 e-liquid i opcjami nikotyny 0-5%. Wyposa\u017cone w akumulator o pojemno\u015bci 650 mAh, \u0142adowanie typu C i cewk\u0119 oczkow\u0105 1,0 \u03a9, to eleganckie urz\u0105dzenie zapewnia bogate smaki i do 20 000 zaci\u0105gni\u0119\u0107, zapewniaj\u0105c d\u0142ugotrwa\u0142\u0105 przyjemno\u015b\u0107.<\/p>","protected":false},"featured_media":745,"comment_status":"open","ping_status":"closed","template":"","meta":[],"product_brand":[16],"product_cat":[22],"product_tag":[64,69],"class_list":{"0":"post-725","1":"product","2":"type-product","3":"status-publish","4":"has-post-thumbnail","6":"product_brand-bang-vape","7":"product_cat-20000-puffs-vape","8":"product_tag-0-5-nicotine","9":"product_tag-25ml","11":"first","12":"instock","13":"sale","14":"shipping-taxable","15":"purchasable","16":"product-type-variable"},"yoast_head":"<!-- This site is optimized with the Yoast SEO plugin v25.7 - https:\/\/yoast.com\/wordpress\/plugins\/seo\/ -->\n<title>Bang King 20000 Puffs Disposable Vape 25ml 0-5% Nicotine<\/title>\n<meta name=\"description\" content=\"Discover the Bang King 20000 Puffs Disposable Vape with 25ml e-liquid, 0-5% nicotine options, and LED digital display. Enjoy long-lasting flavor.\" \/>\n<meta name=\"robots\" content=\"index, follow, max-snippet:-1, max-image-preview:large, max-video-preview:-1\" \/>\n<link rel=\"canonical\" href=\"https:\/\/vapeenjoy.com\/pl\/produkt\/bang-king-20000-puffs-jednorazowe-vape-25ml-0-5-nikotyna-led-cyfrowy-wyswietlacz-led\/\" \/>\n<meta property=\"og:locale\" content=\"pl_PL\" \/>\n<meta property=\"og:type\" content=\"article\" \/>\n<meta property=\"og:title\" content=\"Bang King 20000 Puffs Disposable Vape 25ml 0-5% Nicotine\" \/>\n<meta property=\"og:description\" content=\"Discover the Bang King 20000 Puffs Disposable Vape with 25ml e-liquid, 0-5% nicotine options, and LED digital display. Enjoy long-lasting flavor.\" \/>\n<meta property=\"og:url\" content=\"https:\/\/vapeenjoy.com\/pl\/produkt\/bang-king-20000-puffs-jednorazowe-vape-25ml-0-5-nikotyna-led-cyfrowy-wyswietlacz-led\/\" \/>\n<meta property=\"og:site_name\" content=\"vapeenjoy\" \/>\n<meta property=\"article:modified_time\" content=\"2025-08-18T08:06:11+00:00\" \/>\n<meta property=\"og:image\" content=\"https:\/\/vapeenjoy.com\/wp-content\/uploads\/2025\/07\/Bang-King-20000-Puffs-Disposable-Vape-main.jpg\" \/>\n\t<meta property=\"og:image:width\" content=\"827\" \/>\n\t<meta property=\"og:image:height\" content=\"813\" \/>\n\t<meta property=\"og:image:type\" content=\"image\/jpeg\" \/>\n<meta name=\"twitter:card\" content=\"summary_large_image\" \/>\n<meta name=\"twitter:label1\" content=\"Szacowany czas czytania\" \/>\n\t<meta name=\"twitter:data1\" content=\"4 minuty\" \/>\n<script type=\"application\/ld+json\" class=\"yoast-schema-graph\">{\"@context\":\"https:\/\/schema.org\",\"@graph\":[{\"@type\":\"WebPage\",\"@id\":\"https:\/\/vapeenjoy.com\/product\/bang-king-20000-puffs-disposable-vape-25ml-0-5-nicotine-led-digital-display\/\",\"url\":\"https:\/\/vapeenjoy.com\/product\/bang-king-20000-puffs-disposable-vape-25ml-0-5-nicotine-led-digital-display\/\",\"name\":\"Bang King 20000 Puffs Disposable Vape 25ml 0-5% Nicotine\",\"isPartOf\":{\"@id\":\"https:\/\/vapeenjoy.com\/#website\"},\"primaryImageOfPage\":{\"@id\":\"https:\/\/vapeenjoy.com\/product\/bang-king-20000-puffs-disposable-vape-25ml-0-5-nicotine-led-digital-display\/#primaryimage\"},\"image\":{\"@id\":\"https:\/\/vapeenjoy.com\/product\/bang-king-20000-puffs-disposable-vape-25ml-0-5-nicotine-led-digital-display\/#primaryimage\"},\"thumbnailUrl\":\"https:\/\/vapeenjoy.com\/wp-content\/uploads\/2025\/07\/Bang-King-20000-Puffs-Disposable-Vape-main.jpg\",\"datePublished\":\"2025-07-29T06:39:07+00:00\",\"dateModified\":\"2025-08-18T08:06:11+00:00\",\"description\":\"Discover the Bang King 20000 Puffs Disposable Vape with 25ml e-liquid, 0-5% nicotine options, and LED digital display. Enjoy long-lasting flavor.\",\"breadcrumb\":{\"@id\":\"https:\/\/vapeenjoy.com\/product\/bang-king-20000-puffs-disposable-vape-25ml-0-5-nicotine-led-digital-display\/#breadcrumb\"},\"inLanguage\":\"pl-PL\",\"potentialAction\":[{\"@type\":\"ReadAction\",\"target\":[\"https:\/\/vapeenjoy.com\/product\/bang-king-20000-puffs-disposable-vape-25ml-0-5-nicotine-led-digital-display\/\"]}]},{\"@type\":\"ImageObject\",\"inLanguage\":\"pl-PL\",\"@id\":\"https:\/\/vapeenjoy.com\/product\/bang-king-20000-puffs-disposable-vape-25ml-0-5-nicotine-led-digital-display\/#primaryimage\",\"url\":\"https:\/\/vapeenjoy.com\/wp-content\/uploads\/2025\/07\/Bang-King-20000-Puffs-Disposable-Vape-main.jpg\",\"contentUrl\":\"https:\/\/vapeenjoy.com\/wp-content\/uploads\/2025\/07\/Bang-King-20000-Puffs-Disposable-Vape-main.jpg\",\"width\":827,\"height\":813},{\"@type\":\"BreadcrumbList\",\"@id\":\"https:\/\/vapeenjoy.com\/product\/bang-king-20000-puffs-disposable-vape-25ml-0-5-nicotine-led-digital-display\/#breadcrumb\",\"itemListElement\":[{\"@type\":\"ListItem\",\"position\":1,\"name\":\"Home\",\"item\":\"https:\/\/vapeenjoy.com\/\"},{\"@type\":\"ListItem\",\"position\":2,\"name\":\"Shop\",\"item\":\"https:\/\/vapeenjoy.com\/vapeenjoy-shop\/\"},{\"@type\":\"ListItem\",\"position\":3,\"name\":\"Bang King 20000 Puffs Disposable Vape 25ml 0-5% Nicotine LED Digital Display\"}]},{\"@type\":\"WebSite\",\"@id\":\"https:\/\/vapeenjoy.com\/#website\",\"url\":\"https:\/\/vapeenjoy.com\/\",\"name\":\"vapeenjoy\",\"description\":\"An online store for selling vapes\",\"potentialAction\":[{\"@type\":\"SearchAction\",\"target\":{\"@type\":\"EntryPoint\",\"urlTemplate\":\"https:\/\/vapeenjoy.com\/?s={search_term_string}\"},\"query-input\":{\"@type\":\"PropertyValueSpecification\",\"valueRequired\":true,\"valueName\":\"search_term_string\"}}],\"inLanguage\":\"pl-PL\"}]}<\/script>\n<!-- \/ Yoast SEO plugin. -->","yoast_head_json":{"title":"Bang King 20000 Puffs jednorazowe wapory 25 ml 0-5% Nikotyna","description":"Odkryj jednorazowe waporyzator Bang King 20000 Puffs z 25 ml e-liquidu, opcjami nikotyny 0-5% i cyfrowym wy\u015bwietlaczem LED. Ciesz si\u0119 d\u0142ugotrwa\u0142ym smakiem.","robots":{"index":"index","follow":"follow","max-snippet":"max-snippet:-1","max-image-preview":"max-image-preview:large","max-video-preview":"max-video-preview:-1"},"canonical":"https:\/\/vapeenjoy.com\/pl\/produkt\/bang-king-20000-puffs-jednorazowe-vape-25ml-0-5-nikotyna-led-cyfrowy-wyswietlacz-led\/","og_locale":"pl_PL","og_type":"article","og_title":"Bang King 20000 Puffs Disposable Vape 25ml 0-5% Nicotine","og_description":"Discover the Bang King 20000 Puffs Disposable Vape with 25ml e-liquid, 0-5% nicotine options, and LED digital display. Enjoy long-lasting flavor.","og_url":"https:\/\/vapeenjoy.com\/pl\/produkt\/bang-king-20000-puffs-jednorazowe-vape-25ml-0-5-nikotyna-led-cyfrowy-wyswietlacz-led\/","og_site_name":"vapeenjoy","article_modified_time":"2025-08-18T08:06:11+00:00","og_image":[{"width":827,"height":813,"url":"https:\/\/vapeenjoy.com\/wp-content\/uploads\/2025\/07\/Bang-King-20000-Puffs-Disposable-Vape-main.jpg","type":"image\/jpeg"}],"twitter_card":"summary_large_image","twitter_misc":{"Szacowany czas czytania":"4 minuty"},"schema":{"@context":"https:\/\/schema.org","@graph":[{"@type":"WebPage","@id":"https:\/\/vapeenjoy.com\/product\/bang-king-20000-puffs-disposable-vape-25ml-0-5-nicotine-led-digital-display\/","url":"https:\/\/vapeenjoy.com\/product\/bang-king-20000-puffs-disposable-vape-25ml-0-5-nicotine-led-digital-display\/","name":"Bang King 20000 Puffs jednorazowe wapory 25 ml 0-5% Nikotyna","isPartOf":{"@id":"https:\/\/vapeenjoy.com\/#website"},"primaryImageOfPage":{"@id":"https:\/\/vapeenjoy.com\/product\/bang-king-20000-puffs-disposable-vape-25ml-0-5-nicotine-led-digital-display\/#primaryimage"},"image":{"@id":"https:\/\/vapeenjoy.com\/product\/bang-king-20000-puffs-disposable-vape-25ml-0-5-nicotine-led-digital-display\/#primaryimage"},"thumbnailUrl":"https:\/\/vapeenjoy.com\/wp-content\/uploads\/2025\/07\/Bang-King-20000-Puffs-Disposable-Vape-main.jpg","datePublished":"2025-07-29T06:39:07+00:00","dateModified":"2025-08-18T08:06:11+00:00","description":"Odkryj jednorazowe waporyzator Bang King 20000 Puffs z 25 ml e-liquidu, opcjami nikotyny 0-5% i cyfrowym wy\u015bwietlaczem LED. Ciesz si\u0119 d\u0142ugotrwa\u0142ym smakiem.","breadcrumb":{"@id":"https:\/\/vapeenjoy.com\/product\/bang-king-20000-puffs-disposable-vape-25ml-0-5-nicotine-led-digital-display\/#breadcrumb"},"inLanguage":"pl-PL","potentialAction":[{"@type":"ReadAction","target":["https:\/\/vapeenjoy.com\/product\/bang-king-20000-puffs-disposable-vape-25ml-0-5-nicotine-led-digital-display\/"]}]},{"@type":"ImageObject","inLanguage":"pl-PL","@id":"https:\/\/vapeenjoy.com\/product\/bang-king-20000-puffs-disposable-vape-25ml-0-5-nicotine-led-digital-display\/#primaryimage","url":"https:\/\/vapeenjoy.com\/wp-content\/uploads\/2025\/07\/Bang-King-20000-Puffs-Disposable-Vape-main.jpg","contentUrl":"https:\/\/vapeenjoy.com\/wp-content\/uploads\/2025\/07\/Bang-King-20000-Puffs-Disposable-Vape-main.jpg","width":827,"height":813},{"@type":"BreadcrumbList","@id":"https:\/\/vapeenjoy.com\/product\/bang-king-20000-puffs-disposable-vape-25ml-0-5-nicotine-led-digital-display\/#breadcrumb","itemListElement":[{"@type":"ListItem","position":1,"name":"Home","item":"https:\/\/vapeenjoy.com\/"},{"@type":"ListItem","position":2,"name":"Shop","item":"https:\/\/vapeenjoy.com\/vapeenjoy-shop\/"},{"@type":"ListItem","position":3,"name":"Bang King 20000 Puffs Disposable Vape 25ml 0-5% Nicotine LED Digital Display"}]},{"@type":"WebSite","@id":"https:\/\/vapeenjoy.com\/#website","url":"https:\/\/vapeenjoy.com\/","name":"skutkowaty","description":"Sklep internetowy do sprzeda\u017cy vapes","potentialAction":[{"@type":"SearchAction","target":{"@type":"EntryPoint","urlTemplate":"https:\/\/vapeenjoy.com\/?s={search_term_string}"},"query-input":{"@type":"PropertyValueSpecification","valueRequired":true,"valueName":"search_term_string"}}],"inLanguage":"pl-PL"}]}},"_links":{"self":[{"href":"https:\/\/vapeenjoy.com\/pl\/wp-json\/wp\/v2\/product\/725","targetHints":{"allow":["GET"]}}],"collection":[{"href":"https:\/\/vapeenjoy.com\/pl\/wp-json\/wp\/v2\/product"}],"about":[{"href":"https:\/\/vapeenjoy.com\/pl\/wp-json\/wp\/v2\/types\/product"}],"replies":[{"embeddable":true,"href":"https:\/\/vapeenjoy.com\/pl\/wp-json\/wp\/v2\/comments?post=725"}],"version-history":[{"count":4,"href":"https:\/\/vapeenjoy.com\/pl\/wp-json\/wp\/v2\/product\/725\/revisions"}],"predecessor-version":[{"id":2311,"href":"https:\/\/vapeenjoy.com\/pl\/wp-json\/wp\/v2\/product\/725\/revisions\/2311"}],"wp:featuredmedia":[{"embeddable":true,"href":"https:\/\/vapeenjoy.com\/pl\/wp-json\/wp\/v2\/media\/745"}],"wp:attachment":[{"href":"https:\/\/vapeenjoy.com\/pl\/wp-json\/wp\/v2\/media?parent=725"}],"wp:term":[{"taxonomy":"product_brand","embeddable":true,"href":"https:\/\/vapeenjoy.com\/pl\/wp-json\/wp\/v2\/product_brand?post=725"},{"taxonomy":"product_cat","embeddable":true,"href":"https:\/\/vapeenjoy.com\/pl\/wp-json\/wp\/v2\/product_cat?post=725"},{"taxonomy":"product_tag","embeddable":true,"href":"https:\/\/vapeenjoy.com\/pl\/wp-json\/wp\/v2\/product_tag?post=725"}],"curies":[{"name":"wp","href":"https:\/\/api.w.org\/{rel}","templated":true}]}}