{"id":728,"date":"2025-07-29T08:43:24","date_gmt":"2025-07-29T08:43:24","guid":{"rendered":"https:\/\/vapeenjoy.com\/?post_type=product&#038;p=728"},"modified":"2025-08-26T07:52:05","modified_gmt":"2025-08-26T07:52:05","slug":"bang-leader-20000-puffs-disposable-vape-28ml-0-5-nicotine-led-digital-display","status":"publish","type":"product","link":"https:\/\/vapeenjoy.com\/pl\/produkt\/bang-leader-20000-puffs-jednorazowy-vape-28ml-0-5-nikotyna-led-cyfrowy-wyswietlacz-led\/","title":{"rendered":"Bang Leader 20000 Puffs jednorazowe vape 28ml 0-5% nikotyna LED cyfrowy wy\u015bwietlacz LED"},"content":{"rendered":"<h2 dir=\"auto\">Bang Leader 20000 Puffs jednorazowy opis waporyzatora<\/h2>\n<p dir=\"auto\">Jednorazowe waporyzane w vape Bang Leader 20000 to urz\u0105dzenie o du\u017cej pojemno\u015bci, przyjazne dla u\u017cytkownika, zaprojektowane z my\u015bl\u0105 o vaperach, kt\u00f3re szukaj\u0105 wygody i d\u0142ugowieczno\u015bci. Poni\u017cej zajm\u0119 si\u0119 kluczowymi aspektami produktu w oparciu o podane szczeg\u00f3\u0142y, zawieraj\u0105ce co najmniej 301 Tp3T s\u0142\u00f3w przej\u015bciowych (np. zatem dodatkowo itp.), aby zapewni\u0107 p\u0142ynny przep\u0142yw i przejrzysto\u015b\u0107.<\/p>\n<h3 dir=\"auto\">Przegl\u0105d i projekt<\/h3>\n<p dir=\"auto\">Bang Leader 20000 to wyr\u00f3\u017cniaj\u0105cy si\u0119 wyb\u00f3r na rynku wapowania, przede wszystkim dlatego, \u017ce \u0142\u0105czy przeno\u015bno\u015b\u0107 z zaawansowanymi funkcjami. Na przyk\u0142ad jego elegancki, kompaktowy design u\u0142atwia przenoszenie, a g\u0142adkie wyko\u0144czenie dodaje nowoczesnej estetyce. Ponadto w\u0142\u0105czenie wy\u015bwietlacza LED cyfrowego LED zwi\u0119ksza wra\u017cenia u\u017cytkownika, zapewniaj\u0105c w czasie rzeczywistym monitorowanie czasu pracy na baterii i poziom\u00f3w e-liquid\u00f3w. W zwi\u0105zku z tym u\u017cytkownicy mog\u0105 by\u0107 na bie\u017c\u0105co z informacjami o statusie swojego urz\u0105dzenia, zapewniaj\u0105c nieprzerwane sesje wapowania.<\/p>\n<h3 dir=\"auto\">Kluczowe cechy podzia\u0142<\/h3>\n<p dir=\"auto\">Przyjrzyjmy si\u0119 specyfikacji, kt\u00f3re sprawiaj\u0105, \u017ce to urz\u0105dzenie jest wyj\u0105tkowe:<\/p>\n<ul dir=\"auto\">\n<li><strong>Liczba zaci\u0105gni\u0119\u0107<\/strong>: Przy 20 000 zaci\u0105gni\u0119\u0107, Bang Leader oferuje niezwyk\u0142\u0105 d\u0142ugowieczno\u015b\u0107. W rezultacie Vapers mog\u0105 cieszy\u0107 si\u0119 d\u0142ugim u\u017cytkowaniem bez konieczno\u015bci cz\u0119stego wymiany, co czyni go idealnym dla u\u017cytkownik\u00f3w.<\/li>\n<li><strong>Pojemno\u015b\u0107 e-liquid\u00f3w<\/strong>: Urz\u0105dzenie jest wst\u0119pnie wype\u0142nione 28 ml premium e-liquid. Dlatego obs\u0142uguje przed\u0142u\u017caj\u0105ce si\u0119 sesje wapowania, cz\u0119sto trwaj\u0105ce tygodnie w zale\u017cno\u015bci od nawyk\u00f3w u\u017cytkowania.<\/li>\n<li><strong>Mocne strony nikotyny<\/strong>: Dost\u0119pny w mocnych stronach 0%, 2%, 3% i 5%, spe\u0142nia r\u00f3\u017cne preferencje. Na przyk\u0142ad opcje bez nikotyny pasuj\u0105 do tych, kt\u00f3rzy szukaj\u0105 smaku bez kopa, podczas gdy wy\u017csze moce przemawiaj\u0105 do tradycyjnych vaper\u00f3w.<\/li>\n<li><strong>bateryjny<\/strong>: Wyposa\u017cony w akumulator 650 mAh i port typu C, urz\u0105dzenie zapewnia wydajne \u0142adowanie. W ten spos\u00f3b przestoje s\u0105 zminimalizowane, utrzymuj\u0105c waporyzacj\u0119 do u\u017cycia.<\/li>\n<li><strong>Technologia cewki<\/strong>: Podw\u00f3jna cewka siatkowa zwi\u0119ksza przejrzysto\u015b\u0107 smaku i produkcj\u0119 pary. W konsekwencji ka\u017cde zaci\u0105gni\u0119cie zapewnia bogaty, sp\u00f3jny smak, podnosz\u0105c og\u00f3lne wra\u017cenia.<\/li>\n<li><strong>Wy\u015bwietlacz LED<\/strong>: Wy\u015bwietlanie w czasie rzeczywistym poziom\u00f3w baterii i e-liquid\u00f3w jest praktyczn\u0105 cech\u0105. W zwi\u0105zku z tym u\u017cytkownicy mog\u0105 \u0142atwo \u015bledzi\u0107, kiedy do\u0142adowa\u0107 lub przewidzie\u0107 zubo\u017cenie e-liquid\u00f3w.<\/li>\n<\/ul>\n<h3 dir=\"auto\">Opcje smakowe<\/h3>\n<p dir=\"auto\">Bang Leader 20000 oferuje 12 r\u00f3\u017cnych smak\u00f3w, dzi\u0119ki czemu ka\u017cdy znajdzie co\u015b dla siebie. Na przyk\u0142ad:<\/p>\n<ul dir=\"auto\">\n<li><strong>Mieszanki owocowe<\/strong>: Opcje takie jak Strawberry Kiwi, Mango Peach i Mix Fruit zapewniaj\u0105 s\u0142odkie i pikantne profile. Dlatego s\u0105 idealne dla vaper\u00f3w, kt\u00f3rzy lubi\u0105 \u017cywe, letnie smaki.<\/li>\n<li><strong>Opcje mentolowe<\/strong>: Smaki takie jak l\u00f3d arbuzowy, l\u00f3d winogronowy i mi\u0119ta jagodowa zapewniaj\u0105 orze\u017awiaj\u0105c\u0105, ch\u0142odn\u0105 sensacj\u0119. W rezultacie przemawiaj\u0105 do tych, kt\u00f3rzy wol\u0105 chrupi\u0105ce wyko\u0144czenie.<\/li>\n<li><strong>Unikalne zwroty akcji<\/strong>: Na przyk\u0142ad guma do baniek z arbuza \u0142\u0105czy nostalgiczn\u0105 s\u0142odycz z owocowymi nutami, oferuj\u0105c zabawne wra\u017cenia z waporyzacji.<\/li>\n<\/ul>\n<p dir=\"auto\">Aby wybra\u0107 odpowiedni smak, we\u017a pod uwag\u0119 swoje preferencje smakowe. Na przyk\u0142ad, je\u015bli lubisz s\u0142odkie i lodowate kombinacje, idealny mo\u017ce by\u0107 l\u00f3d jagodowy lub l\u00f3d brzoskwiniowy. Alternatywnie, pr\u00f3bkowanie pakietu odmian mo\u017ce pom\u00f3c w zbadaniu wielu opcji.<\/p>\n<h3 dir=\"auto\">Do\u015bwiadczenie u\u017cytkownika i cz\u0119sto zadawane pytania<\/h3>\n<p dir=\"auto\">Lider Bang jest zaprojektowany z my\u015bl\u0105 o prostocie, nie wymagaj\u0105c konfiguracji \u2014 wystarczy wdech, aby aktywowa\u0107. W zwi\u0105zku z tym jest odpowiedni zar\u00f3wno dla pocz\u0105tkuj\u0105cych, jak i do\u015bwiadczonych vaper\u00f3w. Dodatkowo, cewka z podw\u00f3jn\u0105 siatk\u0105 zapewnia sta\u0142\u0105 jako\u015b\u0107 smaku, uwzgl\u0119dniaj\u0105c wsp\u00f3ln\u0105 trosk\u0119 o zanikanie smaku w jednorazowych. Tymczasem wy\u015bwietlacz LED odpowiada na pytanie, kiedy nale\u017cy na\u0142adowa\u0107, poniewa\u017c wyra\u017anie pokazuje stan baterii.<\/p>\n<p dir=\"auto\">Je\u015bli chodzi o d\u0142ugowieczno\u015b\u0107 e-liquid\u00f3w, pojemno\u015b\u0107 28 ml zwykle trwa tygodnie, chocia\u017c zale\u017cy to od cz\u0119stotliwo\u015bci wapowania. Dlatego umiarkowani u\u017cytkownicy mog\u0105 uzna\u0107, \u017ce trwa jeszcze d\u0142u\u017cej, podczas gdy ci\u0119\u017ckie vapery mog\u0105 go wyczerpa\u0107 wcze\u015bniej.<\/p>\n<h3 dir=\"auto\">wnioskowanie<\/h3>\n<p dir=\"auto\">Og\u00f3lnie rzecz bior\u0105c, jednorazowy waporyzator Bang Leader 20000 Puffs jest niezawodn\u0105 opcj\u0105 o du\u017cej pojemno\u015bci dla vaper\u00f3w poszukuj\u0105cych wygody, r\u00f3\u017cnorodno\u015bci smak\u00f3w i zaawansowanych funkcji. Dzi\u0119ki d\u0142ugotrwa\u0142ej liczbie zaci\u0105gni\u0119\u0107, zr\u00f3\u017cnicowanym mocnym stronom nikotyny i przyjaznemu dla u\u017cytkownika wzornictwu, wyr\u00f3\u017cnia si\u0119 jako najlepszy wyb\u00f3r. Ponadto podw\u00f3jna cewka z siatki i wy\u015bwietlacz LED zwi\u0119kszaj\u0105 jego atrakcyjno\u015b\u0107, zapewniaj\u0105c doskona\u0142e wra\u017cenia z waporyzacji. Je\u015bli szukasz niezawodnego, aromatycznego jednorazowego waporu, z pewno\u015bci\u0105 warto rozwa\u017cy\u0107 Bang Leader.<\/p>\n<p dir=\"auto\">Je\u015bli masz konkretne pytania dotycz\u0105ce urz\u0105dzenia lub potrzebujesz pomocy w wyborze smaku, nie wahaj si\u0119 zapyta\u0107!<\/p>\n<p><img fetchpriority=\"high\" decoding=\"async\" class=\"alignnone wp-image-743 size-full\" src=\"https:\/\/vapeenjoy.com\/wp-content\/uploads\/2025\/07\/Bang-Leader-20000-Puffs-Disposable-Vape.png\" alt=\"\" width=\"959\" height=\"539\" srcset=\"https:\/\/vapeenjoy.com\/wp-content\/uploads\/2025\/07\/Bang-Leader-20000-Puffs-Disposable-Vape.png 959w, https:\/\/vapeenjoy.com\/wp-content\/uploads\/2025\/07\/Bang-Leader-20000-Puffs-Disposable-Vape-600x337.png 600w, https:\/\/vapeenjoy.com\/wp-content\/uploads\/2025\/07\/Bang-Leader-20000-Puffs-Disposable-Vape-300x169.png 300w, https:\/\/vapeenjoy.com\/wp-content\/uploads\/2025\/07\/Bang-Leader-20000-Puffs-Disposable-Vape-768x432.png 768w\" sizes=\"(max-width: 959px) 100vw, 959px\" \/><\/p>","protected":false},"excerpt":{"rendered":"<p dir=\"auto\" style=\"text-align: left;\">Bang, zaufana nazwa w Vaping, przedstawia jednorazowe waporyzator Bang Leader 20000 Puffs. To urz\u0105dzenie o du\u017cej pojemno\u015bci oferuje 28 ml e-liquidu, moc nikotyny 0-5%, akumulator o pojemno\u015bci 650 mAh i cewk\u0119 z podw\u00f3jn\u0105 siatk\u0105 dla bogatego smaku. Dzi\u0119ki wy\u015bwietlaczowi LED do monitorowania w czasie rzeczywistym jest zaprojektowany z my\u015bl\u0105 o wygodzie i d\u0142ugotrwa\u0142ym u\u017cytkowaniu.<\/p>","protected":false},"featured_media":738,"comment_status":"open","ping_status":"closed","template":"","meta":[],"product_brand":[16],"product_cat":[22],"product_tag":[64,68],"class_list":{"0":"post-728","1":"product","2":"type-product","3":"status-publish","4":"has-post-thumbnail","6":"product_brand-bang-vape","7":"product_cat-20000-puffs-vape","8":"product_tag-0-5-nicotine","9":"product_tag-28ml","11":"first","12":"instock","13":"sale","14":"shipping-taxable","15":"purchasable","16":"product-type-variable"},"yoast_head":"<!-- This site is optimized with the Yoast SEO plugin v25.7 - https:\/\/yoast.com\/wordpress\/plugins\/seo\/ -->\n<title>Bang Leader 20000 Puffs Disposable Vape 28ml 0-5% Nicotine<\/title>\n<meta name=\"description\" content=\"Get the Bang Leader 20000 Puffs Disposable Vape with 28mL, 0-5% nicotine, and LED display. Enjoy 12 flavors and a 650mAh battery. Fast EU shipping!\" \/>\n<meta name=\"robots\" content=\"index, follow, max-snippet:-1, max-image-preview:large, max-video-preview:-1\" \/>\n<link rel=\"canonical\" href=\"https:\/\/vapeenjoy.com\/pl\/produkt\/bang-leader-20000-puffs-jednorazowy-vape-28ml-0-5-nikotyna-led-cyfrowy-wyswietlacz-led\/\" \/>\n<meta property=\"og:locale\" content=\"pl_PL\" \/>\n<meta property=\"og:type\" content=\"article\" \/>\n<meta property=\"og:title\" content=\"Bang Leader 20000 Puffs Disposable Vape 28ml 0-5% Nicotine\" \/>\n<meta property=\"og:description\" content=\"Get the Bang Leader 20000 Puffs Disposable Vape with 28mL, 0-5% nicotine, and LED display. Enjoy 12 flavors and a 650mAh battery. Fast EU shipping!\" \/>\n<meta property=\"og:url\" content=\"https:\/\/vapeenjoy.com\/pl\/produkt\/bang-leader-20000-puffs-jednorazowy-vape-28ml-0-5-nikotyna-led-cyfrowy-wyswietlacz-led\/\" \/>\n<meta property=\"og:site_name\" content=\"vapeenjoy\" \/>\n<meta property=\"article:modified_time\" content=\"2025-08-26T07:52:05+00:00\" \/>\n<meta property=\"og:image\" content=\"https:\/\/vapeenjoy.com\/wp-content\/uploads\/2025\/07\/Bang-Leader-20000-Puffs-Disposable-Vape-watermelon-ice.webp\" \/>\n\t<meta property=\"og:image:width\" content=\"1000\" \/>\n\t<meta property=\"og:image:height\" content=\"1000\" \/>\n\t<meta property=\"og:image:type\" content=\"image\/webp\" \/>\n<meta name=\"twitter:card\" content=\"summary_large_image\" \/>\n<meta name=\"twitter:label1\" content=\"Szacowany czas czytania\" \/>\n\t<meta name=\"twitter:data1\" content=\"4 minuty\" \/>\n<script type=\"application\/ld+json\" class=\"yoast-schema-graph\">{\"@context\":\"https:\/\/schema.org\",\"@graph\":[{\"@type\":\"WebPage\",\"@id\":\"https:\/\/vapeenjoy.com\/product\/bang-leader-20000-puffs-disposable-vape-28ml-0-5-nicotine-led-digital-display\/\",\"url\":\"https:\/\/vapeenjoy.com\/product\/bang-leader-20000-puffs-disposable-vape-28ml-0-5-nicotine-led-digital-display\/\",\"name\":\"Bang Leader 20000 Puffs Disposable Vape 28ml 0-5% Nicotine\",\"isPartOf\":{\"@id\":\"https:\/\/vapeenjoy.com\/#website\"},\"primaryImageOfPage\":{\"@id\":\"https:\/\/vapeenjoy.com\/product\/bang-leader-20000-puffs-disposable-vape-28ml-0-5-nicotine-led-digital-display\/#primaryimage\"},\"image\":{\"@id\":\"https:\/\/vapeenjoy.com\/product\/bang-leader-20000-puffs-disposable-vape-28ml-0-5-nicotine-led-digital-display\/#primaryimage\"},\"thumbnailUrl\":\"https:\/\/vapeenjoy.com\/wp-content\/uploads\/2025\/07\/Bang-Leader-20000-Puffs-Disposable-Vape-watermelon-ice.webp\",\"datePublished\":\"2025-07-29T08:43:24+00:00\",\"dateModified\":\"2025-08-26T07:52:05+00:00\",\"description\":\"Get the Bang Leader 20000 Puffs Disposable Vape with 28mL, 0-5% nicotine, and LED display. Enjoy 12 flavors and a 650mAh battery. Fast EU shipping!\",\"breadcrumb\":{\"@id\":\"https:\/\/vapeenjoy.com\/product\/bang-leader-20000-puffs-disposable-vape-28ml-0-5-nicotine-led-digital-display\/#breadcrumb\"},\"inLanguage\":\"pl-PL\",\"potentialAction\":[{\"@type\":\"ReadAction\",\"target\":[\"https:\/\/vapeenjoy.com\/product\/bang-leader-20000-puffs-disposable-vape-28ml-0-5-nicotine-led-digital-display\/\"]}]},{\"@type\":\"ImageObject\",\"inLanguage\":\"pl-PL\",\"@id\":\"https:\/\/vapeenjoy.com\/product\/bang-leader-20000-puffs-disposable-vape-28ml-0-5-nicotine-led-digital-display\/#primaryimage\",\"url\":\"https:\/\/vapeenjoy.com\/wp-content\/uploads\/2025\/07\/Bang-Leader-20000-Puffs-Disposable-Vape-watermelon-ice.webp\",\"contentUrl\":\"https:\/\/vapeenjoy.com\/wp-content\/uploads\/2025\/07\/Bang-Leader-20000-Puffs-Disposable-Vape-watermelon-ice.webp\",\"width\":1000,\"height\":1000},{\"@type\":\"BreadcrumbList\",\"@id\":\"https:\/\/vapeenjoy.com\/product\/bang-leader-20000-puffs-disposable-vape-28ml-0-5-nicotine-led-digital-display\/#breadcrumb\",\"itemListElement\":[{\"@type\":\"ListItem\",\"position\":1,\"name\":\"Home\",\"item\":\"https:\/\/vapeenjoy.com\/\"},{\"@type\":\"ListItem\",\"position\":2,\"name\":\"Shop\",\"item\":\"https:\/\/vapeenjoy.com\/vapeenjoy-shop\/\"},{\"@type\":\"ListItem\",\"position\":3,\"name\":\"Bang Leader 20000 Puffs Disposable Vape 28ml 0-5% Nicotine LED Digital Display\"}]},{\"@type\":\"WebSite\",\"@id\":\"https:\/\/vapeenjoy.com\/#website\",\"url\":\"https:\/\/vapeenjoy.com\/\",\"name\":\"vapeenjoy\",\"description\":\"An online store for selling vapes\",\"potentialAction\":[{\"@type\":\"SearchAction\",\"target\":{\"@type\":\"EntryPoint\",\"urlTemplate\":\"https:\/\/vapeenjoy.com\/?s={search_term_string}\"},\"query-input\":{\"@type\":\"PropertyValueSpecification\",\"valueRequired\":true,\"valueName\":\"search_term_string\"}}],\"inLanguage\":\"pl-PL\"}]}<\/script>\n<!-- \/ Yoast SEO plugin. -->","yoast_head_json":{"title":"Bang Leader 20000 Puffs jednorazowe wapory 28ml 0-5% nikotyna","description":"Zdob\u0105d\u017a jednorazowy waporyzator Bang Leader 20000 z 28 ml, nikotyn\u0105 0-5% i wy\u015bwietlaczem LED. Ciesz si\u0119 12 smakami i bateri\u0105 650 mAh. Szybka wysy\u0142ka UE!","robots":{"index":"index","follow":"follow","max-snippet":"max-snippet:-1","max-image-preview":"max-image-preview:large","max-video-preview":"max-video-preview:-1"},"canonical":"https:\/\/vapeenjoy.com\/pl\/produkt\/bang-leader-20000-puffs-jednorazowy-vape-28ml-0-5-nikotyna-led-cyfrowy-wyswietlacz-led\/","og_locale":"pl_PL","og_type":"article","og_title":"Bang Leader 20000 Puffs Disposable Vape 28ml 0-5% Nicotine","og_description":"Get the Bang Leader 20000 Puffs Disposable Vape with 28mL, 0-5% nicotine, and LED display. Enjoy 12 flavors and a 650mAh battery. Fast EU shipping!","og_url":"https:\/\/vapeenjoy.com\/pl\/produkt\/bang-leader-20000-puffs-jednorazowy-vape-28ml-0-5-nikotyna-led-cyfrowy-wyswietlacz-led\/","og_site_name":"vapeenjoy","article_modified_time":"2025-08-26T07:52:05+00:00","og_image":[{"width":1000,"height":1000,"url":"https:\/\/vapeenjoy.com\/wp-content\/uploads\/2025\/07\/Bang-Leader-20000-Puffs-Disposable-Vape-watermelon-ice.webp","type":"image\/webp"}],"twitter_card":"summary_large_image","twitter_misc":{"Szacowany czas czytania":"4 minuty"},"schema":{"@context":"https:\/\/schema.org","@graph":[{"@type":"WebPage","@id":"https:\/\/vapeenjoy.com\/product\/bang-leader-20000-puffs-disposable-vape-28ml-0-5-nicotine-led-digital-display\/","url":"https:\/\/vapeenjoy.com\/product\/bang-leader-20000-puffs-disposable-vape-28ml-0-5-nicotine-led-digital-display\/","name":"Bang Leader 20000 Puffs jednorazowe wapory 28ml 0-5% nikotyna","isPartOf":{"@id":"https:\/\/vapeenjoy.com\/#website"},"primaryImageOfPage":{"@id":"https:\/\/vapeenjoy.com\/product\/bang-leader-20000-puffs-disposable-vape-28ml-0-5-nicotine-led-digital-display\/#primaryimage"},"image":{"@id":"https:\/\/vapeenjoy.com\/product\/bang-leader-20000-puffs-disposable-vape-28ml-0-5-nicotine-led-digital-display\/#primaryimage"},"thumbnailUrl":"https:\/\/vapeenjoy.com\/wp-content\/uploads\/2025\/07\/Bang-Leader-20000-Puffs-Disposable-Vape-watermelon-ice.webp","datePublished":"2025-07-29T08:43:24+00:00","dateModified":"2025-08-26T07:52:05+00:00","description":"Zdob\u0105d\u017a jednorazowy waporyzator Bang Leader 20000 z 28 ml, nikotyn\u0105 0-5% i wy\u015bwietlaczem LED. Ciesz si\u0119 12 smakami i bateri\u0105 650 mAh. Szybka wysy\u0142ka UE!","breadcrumb":{"@id":"https:\/\/vapeenjoy.com\/product\/bang-leader-20000-puffs-disposable-vape-28ml-0-5-nicotine-led-digital-display\/#breadcrumb"},"inLanguage":"pl-PL","potentialAction":[{"@type":"ReadAction","target":["https:\/\/vapeenjoy.com\/product\/bang-leader-20000-puffs-disposable-vape-28ml-0-5-nicotine-led-digital-display\/"]}]},{"@type":"ImageObject","inLanguage":"pl-PL","@id":"https:\/\/vapeenjoy.com\/product\/bang-leader-20000-puffs-disposable-vape-28ml-0-5-nicotine-led-digital-display\/#primaryimage","url":"https:\/\/vapeenjoy.com\/wp-content\/uploads\/2025\/07\/Bang-Leader-20000-Puffs-Disposable-Vape-watermelon-ice.webp","contentUrl":"https:\/\/vapeenjoy.com\/wp-content\/uploads\/2025\/07\/Bang-Leader-20000-Puffs-Disposable-Vape-watermelon-ice.webp","width":1000,"height":1000},{"@type":"BreadcrumbList","@id":"https:\/\/vapeenjoy.com\/product\/bang-leader-20000-puffs-disposable-vape-28ml-0-5-nicotine-led-digital-display\/#breadcrumb","itemListElement":[{"@type":"ListItem","position":1,"name":"Home","item":"https:\/\/vapeenjoy.com\/"},{"@type":"ListItem","position":2,"name":"Shop","item":"https:\/\/vapeenjoy.com\/vapeenjoy-shop\/"},{"@type":"ListItem","position":3,"name":"Bang Leader 20000 Puffs Disposable Vape 28ml 0-5% Nicotine LED Digital Display"}]},{"@type":"WebSite","@id":"https:\/\/vapeenjoy.com\/#website","url":"https:\/\/vapeenjoy.com\/","name":"skutkowaty","description":"Sklep internetowy do sprzeda\u017cy vapes","potentialAction":[{"@type":"SearchAction","target":{"@type":"EntryPoint","urlTemplate":"https:\/\/vapeenjoy.com\/?s={search_term_string}"},"query-input":{"@type":"PropertyValueSpecification","valueRequired":true,"valueName":"search_term_string"}}],"inLanguage":"pl-PL"}]}},"_links":{"self":[{"href":"https:\/\/vapeenjoy.com\/pl\/wp-json\/wp\/v2\/product\/728","targetHints":{"allow":["GET"]}}],"collection":[{"href":"https:\/\/vapeenjoy.com\/pl\/wp-json\/wp\/v2\/product"}],"about":[{"href":"https:\/\/vapeenjoy.com\/pl\/wp-json\/wp\/v2\/types\/product"}],"replies":[{"embeddable":true,"href":"https:\/\/vapeenjoy.com\/pl\/wp-json\/wp\/v2\/comments?post=728"}],"version-history":[{"count":4,"href":"https:\/\/vapeenjoy.com\/pl\/wp-json\/wp\/v2\/product\/728\/revisions"}],"predecessor-version":[{"id":2310,"href":"https:\/\/vapeenjoy.com\/pl\/wp-json\/wp\/v2\/product\/728\/revisions\/2310"}],"wp:featuredmedia":[{"embeddable":true,"href":"https:\/\/vapeenjoy.com\/pl\/wp-json\/wp\/v2\/media\/738"}],"wp:attachment":[{"href":"https:\/\/vapeenjoy.com\/pl\/wp-json\/wp\/v2\/media?parent=728"}],"wp:term":[{"taxonomy":"product_brand","embeddable":true,"href":"https:\/\/vapeenjoy.com\/pl\/wp-json\/wp\/v2\/product_brand?post=728"},{"taxonomy":"product_cat","embeddable":true,"href":"https:\/\/vapeenjoy.com\/pl\/wp-json\/wp\/v2\/product_cat?post=728"},{"taxonomy":"product_tag","embeddable":true,"href":"https:\/\/vapeenjoy.com\/pl\/wp-json\/wp\/v2\/product_tag?post=728"}],"curies":[{"name":"wp","href":"https:\/\/api.w.org\/{rel}","templated":true}]}}