{"id":746,"date":"2025-07-30T02:22:04","date_gmt":"2025-07-30T02:22:04","guid":{"rendered":"https:\/\/vapeenjoy.com\/?post_type=product&#038;p=746"},"modified":"2025-09-08T02:50:49","modified_gmt":"2025-09-08T02:50:49","slug":"bang-leader-30000-puffs-2-in-1-dual-flavors-disposable-vape-36ml-0-5-nicotine","status":"publish","type":"product","link":"https:\/\/vapeenjoy.com\/pl\/produkt\/bang-leader-30000-puffs-2-w-1-podwojne-smaki-jednorazowe-waporyny-36ml-0-5-nikotyna\/","title":{"rendered":"Bang Leader 30000 Puffs 2 w 1 podw\u00f3jne smaki jednorazowe waporyny 36ml 0-5% Nikotyna"},"content":{"rendered":"<h2 dir=\"ltr\" data-pm-slice=\"1 3 []\">Bang Leader 30000 Puffs 2 w 1 podw\u00f3jny smak jednorazowy waporyzator Opis produktu<\/h2>\n<p dir=\"ltr\">Bang Leader, zaufana nazwa w bran\u017cy vaping, jest znana z dostarczania niezawodnych urz\u0105dze\u0144 o du\u017cej pojemno\u015bci, kt\u00f3re zaspokajaj\u0105 r\u00f3\u017cne preferencje. Jednorazowy waporyzator Bang Leader 30000 Puffs 2 w 1 Dual Flavas oferuje imponuj\u0105ce rozwi\u0105zanie dla os\u00f3b poszukuj\u0105cych d\u0142ugotrwa\u0142ego u\u017cytkowania i wszechstronnych opcji smakowych. Dzi\u0119ki eleganckiemu, ergonomicznemu wygl\u0105dowi i kompaktowej formie urz\u0105dzenie to wygodnie mie\u015bci si\u0119 w d\u0142oni, z nowoczesnym owalnym kszta\u0142tem i \u017cywym wy\u015bwietlaczem LED, co u\u0142atwia monitorowanie poziomu baterii i e-liquidu.<\/p>\n<h3 dir=\"ltr\" data-pm-slice=\"1 3 []\">Bang Leader 30000 Puffs Jednorazowe dane techniczne do wape<\/h3>\n<ul class=\"tight\" dir=\"ltr\" data-tight=\"true\">\n<li>\n<p dir=\"ltr\"><strong>Liczba zaci\u0105gni\u0119\u0107<\/strong>: Do 30 000 zaci\u0105gni\u0119\u0107 \u2013 zapewnia tygodnie konsekwentnego stosowania, zmniejszaj\u0105c potrzeb\u0119 cz\u0119stych wymian.<\/p>\n<\/li>\n<li>\n<p dir=\"ltr\"><strong>Pojemno\u015b\u0107 e-liquid\u00f3w<\/strong>: 36 ml \u2013 Hojne podw\u00f3jne zbiorniki 18 ml zapewniaj\u0105 przed\u0142u\u017con\u0105 waporyzacj\u0119 bez wk\u0142ad\u00f3w.<\/p>\n<\/li>\n<li>\n<p dir=\"ltr\"><strong>Mocne strony nikotyny<\/strong>: 0%, 2%, 3%, 5% \u2013 oferuje elastyczno\u015b\u0107 wyboru poziomu odpowiadaj\u0105cego Twoim potrzebom, od bez nikotyny do mocniejszego trafienia.<\/p>\n<\/li>\n<li>\n<p dir=\"ltr\"><strong>bateryjny<\/strong>: 650 mAh akumulator - zapewnia niezawodn\u0105 moc, wspieran\u0105 przez szybkie \u0142adowanie typu C, co zapewnia minimalny czas przestoju.<\/p>\n<\/li>\n<li>\n<p dir=\"ltr\"><strong>cewka<\/strong>: cewka siatka 1.0\u03a9 \u2013 zwi\u0119ksza dostarczanie smaku i zapewnia g\u0142adk\u0105, sp\u00f3jn\u0105 par\u0119 przy ka\u017cdym naci\u0105gu.<\/p>\n<\/li>\n<li>\n<p dir=\"ltr\"><strong>zbrojenie<\/strong>: Port typu C \u2013 zapewnia szybkie i wydajne \u0142adowanie do nieprzerwanego u\u017cytkowania.<\/p>\n<\/li>\n<li>\n<p dir=\"ltr\"><strong>manifest<\/strong>: Diodowy wy\u015bwietlacz LED - pokazuje poziomy baterii i e-liquid\u00f3w w czasie rzeczywistym dla wygody u\u017cytkownika.<\/p>\n<\/li>\n<li>\n<p dir=\"ltr\"><strong>SYSTEM PRZY<\/strong>: Prze\u0142\u0105czanie podw\u00f3jnego smaku \u2013 umo\u017cliwia bezproblemowe prze\u0142\u0105czanie mi\u0119dzy dwoma r\u00f3\u017cnymi smakami w jednym urz\u0105dzeniu.<\/p>\n<\/li>\n<\/ul>\n<h3 dir=\"ltr\">12 kombinacji smakowych dla dynamicznego wapowania<\/h3>\n<ol class=\"tight\" dir=\"ltr\" data-tight=\"true\">\n<li>\n<p dir=\"ltr\"><strong>Arbuz l\u00f3d i jagoda mi\u0119ta<\/strong> \u2013 Soczysty arbuz z fajnym wyko\u0144czeniem w po\u0142\u0105czeniu ze s\u0142odkimi jagodami i orze\u017awiaj\u0105cym mi\u0119towym kopni\u0119ciem.<\/p>\n<\/li>\n<li>\n<p dir=\"ltr\"><strong>Lody z arbuza i truskawki i mango<\/strong> \u2013 Chrupi\u0105cy arbuz z mro\u017c\u0105c\u0105 krew w \u017cy\u0142ach nut\u0105 po\u0142\u0105czony ze s\u0142odkimi truskawkami i tropikalnym mango.<\/p>\n<\/li>\n<li>\n<p dir=\"ltr\"><strong>Truskawka i arbuz i kiwi marakuja guawa<\/strong> \u2013 Mieszanka s\u0142odkiej truskawek i arbuza spotyka pikantne kiwi, marakuj\u0119 i guaw\u0119.<\/p>\n<\/li>\n<li>\n<p dir=\"ltr\"><strong>Truskawka i arbuza i l\u00f3d winogronowy<\/strong> \u2013 Soczysta fuzja truskawek i arbuz w po\u0142\u0105czeniu z bogatymi winogronami i ch\u0142odnym wydechem.<\/p>\n<\/li>\n<li>\n<p dir=\"ltr\"><strong>Jagoda malina i brzoskwinia mango arbuz<\/strong> \u2013 Pikantna mieszanka jagodowo-malinowa w po\u0142\u0105czeniu ze s\u0142odk\u0105 brzoskwini\u0105, mango i trio z arbuza.<\/p>\n<\/li>\n<li>\n<p dir=\"ltr\"><strong>Jagoda malina i mieszane owoce sple\u015bnia\u0142e<\/strong> \u2013 \u017bywe maliny jagodowo-malinowe w po\u0142\u0105czeniu z odwa\u017cnym, przejrza\u0142ym profilem z mieszanymi owocami.<\/p>\n<\/li>\n<li>\n<p dir=\"ltr\"><strong>Lod jagodowy i czarny smok l\u00f3d<\/strong> \u2013 S\u0142odkie jagody z mentolowym akcentem obok ciemnych jag\u00f3d z lodowatym wyko\u0144czeniem.<\/p>\n<\/li>\n<li>\n<p dir=\"ltr\"><strong>Lod jagodowy i truskawek i banan<\/strong> \u2013 Mieszanka zimna jagodowo-mentolowa \u0142\u0105czy s\u0142odkie truskawki i g\u0142adki banan.<\/p>\n<\/li>\n<li>\n<p dir=\"ltr\"><strong>Arbuz Red Bull &amp; Jagodowy<\/strong> \u2013 Energezing Red Bull smaku w po\u0142\u0105czeniu z orze\u017awiaj\u0105c\u0105 mieszank\u0105 jagodowo-aretkowej.<\/p>\n<\/li>\n<li>\n<p dir=\"ltr\"><strong>Red Bull &amp; Arbuz Cukierki Bubble Bubble<\/strong> \u2013 Odwa\u017cny smak Red Bull w po\u0142\u0105czeniu ze s\u0142odkim arbuzem i nostalgicznymi cukierkami b\u0105belkowymi.<\/p>\n<\/li>\n<li>\n<p dir=\"ltr\"><strong>Truskawkowe Kiwi i Brzoskwiniowy L\u00f3d<\/strong> \u2013 S\u0142odki duet truskawkowy-kiwi w po\u0142\u0105czeniu z soczyst\u0105 brzoskwini\u0105 i uczuciem och\u0142odzenia.<\/p>\n<\/li>\n<li>\n<p dir=\"ltr\"><strong>Truskawkowe Kiwi &amp; Sour Jab\u0142ka Malina<\/strong> \u2013 Bright Strawberry-Kiwi Mieszanka \u0142\u0105czy si\u0119 z tartym jab\u0142kiem i malinami, aby uzyska\u0107 pikantne wyko\u0144czenie.<\/p>\n<\/li>\n<\/ol>\n<h3 dir=\"ltr\">Cz\u0119sto zadawane pytania<\/h3>\n<ol class=\"tight\" dir=\"ltr\" data-tight=\"true\">\n<li>\n<p dir=\"ltr\"><strong>Jaka jest liczba zaci\u0105gni\u0119\u0107 Bang Leader 30000?<\/strong><br \/>\nUrz\u0105dzenie dostarcza do 30 000 zaci\u0105gni\u0119\u0107, oferuj\u0105c d\u0142ugotrwa\u0142e u\u017cytkowanie w zale\u017cno\u015bci od indywidualnych nawyk\u00f3w wapowania.<\/p>\n<\/li>\n<li>\n<p dir=\"ltr\"><strong>Czy bateria jest \u0142adowana?<\/strong><br \/>\nTak, ma bateri\u0119 650 mAh z \u0142adowaniem typu C, co zapewnia szybkie i wydajne \u0142adowanie.<\/p>\n<\/li>\n<li>\n<p dir=\"ltr\"><strong>Jakie mocne strony nikotyny s\u0105 dost\u0119pne?<\/strong><br \/>\nMo\u017cesz wybiera\u0107 spo\u015br\u00f3d poziom\u00f3w nikotyny 0%, 2%, 3% lub 5%, aby dopasowa\u0107 je do twoich preferencji.<\/p>\n<\/li>\n<li>\n<p dir=\"ltr\"><strong>Jak dzia\u0142a system podw\u00f3jnego smaku?<\/strong><br \/>\nUrz\u0105dzenie pozwala na prze\u0142\u0105czanie mi\u0119dzy dwoma r\u00f3\u017cnymi smakami, zapewniaj\u0105c r\u00f3\u017cnorodno\u015b\u0107 bez konieczno\u015bci wielu urz\u0105dze\u0144.<\/p>\n<\/li>\n<li>\n<p dir=\"ltr\"><strong>Jak wybra\u0107 dla mnie odpowiedni smak?<\/strong><br \/>\nZastan\u00f3w si\u0119 nad swoimi preferencjami smakowymi: wybierz owocowe opcje, takie jak truskawka i arbuz, czy jagodowa malina, aby uzyska\u0107 s\u0142odkie profile, lub spr\u00f3buj ch\u0142odz\u0105cych smaki, takie jak l\u00f3d arbuzowy lub mi\u0119ta jagodowa, aby uzyska\u0107 orze\u017awiaj\u0105ce uczucie. Pr\u00f3bkowanie r\u00f3\u017cnych kombinacji mo\u017ce pom\u00f3c w znalezieniu ulubionego. Odkryj wi\u0119cej opcji vaping w Vape Ciesz si\u0119, aby odkry\u0107 idealne dopasowanie.<\/p>\n<\/li>\n<li>\n<p dir=\"ltr\"><strong>Co pokazuje wy\u015bwietlacz LED?<\/strong><br \/>\nWy\u015bwietlacz LED zapewnia aktualizacje w czasie rzeczywistym dotycz\u0105ce \u017cywotno\u015bci baterii i poziom\u00f3w e-liquid\u00f3w, co u\u0142atwia monitorowanie.<\/p>\n<\/li>\n<li>\n<p dir=\"ltr\"><strong>Czy urz\u0105dzenie jest przeno\u015bne?<\/strong><br \/>\nTak, jego kompaktowa, ergonomiczna konstrukcja u\u0142atwia przenoszenie w kieszeni lub torbie do u\u017cytku w podr\u00f3\u017cy.<\/p>\n<\/li>\n<\/ol>\n<p>&nbsp;<\/p>\n<p><img fetchpriority=\"high\" decoding=\"async\" class=\"alignnone size-full wp-image-749\" src=\"https:\/\/vapeenjoy.com\/wp-content\/uploads\/2025\/07\/5416e2af548a15f6806d34ad25f963b-scaled.jpg\" alt=\"Bang Leader 30000 Puffs 2 w 1 Podw\u00f3jne smaki Jednorazowe waporyzatorzy Wszystkie smaki\" width=\"2560\" height=\"1444\" srcset=\"https:\/\/vapeenjoy.com\/wp-content\/uploads\/2025\/07\/5416e2af548a15f6806d34ad25f963b-scaled.jpg 2560w, https:\/\/vapeenjoy.com\/wp-content\/uploads\/2025\/07\/5416e2af548a15f6806d34ad25f963b-scaled-600x338.jpg 600w, https:\/\/vapeenjoy.com\/wp-content\/uploads\/2025\/07\/5416e2af548a15f6806d34ad25f963b-300x169.jpg 300w, https:\/\/vapeenjoy.com\/wp-content\/uploads\/2025\/07\/5416e2af548a15f6806d34ad25f963b-1024x577.jpg 1024w, https:\/\/vapeenjoy.com\/wp-content\/uploads\/2025\/07\/5416e2af548a15f6806d34ad25f963b-768x433.jpg 768w, https:\/\/vapeenjoy.com\/wp-content\/uploads\/2025\/07\/5416e2af548a15f6806d34ad25f963b-1536x866.jpg 1536w, https:\/\/vapeenjoy.com\/wp-content\/uploads\/2025\/07\/5416e2af548a15f6806d34ad25f963b-2048x1155.jpg 2048w\" sizes=\"(max-width: 2560px) 100vw, 2560px\" \/><\/p>","protected":false},"excerpt":{"rendered":"<p dir=\"ltr\" data-pm-slice=\"1 1 []\">Bang Leader, zaufana nazwa w Vaping, przedstawia jednorazowe waporyzator 30000 Puffs 2 w 1 Dual Flavas. To urz\u0105dzenie oferuje do 30 000 zaci\u0105gni\u0119\u0107, pojemno\u015b\u0107 e-liquid 36 ml i akumulator 650 mAh. Dzi\u0119ki podw\u00f3jnemu prze\u0142\u0105czaniu smaku, opcjom nikotyny 0-5% i wy\u015bwietlaczowi LED zapewnia d\u0142ugotrwa\u0142e, wszechstronne zastosowanie w eleganckim, przeno\u015bnym designie.<\/p>","protected":false},"featured_media":750,"comment_status":"open","ping_status":"closed","template":"","meta":[],"product_brand":[16],"product_cat":[31],"product_tag":[64,66,67],"class_list":{"0":"post-746","1":"product","2":"type-product","3":"status-publish","4":"has-post-thumbnail","6":"product_brand-bang-vape","7":"product_cat-30000-puffs-vape","8":"product_tag-0-5-nicotine","9":"product_tag-2-in-1-dual-flavors","10":"product_tag-36ml","12":"first","13":"instock","14":"sale","15":"shipping-taxable","16":"purchasable","17":"product-type-variable"},"yoast_head":"<!-- This site is optimized with the Yoast SEO plugin v25.7 - https:\/\/yoast.com\/wordpress\/plugins\/seo\/ -->\n<title>Bang Leader 30000 Puffs 2 in 1 Dual Flavors Disposable Vape<\/title>\n<meta name=\"description\" content=\"Bang Leader 30000 Puffs Disposable Vape offers 36ml e-liquid, dual flavors, and 0-5% nicotine for a long-lasting, customizable vaping experience. Shop now!\" \/>\n<meta name=\"robots\" content=\"index, follow, max-snippet:-1, max-image-preview:large, max-video-preview:-1\" \/>\n<link rel=\"canonical\" href=\"https:\/\/vapeenjoy.com\/pl\/produkt\/bang-leader-30000-puffs-2-w-1-podwojne-smaki-jednorazowe-waporyny-36ml-0-5-nikotyna\/\" \/>\n<meta property=\"og:locale\" content=\"pl_PL\" \/>\n<meta property=\"og:type\" content=\"article\" \/>\n<meta property=\"og:title\" content=\"Bang Leader 30000 Puffs 2 in 1 Dual Flavors Disposable Vape\" \/>\n<meta property=\"og:description\" content=\"Bang Leader 30000 Puffs Disposable Vape offers 36ml e-liquid, dual flavors, and 0-5% nicotine for a long-lasting, customizable vaping experience. Shop now!\" \/>\n<meta property=\"og:url\" content=\"https:\/\/vapeenjoy.com\/pl\/produkt\/bang-leader-30000-puffs-2-w-1-podwojne-smaki-jednorazowe-waporyny-36ml-0-5-nikotyna\/\" \/>\n<meta property=\"og:site_name\" content=\"vapeenjoy\" \/>\n<meta property=\"article:modified_time\" content=\"2025-09-08T02:50:49+00:00\" \/>\n<meta property=\"og:image\" content=\"https:\/\/vapeenjoy.com\/wp-content\/uploads\/2025\/07\/7f51b22007d8c1fa88e3cebf411a0b1.jpg\" \/>\n\t<meta property=\"og:image:width\" content=\"800\" \/>\n\t<meta property=\"og:image:height\" content=\"800\" \/>\n\t<meta property=\"og:image:type\" content=\"image\/jpeg\" \/>\n<meta name=\"twitter:card\" content=\"summary_large_image\" \/>\n<meta name=\"twitter:label1\" content=\"Szacowany czas czytania\" \/>\n\t<meta name=\"twitter:data1\" content=\"4 minuty\" \/>\n<script type=\"application\/ld+json\" class=\"yoast-schema-graph\">{\"@context\":\"https:\/\/schema.org\",\"@graph\":[{\"@type\":\"WebPage\",\"@id\":\"https:\/\/vapeenjoy.com\/product\/bang-leader-30000-puffs-2-in-1-dual-flavors-disposable-vape-36ml-0-5-nicotine\/\",\"url\":\"https:\/\/vapeenjoy.com\/product\/bang-leader-30000-puffs-2-in-1-dual-flavors-disposable-vape-36ml-0-5-nicotine\/\",\"name\":\"Bang Leader 30000 Puffs 2 in 1 Dual Flavors Disposable Vape\",\"isPartOf\":{\"@id\":\"https:\/\/vapeenjoy.com\/#website\"},\"primaryImageOfPage\":{\"@id\":\"https:\/\/vapeenjoy.com\/product\/bang-leader-30000-puffs-2-in-1-dual-flavors-disposable-vape-36ml-0-5-nicotine\/#primaryimage\"},\"image\":{\"@id\":\"https:\/\/vapeenjoy.com\/product\/bang-leader-30000-puffs-2-in-1-dual-flavors-disposable-vape-36ml-0-5-nicotine\/#primaryimage\"},\"thumbnailUrl\":\"https:\/\/vapeenjoy.com\/wp-content\/uploads\/2025\/07\/7f51b22007d8c1fa88e3cebf411a0b1.jpg\",\"datePublished\":\"2025-07-30T02:22:04+00:00\",\"dateModified\":\"2025-09-08T02:50:49+00:00\",\"description\":\"Bang Leader 30000 Puffs Disposable Vape offers 36ml e-liquid, dual flavors, and 0-5% nicotine for a long-lasting, customizable vaping experience. Shop now!\",\"breadcrumb\":{\"@id\":\"https:\/\/vapeenjoy.com\/product\/bang-leader-30000-puffs-2-in-1-dual-flavors-disposable-vape-36ml-0-5-nicotine\/#breadcrumb\"},\"inLanguage\":\"pl-PL\",\"potentialAction\":[{\"@type\":\"ReadAction\",\"target\":[\"https:\/\/vapeenjoy.com\/product\/bang-leader-30000-puffs-2-in-1-dual-flavors-disposable-vape-36ml-0-5-nicotine\/\"]}]},{\"@type\":\"ImageObject\",\"inLanguage\":\"pl-PL\",\"@id\":\"https:\/\/vapeenjoy.com\/product\/bang-leader-30000-puffs-2-in-1-dual-flavors-disposable-vape-36ml-0-5-nicotine\/#primaryimage\",\"url\":\"https:\/\/vapeenjoy.com\/wp-content\/uploads\/2025\/07\/7f51b22007d8c1fa88e3cebf411a0b1.jpg\",\"contentUrl\":\"https:\/\/vapeenjoy.com\/wp-content\/uploads\/2025\/07\/7f51b22007d8c1fa88e3cebf411a0b1.jpg\",\"width\":800,\"height\":800},{\"@type\":\"BreadcrumbList\",\"@id\":\"https:\/\/vapeenjoy.com\/product\/bang-leader-30000-puffs-2-in-1-dual-flavors-disposable-vape-36ml-0-5-nicotine\/#breadcrumb\",\"itemListElement\":[{\"@type\":\"ListItem\",\"position\":1,\"name\":\"Home\",\"item\":\"https:\/\/vapeenjoy.com\/\"},{\"@type\":\"ListItem\",\"position\":2,\"name\":\"Shop\",\"item\":\"https:\/\/vapeenjoy.com\/vapeenjoy-shop\/\"},{\"@type\":\"ListItem\",\"position\":3,\"name\":\"Bang Leader 30000 Puffs 2 in 1 Dual Flavors Disposable Vape 36ml 0-5% Nicotine\"}]},{\"@type\":\"WebSite\",\"@id\":\"https:\/\/vapeenjoy.com\/#website\",\"url\":\"https:\/\/vapeenjoy.com\/\",\"name\":\"vapeenjoy\",\"description\":\"An online store for selling vapes\",\"potentialAction\":[{\"@type\":\"SearchAction\",\"target\":{\"@type\":\"EntryPoint\",\"urlTemplate\":\"https:\/\/vapeenjoy.com\/?s={search_term_string}\"},\"query-input\":{\"@type\":\"PropertyValueSpecification\",\"valueRequired\":true,\"valueName\":\"search_term_string\"}}],\"inLanguage\":\"pl-PL\"}]}<\/script>\n<!-- \/ Yoast SEO plugin. -->","yoast_head_json":{"title":"Bang Leader 30000 Puffs 2 w 1 Podw\u00f3jne smaki Jednorazowe waporyzator","description":"Bang Leader 30000 Puffs Jednorazowe waporyzatory oferuj\u0105 36 ml e-liquidu, podw\u00f3jne smaki i nikotyn\u0119 0-5%, zapewniaj\u0105c d\u0142ugotrwa\u0142e, konfigurowalne wra\u017cenia z waporyzacji. Kupuj teraz!","robots":{"index":"index","follow":"follow","max-snippet":"max-snippet:-1","max-image-preview":"max-image-preview:large","max-video-preview":"max-video-preview:-1"},"canonical":"https:\/\/vapeenjoy.com\/pl\/produkt\/bang-leader-30000-puffs-2-w-1-podwojne-smaki-jednorazowe-waporyny-36ml-0-5-nikotyna\/","og_locale":"pl_PL","og_type":"article","og_title":"Bang Leader 30000 Puffs 2 in 1 Dual Flavors Disposable Vape","og_description":"Bang Leader 30000 Puffs Disposable Vape offers 36ml e-liquid, dual flavors, and 0-5% nicotine for a long-lasting, customizable vaping experience. Shop now!","og_url":"https:\/\/vapeenjoy.com\/pl\/produkt\/bang-leader-30000-puffs-2-w-1-podwojne-smaki-jednorazowe-waporyny-36ml-0-5-nikotyna\/","og_site_name":"vapeenjoy","article_modified_time":"2025-09-08T02:50:49+00:00","og_image":[{"width":800,"height":800,"url":"https:\/\/vapeenjoy.com\/wp-content\/uploads\/2025\/07\/7f51b22007d8c1fa88e3cebf411a0b1.jpg","type":"image\/jpeg"}],"twitter_card":"summary_large_image","twitter_misc":{"Szacowany czas czytania":"4 minuty"},"schema":{"@context":"https:\/\/schema.org","@graph":[{"@type":"WebPage","@id":"https:\/\/vapeenjoy.com\/product\/bang-leader-30000-puffs-2-in-1-dual-flavors-disposable-vape-36ml-0-5-nicotine\/","url":"https:\/\/vapeenjoy.com\/product\/bang-leader-30000-puffs-2-in-1-dual-flavors-disposable-vape-36ml-0-5-nicotine\/","name":"Bang Leader 30000 Puffs 2 w 1 Podw\u00f3jne smaki Jednorazowe waporyzator","isPartOf":{"@id":"https:\/\/vapeenjoy.com\/#website"},"primaryImageOfPage":{"@id":"https:\/\/vapeenjoy.com\/product\/bang-leader-30000-puffs-2-in-1-dual-flavors-disposable-vape-36ml-0-5-nicotine\/#primaryimage"},"image":{"@id":"https:\/\/vapeenjoy.com\/product\/bang-leader-30000-puffs-2-in-1-dual-flavors-disposable-vape-36ml-0-5-nicotine\/#primaryimage"},"thumbnailUrl":"https:\/\/vapeenjoy.com\/wp-content\/uploads\/2025\/07\/7f51b22007d8c1fa88e3cebf411a0b1.jpg","datePublished":"2025-07-30T02:22:04+00:00","dateModified":"2025-09-08T02:50:49+00:00","description":"Bang Leader 30000 Puffs Jednorazowe waporyzatory oferuj\u0105 36 ml e-liquidu, podw\u00f3jne smaki i nikotyn\u0119 0-5%, zapewniaj\u0105c d\u0142ugotrwa\u0142e, konfigurowalne wra\u017cenia z waporyzacji. Kupuj teraz!","breadcrumb":{"@id":"https:\/\/vapeenjoy.com\/product\/bang-leader-30000-puffs-2-in-1-dual-flavors-disposable-vape-36ml-0-5-nicotine\/#breadcrumb"},"inLanguage":"pl-PL","potentialAction":[{"@type":"ReadAction","target":["https:\/\/vapeenjoy.com\/product\/bang-leader-30000-puffs-2-in-1-dual-flavors-disposable-vape-36ml-0-5-nicotine\/"]}]},{"@type":"ImageObject","inLanguage":"pl-PL","@id":"https:\/\/vapeenjoy.com\/product\/bang-leader-30000-puffs-2-in-1-dual-flavors-disposable-vape-36ml-0-5-nicotine\/#primaryimage","url":"https:\/\/vapeenjoy.com\/wp-content\/uploads\/2025\/07\/7f51b22007d8c1fa88e3cebf411a0b1.jpg","contentUrl":"https:\/\/vapeenjoy.com\/wp-content\/uploads\/2025\/07\/7f51b22007d8c1fa88e3cebf411a0b1.jpg","width":800,"height":800},{"@type":"BreadcrumbList","@id":"https:\/\/vapeenjoy.com\/product\/bang-leader-30000-puffs-2-in-1-dual-flavors-disposable-vape-36ml-0-5-nicotine\/#breadcrumb","itemListElement":[{"@type":"ListItem","position":1,"name":"Home","item":"https:\/\/vapeenjoy.com\/"},{"@type":"ListItem","position":2,"name":"Shop","item":"https:\/\/vapeenjoy.com\/vapeenjoy-shop\/"},{"@type":"ListItem","position":3,"name":"Bang Leader 30000 Puffs 2 in 1 Dual Flavors Disposable Vape 36ml 0-5% Nicotine"}]},{"@type":"WebSite","@id":"https:\/\/vapeenjoy.com\/#website","url":"https:\/\/vapeenjoy.com\/","name":"skutkowaty","description":"Sklep internetowy do sprzeda\u017cy vapes","potentialAction":[{"@type":"SearchAction","target":{"@type":"EntryPoint","urlTemplate":"https:\/\/vapeenjoy.com\/?s={search_term_string}"},"query-input":{"@type":"PropertyValueSpecification","valueRequired":true,"valueName":"search_term_string"}}],"inLanguage":"pl-PL"}]}},"_links":{"self":[{"href":"https:\/\/vapeenjoy.com\/pl\/wp-json\/wp\/v2\/product\/746","targetHints":{"allow":["GET"]}}],"collection":[{"href":"https:\/\/vapeenjoy.com\/pl\/wp-json\/wp\/v2\/product"}],"about":[{"href":"https:\/\/vapeenjoy.com\/pl\/wp-json\/wp\/v2\/types\/product"}],"replies":[{"embeddable":true,"href":"https:\/\/vapeenjoy.com\/pl\/wp-json\/wp\/v2\/comments?post=746"}],"version-history":[{"count":4,"href":"https:\/\/vapeenjoy.com\/pl\/wp-json\/wp\/v2\/product\/746\/revisions"}],"predecessor-version":[{"id":2243,"href":"https:\/\/vapeenjoy.com\/pl\/wp-json\/wp\/v2\/product\/746\/revisions\/2243"}],"wp:featuredmedia":[{"embeddable":true,"href":"https:\/\/vapeenjoy.com\/pl\/wp-json\/wp\/v2\/media\/750"}],"wp:attachment":[{"href":"https:\/\/vapeenjoy.com\/pl\/wp-json\/wp\/v2\/media?parent=746"}],"wp:term":[{"taxonomy":"product_brand","embeddable":true,"href":"https:\/\/vapeenjoy.com\/pl\/wp-json\/wp\/v2\/product_brand?post=746"},{"taxonomy":"product_cat","embeddable":true,"href":"https:\/\/vapeenjoy.com\/pl\/wp-json\/wp\/v2\/product_cat?post=746"},{"taxonomy":"product_tag","embeddable":true,"href":"https:\/\/vapeenjoy.com\/pl\/wp-json\/wp\/v2\/product_tag?post=746"}],"curies":[{"name":"wp","href":"https:\/\/api.w.org\/{rel}","templated":true}]}}