{"id":758,"date":"2025-07-30T07:24:26","date_gmt":"2025-07-30T07:24:26","guid":{"rendered":"https:\/\/vapeenjoy.com\/?post_type=product&#038;p=758"},"modified":"2025-08-18T08:05:25","modified_gmt":"2025-08-18T08:05:25","slug":"bang-leader-85000-puffs-3-in-1-flavor-disposable-vape","status":"publish","type":"product","link":"https:\/\/vapeenjoy.com\/pl\/produkt\/bang-leader-85000-puffs-3-w-1-jednorazowe-waporyzatory-smakowe\/","title":{"rendered":"Bang Leader 85000 Puffs 3 w 1 Smaki jednorazowe Vape 60ml 0-5% Nikotyna"},"content":{"rendered":"<h2 dir=\"auto\"><strong>Bang Leader 85000 Puffs 3 w 1 jednorazowe waporyzator o smaku<\/strong><\/h2>\n<p dir=\"auto\">Bang Leader, zaufana nazwa w bran\u017cy vaping, jest znana z dostarczania urz\u0105dze\u0144 o du\u017cej pojemno\u015bci z innowacyjnymi funkcjami. Jednorazowy waporyzator Bang Leader 85000 Puffs Flavour 3 w 1 na nowo definiuje wygod\u0119 dzi\u0119ki ogromnemu systemowi smakowemu i wszechstronnemu systemowi smakowemu. To eleganckie, przeno\u015bne urz\u0105dzenie ma nowoczesny design z g\u0142adkim wyko\u0144czeniem, dzi\u0119ki czemu jest \u0142atwe do przenoszenia i u\u017cytkowania. Kompaktowy kszta\u0142t wygodnie le\u017cy w d\u0142oni, a intuicyjny mechanizm prze\u0142\u0105czania smaku dodaje dynamicznego akcentu ka\u017cdej sesji. Dowiedz si\u0119 wi\u0119cej o tym innowacyjnym urz\u0105dzeniu na <a href=\"https:\/\/vapeenjoy.com\/\" target=\"_blank\" rel=\"noopener noreferrer nofollow\">Vape ciesz si\u0119<\/a>, gdzie mo\u017cesz odkrywa\u0107 szerok\u0105 gam\u0119 produkt\u00f3w do wapowania.<\/p>\n<h3 dir=\"auto\">Bang Leader 85000 Puffs Jednorazowe dane techniczne<\/h3>\n<ul dir=\"auto\">\n<li><strong>Liczba zaci\u0105gni\u0119\u0107<\/strong>: do 85 000 zaci\u0105gni\u0119\u0107 \u2013 zapewnia imponuj\u0105c\u0105 \u017cywotno\u015b\u0107, zapewniaj\u0105c tygodnie, a nawet miesi\u0105ce u\u017cytkowania w zale\u017cno\u015bci od nawyk\u00f3w vapingu.<\/li>\n<li><strong>Pojemno\u015b\u0107 e-liquid\u00f3w<\/strong>: 60 ml (3 x 20 ml) \u2013 Trzy oddzielne 20ml str\u0105ki zapewniaj\u0105 du\u017c\u0105 obj\u0119to\u015b\u0107 e-liquidu, umo\u017cliwiaj\u0105c bezproblemowe przej\u015bcia smakowe.<\/li>\n<li><strong>Mocne strony nikotyny<\/strong>: 0%, 2%, 3%, 5% \u2013 Wybierz z czterech poziom\u00f3w, aby dopasowa\u0107 si\u0119 do swoich preferencji, od nikotyny do mocniejszego trafienia.<\/li>\n<li><strong>bateryjny<\/strong>: 850 mAh akumulator - niezawodny akumulator obs\u0142uguje d\u0142ugie u\u017cytkowanie, z szybkim \u0142adowaniem za pomoc\u0105 typu C.<\/li>\n<li><strong>Typ cewki<\/strong>: Cewka potr\u00f3jna siatkowa (1,0 \u03a9) - zapewnia sp\u00f3jny, bogaty smak i g\u0142adk\u0105 par\u0119 przy wydajnym ogrzewaniu.<\/li>\n<li><strong>Port \u0142adowania<\/strong>: Typ-C \u2013 Szybkie i wygodne \u0142adowanie minimalizuje przestoje mi\u0119dzy sesjami.<\/li>\n<li><strong>Wy\u015bwietlacz LED<\/strong> - Pokazuje \u017cywotno\u015b\u0107 baterii w czasie rzeczywistym i poziom e-liquid\u00f3w w celu \u0142atwego monitorowania.<\/li>\n<li><strong>SYSTEM PRZY<\/strong>: Regulacja 3 w 1 \u2013 Prze\u0142\u0105cza si\u0119 mi\u0119dzy trzema r\u00f3\u017cnymi smakami w jednym urz\u0105dzeniu, aby uzyska\u0107 niestandardow\u0105 sesj\u0119 wapowania.<\/li>\n<\/ul>\n<h3 dir=\"auto\">15 unikalnych kombinacji smakowych<\/h3>\n<ol dir=\"auto\">\n<li><strong>Ice winogronowe \u2795 Truskawkowe Kiwi \u2795 Passifruga Guava<\/strong> \u2013 Orze\u017awiaj\u0105ca mieszanka ch\u0142odnych winogron, pikantnej kiwi-truskawki i tropikalnej pasji owocowej-guava.<\/li>\n<li><strong>Truskawkowy l\u00f3d \u2795 cytrynowy pomara\u0144cz \u2795 guma do \u017cucia z arbuza<\/strong> \u2013 Sch\u0142odzone truskawki, pikantne cytrusy i s\u0142odki arbuz z nut\u0105 gumy balonowej.<\/li>\n<li><strong>Ice arbuzowe \u2795 Mango Brzoskwinia \u2795 Soda pomara\u0144czowa<\/strong> \u2013 Chrupi\u0105cy arbuz, soczysty mango-brzoskwiniowy i gazowany pomara\u0144cza, aby uzyska\u0107 \u017cyw\u0105 mieszank\u0119.<\/li>\n<li><strong>Ananasowy l\u00f3d \u2795 Truskawkowy Red Bull \u2795 Mieszane jagody<\/strong> \u2013 lodowaty ananas, energetyzuj\u0105cy truskawkowo-czerwony byk i wybuch mieszanych jag\u00f3d.<\/li>\n<li><strong>Red Bull \u2795 Arbuz z jagodami \u2795 Lody truskawkowe<\/strong> \u2013 Odwa\u017cny nap\u00f3j energetyczny, s\u0142odki jagodowo-arbuzowy i kremowy deser truskawkowy.<\/li>\n<li><strong>Coke Ice \u2795 Jab\u0142ka Brzoskwinia \u2795 R\u00f3\u017cowa Lemoniada<\/strong> \u2013 Mro\u017ana cola, chrupi\u0105ca jab\u0142ka-brzoskwinia i cierpko r\u00f3\u017cowa lemoniada dla orze\u017awiaj\u0105cego trio.<\/li>\n<li><strong>Lod bananowy \u2795 Truskawkowy Arbuz \u2795 Nied\u017awied\u017a Gummy<\/strong> \u2013 Sch\u0142odzony banan, soczysty truskawkowo-arbuzowy i zabawny, gumowaty smak cukierk\u00f3w.<\/li>\n<li><strong>L\u00f3d jagodowy \u2795 Blue Raz \u2795 pachn\u0105ca gruszka<\/strong> \u2013 Ch\u0142odna jagoda, pikantna malina b\u0142\u0119kitna i delikatna gruszka dla zr\u00f3wnowa\u017conej mieszanki.<\/li>\n<li><strong>Mieszane owoce \u2795 Mojito Peach \u2795 Jagoda malina<\/strong> \u2013 sk\u0142adanka owoc\u00f3w tropikalnych, brzoskwiniowa mojito i cierpkie po\u0142\u0105czenie jagodowo-malinowe.<\/li>\n<li><strong>Czarny smok l\u00f3d \u2795 Marshmallow \u2795 Summer Dream<\/strong> \u2013 Lodowaty smoczy owoc, puszysta pianka i marzycielska mieszanka owoc\u00f3w letnich.<\/li>\n<li><strong>Truskawka Malina \u2795 Czarna porzeczka \u2795 Banan Truskawkowy<\/strong> \u2013 S\u0142odka truskawka-malinowa, odwa\u017cna czarna porzeczka i g\u0142adka truskawka-banana.<\/li>\n<li><strong>Truskawka Arbuz \u2795 Cherry Coke \u2795 Krem truskawkowy<\/strong> \u2013 Soczysta truskawka-arbuz, fizzy wi\u015bniowa cola i bogaty krem truskawkowy.<\/li>\n<li><strong>Czerwone jab\u0142ko \u2795 malinowy arbuz \u2795 aloes winogron<\/strong> \u2013 Chrupi\u0105ce jab\u0142ko z ch\u0142odnym finiszem, tarta malinowo-aretka i koj\u0105cy aloes winogron.<\/li>\n<li><strong>Wi\u015bniowa \u017curawina \u2795 brzoskwinia mango \u2795 ananas<\/strong> \u2013 Tarta Wi\u015bnia-Cranberry, S\u0142odka brzoskwiniowo-mango i tropikalny ananas.<\/li>\n<li><strong>Mi\u0142o\u015b\u0107 666 \u2795 Jagoda malina \u2795 Vimto<\/strong> \u2013 Unikalna mieszanka Love 666, pikantna jagoda-malinowa i klasyczny nap\u00f3j z jagodowym Vimto.<\/li>\n<\/ol>\n<h3 dir=\"auto\">Cz\u0119sto zadawane pytania<\/h3>\n<ol dir=\"auto\">\n<li><strong>Jak dzia\u0142a system smakowy 3 w 1?<\/strong><br \/>\nUrz\u0105dzenie posiada trzy oddzielne 20 ml str\u0105k\u00f3w, ka\u017cdy o wyj\u0105tkowym smaku. Mechanizm przesuwny pozwala bez wysi\u0142ku prze\u0142\u0105cza\u0107 si\u0119 mi\u0119dzy smakami podczas u\u017cytkowania.<\/li>\n<li><strong>Jak d\u0142ugo trwa Bang Leader 85000?<\/strong><br \/>\nPrzy 85 000 zaci\u0105gni\u0119\u0107 urz\u0105dzenie mo\u017ce trwa\u0107 tygodnie lub miesi\u0105ce, w zale\u017cno\u015bci od cz\u0119stotliwo\u015bci wapowania.<\/li>\n<li><strong>Czy bateria jest \u0142adowana?<\/strong><br \/>\nTak, bateri\u0119 850 mAh mo\u017cna \u0142adowa\u0107 przez port typu C, zapewniaj\u0105c szybkie i wygodne w\u0142\u0105czanie.<\/li>\n<li><strong>Jak wybra\u0107 dla mnie odpowiedni\u0105 kombinacj\u0119 smak\u00f3w?<\/strong><br \/>\nZastan\u00f3w si\u0119 nad swoimi preferencjami smakowymi: Mieszanki owocowe, takie jak l\u00f3d winogronowy lub l\u00f3d arbuzowy, pasuj\u0105 do tych, kt\u00f3rzy lubi\u0105 \u017cywe nuty, podczas gdy opcje przypominaj\u0105ce deser, takie jak lody truskawkowe lub marshmallow, atrakcyjne dla s\u0142odszych podniebienia. Wypr\u00f3buj mieszank\u0119 z kontrastuj\u0105cymi smakami dla r\u00f3\u017cnorodno\u015bci.<\/li>\n<li><strong>Jak\u0105 si\u0142\u0119 nikotyny wybra\u0107?<\/strong><br \/>\nWybierz 0% dla bez nikotyny, 2% lub 3% dla l\u017cejszego trafienia lub 5% dla silniejszego odczucia, w zale\u017cno\u015bci od twoich preferencji.<\/li>\n<li><strong>Czy wy\u015bwietlacz LED pokazuje wszystkie niezb\u0119dne informacje?<\/strong><br \/>\nTak, wy\u015bwietlacz LED zapewnia aktualizacje w czasie rzeczywistym na temat \u017cywotno\u015bci baterii i poziom\u00f3w e-liquid dla ka\u017cdego podsma\u017cka.<\/li>\n<li><strong>Czy mog\u0119 u\u017cy\u0107 wszystkich trzech smak\u00f3w w jednej sesji?<\/strong><br \/>\nAbsolutnie, regulowany system smakowy pozwala prze\u0142\u0105cza\u0107 si\u0119 mi\u0119dzy trzema smakami tak cz\u0119sto, jak chcesz podczas sesji.<\/li>\n<\/ol>\n<p>&nbsp;<\/p>\n<p><img fetchpriority=\"high\" decoding=\"async\" class=\"alignnone size-full wp-image-761\" src=\"https:\/\/vapeenjoy.com\/wp-content\/uploads\/2025\/07\/\u5fae\u4fe1\u56fe\u7247_20250710110543.jpg\" alt=\"Bang Leader 85000 Puffs 3 w 1 Smaki jednorazowe waporyzatorzy wszystkie smaki\" width=\"1280\" height=\"2491\" srcset=\"https:\/\/vapeenjoy.com\/wp-content\/uploads\/2025\/07\/\u5fae\u4fe1\u56fe\u7247_20250710110543.jpg 1280w, https:\/\/vapeenjoy.com\/wp-content\/uploads\/2025\/07\/\u5fae\u4fe1\u56fe\u7247_20250710110543-600x1168.jpg 600w, https:\/\/vapeenjoy.com\/wp-content\/uploads\/2025\/07\/\u5fae\u4fe1\u56fe\u7247_20250710110543-154x300.jpg 154w, https:\/\/vapeenjoy.com\/wp-content\/uploads\/2025\/07\/\u5fae\u4fe1\u56fe\u7247_20250710110543-526x1024.jpg 526w, https:\/\/vapeenjoy.com\/wp-content\/uploads\/2025\/07\/\u5fae\u4fe1\u56fe\u7247_20250710110543-768x1495.jpg 768w, https:\/\/vapeenjoy.com\/wp-content\/uploads\/2025\/07\/\u5fae\u4fe1\u56fe\u7247_20250710110543-789x1536.jpg 789w, https:\/\/vapeenjoy.com\/wp-content\/uploads\/2025\/07\/\u5fae\u4fe1\u56fe\u7247_20250710110543-1052x2048.jpg 1052w\" sizes=\"(max-width: 1280px) 100vw, 1280px\" \/><\/p>","protected":false},"excerpt":{"rendered":"<p>Bang Leader prezentuje jednorazowe waporyzator 85000 Puffs Flavo 3 w 1, urz\u0105dzenie o du\u017cej pojemno\u015bci o pojemno\u015bci 60 ml i nikotyny 0-5%. Ciesz si\u0119 bezszwow\u0105 prze\u0142\u0105czaniem smaku dzi\u0119ki trzem 20 ml str\u0105kom, akumulatorowi o pojemno\u015bci 850 mAh i cewce z potr\u00f3jn\u0105 siatk\u0105 dla bogatego smaku. Wy\u015bwietlacz LED zapewnia \u0142atwe monitorowanie, idealny do wszechstronnego wapowania.<\/p>","protected":false},"featured_media":762,"comment_status":"open","ping_status":"closed","template":"","meta":[],"product_brand":[16],"product_cat":[61],"product_tag":[64,73,63],"class_list":{"0":"post-758","1":"product","2":"type-product","3":"status-publish","4":"has-post-thumbnail","6":"product_brand-bang-vape","7":"product_cat-85000-puffs-vape","8":"product_tag-0-5-nicotine","9":"product_tag-3-in-1-flavors","10":"product_tag-60ml","12":"first","13":"instock","14":"sale","15":"shipping-taxable","16":"purchasable","17":"product-type-variable"},"yoast_head":"<!-- This site is optimized with the Yoast SEO plugin v25.7 - https:\/\/yoast.com\/wordpress\/plugins\/seo\/ -->\n<title>Bang Leader 85000 Puffs 3-in-1 Flavors Disposable Vape<\/title>\n<meta name=\"description\" content=\"Bang Leader 85000 Puffs Disposable Vape: 3-in-1 flavors, 60ml e-liquid, 0-5% nicotine, smart display, 850mAh battery. Shop now!\" \/>\n<meta name=\"robots\" content=\"index, follow, max-snippet:-1, max-image-preview:large, max-video-preview:-1\" \/>\n<link rel=\"canonical\" href=\"https:\/\/vapeenjoy.com\/pl\/produkt\/bang-leader-85000-puffs-3-w-1-jednorazowe-waporyzatory-smakowe\/\" \/>\n<meta property=\"og:locale\" content=\"pl_PL\" \/>\n<meta property=\"og:type\" content=\"article\" \/>\n<meta property=\"og:title\" content=\"Bang Leader 85000 Puffs 3-in-1 Flavors Disposable Vape\" \/>\n<meta property=\"og:description\" content=\"Bang Leader 85000 Puffs Disposable Vape: 3-in-1 flavors, 60ml e-liquid, 0-5% nicotine, smart display, 850mAh battery. Shop now!\" \/>\n<meta property=\"og:url\" content=\"https:\/\/vapeenjoy.com\/pl\/produkt\/bang-leader-85000-puffs-3-w-1-jednorazowe-waporyzatory-smakowe\/\" \/>\n<meta property=\"og:site_name\" content=\"vapeenjoy\" \/>\n<meta property=\"article:modified_time\" content=\"2025-08-18T08:05:25+00:00\" \/>\n<meta property=\"og:image\" content=\"https:\/\/vapeenjoy.com\/wp-content\/uploads\/2025\/07\/\u5fae\u4fe1\u56fe\u7247_20250710110610.jpg\" \/>\n\t<meta property=\"og:image:width\" content=\"1280\" \/>\n\t<meta property=\"og:image:height\" content=\"1280\" \/>\n\t<meta property=\"og:image:type\" content=\"image\/jpeg\" \/>\n<meta name=\"twitter:card\" content=\"summary_large_image\" \/>\n<meta name=\"twitter:label1\" content=\"Szacowany czas czytania\" \/>\n\t<meta name=\"twitter:data1\" content=\"4 minuty\" \/>\n<script type=\"application\/ld+json\" class=\"yoast-schema-graph\">{\"@context\":\"https:\/\/schema.org\",\"@graph\":[{\"@type\":\"WebPage\",\"@id\":\"https:\/\/vapeenjoy.com\/product\/bang-leader-85000-puffs-3-in-1-flavor-disposable-vape\/\",\"url\":\"https:\/\/vapeenjoy.com\/product\/bang-leader-85000-puffs-3-in-1-flavor-disposable-vape\/\",\"name\":\"Bang Leader 85000 Puffs 3-in-1 Flavors Disposable Vape\",\"isPartOf\":{\"@id\":\"https:\/\/vapeenjoy.com\/#website\"},\"primaryImageOfPage\":{\"@id\":\"https:\/\/vapeenjoy.com\/product\/bang-leader-85000-puffs-3-in-1-flavor-disposable-vape\/#primaryimage\"},\"image\":{\"@id\":\"https:\/\/vapeenjoy.com\/product\/bang-leader-85000-puffs-3-in-1-flavor-disposable-vape\/#primaryimage\"},\"thumbnailUrl\":\"https:\/\/vapeenjoy.com\/wp-content\/uploads\/2025\/07\/\u5fae\u4fe1\u56fe\u7247_20250710110610.jpg\",\"datePublished\":\"2025-07-30T07:24:26+00:00\",\"dateModified\":\"2025-08-18T08:05:25+00:00\",\"description\":\"Bang Leader 85000 Puffs Disposable Vape: 3-in-1 flavors, 60ml e-liquid, 0-5% nicotine, smart display, 850mAh battery. Shop now!\",\"breadcrumb\":{\"@id\":\"https:\/\/vapeenjoy.com\/product\/bang-leader-85000-puffs-3-in-1-flavor-disposable-vape\/#breadcrumb\"},\"inLanguage\":\"pl-PL\",\"potentialAction\":[{\"@type\":\"ReadAction\",\"target\":[\"https:\/\/vapeenjoy.com\/product\/bang-leader-85000-puffs-3-in-1-flavor-disposable-vape\/\"]}]},{\"@type\":\"ImageObject\",\"inLanguage\":\"pl-PL\",\"@id\":\"https:\/\/vapeenjoy.com\/product\/bang-leader-85000-puffs-3-in-1-flavor-disposable-vape\/#primaryimage\",\"url\":\"https:\/\/vapeenjoy.com\/wp-content\/uploads\/2025\/07\/\u5fae\u4fe1\u56fe\u7247_20250710110610.jpg\",\"contentUrl\":\"https:\/\/vapeenjoy.com\/wp-content\/uploads\/2025\/07\/\u5fae\u4fe1\u56fe\u7247_20250710110610.jpg\",\"width\":1280,\"height\":1280},{\"@type\":\"BreadcrumbList\",\"@id\":\"https:\/\/vapeenjoy.com\/product\/bang-leader-85000-puffs-3-in-1-flavor-disposable-vape\/#breadcrumb\",\"itemListElement\":[{\"@type\":\"ListItem\",\"position\":1,\"name\":\"Home\",\"item\":\"https:\/\/vapeenjoy.com\/\"},{\"@type\":\"ListItem\",\"position\":2,\"name\":\"Shop\",\"item\":\"https:\/\/vapeenjoy.com\/vapeenjoy-shop\/\"},{\"@type\":\"ListItem\",\"position\":3,\"name\":\"Bang Leader 85000 Puffs 3-in-1 Flavors Disposable Vape 60ml 0-5% Nicotine\"}]},{\"@type\":\"WebSite\",\"@id\":\"https:\/\/vapeenjoy.com\/#website\",\"url\":\"https:\/\/vapeenjoy.com\/\",\"name\":\"vapeenjoy\",\"description\":\"An online store for selling vapes\",\"potentialAction\":[{\"@type\":\"SearchAction\",\"target\":{\"@type\":\"EntryPoint\",\"urlTemplate\":\"https:\/\/vapeenjoy.com\/?s={search_term_string}\"},\"query-input\":{\"@type\":\"PropertyValueSpecification\",\"valueRequired\":true,\"valueName\":\"search_term_string\"}}],\"inLanguage\":\"pl-PL\"}]}<\/script>\n<!-- \/ Yoast SEO plugin. -->","yoast_head_json":{"title":"Bang Leader 85000 Puffs 3 w 1 Smaki jednorazowe waporyzator","description":"Bang Leader 85000 Puffs Jednorazowe waporyzator: 3 w 1 smaki, 60 ml e-liquid, nikotyna 0-5%, inteligentny wy\u015bwietlacz, bateria 850mAh. Kupuj teraz!","robots":{"index":"index","follow":"follow","max-snippet":"max-snippet:-1","max-image-preview":"max-image-preview:large","max-video-preview":"max-video-preview:-1"},"canonical":"https:\/\/vapeenjoy.com\/pl\/produkt\/bang-leader-85000-puffs-3-w-1-jednorazowe-waporyzatory-smakowe\/","og_locale":"pl_PL","og_type":"article","og_title":"Bang Leader 85000 Puffs 3-in-1 Flavors Disposable Vape","og_description":"Bang Leader 85000 Puffs Disposable Vape: 3-in-1 flavors, 60ml e-liquid, 0-5% nicotine, smart display, 850mAh battery. Shop now!","og_url":"https:\/\/vapeenjoy.com\/pl\/produkt\/bang-leader-85000-puffs-3-w-1-jednorazowe-waporyzatory-smakowe\/","og_site_name":"vapeenjoy","article_modified_time":"2025-08-18T08:05:25+00:00","og_image":[{"width":1280,"height":1280,"url":"https:\/\/vapeenjoy.com\/wp-content\/uploads\/2025\/07\/\u5fae\u4fe1\u56fe\u7247_20250710110610.jpg","type":"image\/jpeg"}],"twitter_card":"summary_large_image","twitter_misc":{"Szacowany czas czytania":"4 minuty"},"schema":{"@context":"https:\/\/schema.org","@graph":[{"@type":"WebPage","@id":"https:\/\/vapeenjoy.com\/product\/bang-leader-85000-puffs-3-in-1-flavor-disposable-vape\/","url":"https:\/\/vapeenjoy.com\/product\/bang-leader-85000-puffs-3-in-1-flavor-disposable-vape\/","name":"Bang Leader 85000 Puffs 3 w 1 Smaki jednorazowe waporyzator","isPartOf":{"@id":"https:\/\/vapeenjoy.com\/#website"},"primaryImageOfPage":{"@id":"https:\/\/vapeenjoy.com\/product\/bang-leader-85000-puffs-3-in-1-flavor-disposable-vape\/#primaryimage"},"image":{"@id":"https:\/\/vapeenjoy.com\/product\/bang-leader-85000-puffs-3-in-1-flavor-disposable-vape\/#primaryimage"},"thumbnailUrl":"https:\/\/vapeenjoy.com\/wp-content\/uploads\/2025\/07\/\u5fae\u4fe1\u56fe\u7247_20250710110610.jpg","datePublished":"2025-07-30T07:24:26+00:00","dateModified":"2025-08-18T08:05:25+00:00","description":"Bang Leader 85000 Puffs Jednorazowe waporyzator: 3 w 1 smaki, 60 ml e-liquid, nikotyna 0-5%, inteligentny wy\u015bwietlacz, bateria 850mAh. Kupuj teraz!","breadcrumb":{"@id":"https:\/\/vapeenjoy.com\/product\/bang-leader-85000-puffs-3-in-1-flavor-disposable-vape\/#breadcrumb"},"inLanguage":"pl-PL","potentialAction":[{"@type":"ReadAction","target":["https:\/\/vapeenjoy.com\/product\/bang-leader-85000-puffs-3-in-1-flavor-disposable-vape\/"]}]},{"@type":"ImageObject","inLanguage":"pl-PL","@id":"https:\/\/vapeenjoy.com\/product\/bang-leader-85000-puffs-3-in-1-flavor-disposable-vape\/#primaryimage","url":"https:\/\/vapeenjoy.com\/wp-content\/uploads\/2025\/07\/\u5fae\u4fe1\u56fe\u7247_20250710110610.jpg","contentUrl":"https:\/\/vapeenjoy.com\/wp-content\/uploads\/2025\/07\/\u5fae\u4fe1\u56fe\u7247_20250710110610.jpg","width":1280,"height":1280},{"@type":"BreadcrumbList","@id":"https:\/\/vapeenjoy.com\/product\/bang-leader-85000-puffs-3-in-1-flavor-disposable-vape\/#breadcrumb","itemListElement":[{"@type":"ListItem","position":1,"name":"Home","item":"https:\/\/vapeenjoy.com\/"},{"@type":"ListItem","position":2,"name":"Shop","item":"https:\/\/vapeenjoy.com\/vapeenjoy-shop\/"},{"@type":"ListItem","position":3,"name":"Bang Leader 85000 Puffs 3-in-1 Flavors Disposable Vape 60ml 0-5% Nicotine"}]},{"@type":"WebSite","@id":"https:\/\/vapeenjoy.com\/#website","url":"https:\/\/vapeenjoy.com\/","name":"skutkowaty","description":"Sklep internetowy do sprzeda\u017cy vapes","potentialAction":[{"@type":"SearchAction","target":{"@type":"EntryPoint","urlTemplate":"https:\/\/vapeenjoy.com\/?s={search_term_string}"},"query-input":{"@type":"PropertyValueSpecification","valueRequired":true,"valueName":"search_term_string"}}],"inLanguage":"pl-PL"}]}},"_links":{"self":[{"href":"https:\/\/vapeenjoy.com\/pl\/wp-json\/wp\/v2\/product\/758","targetHints":{"allow":["GET"]}}],"collection":[{"href":"https:\/\/vapeenjoy.com\/pl\/wp-json\/wp\/v2\/product"}],"about":[{"href":"https:\/\/vapeenjoy.com\/pl\/wp-json\/wp\/v2\/types\/product"}],"replies":[{"embeddable":true,"href":"https:\/\/vapeenjoy.com\/pl\/wp-json\/wp\/v2\/comments?post=758"}],"version-history":[{"count":4,"href":"https:\/\/vapeenjoy.com\/pl\/wp-json\/wp\/v2\/product\/758\/revisions"}],"predecessor-version":[{"id":2241,"href":"https:\/\/vapeenjoy.com\/pl\/wp-json\/wp\/v2\/product\/758\/revisions\/2241"}],"wp:featuredmedia":[{"embeddable":true,"href":"https:\/\/vapeenjoy.com\/pl\/wp-json\/wp\/v2\/media\/762"}],"wp:attachment":[{"href":"https:\/\/vapeenjoy.com\/pl\/wp-json\/wp\/v2\/media?parent=758"}],"wp:term":[{"taxonomy":"product_brand","embeddable":true,"href":"https:\/\/vapeenjoy.com\/pl\/wp-json\/wp\/v2\/product_brand?post=758"},{"taxonomy":"product_cat","embeddable":true,"href":"https:\/\/vapeenjoy.com\/pl\/wp-json\/wp\/v2\/product_cat?post=758"},{"taxonomy":"product_tag","embeddable":true,"href":"https:\/\/vapeenjoy.com\/pl\/wp-json\/wp\/v2\/product_tag?post=758"}],"curies":[{"name":"wp","href":"https:\/\/api.w.org\/{rel}","templated":true}]}}