{"id":768,"date":"2025-07-30T09:58:38","date_gmt":"2025-07-30T09:58:38","guid":{"rendered":"https:\/\/vapeenjoy.com\/?post_type=product&#038;p=768"},"modified":"2025-08-18T08:04:57","modified_gmt":"2025-08-18T08:04:57","slug":"vozol-vista-40k-puffs-disposable-vape-5-nicotine-adjustable-airflow","status":"publish","type":"product","link":"https:\/\/vapeenjoy.com\/pl\/produkt\/vozol-vista-40k-puffs-jednorazowe-vape-5-nikotyny-regulowany-przeplyw-powietrza\/","title":{"rendered":"VOZOL VISTA 40K Puffy regulowany przep\u0142yw powietrza jednorazowy Vape 5% Nikotyna"},"content":{"rendered":"<h2 dir=\"auto\">VOZOL VISTA 40K Puffs jednorazowe vape 5% Nikotyna Opis produktu<\/h2>\n<p dir=\"auto\">Od momentu powstania w 2018 roku Vozol zajmuje si\u0119 tworzeniem wysokiej jako\u015bci produkt\u00f3w do waporyzowania, kt\u00f3re traktuj\u0105 priorytetowo satysfakcj\u0119 u\u017cytkownik\u00f3w i odpowiedzialne u\u017cytkowanie. Jednorazowe waporyzatory VOZOL Vista 40K Puffs uosabiaj\u0105 to zobowi\u0105zanie, oferuj\u0105c imponuj\u0105c\u0105 liczb\u0119 zaci\u0105gni\u0119\u0107 i niezawodne dzia\u0142anie w wygodnym, jednorazowym urz\u0105dzeniu. Dzi\u0119ki eleganckiej, przezroczystej obudowie i ergonomicznej przyczepno\u015bci urz\u0105dzenie \u0142\u0105czy w sobie estetyk\u0119 z praktyczno\u015bci\u0105, z \u017cywym cyfrowym wy\u015bwietlaczem do monitorowania ustawie\u0144 w czasie rzeczywistym i \u017cywotno\u015bci baterii. Aby uzyska\u0107 wi\u0119cej produkt\u00f3w i akcesori\u00f3w do wapnowania, odkryj <a href=\"https:\/\/vapeenjoy.com\/\" target=\"_blank\" rel=\"noopener noreferrer nofollow\">Vape ciesz si\u0119<\/a> Aby znale\u017a\u0107 idealne dopasowanie do swoich preferencji.<\/p>\n<h2 dir=\"auto\">Specyfikacje produktu<\/h2>\n<ul dir=\"auto\">\n<li><strong>Liczba zaci\u0105gni\u0119\u0107<\/strong>: 40 000 \u2013 dostarcza do 40 000 zaci\u0105gni\u0119\u0107, zapewniaj\u0105c d\u0142ugotrwa\u0142e u\u017cytkowanie lekkich i ci\u0119\u017ckich vaper\u00f3w, z szacowanym czasem trwania 45-60 dni dla u\u017cytkownik\u00f3w \u015bwiat\u0142a (50-100 zaci\u0105gni\u0119\u0107\/dzie\u0144), 20-25 dni dla umiarkowanych u\u017cytkownik\u00f3w (200-300 zaci\u0105g\u00f3w\/dzie\u0144) i 12-15 dni dla u\u017cytkownik\u00f3w ci\u0119\u017ckich (400-500 dyni\/dzie\u0144).<\/li>\n<li><strong>Si\u0142a nikotyny<\/strong>: 5% (50 mg\/ml) \u2013 zapewnia silne uderzenie nikotyny, idealne dla os\u00f3b poszukuj\u0105cych satysfakcjonuj\u0105cego uczucia gard\u0142a.<\/li>\n<li><strong>Pojemno\u015b\u0107 baterii<\/strong>: 1000 mAh - Wytrzyma\u0142y akumulator obs\u0142uguje d\u0142u\u017csze u\u017cytkowanie przy sta\u0142ej mocy wyj\u015bciowej.<\/li>\n<li><strong>zbrojenie<\/strong>: USB Type-C \u2013 umo\u017cliwia szybkie \u0142adowanie, pe\u0142ne \u0142adowanie urz\u0105dzenia w oko\u0142o 45-60 minut.<\/li>\n<li><strong>Technologia cewki<\/strong>: Cewki z podw\u00f3jn\u0105 siatk\u0105 \u2013 zwi\u0119kszaj\u0105 sp\u00f3jno\u015b\u0107 smaku i wytwarzaj\u0105 par\u0119, zapewniaj\u0105c p\u0142ynne, bogate naci\u0105ganie.<\/li>\n<li><strong>Kontrola mocy<\/strong>: 4-poziomowa regulacja \u2013 pozwala u\u017cytkownikom dostosowa\u0107 moc wyj\u015bciow\u0105 pod k\u0105tem preferowanej intensywno\u015bci smaku i si\u0142y zaci\u0105gni\u0119cia.<\/li>\n<li><strong>Kontrola przep\u0142ywu powietrza<\/strong>: 2-poziomowa regulacja \u2013 oferuje elastyczno\u015b\u0107 regulacji oporu od ciasnego MTL do lu\u017anego RDL.<\/li>\n<li><strong>manifest<\/strong>: Smart LED Screen \u2013 pokazuje \u017cywotno\u015b\u0107 baterii w czasie rzeczywistym, poziomy e-p\u0142yn\u00f3w i ustawienia mocy dla wygody u\u017cytkownika.<\/li>\n<li><strong>aktywacja<\/strong>: Draw-Activated \u2013 prosta obs\u0142uga bez przycisk\u00f3w dla \u0142atwo\u015bci u\u017cytkowania.<\/li>\n<li><strong>osobisty<\/strong>: : 65% PCR (plastik nadaj\u0105cy si\u0119 do recyklingu) \u2013 zawiera ekologiczne materia\u0142y zapewniaj\u0105ce zr\u00f3wnowa\u017cony projekt.<\/li>\n<\/ul>\n<h2 dir=\"auto\">20 smak\u00f3w premium<\/h2>\n<ol dir=\"auto\">\n<li><strong>niebieski razz l\u00f3d<\/strong> \u2013 Pikantna niebieska malina z orze\u017awiaj\u0105cym wyko\u0144czeniem mentolowym.<\/li>\n<li><strong>l\u00f3d jagodowy<\/strong> \u2013 S\u0142odkie nuty z jagodami w po\u0142\u0105czeniu z ch\u0142odnym, lodowatym wydechem.<\/li>\n<li><strong>Kola wi\u015bniowa<\/strong> \u2013 Fizzy Cola z odwa\u017cn\u0105 wi\u015bni\u0105 dla nostalgicznego smaku.<\/li>\n<li><strong>podw\u00f3jne jab\u0142ko<\/strong> \u2013 Mieszanka zielona i czerwone jab\u0142ko dla zr\u00f3wnowa\u017conego, owocowego przyci\u0105gania.<\/li>\n<li><strong>mro\u017cone truskawki kiwi<\/strong> \u2013 Soczyste truskawki i cierpkie kiwi z mro\u017anym kopni\u0119ciem.<\/li>\n<li><strong>l\u00f3d winog<\/strong> \u2013 Smak s\u0142odkiego winogron z ch\u0142odnym posmakiem mentolowym.<\/li>\n<li><strong>soczysta brzoskwinia<\/strong> \u2013 Soczysta brzoskwinia zapewniaj\u0105ca naturalnie s\u0142odkie i g\u0142adkie uderzenie.<\/li>\n<li><strong>Mi\u0142o\u015b\u0107 777<\/strong> \u2013 Tajemnicza, s\u0142odka mieszanka z owocowymi i kremowymi nutami.<\/li>\n<li><strong>Liszek pomara\u0144czowy marakuja<\/strong> \u2013 Egzotyczna liczi, pikantna pomara\u0144cza i tropikalna fuzja marakui.<\/li>\n<li><strong>l\u00f3d mango<\/strong> \u2013 Dojrza\u0142e mango z ch\u0142odz\u0105cym mentolowym wiatrem.<\/li>\n<li><strong>marakuja z mango<\/strong> \u2013 \u017bywe mango w po\u0142\u0105czeniu z pikantnym owocem marakui.<\/li>\n<li><strong>Brzoskwinia z mango<\/strong> \u2013 Tropikalne mango i soczysta brzoskwinia dla harmonijnej mieszanki.<\/li>\n<li><strong>Guma melona<\/strong> \u2013 S\u0142odki melon z zabawnym akcentem gumy do \u017cucia.<\/li>\n<li><strong>Miami Mi\u0119ta<\/strong> \u2013 Chrupi\u0105ca, orze\u017awiaj\u0105ca mi\u0119ta dla czystego i orze\u017awiaj\u0105cego pty\u015bka.<\/li>\n<li><strong>mandarynka malinowa z marakui<\/strong> \u2013 pikantna marakuja, tarta malina i cytrusowa mieszanka mandarynki.<\/li>\n<li><strong>Jagoda brzoskwiniowa<\/strong> \u2013 Soczysta brzoskwinia w po\u0142\u0105czeniu z mieszank\u0105 mieszanych jag\u00f3d.<\/li>\n<li><strong>truskawkowy banan<\/strong> \u2013 Kremowy banan i s\u0142odka truskawka dla g\u0142adkiego, owocowego przyci\u0105gania.<\/li>\n<li><strong>Arbuz truskawkowy<\/strong> \u2013 Dojrza\u0142a truskawka i orze\u017awiaj\u0105ca fuzja arbuza.<\/li>\n<li><strong>Guma balonowa z arbuza<\/strong> \u2013 Soczysty arbuz z finiszem ze s\u0142odkiej gumy do \u017cucia.<\/li>\n<li><strong>l\u00f3d arbuzowy<\/strong> \u2013 Klasyczny smak arbuza z ch\u0142odz\u0105cym mentolowym dotykiem.<\/li>\n<\/ol>\n<h2 dir=\"auto\">Cz\u0119sto zadawane pytania<\/h2>\n<ol dir=\"auto\">\n<li><strong>Jaka jest liczba zaci\u0105gni\u0119\u0107 w Vozol Vista 40k?<\/strong><br \/>\nUrz\u0105dzenie oferuje do 40 000 zaci\u0105gni\u0119\u0107, przy czym czas trwania zmienia si\u0119 w zale\u017cno\u015bci od u\u017cytkowania: oko\u0142o 45-60 dni dla u\u017cytkownik\u00f3w lekkich, 20-25 dni dla umiarkowanych u\u017cytkownik\u00f3w i 12-15 dni dla u\u017cytkownik\u00f3w ci\u0119\u017ckich.<\/li>\n<li><strong>Jak d\u0142ugo trwa \u0142adowanie urz\u0105dzenia?<\/strong><br \/>\nVozol Vista 40K ma port USB typu C i \u0142aduje si\u0119 w oko\u0142o 45-60 minut.<\/li>\n<li><strong>Czy mog\u0119 dostosowa\u0107 intensywno\u015b\u0107 wapowania?<\/strong><br \/>\nTak, urz\u0105dzenie zawiera 4-poziomow\u0105 kontrol\u0119 mocy i 2-poziomow\u0105 regulacj\u0119 przep\u0142ywu powietrza, co pozwala dostosowa\u0107 intensywno\u015b\u0107 smaku i oporu naci\u0105gu.<\/li>\n<li><strong>Jak wybra\u0107 dla mnie odpowiedni smak?<\/strong><br \/>\nZ 20 smakami, we\u017a pod uwag\u0119 swoje preferencje smakowe: owocowe opcje, takie jak Mango Ice lub Strawberry Watermelon Suits, a Minty Choices, takie jak Miami Mint, oferuj\u0105 orze\u017awiaj\u0105cy hit. Przetestuj r\u00f3\u017cne profile, takie jak mieszanki lodowe, kremowe lub pikantne, aby znale\u017a\u0107 swoje ulubione.<\/li>\n<li><strong>Czy si\u0142a nikotyny jest odpowiednia dla wszystkich u\u017cytkownik\u00f3w?<\/strong><br \/>\nSi\u0142a nikotyny 5% (50 mg\/ml) jest silna, idealna dla os\u00f3b poszukuj\u0105cych silnego uderzenia w gard\u0142o. Skonsultuj si\u0119 z lekarzem, je\u015bli masz obawy dotycz\u0105ce u\u017cywania nikotyny.<\/li>\n<li><strong>Sk\u0105d mam wiedzie\u0107, kiedy na\u0142adowa\u0107 lub wymieni\u0107 urz\u0105dzenie?<\/strong><br \/>\nEkran Smart LED wy\u015bwietla poziomy baterii i e-liquid, ostrzegaj\u0105c, gdy konieczne jest ponowne na\u0142adowanie lub wymiana.<\/li>\n<li><strong>Czy urz\u0105dzenie jest przyjazne dla \u015brodowiska?<\/strong><br \/>\nVozol Vista 40K wykorzystuje plastik PCR 65%, kt\u00f3ry jest recycling, przyczyniaj\u0105c si\u0119 do bardziej zr\u00f3wnowa\u017conego projektu.<\/li>\n<\/ol>\n<p><img fetchpriority=\"high\" decoding=\"async\" class=\"alignnone size-full wp-image-770\" src=\"https:\/\/vapeenjoy.com\/wp-content\/uploads\/2025\/07\/Vozol-Vista-40K-Puffs-Adjustable-Airflow-Disposable-Vape.webp\" alt=\"\" width=\"2188\" height=\"2560\" srcset=\"https:\/\/vapeenjoy.com\/wp-content\/uploads\/2025\/07\/Vozol-Vista-40K-Puffs-Adjustable-Airflow-Disposable-Vape.webp 2188w, https:\/\/vapeenjoy.com\/wp-content\/uploads\/2025\/07\/Vozol-Vista-40K-Puffs-Adjustable-Airflow-Disposable-Vape-600x702.webp 600w, https:\/\/vapeenjoy.com\/wp-content\/uploads\/2025\/07\/Vozol-Vista-40K-Puffs-Adjustable-Airflow-Disposable-Vape-256x300.webp 256w, https:\/\/vapeenjoy.com\/wp-content\/uploads\/2025\/07\/Vozol-Vista-40K-Puffs-Adjustable-Airflow-Disposable-Vape-875x1024.webp 875w, https:\/\/vapeenjoy.com\/wp-content\/uploads\/2025\/07\/Vozol-Vista-40K-Puffs-Adjustable-Airflow-Disposable-Vape-768x899.webp 768w, https:\/\/vapeenjoy.com\/wp-content\/uploads\/2025\/07\/Vozol-Vista-40K-Puffs-Adjustable-Airflow-Disposable-Vape-1313x1536.webp 1313w, https:\/\/vapeenjoy.com\/wp-content\/uploads\/2025\/07\/Vozol-Vista-40K-Puffs-Adjustable-Airflow-Disposable-Vape-1750x2048.webp 1750w\" sizes=\"(max-width: 2188px) 100vw, 2188px\" \/><\/p>","protected":false},"excerpt":{"rendered":"<p>Vozol, zaufana nazwa w Vaping od 2018 roku, prezentuje jednorazowe waporyzatory Vista 40K Puffs z nikotyn\u0105 5%. To eleganckie urz\u0105dzenie zapewnia do 40 000 zaci\u0105gni\u0119\u0107, akumulator o pojemno\u015bci 1000 mAh, pojemno\u015b\u0107 e-liquid 24 ml, cewki z podw\u00f3jn\u0105 siatk\u0105 oraz regulowany moc i przep\u0142yw powietrza, co zapewnia spersonalizowany, d\u0142ugotrwa\u0142y waporyzator.<\/p>","protected":false},"featured_media":772,"comment_status":"open","ping_status":"closed","template":"","meta":[],"product_brand":[48],"product_cat":[23],"product_tag":[62],"class_list":{"0":"post-768","1":"product","2":"type-product","3":"status-publish","4":"has-post-thumbnail","6":"product_brand-vozol-vape","7":"product_cat-40000-puffs-vape","8":"product_tag-5-nicotine","10":"first","11":"instock","12":"sale","13":"shipping-taxable","14":"purchasable","15":"product-type-variable"},"yoast_head":"<!-- This site is optimized with the Yoast SEO plugin v25.7 - https:\/\/yoast.com\/wordpress\/plugins\/seo\/ -->\n<title>VOZOL Vista 40K Puffs Disposable Vape 5% Nicotine<\/title>\n<meta name=\"description\" content=\"VOZOL Vista 40K Disposable Vape: 40,000 puffs, 5% nicotine, adjustable airflow, dual mesh coils. Shop now for premium vaping!\" \/>\n<meta name=\"robots\" content=\"index, follow, max-snippet:-1, max-image-preview:large, max-video-preview:-1\" \/>\n<link rel=\"canonical\" href=\"https:\/\/vapeenjoy.com\/pl\/produkt\/vozol-vista-40k-puffs-jednorazowe-vape-5-nikotyny-regulowany-przeplyw-powietrza\/\" \/>\n<meta property=\"og:locale\" content=\"pl_PL\" \/>\n<meta property=\"og:type\" content=\"article\" \/>\n<meta property=\"og:title\" content=\"VOZOL Vista 40K Puffs Disposable Vape 5% Nicotine\" \/>\n<meta property=\"og:description\" content=\"VOZOL Vista 40K Disposable Vape: 40,000 puffs, 5% nicotine, adjustable airflow, dual mesh coils. Shop now for premium vaping!\" \/>\n<meta property=\"og:url\" content=\"https:\/\/vapeenjoy.com\/pl\/produkt\/vozol-vista-40k-puffs-jednorazowe-vape-5-nikotyny-regulowany-przeplyw-powietrza\/\" \/>\n<meta property=\"og:site_name\" content=\"vapeenjoy\" \/>\n<meta property=\"article:modified_time\" content=\"2025-08-18T08:04:57+00:00\" \/>\n<meta property=\"og:image\" content=\"https:\/\/vapeenjoy.com\/wp-content\/uploads\/2025\/07\/Vozol-Vista-40K-Puffs-Adjustable-Airflow-Disposable-Vape.png\" \/>\n\t<meta property=\"og:image:width\" content=\"2500\" \/>\n\t<meta property=\"og:image:height\" content=\"2500\" \/>\n\t<meta property=\"og:image:type\" content=\"image\/png\" \/>\n<meta name=\"twitter:card\" content=\"summary_large_image\" \/>\n<meta name=\"twitter:label1\" content=\"Szacowany czas czytania\" \/>\n\t<meta name=\"twitter:data1\" content=\"4 minuty\" \/>\n<script type=\"application\/ld+json\" class=\"yoast-schema-graph\">{\"@context\":\"https:\/\/schema.org\",\"@graph\":[{\"@type\":\"WebPage\",\"@id\":\"https:\/\/vapeenjoy.com\/product\/vozol-vista-40k-puffs-disposable-vape-5-nicotine-adjustable-airflow\/\",\"url\":\"https:\/\/vapeenjoy.com\/product\/vozol-vista-40k-puffs-disposable-vape-5-nicotine-adjustable-airflow\/\",\"name\":\"VOZOL Vista 40K Puffs Disposable Vape 5% Nicotine\",\"isPartOf\":{\"@id\":\"https:\/\/vapeenjoy.com\/#website\"},\"primaryImageOfPage\":{\"@id\":\"https:\/\/vapeenjoy.com\/product\/vozol-vista-40k-puffs-disposable-vape-5-nicotine-adjustable-airflow\/#primaryimage\"},\"image\":{\"@id\":\"https:\/\/vapeenjoy.com\/product\/vozol-vista-40k-puffs-disposable-vape-5-nicotine-adjustable-airflow\/#primaryimage\"},\"thumbnailUrl\":\"https:\/\/vapeenjoy.com\/wp-content\/uploads\/2025\/07\/Vozol-Vista-40K-Puffs-Adjustable-Airflow-Disposable-Vape.png\",\"datePublished\":\"2025-07-30T09:58:38+00:00\",\"dateModified\":\"2025-08-18T08:04:57+00:00\",\"description\":\"VOZOL Vista 40K Disposable Vape: 40,000 puffs, 5% nicotine, adjustable airflow, dual mesh coils. Shop now for premium vaping!\",\"breadcrumb\":{\"@id\":\"https:\/\/vapeenjoy.com\/product\/vozol-vista-40k-puffs-disposable-vape-5-nicotine-adjustable-airflow\/#breadcrumb\"},\"inLanguage\":\"pl-PL\",\"potentialAction\":[{\"@type\":\"ReadAction\",\"target\":[\"https:\/\/vapeenjoy.com\/product\/vozol-vista-40k-puffs-disposable-vape-5-nicotine-adjustable-airflow\/\"]}]},{\"@type\":\"ImageObject\",\"inLanguage\":\"pl-PL\",\"@id\":\"https:\/\/vapeenjoy.com\/product\/vozol-vista-40k-puffs-disposable-vape-5-nicotine-adjustable-airflow\/#primaryimage\",\"url\":\"https:\/\/vapeenjoy.com\/wp-content\/uploads\/2025\/07\/Vozol-Vista-40K-Puffs-Adjustable-Airflow-Disposable-Vape.png\",\"contentUrl\":\"https:\/\/vapeenjoy.com\/wp-content\/uploads\/2025\/07\/Vozol-Vista-40K-Puffs-Adjustable-Airflow-Disposable-Vape.png\",\"width\":2500,\"height\":2500,\"caption\":\"Vozol Vista 40K Puffs Adjustable Airflow Disposable Vape\"},{\"@type\":\"BreadcrumbList\",\"@id\":\"https:\/\/vapeenjoy.com\/product\/vozol-vista-40k-puffs-disposable-vape-5-nicotine-adjustable-airflow\/#breadcrumb\",\"itemListElement\":[{\"@type\":\"ListItem\",\"position\":1,\"name\":\"Home\",\"item\":\"https:\/\/vapeenjoy.com\/\"},{\"@type\":\"ListItem\",\"position\":2,\"name\":\"Shop\",\"item\":\"https:\/\/vapeenjoy.com\/vapeenjoy-shop\/\"},{\"@type\":\"ListItem\",\"position\":3,\"name\":\"Vozol Vista 40K Puffs Adjustable Airflow Disposable Vape 5% Nicotine\"}]},{\"@type\":\"WebSite\",\"@id\":\"https:\/\/vapeenjoy.com\/#website\",\"url\":\"https:\/\/vapeenjoy.com\/\",\"name\":\"vapeenjoy\",\"description\":\"An online store for selling vapes\",\"potentialAction\":[{\"@type\":\"SearchAction\",\"target\":{\"@type\":\"EntryPoint\",\"urlTemplate\":\"https:\/\/vapeenjoy.com\/?s={search_term_string}\"},\"query-input\":{\"@type\":\"PropertyValueSpecification\",\"valueRequired\":true,\"valueName\":\"search_term_string\"}}],\"inLanguage\":\"pl-PL\"}]}<\/script>\n<!-- \/ Yoast SEO plugin. -->","yoast_head_json":{"title":"Vozol Vista 40k Puffy jednorazowe vape 5% nikotyna","description":"VOZOL Vista 40K jednorazowy waporyzator: 40 000 zaci\u0105gni\u0119\u0107, nikotyna 5%, regulowany przep\u0142yw powietrza, cewki z podw\u00f3jnymi siatk\u0105. Kup teraz, aby uzyska\u0107 premium vaping!","robots":{"index":"index","follow":"follow","max-snippet":"max-snippet:-1","max-image-preview":"max-image-preview:large","max-video-preview":"max-video-preview:-1"},"canonical":"https:\/\/vapeenjoy.com\/pl\/produkt\/vozol-vista-40k-puffs-jednorazowe-vape-5-nikotyny-regulowany-przeplyw-powietrza\/","og_locale":"pl_PL","og_type":"article","og_title":"VOZOL Vista 40K Puffs Disposable Vape 5% Nicotine","og_description":"VOZOL Vista 40K Disposable Vape: 40,000 puffs, 5% nicotine, adjustable airflow, dual mesh coils. Shop now for premium vaping!","og_url":"https:\/\/vapeenjoy.com\/pl\/produkt\/vozol-vista-40k-puffs-jednorazowe-vape-5-nikotyny-regulowany-przeplyw-powietrza\/","og_site_name":"vapeenjoy","article_modified_time":"2025-08-18T08:04:57+00:00","og_image":[{"width":2500,"height":2500,"url":"https:\/\/vapeenjoy.com\/wp-content\/uploads\/2025\/07\/Vozol-Vista-40K-Puffs-Adjustable-Airflow-Disposable-Vape.png","type":"image\/png"}],"twitter_card":"summary_large_image","twitter_misc":{"Szacowany czas czytania":"4 minuty"},"schema":{"@context":"https:\/\/schema.org","@graph":[{"@type":"WebPage","@id":"https:\/\/vapeenjoy.com\/product\/vozol-vista-40k-puffs-disposable-vape-5-nicotine-adjustable-airflow\/","url":"https:\/\/vapeenjoy.com\/product\/vozol-vista-40k-puffs-disposable-vape-5-nicotine-adjustable-airflow\/","name":"Vozol Vista 40k Puffy jednorazowe vape 5% nikotyna","isPartOf":{"@id":"https:\/\/vapeenjoy.com\/#website"},"primaryImageOfPage":{"@id":"https:\/\/vapeenjoy.com\/product\/vozol-vista-40k-puffs-disposable-vape-5-nicotine-adjustable-airflow\/#primaryimage"},"image":{"@id":"https:\/\/vapeenjoy.com\/product\/vozol-vista-40k-puffs-disposable-vape-5-nicotine-adjustable-airflow\/#primaryimage"},"thumbnailUrl":"https:\/\/vapeenjoy.com\/wp-content\/uploads\/2025\/07\/Vozol-Vista-40K-Puffs-Adjustable-Airflow-Disposable-Vape.png","datePublished":"2025-07-30T09:58:38+00:00","dateModified":"2025-08-18T08:04:57+00:00","description":"VOZOL Vista 40K jednorazowy waporyzator: 40 000 zaci\u0105gni\u0119\u0107, nikotyna 5%, regulowany przep\u0142yw powietrza, cewki z podw\u00f3jnymi siatk\u0105. Kup teraz, aby uzyska\u0107 premium vaping!","breadcrumb":{"@id":"https:\/\/vapeenjoy.com\/product\/vozol-vista-40k-puffs-disposable-vape-5-nicotine-adjustable-airflow\/#breadcrumb"},"inLanguage":"pl-PL","potentialAction":[{"@type":"ReadAction","target":["https:\/\/vapeenjoy.com\/product\/vozol-vista-40k-puffs-disposable-vape-5-nicotine-adjustable-airflow\/"]}]},{"@type":"ImageObject","inLanguage":"pl-PL","@id":"https:\/\/vapeenjoy.com\/product\/vozol-vista-40k-puffs-disposable-vape-5-nicotine-adjustable-airflow\/#primaryimage","url":"https:\/\/vapeenjoy.com\/wp-content\/uploads\/2025\/07\/Vozol-Vista-40K-Puffs-Adjustable-Airflow-Disposable-Vape.png","contentUrl":"https:\/\/vapeenjoy.com\/wp-content\/uploads\/2025\/07\/Vozol-Vista-40K-Puffs-Adjustable-Airflow-Disposable-Vape.png","width":2500,"height":2500,"caption":"Vozol Vista 40K Puffs Adjustable Airflow Disposable Vape"},{"@type":"BreadcrumbList","@id":"https:\/\/vapeenjoy.com\/product\/vozol-vista-40k-puffs-disposable-vape-5-nicotine-adjustable-airflow\/#breadcrumb","itemListElement":[{"@type":"ListItem","position":1,"name":"Home","item":"https:\/\/vapeenjoy.com\/"},{"@type":"ListItem","position":2,"name":"Shop","item":"https:\/\/vapeenjoy.com\/vapeenjoy-shop\/"},{"@type":"ListItem","position":3,"name":"Vozol Vista 40K Puffs Adjustable Airflow Disposable Vape 5% Nicotine"}]},{"@type":"WebSite","@id":"https:\/\/vapeenjoy.com\/#website","url":"https:\/\/vapeenjoy.com\/","name":"skutkowaty","description":"Sklep internetowy do sprzeda\u017cy vapes","potentialAction":[{"@type":"SearchAction","target":{"@type":"EntryPoint","urlTemplate":"https:\/\/vapeenjoy.com\/?s={search_term_string}"},"query-input":{"@type":"PropertyValueSpecification","valueRequired":true,"valueName":"search_term_string"}}],"inLanguage":"pl-PL"}]}},"_links":{"self":[{"href":"https:\/\/vapeenjoy.com\/pl\/wp-json\/wp\/v2\/product\/768","targetHints":{"allow":["GET"]}}],"collection":[{"href":"https:\/\/vapeenjoy.com\/pl\/wp-json\/wp\/v2\/product"}],"about":[{"href":"https:\/\/vapeenjoy.com\/pl\/wp-json\/wp\/v2\/types\/product"}],"replies":[{"embeddable":true,"href":"https:\/\/vapeenjoy.com\/pl\/wp-json\/wp\/v2\/comments?post=768"}],"version-history":[{"count":4,"href":"https:\/\/vapeenjoy.com\/pl\/wp-json\/wp\/v2\/product\/768\/revisions"}],"predecessor-version":[{"id":2307,"href":"https:\/\/vapeenjoy.com\/pl\/wp-json\/wp\/v2\/product\/768\/revisions\/2307"}],"wp:featuredmedia":[{"embeddable":true,"href":"https:\/\/vapeenjoy.com\/pl\/wp-json\/wp\/v2\/media\/772"}],"wp:attachment":[{"href":"https:\/\/vapeenjoy.com\/pl\/wp-json\/wp\/v2\/media?parent=768"}],"wp:term":[{"taxonomy":"product_brand","embeddable":true,"href":"https:\/\/vapeenjoy.com\/pl\/wp-json\/wp\/v2\/product_brand?post=768"},{"taxonomy":"product_cat","embeddable":true,"href":"https:\/\/vapeenjoy.com\/pl\/wp-json\/wp\/v2\/product_cat?post=768"},{"taxonomy":"product_tag","embeddable":true,"href":"https:\/\/vapeenjoy.com\/pl\/wp-json\/wp\/v2\/product_tag?post=768"}],"curies":[{"name":"wp","href":"https:\/\/api.w.org\/{rel}","templated":true}]}}