{"id":786,"date":"2025-08-01T10:02:21","date_gmt":"2025-08-01T10:02:21","guid":{"rendered":"https:\/\/vapeenjoy.com\/?post_type=product&#038;p=786"},"modified":"2025-08-18T08:04:30","modified_gmt":"2025-08-18T08:04:30","slug":"bang-box-80000-puffs-triple-flavor-vape-60ml","status":"publish","type":"product","link":"https:\/\/vapeenjoy.com\/pl\/produkt\/bang-box-80000-puffs-triple-flavour-vape-60ml\/","title":{"rendered":"Bang Box 80000 Puffs Triple Smaki Jednorazowe Vape 60ml 0-5% Nikotyna"},"content":{"rendered":"<h2 dir=\"ltr\" data-pm-slice=\"1 1 []\">Bang Box 80000 Puffs Triple Flavours Jednorazowe waporyzator Opis produktu<\/h2>\n<p dir=\"ltr\">Bang Box to zaufana nazwa w bran\u017cy vaping, znana z dostarczania urz\u0105dze\u0144 o du\u017cej pojemno\u015bci, kt\u00f3re traktuj\u0105 priorytetowo r\u00f3\u017cnorodno\u015b\u0107 smak\u00f3w i d\u0142ugotrwa\u0142e u\u017cytkowanie. Jednorazowe waporyzatory Bang Box 80000 Puffs Triple Flavours s\u0105 przeznaczone dla vaper\u00f3w, kt\u00f3rzy szukaj\u0105 solidnego, wygodnego urz\u0105dzenia z szerok\u0105 gam\u0105 opcji smakowych. Ten elegancki, kompaktowy vape ma nowoczesny design w kszta\u0142cie pude\u0142ka, dzi\u0119ki czemu mo\u017cna go \u0142atwo nosi\u0107 w kieszeni lub torbie. Jego ergonomiczna konstrukcja zapewnia komfort podczas d\u0142ugotrwa\u0142ego u\u017cytkowania, a wy\u015bwietlacz LED dodaje praktycznego charakteru monitorowania u\u017cytkowania.<\/p>\n<h2 dir=\"ltr\">Specyfikacje produktu<\/h2>\n<ul class=\"tight\" dir=\"ltr\" data-tight=\"true\">\n<li>\n<p dir=\"ltr\"><strong>Liczba zaci\u0105gni\u0119\u0107<\/strong>: Do 80 000 zaci\u0105gni\u0119\u0107 \u2013 zapewnia imponuj\u0105c\u0105 liczb\u0119 zaci\u0105gni\u0119\u0107, zapewniaj\u0105c tygodnie, a nawet miesi\u0105ce konsekwentnej wapowania bez konieczno\u015bci wymiany.<\/p>\n<\/li>\n<li>\n<p dir=\"ltr\"><strong>Pojemno\u015b\u0107 e-liquid\u00f3w<\/strong>: 60 ml \u2013 Podzielony na trzy str\u0105ki o pojemno\u015bci 20 ml, z kt\u00f3rych ka\u017cdy zawiera wyra\u017any smak dla bezproblemowego prze\u0142\u0105czania i przed\u0142u\u017conej przyjemno\u015bci.<\/p>\n<\/li>\n<li>\n<p dir=\"ltr\"><strong>Mocne strony nikotyny<\/strong>: 0%, 2%, 3%, 5% \u2013 oferuje elastyczne opcje dopasowane do r\u00f3\u017cnych preferencji, od nikotyny do mocniejszego uderzenia.<\/p>\n<\/li>\n<li>\n<p dir=\"ltr\"><strong>bateryjny<\/strong>: 850 mAh akumulator - niezawodnie zasila urz\u0105dzenie i obs\u0142uguje szybkie \u0142adowanie, aby zminimalizowa\u0107 przestoje.<\/p>\n<\/li>\n<li>\n<p dir=\"ltr\"><strong>Port \u0142adowania<\/strong>: Type-C \u2013 umo\u017cliwia szybkie i wydajne \u0142adowanie dla wygody i nieprzerwanego u\u017cytkowania.<\/p>\n<\/li>\n<li>\n<p dir=\"ltr\"><strong>cewka<\/strong>: Potr\u00f3jna cewka siatka 1,0\u03a9 \u2013 zapewnia g\u0142adk\u0105, aromatyczn\u0105 par\u0119 z sp\u00f3jnym ogrzewaniem we wszystkich trzech podach smakowych.<\/p>\n<\/li>\n<li>\n<p dir=\"ltr\"><strong>manifest<\/strong>: Ekran LED - pokazuje poziomy baterii i e-liquid w czasie rzeczywistym, informuj\u0105c o tym podczas u\u017cytkowania.<\/p>\n<\/li>\n<\/ul>\n<h2 dir=\"ltr\">12 kombinacji smakowych na zr\u00f3\u017cnicowan\u0105 podr\u00f3\u017c waporyzuj\u0105c\u0105<\/h2>\n<ol class=\"tight\" dir=\"ltr\" data-tight=\"true\">\n<li>\n<p dir=\"ltr\"><strong>Truskawkowy Banan i Malinowy Arbuz &amp; Mi\u0142o\u015b\u0107 666<\/strong> \u2013 S\u0142odka mieszanka kremowego bananu truskawkowego, soczystej maliny-arbuz i wyj\u0105tkowego love 666 Twist.<\/p>\n<\/li>\n<li>\n<p dir=\"ltr\"><strong>Owoce tropikalne i truskawkowy arbuz i brzoskwinia cytrynowa<\/strong> \u2013 \u017bywe tropikalne nuty w po\u0142\u0105czeniu ze s\u0142odkim arbuzem truskawkowym i pikantn\u0105 cytryn\u0105-brzoskwini\u0105.<\/p>\n<\/li>\n<li>\n<p dir=\"ltr\"><strong>Truskawka Wanilia Cola &amp; Sour Jab\u0142ko Malina i Cytryna Limonka<\/strong> \u2013 Fizzy Strawberry-Cola spotyka tarty malinowy malinowy i chrupi\u0105cy cytrynowo-limonkowy.<\/p>\n<\/li>\n<li>\n<p dir=\"ltr\"><strong>Podw\u00f3jne winogron i truskawka Mango i jagodowy kwa\u015bny l\u00f3d malinowy<\/strong> \u2013 Bogate winogrono, s\u0142odkie truskawkowe mango i sch\u0142odzone jagodowo-malinowe z lodowatym finiszem.<\/p>\n<\/li>\n<li>\n<p dir=\"ltr\"><strong>Lody z arbuza i truskawek i potr\u00f3jny melon<\/strong> \u2013 Ch\u0142odny arbuz, kremowe lody truskawkowe i trio o smakach melona.<\/p>\n<\/li>\n<li>\n<p dir=\"ltr\"><strong>Soda cytrynowa i arbuzowa Guma i czarny smok l\u00f3d<\/strong> \u2013 Pikantna cytryna-cola, guma do \u017cucia guma do \u017cucia i odwa\u017cny czarny smok z ch\u0142odnym brzegiem.<\/p>\n<\/li>\n<li>\n<p dir=\"ltr\"><strong>Potr\u00f3jne jagody Ice i mango Brzoskwinia i Truskawka Kiwi<\/strong> \u2013 Icy mieszane jagody, soczyste mango-brzoskwinie i klasyczna truskawka-kiwi.<\/p>\n<\/li>\n<li>\n<p dir=\"ltr\"><strong>Truskawka Ice i truskawkowy Arbuz i ananasowy Brzoskwinia z mango<\/strong> \u2013 Sch\u0142odzone truskawki, s\u0142odkie truskawki-arbuz i tropikalny ananasowo-mango-brzoskwiniowy.<\/p>\n<\/li>\n<li>\n<p dir=\"ltr\"><strong>Ananas Kokos i Truskawka Cukierki Malinowe &amp; Blue Razz Ice<\/strong> \u2013 Kremowy ananasowo-kokosowy, s\u0142odkie cukierki truskawkowo-malinowe i tarty blue razzz z lodem.<\/p>\n<\/li>\n<li>\n<p dir=\"ltr\"><strong>Lemon limonki i mango brzoskwiniowy arbuz i l\u00f3d z jagodami<\/strong> \u2013 Zesty cytrynowo-limonka, tropikalna mango-brzoskwiniowa-arbuz i ch\u0142odny l\u00f3d jagodowy.<\/p>\n<\/li>\n<li>\n<p dir=\"ltr\"><strong>Lody z arbuza i Red Bull &amp; Truskawkowy Kiwi<\/strong> \u2013 Icy arbuz, energetyzuj\u0105cy Red Bull i s\u0142odko-tarta truskawka-kiwi.<\/p>\n<\/li>\n<li>\n<p dir=\"ltr\"><strong>Truskawkowe Kiwi &amp; Sour Mango Ananas i Truskawka Red Bull<\/strong> \u2013 Klasyczna truskawka-kiwi, pikantna ananas z mango i odwa\u017cna fuzja truskawkowo-czerwona.<\/p>\n<\/li>\n<\/ol>\n<h2 dir=\"ltr\">Cz\u0119sto zadawane pytania<\/h2>\n<ol class=\"tight\" dir=\"ltr\" data-tight=\"true\">\n<li>\n<p dir=\"ltr\"><strong>Jaka jest liczba zaci\u0105gni\u0119\u0107 w Bang Box 80000?<\/strong><br \/>\nUrz\u0105dzenie oferuje do 80 000 zaci\u0105gni\u0119\u0107, zapewniaj\u0105c d\u0142ugotrwa\u0142e u\u017cytkowanie ci\u0119\u017ckich lub casualowych vaper\u00f3w.<\/p>\n<\/li>\n<li>\n<p dir=\"ltr\"><strong>Jak dzia\u0142a system potr\u00f3jnego smaku?<\/strong><br \/>\nVape zawiera trzy 20 ml str\u0105k\u00f3w, ka\u017cdy o wyj\u0105tkowym smaku. Prze\u0142\u0105cznik wyboru pozwala na bezproblemowe prze\u0142\u0105czanie mi\u0119dzy nimi.<\/p>\n<\/li>\n<li>\n<p dir=\"ltr\"><strong>Jak wybra\u0107 dla mnie odpowiedni smak?<\/strong><br \/>\nZastan\u00f3w si\u0119 nad swoimi preferencjami smakowymi: Mieszanki owocowe, takie jak truskawkowe kiwi lub owoce tropikalne, skacz\u0105 s\u0142odkie zachcianki, podczas gdy lodowe opcje, takie jak l\u00f3d z arbuza lub l\u00f3d blue razzz, oferuj\u0105 orze\u017awiaj\u0105cy hit. Wypr\u00f3buj mieszank\u0119 z odwa\u017cnymi nutami, takimi jak soda cytrynowa, aby uzyska\u0107 co\u015b wyj\u0105tkowego.<\/p>\n<\/li>\n<li>\n<p dir=\"ltr\"><strong>Czy bateria jest \u0142adowana?<\/strong><br \/>\nTak, bateri\u0119 850 mAh mo\u017cna \u0142adowa\u0107 przez port typu C, zapewniaj\u0105c szybkie i wygodne w\u0142\u0105czanie.<\/p>\n<\/li>\n<li>\n<p dir=\"ltr\"><strong>Jakie mocne strony nikotyny s\u0105 dost\u0119pne?<\/strong><br \/>\nUrz\u0105dzenie jest dostarczane w mocnych stronach nikotyny 0%, 2%, 3% i 5%, aby dopasowa\u0107 si\u0119 do preferowanej intensywno\u015bci.<\/p>\n<\/li>\n<li>\n<p dir=\"ltr\"><strong>Czy wy\u015bwietlacz LED pokazuje poziom baterii i e-liquid\u00f3w?<\/strong><br \/>\nTak, ekran LED zapewnia aktualizacje w czasie rzeczywistym na temat \u017cywotno\u015bci baterii i poziom\u00f3w e-liquid dla wszystkich trzech kapsu\u0142.<\/p>\n<\/li>\n<li>\n<p dir=\"ltr\"><strong>Czy mog\u0119 nape\u0142ni\u0107 str\u0105ki?<\/strong><br \/>\nNie, str\u0105ki s\u0105 wst\u0119pnie nape\u0142nione i nie mo\u017cna ich ponownie wype\u0142ni\u0107. Po wyczerpaniu e-liquidu urz\u0105dzenie nale\u017cy utylizowa\u0107 w spos\u00f3b odpowiedzialny.<\/p>\n<\/li>\n<\/ol>\n<p dir=\"ltr\">Kupuj jednorazowe waporyzatory Bang Box 80000 Puffs Triple Flavours w Vape Ciesz si\u0119, aby uzyska\u0107 premium waporyzuj\u0105ce do\u015bwiadczenie z niezr\u00f3wnan\u0105 r\u00f3\u017cnorodno\u015bci\u0105 smak\u00f3w i wygod\u0105!<\/p>\n<p>&nbsp;<\/p>\n<p><img fetchpriority=\"high\" decoding=\"async\" class=\"alignnone size-full wp-image-790\" src=\"https:\/\/vapeenjoy.com\/wp-content\/uploads\/2025\/08\/8a6bdfe8-7328-4fc9-8e14-d98ba3d046f1.png\" alt=\"Bang Box 80000 Puffs Triple Flavours Jednorazowe smaki waporyzacyjne\" width=\"1452\" height=\"817\" srcset=\"https:\/\/vapeenjoy.com\/wp-content\/uploads\/2025\/08\/8a6bdfe8-7328-4fc9-8e14-d98ba3d046f1.png 1452w, https:\/\/vapeenjoy.com\/wp-content\/uploads\/2025\/08\/8a6bdfe8-7328-4fc9-8e14-d98ba3d046f1-600x338.png 600w, https:\/\/vapeenjoy.com\/wp-content\/uploads\/2025\/08\/8a6bdfe8-7328-4fc9-8e14-d98ba3d046f1-300x169.png 300w, https:\/\/vapeenjoy.com\/wp-content\/uploads\/2025\/08\/8a6bdfe8-7328-4fc9-8e14-d98ba3d046f1-1024x576.png 1024w, https:\/\/vapeenjoy.com\/wp-content\/uploads\/2025\/08\/8a6bdfe8-7328-4fc9-8e14-d98ba3d046f1-768x432.png 768w\" sizes=\"(max-width: 1452px) 100vw, 1452px\" \/><\/p>","protected":false},"excerpt":{"rendered":"<p dir=\"auto\">Bang Box zapewnia waporyzacj\u0119 o du\u017cej pojemno\u015bci z jednorazowym waporyzatorem 80000 Puffs Triple Flavours. To urz\u0105dzenie o pojemno\u015bci 60 ml ma trzy 20 ml str\u0105ki smakowe, opcje nikotyny 0-5%, akumulator 850 mAh i potr\u00f3jn\u0105 cewk\u0119 z siatki 1,0 \u03a9 dla bogatego, sp\u00f3jnego smaku. Dzi\u0119ki wy\u015bwietlaczowi LED i \u0142adowaniu typu C jest zbudowany z my\u015bl\u0105 o wygodzie i r\u00f3\u017cnorodno\u015bci.<\/p>","protected":false},"featured_media":791,"comment_status":"open","ping_status":"closed","template":"","meta":[],"product_brand":[16],"product_cat":[17],"product_tag":[64,73,63],"class_list":{"0":"post-786","1":"product","2":"type-product","3":"status-publish","4":"has-post-thumbnail","6":"product_brand-bang-vape","7":"product_cat-80000-puffs-vape","8":"product_tag-0-5-nicotine","9":"product_tag-3-in-1-flavors","10":"product_tag-60ml","12":"first","13":"instock","14":"sale","15":"shipping-taxable","16":"purchasable","17":"product-type-variable"},"yoast_head":"<!-- This site is optimized with the Yoast SEO plugin v25.7 - https:\/\/yoast.com\/wordpress\/plugins\/seo\/ -->\n<title>Bang Box 80000 Puffs Triple Flavors Disposable Vape 60ml e-liquid<\/title>\n<meta name=\"description\" content=\"Bang Box 80000 Puffs Disposable Vape: 60ml e-liquid, 0-5% nicotine, triple flavors, 850mAh battery, LED display. Shop now for premium vaping!\" \/>\n<meta name=\"robots\" content=\"index, follow, max-snippet:-1, max-image-preview:large, max-video-preview:-1\" \/>\n<link rel=\"canonical\" href=\"https:\/\/vapeenjoy.com\/pl\/produkt\/bang-box-80000-puffs-triple-flavour-vape-60ml\/\" \/>\n<meta property=\"og:locale\" content=\"pl_PL\" \/>\n<meta property=\"og:type\" content=\"article\" \/>\n<meta property=\"og:title\" content=\"Bang Box 80000 Puffs Triple Flavors Disposable Vape 60ml e-liquid\" \/>\n<meta property=\"og:description\" content=\"Bang Box 80000 Puffs Disposable Vape: 60ml e-liquid, 0-5% nicotine, triple flavors, 850mAh battery, LED display. Shop now for premium vaping!\" \/>\n<meta property=\"og:url\" content=\"https:\/\/vapeenjoy.com\/pl\/produkt\/bang-box-80000-puffs-triple-flavour-vape-60ml\/\" \/>\n<meta property=\"og:site_name\" content=\"vapeenjoy\" \/>\n<meta property=\"article:modified_time\" content=\"2025-08-18T08:04:30+00:00\" \/>\n<meta property=\"og:image\" content=\"https:\/\/vapeenjoy.com\/wp-content\/uploads\/2025\/08\/\u5355\u72ec\u53e3\u5473-01-scaled.png\" \/>\n\t<meta property=\"og:image:width\" content=\"2560\" \/>\n\t<meta property=\"og:image:height\" content=\"2560\" \/>\n\t<meta property=\"og:image:type\" content=\"image\/png\" \/>\n<meta name=\"twitter:card\" content=\"summary_large_image\" \/>\n<meta name=\"twitter:label1\" content=\"Szacowany czas czytania\" \/>\n\t<meta name=\"twitter:data1\" content=\"4 minuty\" \/>\n<script type=\"application\/ld+json\" class=\"yoast-schema-graph\">{\"@context\":\"https:\/\/schema.org\",\"@graph\":[{\"@type\":\"WebPage\",\"@id\":\"https:\/\/vapeenjoy.com\/product\/bang-box-80000-puffs-triple-flavor-vape-60ml\/\",\"url\":\"https:\/\/vapeenjoy.com\/product\/bang-box-80000-puffs-triple-flavor-vape-60ml\/\",\"name\":\"Bang Box 80000 Puffs Triple Flavors Disposable Vape 60ml e-liquid\",\"isPartOf\":{\"@id\":\"https:\/\/vapeenjoy.com\/#website\"},\"primaryImageOfPage\":{\"@id\":\"https:\/\/vapeenjoy.com\/product\/bang-box-80000-puffs-triple-flavor-vape-60ml\/#primaryimage\"},\"image\":{\"@id\":\"https:\/\/vapeenjoy.com\/product\/bang-box-80000-puffs-triple-flavor-vape-60ml\/#primaryimage\"},\"thumbnailUrl\":\"https:\/\/vapeenjoy.com\/wp-content\/uploads\/2025\/08\/\u5355\u72ec\u53e3\u5473-01-scaled.png\",\"datePublished\":\"2025-08-01T10:02:21+00:00\",\"dateModified\":\"2025-08-18T08:04:30+00:00\",\"description\":\"Bang Box 80000 Puffs Disposable Vape: 60ml e-liquid, 0-5% nicotine, triple flavors, 850mAh battery, LED display. Shop now for premium vaping!\",\"breadcrumb\":{\"@id\":\"https:\/\/vapeenjoy.com\/product\/bang-box-80000-puffs-triple-flavor-vape-60ml\/#breadcrumb\"},\"inLanguage\":\"pl-PL\",\"potentialAction\":[{\"@type\":\"ReadAction\",\"target\":[\"https:\/\/vapeenjoy.com\/product\/bang-box-80000-puffs-triple-flavor-vape-60ml\/\"]}]},{\"@type\":\"ImageObject\",\"inLanguage\":\"pl-PL\",\"@id\":\"https:\/\/vapeenjoy.com\/product\/bang-box-80000-puffs-triple-flavor-vape-60ml\/#primaryimage\",\"url\":\"https:\/\/vapeenjoy.com\/wp-content\/uploads\/2025\/08\/\u5355\u72ec\u53e3\u5473-01-scaled.png\",\"contentUrl\":\"https:\/\/vapeenjoy.com\/wp-content\/uploads\/2025\/08\/\u5355\u72ec\u53e3\u5473-01-scaled.png\",\"width\":2560,\"height\":2560},{\"@type\":\"BreadcrumbList\",\"@id\":\"https:\/\/vapeenjoy.com\/product\/bang-box-80000-puffs-triple-flavor-vape-60ml\/#breadcrumb\",\"itemListElement\":[{\"@type\":\"ListItem\",\"position\":1,\"name\":\"Home\",\"item\":\"https:\/\/vapeenjoy.com\/\"},{\"@type\":\"ListItem\",\"position\":2,\"name\":\"Shop\",\"item\":\"https:\/\/vapeenjoy.com\/vapeenjoy-shop\/\"},{\"@type\":\"ListItem\",\"position\":3,\"name\":\"Bang Box 80000 Puffs Triple Flavors Disposable Vape 60ml 0-5% Nicotine\"}]},{\"@type\":\"WebSite\",\"@id\":\"https:\/\/vapeenjoy.com\/#website\",\"url\":\"https:\/\/vapeenjoy.com\/\",\"name\":\"vapeenjoy\",\"description\":\"An online store for selling vapes\",\"potentialAction\":[{\"@type\":\"SearchAction\",\"target\":{\"@type\":\"EntryPoint\",\"urlTemplate\":\"https:\/\/vapeenjoy.com\/?s={search_term_string}\"},\"query-input\":{\"@type\":\"PropertyValueSpecification\",\"valueRequired\":true,\"valueName\":\"search_term_string\"}}],\"inLanguage\":\"pl-PL\"}]}<\/script>\n<!-- \/ Yoast SEO plugin. -->","yoast_head_json":{"title":"Bang Box 80000 Puffs Triple Flavours jednorazowe waporyny 60ml e-liquid","description":"Bang Box 80000 Puffs Jednorazowe waporyzator: 60 ml E-liquid, 0-5% Nikotyna, potr\u00f3jne smaki, bateria 850 mAh, wy\u015bwietlacz LED. Kup teraz, aby uzyska\u0107 premium vaping!","robots":{"index":"index","follow":"follow","max-snippet":"max-snippet:-1","max-image-preview":"max-image-preview:large","max-video-preview":"max-video-preview:-1"},"canonical":"https:\/\/vapeenjoy.com\/pl\/produkt\/bang-box-80000-puffs-triple-flavour-vape-60ml\/","og_locale":"pl_PL","og_type":"article","og_title":"Bang Box 80000 Puffs Triple Flavors Disposable Vape 60ml e-liquid","og_description":"Bang Box 80000 Puffs Disposable Vape: 60ml e-liquid, 0-5% nicotine, triple flavors, 850mAh battery, LED display. Shop now for premium vaping!","og_url":"https:\/\/vapeenjoy.com\/pl\/produkt\/bang-box-80000-puffs-triple-flavour-vape-60ml\/","og_site_name":"vapeenjoy","article_modified_time":"2025-08-18T08:04:30+00:00","og_image":[{"width":2560,"height":2560,"url":"https:\/\/vapeenjoy.com\/wp-content\/uploads\/2025\/08\/\u5355\u72ec\u53e3\u5473-01-scaled.png","type":"image\/png"}],"twitter_card":"summary_large_image","twitter_misc":{"Szacowany czas czytania":"4 minuty"},"schema":{"@context":"https:\/\/schema.org","@graph":[{"@type":"WebPage","@id":"https:\/\/vapeenjoy.com\/product\/bang-box-80000-puffs-triple-flavor-vape-60ml\/","url":"https:\/\/vapeenjoy.com\/product\/bang-box-80000-puffs-triple-flavor-vape-60ml\/","name":"Bang Box 80000 Puffs Triple Flavours jednorazowe waporyny 60ml e-liquid","isPartOf":{"@id":"https:\/\/vapeenjoy.com\/#website"},"primaryImageOfPage":{"@id":"https:\/\/vapeenjoy.com\/product\/bang-box-80000-puffs-triple-flavor-vape-60ml\/#primaryimage"},"image":{"@id":"https:\/\/vapeenjoy.com\/product\/bang-box-80000-puffs-triple-flavor-vape-60ml\/#primaryimage"},"thumbnailUrl":"https:\/\/vapeenjoy.com\/wp-content\/uploads\/2025\/08\/\u5355\u72ec\u53e3\u5473-01-scaled.png","datePublished":"2025-08-01T10:02:21+00:00","dateModified":"2025-08-18T08:04:30+00:00","description":"Bang Box 80000 Puffs Jednorazowe waporyzator: 60 ml E-liquid, 0-5% Nikotyna, potr\u00f3jne smaki, bateria 850 mAh, wy\u015bwietlacz LED. Kup teraz, aby uzyska\u0107 premium vaping!","breadcrumb":{"@id":"https:\/\/vapeenjoy.com\/product\/bang-box-80000-puffs-triple-flavor-vape-60ml\/#breadcrumb"},"inLanguage":"pl-PL","potentialAction":[{"@type":"ReadAction","target":["https:\/\/vapeenjoy.com\/product\/bang-box-80000-puffs-triple-flavor-vape-60ml\/"]}]},{"@type":"ImageObject","inLanguage":"pl-PL","@id":"https:\/\/vapeenjoy.com\/product\/bang-box-80000-puffs-triple-flavor-vape-60ml\/#primaryimage","url":"https:\/\/vapeenjoy.com\/wp-content\/uploads\/2025\/08\/\u5355\u72ec\u53e3\u5473-01-scaled.png","contentUrl":"https:\/\/vapeenjoy.com\/wp-content\/uploads\/2025\/08\/\u5355\u72ec\u53e3\u5473-01-scaled.png","width":2560,"height":2560},{"@type":"BreadcrumbList","@id":"https:\/\/vapeenjoy.com\/product\/bang-box-80000-puffs-triple-flavor-vape-60ml\/#breadcrumb","itemListElement":[{"@type":"ListItem","position":1,"name":"Home","item":"https:\/\/vapeenjoy.com\/"},{"@type":"ListItem","position":2,"name":"Shop","item":"https:\/\/vapeenjoy.com\/vapeenjoy-shop\/"},{"@type":"ListItem","position":3,"name":"Bang Box 80000 Puffs Triple Flavors Disposable Vape 60ml 0-5% Nicotine"}]},{"@type":"WebSite","@id":"https:\/\/vapeenjoy.com\/#website","url":"https:\/\/vapeenjoy.com\/","name":"skutkowaty","description":"Sklep internetowy do sprzeda\u017cy vapes","potentialAction":[{"@type":"SearchAction","target":{"@type":"EntryPoint","urlTemplate":"https:\/\/vapeenjoy.com\/?s={search_term_string}"},"query-input":{"@type":"PropertyValueSpecification","valueRequired":true,"valueName":"search_term_string"}}],"inLanguage":"pl-PL"}]}},"_links":{"self":[{"href":"https:\/\/vapeenjoy.com\/pl\/wp-json\/wp\/v2\/product\/786","targetHints":{"allow":["GET"]}}],"collection":[{"href":"https:\/\/vapeenjoy.com\/pl\/wp-json\/wp\/v2\/product"}],"about":[{"href":"https:\/\/vapeenjoy.com\/pl\/wp-json\/wp\/v2\/types\/product"}],"replies":[{"embeddable":true,"href":"https:\/\/vapeenjoy.com\/pl\/wp-json\/wp\/v2\/comments?post=786"}],"version-history":[{"count":5,"href":"https:\/\/vapeenjoy.com\/pl\/wp-json\/wp\/v2\/product\/786\/revisions"}],"predecessor-version":[{"id":2306,"href":"https:\/\/vapeenjoy.com\/pl\/wp-json\/wp\/v2\/product\/786\/revisions\/2306"}],"wp:featuredmedia":[{"embeddable":true,"href":"https:\/\/vapeenjoy.com\/pl\/wp-json\/wp\/v2\/media\/791"}],"wp:attachment":[{"href":"https:\/\/vapeenjoy.com\/pl\/wp-json\/wp\/v2\/media?parent=786"}],"wp:term":[{"taxonomy":"product_brand","embeddable":true,"href":"https:\/\/vapeenjoy.com\/pl\/wp-json\/wp\/v2\/product_brand?post=786"},{"taxonomy":"product_cat","embeddable":true,"href":"https:\/\/vapeenjoy.com\/pl\/wp-json\/wp\/v2\/product_cat?post=786"},{"taxonomy":"product_tag","embeddable":true,"href":"https:\/\/vapeenjoy.com\/pl\/wp-json\/wp\/v2\/product_tag?post=786"}],"curies":[{"name":"wp","href":"https:\/\/api.w.org\/{rel}","templated":true}]}}