{"id":84,"date":"2025-07-17T01:53:19","date_gmt":"2025-07-17T01:53:19","guid":{"rendered":"https:\/\/vapeenjoy.com\/?post_type=product&#038;p=84"},"modified":"2025-09-17T04:01:54","modified_gmt":"2025-09-17T04:01:54","slug":"bang-king-triple-75k-puffs-3-in-1-flavor-vape-45ml-0-5-nicotine-type-c-rechargeable","status":"publish","type":"product","link":"https:\/\/vapeenjoy.com\/pl\/produkt\/bang-king-triple-75k-puffs-3-w-1-smak-vape-45ml-0-5-nikotyna-typ-c-akumulator\/","title":{"rendered":"Bang King Triple 75K Puffs 3-w-1 Smaki jednorazowe Vape 45ml 0-5% Nikotyna Type-C Akumulator"},"content":{"rendered":"<h2 dir=\"ltr\" data-pm-slice=\"1 3 []\">Zmieniony opis produktu dla Bang King Triple 75K Puffs jednorazowe waporyzator<\/h2>\n<p dir=\"ltr\">Bang King, zaufana nazwa w Vaping, zapewnia jako\u015b\u0107 i innowacyjno\u015b\u0107. Jednorazowe waporyzatory Bang King Triple 75K Puffs oferuj\u0105 wygodne rozwi\u0105zanie o du\u017cej pojemno\u015bci. Jego elegancki wygl\u0105d obejmuje g\u0142adkie kraw\u0119dzie, \u017cywe wyko\u0144czenie i wy\u015bwietlacz LED do monitorowania w czasie rzeczywistym. Ponadto jest ergonomiczny i atrakcyjny wizualnie, dzi\u0119ki czemu idealnie nadaje si\u0119 do codziennego u\u017cytku.<\/p>\n<h2 dir=\"ltr\">Bang King Triple 75K Puffs jednorazowe dane techniczne<\/h2>\n<ul class=\"tight\" dir=\"ltr\" data-tight=\"true\">\n<li>\n<p dir=\"ltr\"><strong>Liczba zaci\u0105gni\u0119\u0107<\/strong>: Do 75 000 PUFFS do d\u0142ugotrwa\u0142ego u\u017cytkowania.<\/p>\n<\/li>\n<li>\n<p dir=\"ltr\"><strong>e-liquid<\/strong>: 45 ml na trzech 15 ml str\u0105kach.<\/p>\n<\/li>\n<li>\n<p dir=\"ltr\"><strong>bateryjny<\/strong>: 650 mAh, \u0142adowany przez Typ-C.<\/p>\n<\/li>\n<li>\n<p dir=\"ltr\"><strong>nikotyna<\/strong>: 0%, 2%, 3% lub 5% opcje.<\/p>\n<\/li>\n<li>\n<p dir=\"ltr\"><strong>cewka<\/strong>: Potr\u00f3jna siatka dla bogatego smaku i pary.<\/p>\n<\/li>\n<li>\n<p dir=\"ltr\"><strong>smaki<\/strong>: 3-w-1 regulowany system dla odmiany.<\/p>\n<\/li>\n<li>\n<p dir=\"ltr\"><strong>aktywacja<\/strong>: Automatyczne rysowanie dla \u0142atwego, bez przycisk\u00f3w.<\/p>\n<\/li>\n<li>\n<p dir=\"ltr\"><strong>manifest<\/strong>: Dioda LED pokazuje poziomy baterii i e-liquid\u00f3w.<\/p>\n<\/li>\n<li>\n<p dir=\"ltr\"><strong>zbrojenie<\/strong>: Typ-C do szybkiego \u0142adowania.<\/p>\n<\/li>\n<\/ul>\n<h2 dir=\"ltr\">Kombinacje smakowe<\/h2>\n<p dir=\"ltr\">Odkryj 16 unikalnych tri\u00f3w smakowych:<\/p>\n<ol class=\"tight\" dir=\"ltr\" data-tight=\"true\">\n<li>\n<p dir=\"ltr\">Arbuz \/ Red Bull \/ Kiwi Truskawkowe<\/p>\n<\/li>\n<li>\n<p dir=\"ltr\">Limonka cytrynowa \/ truskawkowy arbuz \/ l\u00f3d jagodowy<\/p>\n<\/li>\n<li>\n<p dir=\"ltr\">Truskawkowy banan \/ malinowy arbuz \/ r\u00f3\u017cowa lemoniada<\/p>\n<\/li>\n<li>\n<p dir=\"ltr\">Blue Razz Cherry \/ Cool Mint \/ Peach Mango<\/p>\n<\/li>\n<li>\n<p dir=\"ltr\">Owoce tropikalne \/ truskawkowy arbuz \/ cytrynowa brzoskwinia<\/p>\n<\/li>\n<li>\n<p dir=\"ltr\">Ananas Kokos \/ Banan truskawkowy \/ B\u0142\u0119kitny razz<\/p>\n<\/li>\n<li>\n<p dir=\"ltr\">Arbuz truskawkowy \/ Potr\u00f3jny melon \/ Truskawkowy l\u00f3d<\/p>\n<\/li>\n<li>\n<p dir=\"ltr\">Mieszane owoce \/ mango brzoskwinia \/ l\u00f3d winogronowy<\/p>\n<\/li>\n<li>\n<p dir=\"ltr\">Truskawka waniliowa koks \/ l\u00f3d brzoskwiniowy \/ czarny smok l\u00f3d<\/p>\n<\/li>\n<li>\n<p dir=\"ltr\">Lush Ice \/ Kiwi Passion Fruit Guava \/ Truskawkowe Mango<\/p>\n<\/li>\n<li>\n<p dir=\"ltr\">Arbuz truskawkowy \/ Arbuz \/ Blue Razz<\/p>\n<\/li>\n<li>\n<p dir=\"ltr\">Lemoniada jagodowa \/ Truskawka Red Bull \/ Pompka truskawkowa<\/p>\n<\/li>\n<li>\n<p dir=\"ltr\">Podw\u00f3jne jab\u0142ko \/ owocowa fuzja \/ ananas<\/p>\n<\/li>\n<li>\n<p dir=\"ltr\">Cola Ice \/ Mr Blue \/ Cherry Cola<\/p>\n<\/li>\n<li>\n<p dir=\"ltr\">Truskawkowy p\u0105czek \/ l\u00f3d bananowy \/ mi\u0142o\u015b\u0107 66<\/p>\n<\/li>\n<li>\n<p dir=\"ltr\">Ice Herbata L\u00f3d cytrynowy \/ Mango na lodzie \/ Lychee Ice<\/p>\n<\/li>\n<\/ol>\n<h2 dir=\"ltr\">Cz\u0119sto zadawane pytania<\/h2>\n<ol dir=\"ltr\">\n<li>\n<p dir=\"ltr\"><strong>Jak zmieni\u0107 smaki?<\/strong><br \/>\nPrzesu\u0144 selektor smaku, aby wybra\u0107 str\u0105k. W konsekwencji smaki pozostaj\u0105 czyste bez mieszania.<\/p>\n<\/li>\n<li>\n<p dir=\"ltr\"><strong>Dlaczego warto u\u017cy\u0107 cewki potr\u00f3jnej siateczki?<\/strong><br \/>\nCewka wzmacnia smak i par\u0119, zapewniaj\u0105c p\u0142ynne, bogate wra\u017cenia.<\/p>\n<\/li>\n<li>\n<p dir=\"ltr\"><strong>Kiedy powinienem na\u0142adowa\u0107?<\/strong><br \/>\nWy\u015bwietlacz LED pokazuje poziom na\u0142adowania baterii, ostrzegaj\u0105c o na\u0142adowaniu za pomoc\u0105 typu C.<\/p>\n<\/li>\n<li>\n<p dir=\"ltr\"><strong>Jak wybra\u0107 smak?<\/strong><br \/>\nAby uzyska\u0107 s\u0142odkie nuty, spr\u00f3buj arbuza truskawkowego. Aby uzyska\u0107 orze\u017awienie, wybierz Cool Mint. Alternatywnie, Coke Truskawka Vanilla oferuje wyj\u0105tkowy smak.<\/p>\n<\/li>\n<li>\n<p dir=\"ltr\"><strong>Czy jest odpowiedni dla u\u017cytkownik\u00f3w nienikotynowych?<\/strong><br \/>\nTak, opcja nikotyny 0% pasuje do waporyzacji bez nikotyny.<\/p>\n<\/li>\n<li>\n<p dir=\"ltr\"><strong>Jak d\u0142ugo dzia\u0142a kapsu\u0142a?<\/strong><br \/>\nKa\u017cda str\u0105k o pojemno\u015bci 15 ml dostarcza oko\u0142o 25 000 zaci\u0105gni\u0119\u0107, w zale\u017cno\u015bci od u\u017cycia.<\/p>\n<\/li>\n<li>\n<p dir=\"ltr\"><strong>Czy mog\u0119 vape podczas \u0142adowania?<\/strong><br \/>\nDla bezpiecze\u0144stwa nale\u017cy unika\u0107 u\u017cywania urz\u0105dzenia podczas \u0142adowania w celu utrzymania wydajno\u015bci baterii.<\/p>\n<\/li>\n<\/ol>\n<p>&nbsp;<\/p>\n<p><img fetchpriority=\"high\" decoding=\"async\" class=\"alignnone wp-image-90 size-full\" src=\"https:\/\/vapeenjoy.com\/wp-content\/uploads\/2025\/07\/WPS\u56fe\u72471-\u62f7\u8d1d-2.png\" alt=\"Bang King Triple 75K Puffs 3 w 1 Smaki jednorazowe smaki waporyzacyjne \" width=\"1080\" height=\"720\" srcset=\"https:\/\/vapeenjoy.com\/wp-content\/uploads\/2025\/07\/WPS\u56fe\u72471-\u62f7\u8d1d-2.png 1080w, https:\/\/vapeenjoy.com\/wp-content\/uploads\/2025\/07\/WPS\u56fe\u72471-\u62f7\u8d1d-2-150x100.png 150w, https:\/\/vapeenjoy.com\/wp-content\/uploads\/2025\/07\/WPS\u56fe\u72471-\u62f7\u8d1d-2-600x400.png 600w, https:\/\/vapeenjoy.com\/wp-content\/uploads\/2025\/07\/WPS\u56fe\u72471-\u62f7\u8d1d-2-300x200.png 300w, https:\/\/vapeenjoy.com\/wp-content\/uploads\/2025\/07\/WPS\u56fe\u72471-\u62f7\u8d1d-2-1024x683.png 1024w, https:\/\/vapeenjoy.com\/wp-content\/uploads\/2025\/07\/WPS\u56fe\u72471-\u62f7\u8d1d-2-768x512.png 768w\" sizes=\"(max-width: 1080px) 100vw, 1080px\" \/><\/p>","protected":false},"excerpt":{"rendered":"<p>Bang King, lider w vapingu, przedstawia potr\u00f3jne jednorazowe waporyzator 75K Puffs. Ciesz si\u0119 75 000 zaci\u0105gni\u0119\u0107, 45 ml e-liquidu z trzema 15 ml str\u0105k\u00f3w, akumulatorem 650 mAh i cewk\u0105 z potr\u00f3jn\u0105 siatk\u0105 dla odwa\u017cnych smak\u00f3w. Prze\u0142\u0105czaj si\u0119 mi\u0119dzy 16 kombinacjami smakowymi z \u0142atwo\u015bci\u0105.<\/p>","protected":false},"featured_media":89,"comment_status":"open","ping_status":"closed","template":"","meta":[],"product_brand":[16],"product_cat":[20],"product_tag":[64,73,94],"class_list":{"0":"post-84","1":"product","2":"type-product","3":"status-publish","4":"has-post-thumbnail","6":"product_brand-bang-vape","7":"product_cat-75k-puffs-vape","8":"product_tag-0-5-nicotine","9":"product_tag-3-in-1-flavors","10":"product_tag-45ml","12":"first","13":"outofstock","14":"sale","15":"shipping-taxable","16":"purchasable","17":"product-type-variable"},"yoast_head":"<!-- This site is optimized with the Yoast SEO plugin v25.7 - https:\/\/yoast.com\/wordpress\/plugins\/seo\/ -->\n<title>Bang King Triple 75K Puffs 3-in-1 Flavors Disposable Vape 45ml<\/title>\n<meta name=\"description\" content=\"Get the Bang King Triple 75K Puffs Disposable Vape with 45mL e-liquid, 0-5% nicotine, and Type-C charging. Enjoy 3-in-1 flavors. Buy now!\" \/>\n<meta name=\"robots\" content=\"index, follow, max-snippet:-1, max-image-preview:large, max-video-preview:-1\" \/>\n<link rel=\"canonical\" href=\"https:\/\/vapeenjoy.com\/pl\/produkt\/bang-king-triple-75k-puffs-3-w-1-smak-vape-45ml-0-5-nikotyna-typ-c-akumulator\/\" \/>\n<meta property=\"og:locale\" content=\"pl_PL\" \/>\n<meta property=\"og:type\" content=\"article\" \/>\n<meta property=\"og:title\" content=\"Bang King Triple 75K Puffs 3-in-1 Flavors Disposable Vape 45ml\" \/>\n<meta property=\"og:description\" content=\"Get the Bang King Triple 75K Puffs Disposable Vape with 45mL e-liquid, 0-5% nicotine, and Type-C charging. Enjoy 3-in-1 flavors. Buy now!\" \/>\n<meta property=\"og:url\" content=\"https:\/\/vapeenjoy.com\/pl\/produkt\/bang-king-triple-75k-puffs-3-w-1-smak-vape-45ml-0-5-nikotyna-typ-c-akumulator\/\" \/>\n<meta property=\"og:site_name\" content=\"vapeenjoy\" \/>\n<meta property=\"article:modified_time\" content=\"2025-09-17T04:01:54+00:00\" \/>\n<meta property=\"og:image\" content=\"https:\/\/vapeenjoy.com\/wp-content\/uploads\/2025\/07\/\u4e3b\u56fe.png\" \/>\n\t<meta property=\"og:image:width\" content=\"800\" \/>\n\t<meta property=\"og:image:height\" content=\"800\" \/>\n\t<meta property=\"og:image:type\" content=\"image\/png\" \/>\n<meta name=\"twitter:card\" content=\"summary_large_image\" \/>\n<meta name=\"twitter:label1\" content=\"Szacowany czas czytania\" \/>\n\t<meta name=\"twitter:data1\" content=\"3 minuty\" \/>\n<script type=\"application\/ld+json\" class=\"yoast-schema-graph\">{\"@context\":\"https:\/\/schema.org\",\"@graph\":[{\"@type\":\"WebPage\",\"@id\":\"https:\/\/vapeenjoy.com\/product\/bang-king-triple-75k-puffs-3-in-1-flavor-vape-45ml-0-5-nicotine-type-c-rechargeable\/\",\"url\":\"https:\/\/vapeenjoy.com\/product\/bang-king-triple-75k-puffs-3-in-1-flavor-vape-45ml-0-5-nicotine-type-c-rechargeable\/\",\"name\":\"Bang King Triple 75K Puffs 3-in-1 Flavors Disposable Vape 45ml\",\"isPartOf\":{\"@id\":\"https:\/\/vapeenjoy.com\/#website\"},\"primaryImageOfPage\":{\"@id\":\"https:\/\/vapeenjoy.com\/product\/bang-king-triple-75k-puffs-3-in-1-flavor-vape-45ml-0-5-nicotine-type-c-rechargeable\/#primaryimage\"},\"image\":{\"@id\":\"https:\/\/vapeenjoy.com\/product\/bang-king-triple-75k-puffs-3-in-1-flavor-vape-45ml-0-5-nicotine-type-c-rechargeable\/#primaryimage\"},\"thumbnailUrl\":\"https:\/\/vapeenjoy.com\/wp-content\/uploads\/2025\/07\/\u4e3b\u56fe.png\",\"datePublished\":\"2025-07-17T01:53:19+00:00\",\"dateModified\":\"2025-09-17T04:01:54+00:00\",\"description\":\"Get the Bang King Triple 75K Puffs Disposable Vape with 45mL e-liquid, 0-5% nicotine, and Type-C charging. Enjoy 3-in-1 flavors. Buy now!\",\"breadcrumb\":{\"@id\":\"https:\/\/vapeenjoy.com\/product\/bang-king-triple-75k-puffs-3-in-1-flavor-vape-45ml-0-5-nicotine-type-c-rechargeable\/#breadcrumb\"},\"inLanguage\":\"pl-PL\",\"potentialAction\":[{\"@type\":\"ReadAction\",\"target\":[\"https:\/\/vapeenjoy.com\/product\/bang-king-triple-75k-puffs-3-in-1-flavor-vape-45ml-0-5-nicotine-type-c-rechargeable\/\"]}]},{\"@type\":\"ImageObject\",\"inLanguage\":\"pl-PL\",\"@id\":\"https:\/\/vapeenjoy.com\/product\/bang-king-triple-75k-puffs-3-in-1-flavor-vape-45ml-0-5-nicotine-type-c-rechargeable\/#primaryimage\",\"url\":\"https:\/\/vapeenjoy.com\/wp-content\/uploads\/2025\/07\/\u4e3b\u56fe.png\",\"contentUrl\":\"https:\/\/vapeenjoy.com\/wp-content\/uploads\/2025\/07\/\u4e3b\u56fe.png\",\"width\":800,\"height\":800},{\"@type\":\"BreadcrumbList\",\"@id\":\"https:\/\/vapeenjoy.com\/product\/bang-king-triple-75k-puffs-3-in-1-flavor-vape-45ml-0-5-nicotine-type-c-rechargeable\/#breadcrumb\",\"itemListElement\":[{\"@type\":\"ListItem\",\"position\":1,\"name\":\"Home\",\"item\":\"https:\/\/vapeenjoy.com\/\"},{\"@type\":\"ListItem\",\"position\":2,\"name\":\"Shop\",\"item\":\"https:\/\/vapeenjoy.com\/vapeenjoy-shop\/\"},{\"@type\":\"ListItem\",\"position\":3,\"name\":\"Bang King Triple 75K Puffs 3-in-1 Flavors Disposable Vape 45ml 0-5% Nicotine Type-C Rechargeable\"}]},{\"@type\":\"WebSite\",\"@id\":\"https:\/\/vapeenjoy.com\/#website\",\"url\":\"https:\/\/vapeenjoy.com\/\",\"name\":\"vapeenjoy\",\"description\":\"An online store for selling vapes\",\"potentialAction\":[{\"@type\":\"SearchAction\",\"target\":{\"@type\":\"EntryPoint\",\"urlTemplate\":\"https:\/\/vapeenjoy.com\/?s={search_term_string}\"},\"query-input\":{\"@type\":\"PropertyValueSpecification\",\"valueRequired\":true,\"valueName\":\"search_term_string\"}}],\"inLanguage\":\"pl-PL\"}]}<\/script>\n<!-- \/ Yoast SEO plugin. -->","yoast_head_json":{"title":"Bang King Triple 75K Puffs 3 w 1 Smaki jednorazowe wapory 45ml","description":"Zdob\u0105d\u017a jednorazowy waporyzator Bang King Triple 75k Puffs z 45 ml e-liquidem, nikotyn\u0105 0-5% i \u0142adowaniem typu C. Ciesz si\u0119 smakami 3 w 1. Kup teraz!","robots":{"index":"index","follow":"follow","max-snippet":"max-snippet:-1","max-image-preview":"max-image-preview:large","max-video-preview":"max-video-preview:-1"},"canonical":"https:\/\/vapeenjoy.com\/pl\/produkt\/bang-king-triple-75k-puffs-3-w-1-smak-vape-45ml-0-5-nikotyna-typ-c-akumulator\/","og_locale":"pl_PL","og_type":"article","og_title":"Bang King Triple 75K Puffs 3-in-1 Flavors Disposable Vape 45ml","og_description":"Get the Bang King Triple 75K Puffs Disposable Vape with 45mL e-liquid, 0-5% nicotine, and Type-C charging. Enjoy 3-in-1 flavors. Buy now!","og_url":"https:\/\/vapeenjoy.com\/pl\/produkt\/bang-king-triple-75k-puffs-3-w-1-smak-vape-45ml-0-5-nikotyna-typ-c-akumulator\/","og_site_name":"vapeenjoy","article_modified_time":"2025-09-17T04:01:54+00:00","og_image":[{"width":800,"height":800,"url":"https:\/\/vapeenjoy.com\/wp-content\/uploads\/2025\/07\/\u4e3b\u56fe.png","type":"image\/png"}],"twitter_card":"summary_large_image","twitter_misc":{"Szacowany czas czytania":"3 minuty"},"schema":{"@context":"https:\/\/schema.org","@graph":[{"@type":"WebPage","@id":"https:\/\/vapeenjoy.com\/product\/bang-king-triple-75k-puffs-3-in-1-flavor-vape-45ml-0-5-nicotine-type-c-rechargeable\/","url":"https:\/\/vapeenjoy.com\/product\/bang-king-triple-75k-puffs-3-in-1-flavor-vape-45ml-0-5-nicotine-type-c-rechargeable\/","name":"Bang King Triple 75K Puffs 3 w 1 Smaki jednorazowe wapory 45ml","isPartOf":{"@id":"https:\/\/vapeenjoy.com\/#website"},"primaryImageOfPage":{"@id":"https:\/\/vapeenjoy.com\/product\/bang-king-triple-75k-puffs-3-in-1-flavor-vape-45ml-0-5-nicotine-type-c-rechargeable\/#primaryimage"},"image":{"@id":"https:\/\/vapeenjoy.com\/product\/bang-king-triple-75k-puffs-3-in-1-flavor-vape-45ml-0-5-nicotine-type-c-rechargeable\/#primaryimage"},"thumbnailUrl":"https:\/\/vapeenjoy.com\/wp-content\/uploads\/2025\/07\/\u4e3b\u56fe.png","datePublished":"2025-07-17T01:53:19+00:00","dateModified":"2025-09-17T04:01:54+00:00","description":"Zdob\u0105d\u017a jednorazowy waporyzator Bang King Triple 75k Puffs z 45 ml e-liquidem, nikotyn\u0105 0-5% i \u0142adowaniem typu C. Ciesz si\u0119 smakami 3 w 1. Kup teraz!","breadcrumb":{"@id":"https:\/\/vapeenjoy.com\/product\/bang-king-triple-75k-puffs-3-in-1-flavor-vape-45ml-0-5-nicotine-type-c-rechargeable\/#breadcrumb"},"inLanguage":"pl-PL","potentialAction":[{"@type":"ReadAction","target":["https:\/\/vapeenjoy.com\/product\/bang-king-triple-75k-puffs-3-in-1-flavor-vape-45ml-0-5-nicotine-type-c-rechargeable\/"]}]},{"@type":"ImageObject","inLanguage":"pl-PL","@id":"https:\/\/vapeenjoy.com\/product\/bang-king-triple-75k-puffs-3-in-1-flavor-vape-45ml-0-5-nicotine-type-c-rechargeable\/#primaryimage","url":"https:\/\/vapeenjoy.com\/wp-content\/uploads\/2025\/07\/\u4e3b\u56fe.png","contentUrl":"https:\/\/vapeenjoy.com\/wp-content\/uploads\/2025\/07\/\u4e3b\u56fe.png","width":800,"height":800},{"@type":"BreadcrumbList","@id":"https:\/\/vapeenjoy.com\/product\/bang-king-triple-75k-puffs-3-in-1-flavor-vape-45ml-0-5-nicotine-type-c-rechargeable\/#breadcrumb","itemListElement":[{"@type":"ListItem","position":1,"name":"Home","item":"https:\/\/vapeenjoy.com\/"},{"@type":"ListItem","position":2,"name":"Shop","item":"https:\/\/vapeenjoy.com\/vapeenjoy-shop\/"},{"@type":"ListItem","position":3,"name":"Bang King Triple 75K Puffs 3-in-1 Flavors Disposable Vape 45ml 0-5% Nicotine Type-C Rechargeable"}]},{"@type":"WebSite","@id":"https:\/\/vapeenjoy.com\/#website","url":"https:\/\/vapeenjoy.com\/","name":"skutkowaty","description":"Sklep internetowy do sprzeda\u017cy vapes","potentialAction":[{"@type":"SearchAction","target":{"@type":"EntryPoint","urlTemplate":"https:\/\/vapeenjoy.com\/?s={search_term_string}"},"query-input":{"@type":"PropertyValueSpecification","valueRequired":true,"valueName":"search_term_string"}}],"inLanguage":"pl-PL"}]}},"_links":{"self":[{"href":"https:\/\/vapeenjoy.com\/pl\/wp-json\/wp\/v2\/product\/84","targetHints":{"allow":["GET"]}}],"collection":[{"href":"https:\/\/vapeenjoy.com\/pl\/wp-json\/wp\/v2\/product"}],"about":[{"href":"https:\/\/vapeenjoy.com\/pl\/wp-json\/wp\/v2\/types\/product"}],"replies":[{"embeddable":true,"href":"https:\/\/vapeenjoy.com\/pl\/wp-json\/wp\/v2\/comments?post=84"}],"version-history":[{"count":4,"href":"https:\/\/vapeenjoy.com\/pl\/wp-json\/wp\/v2\/product\/84\/revisions"}],"predecessor-version":[{"id":2329,"href":"https:\/\/vapeenjoy.com\/pl\/wp-json\/wp\/v2\/product\/84\/revisions\/2329"}],"wp:featuredmedia":[{"embeddable":true,"href":"https:\/\/vapeenjoy.com\/pl\/wp-json\/wp\/v2\/media\/89"}],"wp:attachment":[{"href":"https:\/\/vapeenjoy.com\/pl\/wp-json\/wp\/v2\/media?parent=84"}],"wp:term":[{"taxonomy":"product_brand","embeddable":true,"href":"https:\/\/vapeenjoy.com\/pl\/wp-json\/wp\/v2\/product_brand?post=84"},{"taxonomy":"product_cat","embeddable":true,"href":"https:\/\/vapeenjoy.com\/pl\/wp-json\/wp\/v2\/product_cat?post=84"},{"taxonomy":"product_tag","embeddable":true,"href":"https:\/\/vapeenjoy.com\/pl\/wp-json\/wp\/v2\/product_tag?post=84"}],"curies":[{"name":"wp","href":"https:\/\/api.w.org\/{rel}","templated":true}]}}