{"id":96,"date":"2025-07-17T03:20:01","date_gmt":"2025-07-17T03:20:01","guid":{"rendered":"https:\/\/vapeenjoy.com\/?post_type=product&#038;p=96"},"modified":"2026-01-17T03:23:37","modified_gmt":"2026-01-17T03:23:37","slug":"bang-blaze-60k-puffs","status":"publish","type":"product","link":"https:\/\/vapeenjoy.com\/pl\/produkt\/bang-blaze-60k-puffy\/","title":{"rendered":"Bang Blaze 60K Puffs jednorazowe Shisha Vape 40ml 0-5% Nikotyna Type-C Akumulator"},"content":{"rendered":"<h2>Bang Blaze 60k Puffs jednorazowe waporyzator \u2013 d\u0142ugotrwa\u0142y smak w eleganckim wzorze<\/h2>\n<p>Bang Vapes tworzy wapory o du\u017cej pojemno\u015bci, kt\u00f3re s\u0105 \u0142atwe w u\u017cyciu i pe\u0142ne smaku. \u00f3 <strong>Bang Blaze 60k jednorazowy waporyzator<\/strong> Jest idealny dla ka\u017cdego, kto chce d\u0142ugotrwa\u0142ego, smacznego wapowania. Ma elegancki, wygodny design, du\u017c\u0105 liczb\u0119 zaci\u0105gni\u0119\u0107 i wyra\u017any wy\u015bwietlacz, aby pokaza\u0107 poziom baterii i e-liquid\u00f3w. Niezale\u017cnie od tego, czy jeste\u015b nowy w vapingu, czy do\u015bwiadczonym, to urz\u0105dzenie jest proste, niezawodne i przyjemne.<\/p>\n<p>Aby uzyska\u0107 wi\u0119cej opcji, takich jak Bang Blaze 60K, odwied\u017a Vape, aby znale\u017a\u0107 szerok\u0105 gam\u0119 premium Vapes.<\/p>\n<h2>Bang Blaze 60K \u2013 kluczowe cechy<\/h2>\n<p>Ten vape ma wszystko, czego potrzebujesz, aby uzyska\u0107 p\u0142ynne wra\u017cenia:<\/p>\n<ul>\n<li><strong>Liczba zaci\u0105gni\u0119\u0107<\/strong>: Do 60 000 PUFFS do d\u0142ugotrwa\u0142ego u\u017cytkowania.<\/li>\n<li><strong>Pojemno\u015b\u0107 e-liquid\u00f3w<\/strong>: 40 ml wst\u0119pnie nape\u0142niony e-liquid do d\u0142u\u017cszych sesji.<\/li>\n<li><strong>bateryjny<\/strong>: 1000 mAh akumulator do niezawodnej mocy.<\/li>\n<li><strong>zbrojenie<\/strong>: Szybkie \u0142adowanie typu C dla minimalnego przestoju.<\/li>\n<li><strong>cewka<\/strong>: Cewka siatka 0,6\u03a9 dla g\u0142adkiej pary i mocnego smaku.<\/li>\n<li><strong>Si\u0142a nikotyny<\/strong>: 0%, 2%, 3% i 5% opcje.<\/li>\n<li><strong>manifest<\/strong>: Ekran LED pokazuje poziomy baterii i e-liquid\u00f3w.<\/li>\n<li><strong>aktywacja<\/strong>: aktywowany rysowaniem, bez przycisk\u00f3w.<\/li>\n<\/ul>\n<p>Wszystkie te funkcje sprawiaj\u0105, \u017ce Bang Blaze 60K jest \u0142atwy w u\u017cyciu i niezawodny, niezale\u017cnie od tego, czy jeste\u015b swobodnym, czy do\u015bwiadczonym Vaperem.<\/p>\n<h2>10 opcji smakowych<\/h2>\n<p>Bang Blaze 60K jest dost\u0119pny w 10 smakach, wi\u0119c ka\u017cdy znajdzie co\u015b dla siebie:<\/p>\n<ol>\n<li><strong>fajna mi\u0119ta<\/strong>: Od\u015bwie\u017caj\u0105cy mentol z czystym wyko\u0144czeniem.<\/li>\n<li><strong>Br\u0105zowe Ale<\/strong>: S\u0142odki s\u0142\u00f3d i karmel dla ciep\u0142ego smaku.<\/li>\n<li><strong>podw\u00f3jne jab\u0142ko<\/strong>: S\u0142odka i pikantna mieszanka jab\u0142kowa.<\/li>\n<li><strong>Mi\u0119ta wi\u015bniowa<\/strong>: czere\u015bnie z ch\u0142odn\u0105 mi\u0119t\u0105.<\/li>\n<li><strong>kiwi truskawkowe<\/strong>: Soczyste truskawki z pikantnym kiwi.<\/li>\n<li><strong>Arbuz z brzoskwiniowego mango<\/strong>: Tropikalna brzoskwinia, mango i arbuz.<\/li>\n<li><strong>Arbuz truskawkowy melon<\/strong>: G\u0142adki arbuz i truskawki z melonem.<\/li>\n<li><strong>niebieski raz<\/strong>: S\u0142odka i pikantna niebieska malina.<\/li>\n<li><strong>Mieszane jagody<\/strong>: R\u00f3\u017cne jagody, s\u0142odkie i cierpkie.<\/li>\n<li><strong>owoc p\u0119dzenia<\/strong>: Tropikalna, s\u0142odka i lekko cierpka.<\/li>\n<\/ol>\n<p>Dzi\u0119ki cewce z siatki 0,6\u03a9 ka\u017cdy chrupek smakuje g\u0142adko i sp\u00f3jnie. Niezale\u017cnie od tego, czy lubisz owocowe, mi\u0119towe, czy unikalne smaki, takie jak Brown Ale, ten waporyzator Ci\u0119 om\u00f3wi.<\/p>\n<p>Dowiedz si\u0119 wi\u0119cej o smakach i znajd\u017a przewodniki w Vape Enjoy.<\/p>\n<h2>FAQ<\/h2>\n<ol>\n<li><strong>Ile szczypie si\u0119 to?<\/strong> Do 60 000 chusteczek.<\/li>\n<li><strong>Czy mog\u0119 to na\u0142adowa\u0107?<\/strong> Tak, ma bateri\u0119 1000 mAh z szybkim \u0142adowaniem typu C.<\/li>\n<li><strong>Mocne strony nikotyny?<\/strong> 0%, 2%, 3%, 5%.<\/li>\n<li><strong>Sk\u0105d mam wiedzie\u0107, kiedy do\u0142adowa\u0107?<\/strong> Ekran LED pokazuje poziomy baterii i e-liquid\u00f3w.<\/li>\n<li><strong>Jaki smak wybra\u0107?<\/strong> Mi\u0142o\u015bnicy owoc\u00f3w: truskawkowy kiwi, brzoskwiniowy arbuz z mango. Mi\u0119towe wentylatory: fajna mi\u0119ta, wi\u015bnia mi\u0119ta. Unikalny smak: br\u0105zowe piwo.<\/li>\n<li><strong>Czy mo\u017cna go nape\u0142ni\u0107?<\/strong> Nie, to jednorazowe. Wyrzucaj odpowiedzialnie, gdy jest puste.<\/li>\n<li><strong>Jaki rodzaj cewki?<\/strong> Cewka siatka 0,6\u03a9 zapewnia g\u0142adk\u0105, aromatyczn\u0105 par\u0119.<\/li>\n<\/ol>\n<h2>Dlaczego warto wybra\u0107 Bang Blaze 60K?<\/h2>\n<p>Jednorazowe waporyzator Bang Blaze 60k \u0142\u0105czy w sobie zaawansowane technologicznie funkcje z eleganckim designem i wieloma opcjami smakowymi. Jest \u0142adowany, \u0142atwy w u\u017cyciu i ma wysok\u0105 liczb\u0119 zaci\u0105gni\u0119\u0107. Poziomy i smaki nikotyny pasuj\u0105 do ka\u017cdego \u2014 od pocz\u0105tkuj\u0105cych po do\u015bwiadczonych vaper\u00f3w.<\/p>\n<p>Gotowy na lepsze wra\u017cenia z wapowania? Sprawd\u017a Bang Blaze 60k i inne premium Vapes w Vape Enjoy.<\/p>\n<div id=\"attachment_99\" style=\"width: 810px\" class=\"wp-caption alignnone\"><img fetchpriority=\"high\" decoding=\"async\" aria-describedby=\"caption-attachment-99\" class=\"wp-image-99 size-full\" src=\"https:\/\/vapeenjoy.com\/wp-content\/uploads\/2025\/07\/Bang-Blaze-shisha-60k.webp\" alt=\"Bang Blaze 60K Puffs jednorazowe vape 40ml 0-5% nikotyna Type-C akumulator\" width=\"800\" height=\"800\" srcset=\"https:\/\/vapeenjoy.com\/wp-content\/uploads\/2025\/07\/Bang-Blaze-shisha-60k.webp 800w, https:\/\/vapeenjoy.com\/wp-content\/uploads\/2025\/07\/Bang-Blaze-shisha-60k-600x600.webp 600w, https:\/\/vapeenjoy.com\/wp-content\/uploads\/2025\/07\/Bang-Blaze-shisha-60k-150x150.webp 150w, https:\/\/vapeenjoy.com\/wp-content\/uploads\/2025\/07\/Bang-Blaze-shisha-60k-300x300.webp 300w, https:\/\/vapeenjoy.com\/wp-content\/uploads\/2025\/07\/Bang-Blaze-shisha-60k-768x768.webp 768w\" sizes=\"(max-width: 800px) 100vw, 800px\" \/><p id=\"caption-attachment-99\" class=\"wp-caption-text\">Bang Blaze 60K Puffs jednorazowe vape 40ml 0-5% nikotyna Type-C akumulator<\/p><\/div>","protected":false},"excerpt":{"rendered":"<p dir=\"auto\">Bang Vapes prezentuje jednorazowe waporyzator Bang Blaze 60K, oferuj\u0105cy 60 000 zaci\u0105gni\u0119\u0107, 40 ml e-liquidu i bateri\u0119 1000 mAh z \u0142adowaniem typu C. Jego cewka z siatki 0,6 \u03a9 i ekran LED zapewniaj\u0105 bogate smaki i \u0142atwe monitorowanie w kompaktowej konstrukcji.<\/p>","protected":false},"featured_media":100,"comment_status":"open","ping_status":"closed","template":"","meta":[],"product_brand":[16],"product_cat":[19],"product_tag":[64,77],"class_list":{"0":"post-96","1":"product","2":"type-product","3":"status-publish","4":"has-post-thumbnail","6":"product_brand-bang-vape","7":"product_cat-60000-puffs-vape","8":"product_tag-0-5-nicotine","9":"product_tag-40ml","11":"first","12":"instock","13":"sale","14":"shipping-taxable","15":"purchasable","16":"product-type-variable"},"yoast_head":"<!-- This site is optimized with the Yoast SEO plugin v25.7 - https:\/\/yoast.com\/wordpress\/plugins\/seo\/ -->\n<title>Bang Blaze 60K Puffs Disposable Vape 40ml e-liquid 0-5% Nicotine<\/title>\n<meta name=\"description\" content=\"Discover the Bang Blaze 60K Puffs Disposable Vape with up to 60,000 puffs, vibrant flavors, and a sleek design. Explore more at Vape Enjoy!\" \/>\n<meta name=\"robots\" content=\"index, follow, max-snippet:-1, max-image-preview:large, max-video-preview:-1\" \/>\n<link rel=\"canonical\" href=\"https:\/\/vapeenjoy.com\/pl\/produkt\/bang-blaze-60k-puffy\/\" \/>\n<meta property=\"og:locale\" content=\"pl_PL\" \/>\n<meta property=\"og:type\" content=\"article\" \/>\n<meta property=\"og:title\" content=\"Bang Blaze 60K Puffs Disposable Vape 40ml e-liquid 0-5% Nicotine\" \/>\n<meta property=\"og:description\" content=\"Discover the Bang Blaze 60K Puffs Disposable Vape with up to 60,000 puffs, vibrant flavors, and a sleek design. Explore more at Vape Enjoy!\" \/>\n<meta property=\"og:url\" content=\"https:\/\/vapeenjoy.com\/pl\/produkt\/bang-blaze-60k-puffy\/\" \/>\n<meta property=\"og:site_name\" content=\"vapeenjoy\" \/>\n<meta property=\"article:modified_time\" content=\"2026-01-17T03:23:37+00:00\" \/>\n<meta property=\"og:image\" content=\"https:\/\/vapeenjoy.com\/wp-content\/uploads\/2025\/07\/Bang-Blaze-60000-Puffs.webp\" \/>\n\t<meta property=\"og:image:width\" content=\"600\" \/>\n\t<meta property=\"og:image:height\" content=\"600\" \/>\n\t<meta property=\"og:image:type\" content=\"image\/webp\" \/>\n<meta name=\"twitter:card\" content=\"summary_large_image\" \/>\n<meta name=\"twitter:label1\" content=\"Szacowany czas czytania\" \/>\n\t<meta name=\"twitter:data1\" content=\"3 minuty\" \/>\n<script type=\"application\/ld+json\" class=\"yoast-schema-graph\">{\"@context\":\"https:\/\/schema.org\",\"@graph\":[{\"@type\":\"WebPage\",\"@id\":\"https:\/\/vapeenjoy.com\/product\/bang-blaze-60k-puffs\/\",\"url\":\"https:\/\/vapeenjoy.com\/product\/bang-blaze-60k-puffs\/\",\"name\":\"Bang Blaze 60K Puffs Disposable Vape 40ml e-liquid 0-5% Nicotine\",\"isPartOf\":{\"@id\":\"https:\/\/vapeenjoy.com\/#website\"},\"primaryImageOfPage\":{\"@id\":\"https:\/\/vapeenjoy.com\/product\/bang-blaze-60k-puffs\/#primaryimage\"},\"image\":{\"@id\":\"https:\/\/vapeenjoy.com\/product\/bang-blaze-60k-puffs\/#primaryimage\"},\"thumbnailUrl\":\"https:\/\/vapeenjoy.com\/wp-content\/uploads\/2025\/07\/Bang-Blaze-60000-Puffs.webp\",\"datePublished\":\"2025-07-17T03:20:01+00:00\",\"dateModified\":\"2026-01-17T03:23:37+00:00\",\"description\":\"Discover the Bang Blaze 60K Puffs Disposable Vape with up to 60,000 puffs, vibrant flavors, and a sleek design. Explore more at Vape Enjoy!\",\"breadcrumb\":{\"@id\":\"https:\/\/vapeenjoy.com\/product\/bang-blaze-60k-puffs\/#breadcrumb\"},\"inLanguage\":\"pl-PL\",\"potentialAction\":[{\"@type\":\"ReadAction\",\"target\":[\"https:\/\/vapeenjoy.com\/product\/bang-blaze-60k-puffs\/\"]}]},{\"@type\":\"ImageObject\",\"inLanguage\":\"pl-PL\",\"@id\":\"https:\/\/vapeenjoy.com\/product\/bang-blaze-60k-puffs\/#primaryimage\",\"url\":\"https:\/\/vapeenjoy.com\/wp-content\/uploads\/2025\/07\/Bang-Blaze-60000-Puffs.webp\",\"contentUrl\":\"https:\/\/vapeenjoy.com\/wp-content\/uploads\/2025\/07\/Bang-Blaze-60000-Puffs.webp\",\"width\":600,\"height\":600},{\"@type\":\"BreadcrumbList\",\"@id\":\"https:\/\/vapeenjoy.com\/product\/bang-blaze-60k-puffs\/#breadcrumb\",\"itemListElement\":[{\"@type\":\"ListItem\",\"position\":1,\"name\":\"Home\",\"item\":\"https:\/\/vapeenjoy.com\/\"},{\"@type\":\"ListItem\",\"position\":2,\"name\":\"Shop\",\"item\":\"https:\/\/vapeenjoy.com\/vapeenjoy-shop\/\"},{\"@type\":\"ListItem\",\"position\":3,\"name\":\"Bang Blaze 60K Puffs Disposable Shisha Vape 40ml 0-5% Nicotine Type-C Rechargeable\"}]},{\"@type\":\"WebSite\",\"@id\":\"https:\/\/vapeenjoy.com\/#website\",\"url\":\"https:\/\/vapeenjoy.com\/\",\"name\":\"vapeenjoy\",\"description\":\"An online store for selling vapes\",\"potentialAction\":[{\"@type\":\"SearchAction\",\"target\":{\"@type\":\"EntryPoint\",\"urlTemplate\":\"https:\/\/vapeenjoy.com\/?s={search_term_string}\"},\"query-input\":{\"@type\":\"PropertyValueSpecification\",\"valueRequired\":true,\"valueName\":\"search_term_string\"}}],\"inLanguage\":\"pl-PL\"}]}<\/script>\n<!-- \/ Yoast SEO plugin. -->","yoast_head_json":{"title":"Bang Blaze 60K Puffs jednorazowe vape 40ml e-liquid 0-5% Nikotyna","description":"Odkryj jednorazowy waporyzator Bang Blaze 60K Puffs z do 60 000 zaci\u0105gni\u0119\u0107, \u017cywymi smakami i eleganckim wzornictwem. Odkryj wi\u0119cej w Vape Ciesz si\u0119!","robots":{"index":"index","follow":"follow","max-snippet":"max-snippet:-1","max-image-preview":"max-image-preview:large","max-video-preview":"max-video-preview:-1"},"canonical":"https:\/\/vapeenjoy.com\/pl\/produkt\/bang-blaze-60k-puffy\/","og_locale":"pl_PL","og_type":"article","og_title":"Bang Blaze 60K Puffs Disposable Vape 40ml e-liquid 0-5% Nicotine","og_description":"Discover the Bang Blaze 60K Puffs Disposable Vape with up to 60,000 puffs, vibrant flavors, and a sleek design. Explore more at Vape Enjoy!","og_url":"https:\/\/vapeenjoy.com\/pl\/produkt\/bang-blaze-60k-puffy\/","og_site_name":"vapeenjoy","article_modified_time":"2026-01-17T03:23:37+00:00","og_image":[{"width":600,"height":600,"url":"https:\/\/vapeenjoy.com\/wp-content\/uploads\/2025\/07\/Bang-Blaze-60000-Puffs.webp","type":"image\/webp"}],"twitter_card":"summary_large_image","twitter_misc":{"Szacowany czas czytania":"3 minuty"},"schema":{"@context":"https:\/\/schema.org","@graph":[{"@type":"WebPage","@id":"https:\/\/vapeenjoy.com\/product\/bang-blaze-60k-puffs\/","url":"https:\/\/vapeenjoy.com\/product\/bang-blaze-60k-puffs\/","name":"Bang Blaze 60K Puffs jednorazowe vape 40ml e-liquid 0-5% Nikotyna","isPartOf":{"@id":"https:\/\/vapeenjoy.com\/#website"},"primaryImageOfPage":{"@id":"https:\/\/vapeenjoy.com\/product\/bang-blaze-60k-puffs\/#primaryimage"},"image":{"@id":"https:\/\/vapeenjoy.com\/product\/bang-blaze-60k-puffs\/#primaryimage"},"thumbnailUrl":"https:\/\/vapeenjoy.com\/wp-content\/uploads\/2025\/07\/Bang-Blaze-60000-Puffs.webp","datePublished":"2025-07-17T03:20:01+00:00","dateModified":"2026-01-17T03:23:37+00:00","description":"Odkryj jednorazowy waporyzator Bang Blaze 60K Puffs z do 60 000 zaci\u0105gni\u0119\u0107, \u017cywymi smakami i eleganckim wzornictwem. Odkryj wi\u0119cej w Vape Ciesz si\u0119!","breadcrumb":{"@id":"https:\/\/vapeenjoy.com\/product\/bang-blaze-60k-puffs\/#breadcrumb"},"inLanguage":"pl-PL","potentialAction":[{"@type":"ReadAction","target":["https:\/\/vapeenjoy.com\/product\/bang-blaze-60k-puffs\/"]}]},{"@type":"ImageObject","inLanguage":"pl-PL","@id":"https:\/\/vapeenjoy.com\/product\/bang-blaze-60k-puffs\/#primaryimage","url":"https:\/\/vapeenjoy.com\/wp-content\/uploads\/2025\/07\/Bang-Blaze-60000-Puffs.webp","contentUrl":"https:\/\/vapeenjoy.com\/wp-content\/uploads\/2025\/07\/Bang-Blaze-60000-Puffs.webp","width":600,"height":600},{"@type":"BreadcrumbList","@id":"https:\/\/vapeenjoy.com\/product\/bang-blaze-60k-puffs\/#breadcrumb","itemListElement":[{"@type":"ListItem","position":1,"name":"Home","item":"https:\/\/vapeenjoy.com\/"},{"@type":"ListItem","position":2,"name":"Shop","item":"https:\/\/vapeenjoy.com\/vapeenjoy-shop\/"},{"@type":"ListItem","position":3,"name":"Bang Blaze 60K Puffs Disposable Shisha Vape 40ml 0-5% Nicotine Type-C Rechargeable"}]},{"@type":"WebSite","@id":"https:\/\/vapeenjoy.com\/#website","url":"https:\/\/vapeenjoy.com\/","name":"skutkowaty","description":"Sklep internetowy do sprzeda\u017cy vapes","potentialAction":[{"@type":"SearchAction","target":{"@type":"EntryPoint","urlTemplate":"https:\/\/vapeenjoy.com\/?s={search_term_string}"},"query-input":{"@type":"PropertyValueSpecification","valueRequired":true,"valueName":"search_term_string"}}],"inLanguage":"pl-PL"}]}},"_links":{"self":[{"href":"https:\/\/vapeenjoy.com\/pl\/wp-json\/wp\/v2\/product\/96","targetHints":{"allow":["GET"]}}],"collection":[{"href":"https:\/\/vapeenjoy.com\/pl\/wp-json\/wp\/v2\/product"}],"about":[{"href":"https:\/\/vapeenjoy.com\/pl\/wp-json\/wp\/v2\/types\/product"}],"replies":[{"embeddable":true,"href":"https:\/\/vapeenjoy.com\/pl\/wp-json\/wp\/v2\/comments?post=96"}],"version-history":[{"count":5,"href":"https:\/\/vapeenjoy.com\/pl\/wp-json\/wp\/v2\/product\/96\/revisions"}],"predecessor-version":[{"id":3201,"href":"https:\/\/vapeenjoy.com\/pl\/wp-json\/wp\/v2\/product\/96\/revisions\/3201"}],"wp:featuredmedia":[{"embeddable":true,"href":"https:\/\/vapeenjoy.com\/pl\/wp-json\/wp\/v2\/media\/100"}],"wp:attachment":[{"href":"https:\/\/vapeenjoy.com\/pl\/wp-json\/wp\/v2\/media?parent=96"}],"wp:term":[{"taxonomy":"product_brand","embeddable":true,"href":"https:\/\/vapeenjoy.com\/pl\/wp-json\/wp\/v2\/product_brand?post=96"},{"taxonomy":"product_cat","embeddable":true,"href":"https:\/\/vapeenjoy.com\/pl\/wp-json\/wp\/v2\/product_cat?post=96"},{"taxonomy":"product_tag","embeddable":true,"href":"https:\/\/vapeenjoy.com\/pl\/wp-json\/wp\/v2\/product_tag?post=96"}],"curies":[{"name":"wp","href":"https:\/\/api.w.org\/{rel}","templated":true}]}}